{"id":4339,"date":"2022-11-29T10:09:10","date_gmt":"2022-11-29T15:09:10","guid":{"rendered":"https:\/\/proyacorp.ca\/enterprise-architecture\/"},"modified":"2023-07-15T19:07:14","modified_gmt":"2023-07-15T23:07:14","slug":"architecture-dentreprise","status":"publish","type":"page","link":"https:\/\/proyacorp.ca\/fr\/architecture-dentreprise\/","title":{"rendered":"Architecture d&rsquo;entreprise"},"content":{"rendered":"<p>[vc_section bg_position=\u00a0\u00bbcenter center\u00a0\u00bb css=\u00a0\u00bb.vc_custom_1669734820147{background: #af3461 url(https:\/\/proyacorp.ca\/wp-content\/uploads\/2022\/05\/HOPEX-Business-Architecture.jpg?id=2171) !important;background-position: center !important;background-repeat: no-repeat !important;background-size: cover !important;}\u00a0\u00bb el_class=\u00a0\u00bbmask\u00a0\u00bb][vc_row css=\u00a0\u00bb.vc_custom_1667172829365{padding-top: 120px !important;padding-bottom: 100px !important;}\u00a0\u00bb el_class=\u00a0\u00bbproya-header\u00a0\u00bb][vc_column width=\u00a0\u00bb5\/6&Prime;][vc_custom_heading text=\u00a0\u00bbnos solutions\u00a0\u00bb font_container=\u00a0\u00bbtag:div|font_size:3rem|text_align:left|color:%23ffffff\u00a0\u00bb use_theme_fonts=\u00a0\u00bbyes\u00a0\u00bb css_animation=\u00a0\u00bbfadeInUp\u00a0\u00bb css=\u00a0\u00bb.vc_custom_1689461756237{margin-left: 3px !important;}\u00a0\u00bb el_class=\u00a0\u00bbdelay-1 custom-hd\u00a0\u00bb][vc_empty_space height=\u00a0\u00bb20px\u00a0\u00bb][vc_custom_heading text=\u00a0\u00bbArchitecture d&rsquo;entreprise\u00a0\u00bb font_container=\u00a0\u00bbtag:h2|font_size:3.3rem|text_align:left|color:%23ffffff|line_height:1&Prime; use_theme_fonts=\u00a0\u00bbyes\u00a0\u00bb css_animation=\u00a0\u00bbfadeInUp\u00a0\u00bb el_class=\u00a0\u00bbcustom-hd delay-2&Prime;][vc_separator color=\u00a0\u00bbwhite\u00a0\u00bb align=\u00a0\u00bbalign_left\u00a0\u00bb border_width=\u00a0\u00bb5&Prime; el_width=\u00a0\u00bb10&Prime; css_animation=\u00a0\u00bbfadeInUp\u00a0\u00bb el_class=\u00a0\u00bbdelay-4&Prime; css=\u00a0\u00bb.vc_custom_1540432371541{margin-bottom: 50px !important;margin-left: 5px !important;padding-top: 15px !important;}\u00a0\u00bb][vc_column_text css_animation=\u00a0\u00bbfadeInUp\u00a0\u00bb css=\u00a0\u00bb.vc_custom_1689462431786{margin-left: 3px !important;}\u00a0\u00bb el_class=\u00a0\u00bbdelay-3&Prime;]<a class=\"button line\" href=\"https:\/\/proyacorp.ca\/fr\/contactez-nous\/\">Contactez-nous d\u00e8s aujourd&rsquo;hui.<\/a>[\/vc_column_text][\/vc_column][vc_column width=\u00a0\u00bb1\/6&Prime;][\/vc_column][\/vc_row][\/vc_section][vc_section css_animation=\u00a0\u00bbnone\u00a0\u00bb css=\u00a0\u00bb.vc_custom_1651960199883{padding-bottom: 40px !important;}\u00a0\u00bb][vc_row][vc_column][vc_empty_space height=\u00a0\u00bb80px\u00a0\u00bb][vc_custom_heading text=\u00a0\u00bbArchitecture d&rsquo;entreprise\u00a0\u00bb font_container=\u00a0\u00bbtag:h3|text_align:center\u00a0\u00bb use_theme_fonts=\u00a0\u00bbyes\u00a0\u00bb][vc_empty_space height=\u00a0\u00bb40px\u00a0\u00bb][vc_column_text]<strong>Pensez-vous sinc\u00e8rement pouvoir vous adapter facilement aux changements survenant sur votre march\u00e9 ? Votre architecture et votre structure organisationnelle peuvent-elles prouver que les fonctions et les op\u00e9rations de votre entreprise sont adapt\u00e9es \u00e0 votre objectif sur le march\u00e9 ?<\/strong>[\/vc_column_text][vc_empty_space height=\u00a0\u00bb40px\u00a0\u00bb][vc_column_text]L&rsquo;architecture d&rsquo;entreprise permet de mod\u00e9liser et de documenter les quatre clusters architecturaux cl\u00e9s interd\u00e9pendants (Business, Information, Syst\u00e8mes et Infrastructures technologiques) dans la vie professionnelle. Ainsi, gr\u00e2ce aux plans organisationnels \u00e9labor\u00e9s dans le cadre de l&rsquo;architecture d&rsquo;entreprise d\u00e9velopp\u00e9e, elle vous permet d&rsquo;am\u00e9liorer la qualit\u00e9 de votre travail et de vous adapter \u00e0 un processus d&rsquo;entreprise efficace et g\u00e9rable.[\/vc_column_text][vc_empty_space height=\u00a0\u00bb40px\u00a0\u00bb][vc_single_image image=\u00a0\u00bb3251&Prime; img_size=\u00a0\u00bbfull\u00a0\u00bb alignment=\u00a0\u00bbcenter\u00a0\u00bb][vc_empty_space height=\u00a0\u00bb40px\u00a0\u00bb][vc_column_text]Une solution d&rsquo;architecture d&rsquo;entreprise bien con\u00e7ue vous permet de r\u00e9pondre rapidement aux organisations et de vous adapter rapidement aux march\u00e9s ouverts aux opportunit\u00e9s et aux changements, avec une compr\u00e9hension ad\u00e9quate et positive. La raison la plus importante de cela est que les clusters dans le processus travaillent ensemble, ce qui vous conf\u00e8re un avantage technologique.[\/vc_column_text][vc_empty_space height=\u00a0\u00bb40px\u00a0\u00bb][vc_single_image image=\u00a0\u00bb3252&Prime; img_size=\u00a0\u00bbfull\u00a0\u00bb alignment=\u00a0\u00bbcenter\u00a0\u00bb][vc_empty_space height=\u00a0\u00bb40px\u00a0\u00bb][vc_column_text]L&rsquo;architecture d&rsquo;entreprise comprend :<\/p>\n<p>&#8211; La mod\u00e9lisation des processus m\u00e9tier (BPM), de l&rsquo;information, des syst\u00e8mes et de l&rsquo;infrastructure technologique. Permettant des d\u00e9finitions graphiques et textuelles pour actualiser les mod\u00e8les.<br \/>\n&#8211; Une structure dot\u00e9e d&rsquo;objectifs et de buts enti\u00e8rement r\u00e9visables.<br \/>\n&#8211; Des normes de livraison de contenu et d&rsquo;architecture de base.<\/p>\n<p>L&rsquo;architecture d&rsquo;entreprise vous offre les \u00e9l\u00e9ments suivants dans la structure organisationnelle, qui peuvent \u00eatre stock\u00e9s et g\u00e9r\u00e9s, ont un contenu \u00e9tendu et sont enti\u00e8rement int\u00e9gr\u00e9s \u00e0 l&rsquo;architecture d&rsquo;entreprise :<\/p>\n<p>&#8211; Capacit\u00e9 \u00e0 r\u00e9pondre rapidement aux changements.<br \/>\n&#8211; R\u00e9duction des d\u00e9penses administratives de l&rsquo;infrastructure informatique.<br \/>\n&#8211; Am\u00e9lioration de la communication entre les responsables du projet et renforcement des relations entre les mod\u00e8les.<br \/>\n&#8211; Un excellent soutien aux processus m\u00e9tier et \u00e0 l&rsquo;analyse.[\/vc_column_text][vc_empty_space height=\u00a0\u00bb40px\u00a0\u00bb][vc_single_image image=\u00a0\u00bb3253&Prime; img_size=\u00a0\u00bbfull\u00a0\u00bb alignment=\u00a0\u00bbcenter\u00a0\u00bb][vc_empty_space height=\u00a0\u00bb40px\u00a0\u00bb][vc_column_text]Le choix de l&rsquo;outil appropri\u00e9 est en soi une question difficile. La solution la plus optimale consiste \u00e0 choisir un produit qui est produit \u00e0 la lumi\u00e8re des meilleures pratiques du secteur, qui contient les normes \u00e9tablies par des organisations internationales et avec lequel vous pouvez travailler dans une relation \u00e0 long terme, saine et productive avec le fabricant et\/ou le fournisseur.<\/p>\n<p>Avec plus de 15 ans d&rsquo;exp\u00e9rience, PROYA s&rsquo;est associ\u00e9 \u00e0 MEGA International, qui poss\u00e8de 26 ans d&rsquo;exp\u00e9rience, pour proposer le package de gestion du portefeuille IT Hopex, l&rsquo;une des familles de produits les plus ambitieuses et compl\u00e8tes en mati\u00e8re de GRC.<\/p>\n<p>La plateforme de MEGA, construite sur un r\u00e9f\u00e9rentiel central, garantit que tous vos objectifs de gestion du portefeuille IT se rejoignent.[\/vc_column_text][vc_empty_space height=\u00a0\u00bb40px\u00a0\u00bb][vc_single_image image=\u00a0\u00bb3254&Prime; img_size=\u00a0\u00bbfull\u00a0\u00bb alignment=\u00a0\u00bbcenter\u00a0\u00bb][vc_empty_space height=\u00a0\u00bb40px\u00a0\u00bb][\/vc_column][\/vc_row][\/vc_section]<\/p>\n","protected":false},"excerpt":{"rendered":"<p>[vc_section bg_position=\u00a0\u00bbcenter center\u00a0\u00bb css=\u00a0\u00bb.vc_custom_1669734820147{background: #af3461 url(https:\/\/proyacorp.ca\/wp-content\/uploads\/2022\/05\/HOPEX-Business-Architecture.jpg?id=2171) !important;background-position: center !important;background-repeat: no-repeat !important;background-size: cover !important;}\u00a0\u00bb el_class=\u00a0\u00bbmask\u00a0\u00bb][vc_row css=\u00a0\u00bb.vc_custom_1667172829365{padding-top: 120px !important;padding-bottom: 100px !important;}\u00a0\u00bb el_class=\u00a0\u00bbproya-header\u00a0\u00bb][vc_column width=\u00a0\u00bb5\/6&Prime;][vc_custom_heading text=\u00a0\u00bbnos solutions\u00a0\u00bb font_container=\u00a0\u00bbtag:div|font_size:3rem|text_align:left|color:%23ffffff\u00a0\u00bb use_theme_fonts=\u00a0\u00bbyes\u00a0\u00bb css_animation=\u00a0\u00bbfadeInUp\u00a0\u00bb css=\u00a0\u00bb.vc_custom_1689461756237{margin-left: 3px !important;}\u00a0\u00bb el_class=\u00a0\u00bbdelay-1 custom-hd\u00a0\u00bb][vc_empty_space height=\u00a0\u00bb20px\u00a0\u00bb][vc_custom_heading text=\u00a0\u00bbArchitecture d&rsquo;entreprise\u00a0\u00bb font_container=\u00a0\u00bbtag:h2|font_size:3.3rem|text_align:left|color:%23ffffff|line_height:1&Prime; use_theme_fonts=\u00a0\u00bbyes\u00a0\u00bb css_animation=\u00a0\u00bbfadeInUp\u00a0\u00bb el_class=\u00a0\u00bbcustom-hd delay-2&Prime;][vc_separator color=\u00a0\u00bbwhite\u00a0\u00bb align=\u00a0\u00bbalign_left\u00a0\u00bb border_width=\u00a0\u00bb5&Prime; el_width=\u00a0\u00bb10&Prime; css_animation=\u00a0\u00bbfadeInUp\u00a0\u00bb el_class=\u00a0\u00bbdelay-4&Prime; css=\u00a0\u00bb.vc_custom_1540432371541{margin-bottom: 50px !important;margin-left: 5px !important;padding-top: 15px !important;}\u00a0\u00bb][vc_column_text css_animation=\u00a0\u00bbfadeInUp\u00a0\u00bb css=\u00a0\u00bb.vc_custom_1689462431786{margin-left: 3px [&hellip;]<\/p>\n","protected":false},"author":1,"featured_media":0,"parent":0,"menu_order":0,"comment_status":"closed","ping_status":"closed","template":"tmpl\/template-fullwidth.php","meta":{"footnotes":""},"class_list":["post-4339","page","type-page","status-publish","hentry"],"acf":[],"aioseo_notices":[],"_links":{"self":[{"href":"https:\/\/proyacorp.ca\/fr\/wp-json\/wp\/v2\/pages\/4339","targetHints":{"allow":["GET"]}}],"collection":[{"href":"https:\/\/proyacorp.ca\/fr\/wp-json\/wp\/v2\/pages"}],"about":[{"href":"https:\/\/proyacorp.ca\/fr\/wp-json\/wp\/v2\/types\/page"}],"author":[{"embeddable":true,"href":"https:\/\/proyacorp.ca\/fr\/wp-json\/wp\/v2\/users\/1"}],"replies":[{"embeddable":true,"href":"https:\/\/proyacorp.ca\/fr\/wp-json\/wp\/v2\/comments?post=4339"}],"version-history":[{"count":4,"href":"https:\/\/proyacorp.ca\/fr\/wp-json\/wp\/v2\/pages\/4339\/revisions"}],"predecessor-version":[{"id":4348,"href":"https:\/\/proyacorp.ca\/fr\/wp-json\/wp\/v2\/pages\/4339\/revisions\/4348"}],"wp:attachment":[{"href":"https:\/\/proyacorp.ca\/fr\/wp-json\/wp\/v2\/media?parent=4339"}],"curies":[{"name":"wp","href":"https:\/\/api.w.org\/{rel}","templated":true}]}}