{"id":4374,"date":"2023-05-08T20:58:46","date_gmt":"2023-05-09T00:58:46","guid":{"rendered":"https:\/\/proyacorp.ca\/atomic-weapons-establishment-awe-simplifying-a-complex-it-estate-with-a-single-solution\/"},"modified":"2023-07-16T11:32:05","modified_gmt":"2023-07-16T15:32:05","slug":"atomic-weapons-establishment-awe-simplifier-un-parc-informatique-complexe-avec-une-solution-unique","status":"publish","type":"page","link":"https:\/\/proyacorp.ca\/fr\/atomic-weapons-establishment-awe-simplifier-un-parc-informatique-complexe-avec-une-solution-unique\/","title":{"rendered":"Atomic Weapons Establishment (AWE): Simplifier un parc informatique complexe avec une solution unique"},"content":{"rendered":"<p>[vc_section bg_position=\u00a0\u00bbcenter center\u00a0\u00bb css=\u00a0\u00bb.vc_custom_1652305557500{background: #24a07f url(https:\/\/proyacorp.ca\/wp-content\/uploads\/2022\/05\/HOPEX-IRM-Integrated-Risk-Management.jpg?id=2043) !important;background-position: center !important;background-repeat: no-repeat !important;background-size: cover !important;}\u00a0\u00bb el_class=\u00a0\u00bbmask\u00a0\u00bb][vc_row css=\u00a0\u00bb.vc_custom_1667172837777{padding-top: 120px !important;padding-bottom: 100px !important;}\u00a0\u00bb el_class=\u00a0\u00bbproya-header\u00a0\u00bb][vc_column width=\u00a0\u00bb5\/6&Prime;][vc_custom_heading text=\u00a0\u00bbAtomic Weapons Establishment (AWE)\u00a0\u00bb font_container=\u00a0\u00bbtag:div|font_size:3rem|text_align:left|color:%23ffffff\u00a0\u00bb use_theme_fonts=\u00a0\u00bbyes\u00a0\u00bb css_animation=\u00a0\u00bbfadeInUp\u00a0\u00bb css=\u00a0\u00bb.vc_custom_1683593888393{margin-left: 3px !important;}\u00a0\u00bb el_class=\u00a0\u00bbdelay-1 custom-hd\u00a0\u00bb][vc_empty_space height=\u00a0\u00bb20px\u00a0\u00bb][vc_custom_heading text=\u00a0\u00bbSimplifier un parc informatique complexe avec une solution unique\u00a0\u00bb font_container=\u00a0\u00bbtag:h2|font_size:3.3rem|text_align:left|color:%23ffffff|line_height:1&Prime; use_theme_fonts=\u00a0\u00bbyes\u00a0\u00bb css_animation=\u00a0\u00bbfadeInUp\u00a0\u00bb el_class=\u00a0\u00bbcustom-hd delay-2&Prime;][vc_separator color=\u00a0\u00bbwhite\u00a0\u00bb align=\u00a0\u00bbalign_left\u00a0\u00bb border_width=\u00a0\u00bb5&Prime; el_width=\u00a0\u00bb10&Prime; css_animation=\u00a0\u00bbfadeInUp\u00a0\u00bb el_class=\u00a0\u00bbdelay-4&Prime; css=\u00a0\u00bb.vc_custom_1540432371541{margin-bottom: 50px !important;margin-left: 5px !important;padding-top: 15px !important;}\u00a0\u00bb][vc_column_text css_animation=\u00a0\u00bbfadeInUp\u00a0\u00bb css=\u00a0\u00bb.vc_custom_1689520917092{margin-left: 3px !important;}\u00a0\u00bb el_class=\u00a0\u00bbdelay-3&Prime;]<a class=\"button line\" href=\"https:\/\/proyacorp.ca\/fr\/contactez-nous\/\">Contactez-nous d\u00e8s aujourd&rsquo;hui.<\/a>[\/vc_column_text][\/vc_column][vc_column width=\u00a0\u00bb1\/6&Prime;][\/vc_column][\/vc_row][\/vc_section][vc_section css_animation=\u00a0\u00bbnone\u00a0\u00bb css=\u00a0\u00bb.vc_custom_1651960199883{padding-bottom: 40px !important;}\u00a0\u00bb][vc_row][vc_column][vc_empty_space height=\u00a0\u00bb60px\u00a0\u00bb][vc_row_inner][vc_column_inner width=\u00a0\u00bb1\/3&Prime;][vc_text_separator title=\u00a0\u00bbD\u00e9fis\u00a0\u00bb][vc_column_text]<\/p>\n<ul>\n<li>Comprendre le co\u00fbt et l&rsquo;utilisation des logiciels et applications informatiques<\/li>\n<li>Passer d&rsquo;une solution papier \u00e0 une solution de mod\u00e9lisation informatique<\/li>\n<li>Obtenez une visibilit\u00e9 compl\u00e8te de l&rsquo;entreprise sur la fa\u00e7on dont tout s&rsquo;int\u00e8gre<\/li>\n<\/ul>\n<p>[\/vc_column_text][\/vc_column_inner][vc_column_inner width=\u00a0\u00bb1\/3&Prime;][vc_text_separator title=\u00a0\u00bbR\u00e9sultats\u00a0\u00bb][vc_column_text]<\/p>\n<ul>\n<li>R\u00e9f\u00e9rentiel central d&rsquo;informations sur le parc informatique<\/li>\n<li>Vue claire sur la relation entre l&rsquo;ensemble de l&rsquo;environnement informatique<\/li>\n<li>Feuilles de route sur l&rsquo;obsolescence des logiciels<\/li>\n<li>Outil de cr\u00e9ation de rapports facile \u00e0 utiliser<\/li>\n<\/ul>\n<p>[\/vc_column_text][\/vc_column_inner][vc_column_inner width=\u00a0\u00bb1\/3&Prime;][vc_text_separator title=\u00a0\u00bbSolutions\u00a0\u00bb][vc_column_text]<\/p>\n<ul>\n<li>Gestion de portefeuille informatique HOPEX<\/li>\n<li>Plateforme HOPEX<\/li>\n<li>\u00c9quipe MEGA Services<\/li>\n<\/ul>\n<p>[\/vc_column_text][\/vc_column_inner][\/vc_row_inner][vc_empty_space height=\u00a0\u00bb40px\u00a0\u00bb][vc_column_text]Comment l&rsquo;Atomic Weapons Establishment utilise l&rsquo;architecture d&rsquo;entreprise pour comprendre son parc informatique AWE joue un r\u00f4le crucial dans la d\u00e9fense nationale du Royaume-Uni. L&rsquo;organisation est \u00e0 l&rsquo;avant-garde du programme de d\u00e9fense nucl\u00e9aire du pays depuis plus de 60 ans et soutient le \u00ab programme de dissuasion continue en mer \u00bb et la s\u00e9curit\u00e9 nucl\u00e9aire nationale.<\/p>\n<p>Tout ce travail s&rsquo;appuie sur un vaste parc informatique complexe de syst\u00e8mes et d&rsquo;applications vastes et vari\u00e9s. Pour cette raison, le besoin s&rsquo;est fait sentir de passer de la conception de solutions PowerPoint et papier \u00e0 une solution de mod\u00e9lisation informatique o\u00f9 les d\u00e9pendances et les relations sont plus explicites.<\/p>\n<p>Le principal moteur du projet \u00e9tait de comprendre le co\u00fbt des logiciels et des applications informatiques, comment l&rsquo;informatique est utilis\u00e9e dans l&rsquo;entreprise et quand la technologie devait \u00eatre actualis\u00e9e. Avec autant de solutions, de fournisseurs et d&rsquo;applications \u00e0 cartographier, les diagrammes et la mod\u00e9lisation \u00e9taient la solution la plus logique et repr\u00e9sentaient la meilleure approche pour atteindre l&rsquo;objectif d&rsquo;une visibilit\u00e9 compl\u00e8te de l&rsquo;entreprise sur la fa\u00e7on dont tout s&#8217;embo\u00eete.[\/vc_column_text][vc_empty_space height=\u00a0\u00bb40px\u00a0\u00bb][vc_custom_heading text=\u00a0\u00bbLa gestion du portefeuille informatique rencontre l&rsquo;architecture\u00a0\u00bb font_container=\u00a0\u00bbtag:h4|font_size:1.5rem|text_align:left\u00a0\u00bb use_theme_fonts=\u00a0\u00bbyes\u00a0\u00bb][vc_empty_space height=\u00a0\u00bb40px\u00a0\u00bb][vc_column_text]AWE a d\u00e9cid\u00e9 de rechercher un logiciel qui les aidera \u00e0 r\u00e9pondre \u00e0 de nombreuses questions qui se chevauchent\u00a0:<\/p>\n<ul>\n<li>Comprendre le co\u00fbt de l&rsquo;informatique et son utilisation dans l&rsquo;ensemble de l&rsquo;organisation<\/li>\n<li>Fournir une approche de mod\u00e9lisation syst\u00e9matique pour capturer les informations de conception<\/li>\n<li>Sensibilisation et planification avanc\u00e9es des cycles de vie et de l&rsquo;obsolescence des technologies<\/li>\n<li>R\u00e9duire les co\u00fbts gr\u00e2ce \u00e0 l&rsquo;efficacit\u00e9 et en \u00e9vitant les duplications et les redondances technologiques<\/li>\n<li>Conformit\u00e9 r\u00e9glementaire et pr\u00e9paration des audits plus efficaces<\/li>\n<\/ul>\n<p>Ils ont choisi la plate-forme HOPEX pour ses solides capacit\u00e9s de gestion de portefeuille informatique et d&rsquo;architecture.<\/p>\n<p>La gestion du portefeuille informatique fournit la plate-forme pour fournir des inventaires complets de tous les syst\u00e8mes, applications et logiciels indiquant les d\u00e9pendances, les relations, les informations de support des fournisseurs et les co\u00fbts.<\/p>\n<p>L&rsquo;architecture fournit la plate-forme pour permettre des conceptions bas\u00e9es sur des mod\u00e8les de la mani\u00e8re dont l&rsquo;inventaire des \u00ab\u00a0choses\u00a0\u00bb doit \u00eatre d\u00e9ploy\u00e9, enrichissant les listes d\u00e9velopp\u00e9es dans le cadre des activit\u00e9s de gestion du portefeuille d&rsquo;applications et de technologies.[\/vc_column_text][vc_empty_space height=\u00a0\u00bb40px\u00a0\u00bb][vc_custom_heading text=\u00a0\u00bbMeilleure compr\u00e9hension du parc informatique gr\u00e2ce \u00e0 une vue d&rsquo;ensemble compl\u00e8te\u00a0\u00bb font_container=\u00a0\u00bbtag:h4|font_size:1.5rem|text_align:left\u00a0\u00bb use_theme_fonts=\u00a0\u00bbyes\u00a0\u00bb][vc_empty_space height=\u00a0\u00bb40px\u00a0\u00bb][vc_column_text]Clear deliverables have been produced that are shared with various stakeholders across the organization in graphical form.<\/p>\n<p>The outcomes of the project that have better enabled AWE to understand its IT estate are as follows:<\/p>\n<ul>\n<li>A managed central repository of IT estate information providing key information for decision-making and awareness<\/li>\n<li>Clear understanding of the relationship between systems, applications and software, and how all of this supports the business<\/li>\n<li>Software obsolescence roadmaps to enable improved forward planning<\/li>\n<li>Required reporting available \u201cout of the box\u201d reducing time to publishing the information<\/li>\n<\/ul>\n<p>[\/vc_column_text][vc_empty_space height=\u00a0\u00bb40px\u00a0\u00bb][vc_custom_heading text=\u00a0\u00bbAbout Atomic Weapons Establishment (AWE)\u00a0\u00bb font_container=\u00a0\u00bbtag:h4|font_size:1.5rem|text_align:left\u00a0\u00bb use_theme_fonts=\u00a0\u00bbyes\u00a0\u00bb][vc_empty_space height=\u00a0\u00bb40px\u00a0\u00bb][vc_column_text]Le r\u00f4le de l&rsquo;Atomic Weapons Establishment pour assurer la s\u00e9curit\u00e9 du Royaume-Uni est de fabriquer, d&rsquo;entretenir et de d\u00e9velopper les ogives pour Trident, l&rsquo;ultime moyen de dissuasion du pays, et d&rsquo;utiliser ses comp\u00e9tences et son expertise uniques pour soutenir la r\u00e9duction de la menace nucl\u00e9aire. L&rsquo;organisation op\u00e8re \u00e0 partir de quatre sites \u00e0 travers le Royaume-Uni et poss\u00e8de certaines des installations de recherche, de conception et de production les plus avanc\u00e9es au monde.[\/vc_column_text][\/vc_column][\/vc_row][\/vc_section]<\/p>\n","protected":false},"excerpt":{"rendered":"<p>[vc_section bg_position=\u00a0\u00bbcenter center\u00a0\u00bb css=\u00a0\u00bb.vc_custom_1652305557500{background: #24a07f url(https:\/\/proyacorp.ca\/wp-content\/uploads\/2022\/05\/HOPEX-IRM-Integrated-Risk-Management.jpg?id=2043) !important;background-position: center !important;background-repeat: no-repeat !important;background-size: cover !important;}\u00a0\u00bb el_class=\u00a0\u00bbmask\u00a0\u00bb][vc_row css=\u00a0\u00bb.vc_custom_1667172837777{padding-top: 120px !important;padding-bottom: 100px !important;}\u00a0\u00bb el_class=\u00a0\u00bbproya-header\u00a0\u00bb][vc_column width=\u00a0\u00bb5\/6&Prime;][vc_custom_heading text=\u00a0\u00bbAtomic Weapons Establishment (AWE)\u00a0\u00bb font_container=\u00a0\u00bbtag:div|font_size:3rem|text_align:left|color:%23ffffff\u00a0\u00bb use_theme_fonts=\u00a0\u00bbyes\u00a0\u00bb css_animation=\u00a0\u00bbfadeInUp\u00a0\u00bb css=\u00a0\u00bb.vc_custom_1683593888393{margin-left: 3px !important;}\u00a0\u00bb el_class=\u00a0\u00bbdelay-1 custom-hd\u00a0\u00bb][vc_empty_space height=\u00a0\u00bb20px\u00a0\u00bb][vc_custom_heading text=\u00a0\u00bbSimplifier un parc informatique complexe avec une solution unique\u00a0\u00bb font_container=\u00a0\u00bbtag:h2|font_size:3.3rem|text_align:left|color:%23ffffff|line_height:1&Prime; use_theme_fonts=\u00a0\u00bbyes\u00a0\u00bb css_animation=\u00a0\u00bbfadeInUp\u00a0\u00bb el_class=\u00a0\u00bbcustom-hd delay-2&Prime;][vc_separator color=\u00a0\u00bbwhite\u00a0\u00bb align=\u00a0\u00bbalign_left\u00a0\u00bb border_width=\u00a0\u00bb5&Prime; el_width=\u00a0\u00bb10&Prime; css_animation=\u00a0\u00bbfadeInUp\u00a0\u00bb el_class=\u00a0\u00bbdelay-4&Prime; css=\u00a0\u00bb.vc_custom_1540432371541{margin-bottom: [&hellip;]<\/p>\n","protected":false},"author":1,"featured_media":0,"parent":0,"menu_order":0,"comment_status":"closed","ping_status":"closed","template":"tmpl\/template-fullwidth.php","meta":{"footnotes":""},"class_list":["post-4374","page","type-page","status-publish","hentry"],"acf":[],"aioseo_notices":[],"_links":{"self":[{"href":"https:\/\/proyacorp.ca\/fr\/wp-json\/wp\/v2\/pages\/4374","targetHints":{"allow":["GET"]}}],"collection":[{"href":"https:\/\/proyacorp.ca\/fr\/wp-json\/wp\/v2\/pages"}],"about":[{"href":"https:\/\/proyacorp.ca\/fr\/wp-json\/wp\/v2\/types\/page"}],"author":[{"embeddable":true,"href":"https:\/\/proyacorp.ca\/fr\/wp-json\/wp\/v2\/users\/1"}],"replies":[{"embeddable":true,"href":"https:\/\/proyacorp.ca\/fr\/wp-json\/wp\/v2\/comments?post=4374"}],"version-history":[{"count":2,"href":"https:\/\/proyacorp.ca\/fr\/wp-json\/wp\/v2\/pages\/4374\/revisions"}],"predecessor-version":[{"id":4376,"href":"https:\/\/proyacorp.ca\/fr\/wp-json\/wp\/v2\/pages\/4374\/revisions\/4376"}],"wp:attachment":[{"href":"https:\/\/proyacorp.ca\/fr\/wp-json\/wp\/v2\/media?parent=4374"}],"curies":[{"name":"wp","href":"https:\/\/api.w.org\/{rel}","templated":true}]}}