{"id":4416,"date":"2022-11-22T07:38:22","date_gmt":"2022-11-22T12:38:22","guid":{"rendered":"https:\/\/proyacorp.ca\/ibm-maximo\/"},"modified":"2023-07-16T19:35:13","modified_gmt":"2023-07-16T23:35:13","slug":"ibm-maximo","status":"publish","type":"page","link":"https:\/\/proyacorp.ca\/fr\/ibm-maximo\/","title":{"rendered":"IBM Maximo"},"content":{"rendered":"<p>[vc_section bg_position=\u00a0\u00bbleft top\u00a0\u00bb css=\u00a0\u00bb.vc_custom_1669120760478{background: #1f91f4 url(https:\/\/proyacorp.ca\/wp-content\/uploads\/2022\/05\/IBM-Rational-Rhapsody-Family.jpg?id=1935) !important;background-position: center !important;background-repeat: no-repeat !important;background-size: cover !important;}\u00a0\u00bb el_class=\u00a0\u00bbmask\u00a0\u00bb][vc_row css=\u00a0\u00bb.vc_custom_1667173502773{padding-top: 120px !important;padding-bottom: 100px !important;}\u00a0\u00bb el_class=\u00a0\u00bbproya-header\u00a0\u00bb][vc_column width=\u00a0\u00bb5\/6&Prime;][vc_custom_heading text=\u00a0\u00bbnos solutions\u00a0\u00bb font_container=\u00a0\u00bbtag:div|font_size:3rem|text_align:left|color:%23ffffff\u00a0\u00bb use_theme_fonts=\u00a0\u00bbyes\u00a0\u00bb css_animation=\u00a0\u00bbfadeInUp\u00a0\u00bb css=\u00a0\u00bb.vc_custom_1689550347799{margin-left: 3px !important;}\u00a0\u00bb el_class=\u00a0\u00bbdelay-1 custom-hd\u00a0\u00bb][vc_empty_space height=\u00a0\u00bb20px\u00a0\u00bb][vc_custom_heading text=\u00a0\u00bbIBM Maximo\u00a0\u00bb font_container=\u00a0\u00bbtag:h2|font_size:3.3rem|text_align:left|color:%23ffffff|line_height:1&Prime; use_theme_fonts=\u00a0\u00bbyes\u00a0\u00bb css_animation=\u00a0\u00bbfadeInUp\u00a0\u00bb el_class=\u00a0\u00bbcustom-hd delay-2&Prime;][vc_separator color=\u00a0\u00bbwhite\u00a0\u00bb align=\u00a0\u00bbalign_left\u00a0\u00bb border_width=\u00a0\u00bb5&Prime; el_width=\u00a0\u00bb10&Prime; css_animation=\u00a0\u00bbfadeInUp\u00a0\u00bb el_class=\u00a0\u00bbdelay-4&Prime; css=\u00a0\u00bb.vc_custom_1540432371541{margin-bottom: 50px !important;margin-left: 5px !important;padding-top: 15px !important;}\u00a0\u00bb][vc_column_text css_animation=\u00a0\u00bbfadeInUp\u00a0\u00bb css=\u00a0\u00bb.vc_custom_1689550357583{margin-left: 3px !important;}\u00a0\u00bb el_class=\u00a0\u00bbdelay-3&Prime;]<a class=\"button line\" href=\"https:\/\/proyacorp.ca\/fr\/contactez-nous\/\">Contactez-nous d\u00e8s aujourd&rsquo;hui.<\/a>[\/vc_column_text][\/vc_column][vc_column width=\u00a0\u00bb1\/6&Prime;][\/vc_column][\/vc_row][\/vc_section][vc_section css_animation=\u00a0\u00bbnone\u00a0\u00bb css=\u00a0\u00bb.vc_custom_1651960199883{padding-bottom: 40px !important;}\u00a0\u00bb][vc_row][vc_column][vc_empty_space height=\u00a0\u00bb80px\u00a0\u00bb][vc_custom_heading text=\u00a0\u00bbIBM Maximo\u00a0\u00bb font_container=\u00a0\u00bbtag:h3|text_align:center\u00a0\u00bb use_theme_fonts=\u00a0\u00bbyes\u00a0\u00bb][vc_empty_space height=\u00a0\u00bb40px\u00a0\u00bb][vc_column_text]Dans les secteurs \u00e0 forte intensit\u00e9 d&rsquo;actifs, IBM Maximo Asset Management est une solution compl\u00e8te de gestion des actifs physiques sur une plate-forme commune. Il offre un acc\u00e8s mobile int\u00e9gr\u00e9, une mise en correspondance pr\u00eate \u00e0 l&#8217;emploi, une gestion d&rsquo;\u00e9quipe et des informations analytiques.<\/p>\n<p>Maximo Asset Management permet aux organisations de partager et de mettre en \u0153uvre les meilleures pratiques, l&rsquo;inventaire, les ressources et le personnel. Maximo se concentre sur les types d&rsquo;actifs suivants.<\/p>\n<p>Production (par exemple, p\u00e9trole, gaz, produits chimiques, exploitation mini\u00e8re, fabrication, m\u00e9dicaments, aliments, \u00e9lectronique et production d&rsquo;\u00e9nergie)<\/p>\n<p>Infrastructure (y compris les chemins de fer, les routes, les t\u00e9l\u00e9communications, l&rsquo;eau et les eaux us\u00e9es, les syst\u00e8mes de distribution d&rsquo;\u00e9lectricit\u00e9 et de gaz)<\/p>\n<p>Transport (pour l&rsquo;arm\u00e9e, le transport a\u00e9rien, l&rsquo;industrie du camionnage, la navigation, les chemins de fer et d&rsquo;autres utilisations)<\/p>\n<p>Immobilier et installations (par exemple dans les bureaux, les \u00e9coles et les h\u00f4pitaux)<\/p>\n<p>Maximo Asset Management comprend six modules de gestion dans une architecture orient\u00e9e services avanc\u00e9e.<\/p>\n<p><strong>Gestion des actifs<\/strong> \u2013 Effectuez l&rsquo;audit dont vous avez besoin pour suivre et g\u00e9rer plus efficacement les donn\u00e9es d&rsquo;actifs et de localisation tout au long de la dur\u00e9e de vie de l&rsquo;actif.<\/p>\n<p><strong>Gestion des affaires<\/strong> &#8211; G\u00e9rez les activit\u00e9s commerciales planifi\u00e9es et impr\u00e9vues, de la demande initiale \u00e0 l&rsquo;ach\u00e8vement et \u00e0 l&rsquo;enregistrement des demandes r\u00e9elles.<\/p>\n<p><strong>Gestion des services<\/strong> \u2013 Cr\u00e9ez des offres de service et des accords de niveau de service (SLA), surveillez efficacement la fourniture du niveau de service et mettez en \u0153uvre des proc\u00e9dures de mise \u00e0 niveau.<\/p>\n<p><strong>Gestion des contrats<\/strong> &#8211; Obtenez une assistance compl\u00e8te pour l&rsquo;achat, le cr\u00e9dit-bail, la location, la garantie, les frais de main-d&rsquo;\u0153uvre, les contrats logiciels ainsi que les contrats principaux, g\u00e9n\u00e9raux et d\u00e9finis par l&rsquo;utilisateur.<\/p>\n<p><strong>Gestion des stocks<\/strong> &#8211; Gardez une trace de quoi, quand, o\u00f9, combien de pi\u00e8ces et combien elles valent avec les d\u00e9tails de l&rsquo;inventaire associ\u00e9 \u00e0 l&rsquo;actif.<\/p>\n<p><strong>Gestion des achats<\/strong> \u2013 Prend en charge toutes les \u00e9tapes de l&rsquo;approvisionnement \u00e0 l&rsquo;\u00e9chelle de l&rsquo;entreprise, telles que l&rsquo;achat direct et le r\u00e9approvisionnement des stocks.<\/p>\n<p>Maximo Asset Management propose une approche int\u00e9gr\u00e9e de la gestion des actifs, qu&rsquo;il s&rsquo;agisse d&rsquo;actifs discrets ou complexes. Le produit aide les organisations \u00e0 surmonter les d\u00e9fis caus\u00e9s par le vieillissement, les infrastructures maladroites ou les ressources humaines.<\/p>\n<p>Il fournit une approche int\u00e9gr\u00e9e en d\u00e9composant plusieurs normes et cylindres non int\u00e9gr\u00e9s, ce qui permet d&rsquo;aligner les op\u00e9rations sur les objectifs commerciaux globaux. Il existe de nombreuses raisons pour lesquelles la demande d&rsquo;une meilleure gestion des actifs augmente.<\/p>\n<p>Lorsque les organisations augmentent l&rsquo;importance, le risque, la quantit\u00e9 ou le co\u00fbt d&rsquo;entreprise des actifs critiques ou des immobilisations, elles constatent souvent une augmentation correspondante de l&rsquo;int\u00e9r\u00eat de la direction \u00e0 maintenir le contr\u00f4le et la visibilit\u00e9 de ces actifs. De plus, dans cette nouvelle \u00e8re de technologies mobiles, cloud et analytiques, il existe plus d&rsquo;opportunit\u00e9s que jamais pour collecter, consolider et analyser<br \/>\ndes donn\u00e9es relatives aux actifs pour aider \u00e0 affiner les performances.<\/p>\n<p>En outre, les gouvernements, les r\u00e9gulateurs, les actionnaires et d&rsquo;autres parties prenantes cl\u00e9s peuvent trouver et suivre la localisation des actifs des organisations des secteurs public et priv\u00e9. Plus le risque ou le co\u00fbt d&rsquo;opportunit\u00e9 est \u00e9lev\u00e9 lorsque vous ne savez pas o\u00f9 se trouve un actif, plus la direction est incit\u00e9e \u00e0 mettre en \u0153uvre un syst\u00e8me de suivi des actifs. La gestion des actifs d&rsquo;entreprise fournit des informations et une visibilit\u00e9 en temps r\u00e9el sur presque tous les actifs physiques et sur la maintenance, la r\u00e9paration et la r\u00e9vision de la cha\u00eene d&rsquo;approvisionnement.<\/p>\n<p>La base de donn\u00e9es Maximo fournit des informations critiques sur les ressources d&rsquo;actif concernant leur configuration et leurs relations physiques et logiques avec d&rsquo;autres ressources. Vous pouvez cr\u00e9er des indicateurs de performance cl\u00e9s (KPI) pour surveiller les conditions des actifs et lancer une action automatique en fonction des modifications. Vous pouvez cr\u00e9er, affecter, surveiller, informer et signaler des composants de transaction cl\u00e9s tels que des ordres de travail, des tickets de centre de services (services), des commandes d&rsquo;initiation et des bons de commande.[\/vc_column_text][vc_empty_space height=\u00a0\u00bb60px\u00a0\u00bb][vc_video link=\u00a0\u00bbhttps:\/\/www.youtube.com\/watch?v=xJsSSRT4www&amp;feature=emb_logo\u00a0\u00bb align=\u00a0\u00bbcenter\u00a0\u00bb][\/vc_column][\/vc_row][\/vc_section]<\/p>\n","protected":false},"excerpt":{"rendered":"<p>[vc_section bg_position=\u00a0\u00bbleft top\u00a0\u00bb css=\u00a0\u00bb.vc_custom_1669120760478{background: #1f91f4 url(https:\/\/proyacorp.ca\/wp-content\/uploads\/2022\/05\/IBM-Rational-Rhapsody-Family.jpg?id=1935) !important;background-position: center !important;background-repeat: no-repeat !important;background-size: cover !important;}\u00a0\u00bb el_class=\u00a0\u00bbmask\u00a0\u00bb][vc_row css=\u00a0\u00bb.vc_custom_1667173502773{padding-top: 120px !important;padding-bottom: 100px !important;}\u00a0\u00bb el_class=\u00a0\u00bbproya-header\u00a0\u00bb][vc_column width=\u00a0\u00bb5\/6&Prime;][vc_custom_heading text=\u00a0\u00bbnos solutions\u00a0\u00bb font_container=\u00a0\u00bbtag:div|font_size:3rem|text_align:left|color:%23ffffff\u00a0\u00bb use_theme_fonts=\u00a0\u00bbyes\u00a0\u00bb css_animation=\u00a0\u00bbfadeInUp\u00a0\u00bb css=\u00a0\u00bb.vc_custom_1689550347799{margin-left: 3px !important;}\u00a0\u00bb el_class=\u00a0\u00bbdelay-1 custom-hd\u00a0\u00bb][vc_empty_space height=\u00a0\u00bb20px\u00a0\u00bb][vc_custom_heading text=\u00a0\u00bbIBM Maximo\u00a0\u00bb font_container=\u00a0\u00bbtag:h2|font_size:3.3rem|text_align:left|color:%23ffffff|line_height:1&Prime; use_theme_fonts=\u00a0\u00bbyes\u00a0\u00bb css_animation=\u00a0\u00bbfadeInUp\u00a0\u00bb el_class=\u00a0\u00bbcustom-hd delay-2&Prime;][vc_separator color=\u00a0\u00bbwhite\u00a0\u00bb align=\u00a0\u00bbalign_left\u00a0\u00bb border_width=\u00a0\u00bb5&Prime; el_width=\u00a0\u00bb10&Prime; css_animation=\u00a0\u00bbfadeInUp\u00a0\u00bb el_class=\u00a0\u00bbdelay-4&Prime; css=\u00a0\u00bb.vc_custom_1540432371541{margin-bottom: 50px !important;margin-left: 5px !important;padding-top: 15px !important;}\u00a0\u00bb][vc_column_text css_animation=\u00a0\u00bbfadeInUp\u00a0\u00bb css=\u00a0\u00bb.vc_custom_1689550357583{margin-left: 3px [&hellip;]<\/p>\n","protected":false},"author":1,"featured_media":0,"parent":0,"menu_order":0,"comment_status":"closed","ping_status":"closed","template":"tmpl\/template-fullwidth.php","meta":{"footnotes":""},"class_list":["post-4416","page","type-page","status-publish","hentry"],"acf":[],"aioseo_notices":[],"_links":{"self":[{"href":"https:\/\/proyacorp.ca\/fr\/wp-json\/wp\/v2\/pages\/4416","targetHints":{"allow":["GET"]}}],"collection":[{"href":"https:\/\/proyacorp.ca\/fr\/wp-json\/wp\/v2\/pages"}],"about":[{"href":"https:\/\/proyacorp.ca\/fr\/wp-json\/wp\/v2\/types\/page"}],"author":[{"embeddable":true,"href":"https:\/\/proyacorp.ca\/fr\/wp-json\/wp\/v2\/users\/1"}],"replies":[{"embeddable":true,"href":"https:\/\/proyacorp.ca\/fr\/wp-json\/wp\/v2\/comments?post=4416"}],"version-history":[{"count":2,"href":"https:\/\/proyacorp.ca\/fr\/wp-json\/wp\/v2\/pages\/4416\/revisions"}],"predecessor-version":[{"id":4418,"href":"https:\/\/proyacorp.ca\/fr\/wp-json\/wp\/v2\/pages\/4416\/revisions\/4418"}],"wp:attachment":[{"href":"https:\/\/proyacorp.ca\/fr\/wp-json\/wp\/v2\/media?parent=4416"}],"curies":[{"name":"wp","href":"https:\/\/api.w.org\/{rel}","templated":true}]}}