{"id":4425,"date":"2022-05-07T19:56:28","date_gmt":"2022-05-07T23:56:28","guid":{"rendered":"https:\/\/proyacorp.ca\/system-and-software-development-process-and-requirements-analysis-writing-management-and-implementation\/"},"modified":"2023-07-16T19:50:17","modified_gmt":"2023-07-16T23:50:17","slug":"processus-de-developpement-de-systemes-et-de-logiciels-et-analyse-des-exigences-redaction-gestion-et-mise-en-oeuvre","status":"publish","type":"page","link":"https:\/\/proyacorp.ca\/fr\/processus-de-developpement-de-systemes-et-de-logiciels-et-analyse-des-exigences-redaction-gestion-et-mise-en-oeuvre\/","title":{"rendered":"Processus de d\u00e9veloppement de syst\u00e8mes et de logiciels et analyse des exigences, r\u00e9daction, gestion et mise en \u0153uvre"},"content":{"rendered":"<p>[vc_section bg_position=\u00a0\u00bbleft top\u00a0\u00bb css=\u00a0\u00bb.vc_custom_1651967973274{background: #a733dd url(https:\/\/proyacorp.ca\/wp-content\/uploads\/2022\/05\/System-And-Software-Development.jpg?id=1856) !important;background-position: center !important;background-repeat: no-repeat !important;background-size: cover !important;}\u00a0\u00bb el_class=\u00a0\u00bbmask\u00a0\u00bb][vc_row css=\u00a0\u00bb.vc_custom_1667173617332{padding-top: 120px !important;padding-bottom: 100px !important;}\u00a0\u00bb el_class=\u00a0\u00bbproya-header\u00a0\u00bb][vc_column width=\u00a0\u00bb5\/6&Prime;][vc_custom_heading text=\u00a0\u00bbnos solutions\u00a0\u00bb font_container=\u00a0\u00bbtag:div|font_size:3rem|text_align:left|color:%23ffffff\u00a0\u00bb use_theme_fonts=\u00a0\u00bbyes\u00a0\u00bb css_animation=\u00a0\u00bbfadeInUp\u00a0\u00bb css=\u00a0\u00bb.vc_custom_1689551189112{margin-left: 3px !important;}\u00a0\u00bb el_class=\u00a0\u00bbdelay-1 custom-hd\u00a0\u00bb][vc_empty_space height=\u00a0\u00bb20px\u00a0\u00bb][vc_custom_heading text=\u00a0\u00bbProcessus de d\u00e9veloppement de syst\u00e8mes et de logiciels et analyse des exigences, r\u00e9daction, gestion et mise en \u0153uvre\u00a0\u00bb font_container=\u00a0\u00bbtag:h2|font_size:3.3rem|text_align:left|color:%23ffffff|line_height:1&Prime; use_theme_fonts=\u00a0\u00bbyes\u00a0\u00bb css_animation=\u00a0\u00bbfadeInUp\u00a0\u00bb el_class=\u00a0\u00bbcustom-hd delay-2&Prime;][vc_separator color=\u00a0\u00bbwhite\u00a0\u00bb align=\u00a0\u00bbalign_left\u00a0\u00bb border_width=\u00a0\u00bb5&Prime; el_width=\u00a0\u00bb10&Prime; css_animation=\u00a0\u00bbfadeInUp\u00a0\u00bb el_class=\u00a0\u00bbdelay-4&Prime; css=\u00a0\u00bb.vc_custom_1540432371541{margin-bottom: 50px !important;margin-left: 5px !important;padding-top: 15px !important;}\u00a0\u00bb][vc_column_text css_animation=\u00a0\u00bbfadeInUp\u00a0\u00bb css=\u00a0\u00bb.vc_custom_1689551198139{margin-left: 3px !important;}\u00a0\u00bb el_class=\u00a0\u00bbdelay-3&Prime;]<a class=\"button line\" href=\"https:\/\/proyacorp.ca\/fr\/contactez-nous\/\">Contactez-nous d\u00e8s aujourd&rsquo;hui.<\/a>[\/vc_column_text][\/vc_column][vc_column width=\u00a0\u00bb1\/6&Prime;][\/vc_column][\/vc_row][\/vc_section][vc_section css_animation=\u00a0\u00bbnone\u00a0\u00bb css=\u00a0\u00bb.vc_custom_1651960199883{padding-bottom: 40px !important;}\u00a0\u00bb][vc_row][vc_column][vc_empty_space height=\u00a0\u00bb80px\u00a0\u00bb][vc_custom_heading text=\u00a0\u00bbProcessus de d\u00e9veloppement de syst\u00e8mes et de logiciels et analyse des exigences, r\u00e9daction, gestion et mise en \u0153uvre\u00a0\u00bb font_container=\u00a0\u00bbtag:h3|text_align:center\u00a0\u00bb use_theme_fonts=\u00a0\u00bbyes\u00a0\u00bb][vc_empty_space height=\u00a0\u00bb40px\u00a0\u00bb][vc_custom_heading text=\u00a0\u00bbLe processus est tout\u00a0\u00bb font_container=\u00a0\u00bbtag:h4|font_size:1.5rem|text_align:left\u00a0\u00bb use_theme_fonts=\u00a0\u00bbyes\u00a0\u00bb][vc_empty_space height=\u00a0\u00bb20px\u00a0\u00bb][vc_column_text]Les participants ont une vue tr\u00e8s d\u00e9taill\u00e9e de l&rsquo;Automotive SPICE\u00ae, un mod\u00e8le d&rsquo;\u00e9valuation du processus de d\u00e9veloppement des syst\u00e8mes automobiles contenant des logiciels.<\/p>\n<p>Avec l&rsquo;Automotive SPICE, chaque \u00e9tape du processus de d\u00e9veloppement du syst\u00e8me et des logiciels a \u00e9t\u00e9 d\u00e9finie. Il apprend quelles t\u00e2ches sont attribu\u00e9es \u00e0 chaque employ\u00e9 \u00e0 ce niveau, comment ils doivent accomplir ces t\u00e2ches, comment ils doivent collaborer avec leurs co\u00e9quipiers, en les int\u00e9grant en profondeur gr\u00e2ce \u00e0 des exemples.[\/vc_column_text][vc_empty_space height=\u00a0\u00bb20px\u00a0\u00bb][vc_single_image image=\u00a0\u00bb1853&Prime; img_size=\u00a0\u00bbfull\u00a0\u00bb][vc_empty_space height=\u00a0\u00bb20px\u00a0\u00bb][vc_custom_heading text=\u00a0\u00bbD\u00e9tails\u00a0\u00bb font_container=\u00a0\u00bbtag:h4|font_size:1.5rem|text_align:left\u00a0\u00bb use_theme_fonts=\u00a0\u00bbyes\u00a0\u00bb][vc_empty_space height=\u00a0\u00bb20px\u00a0\u00bb][vc_column_text]<strong>Dur\u00e9e<\/strong> : 2 jours<\/p>\n<p><strong>Nombre de participants<\/strong> : Minimum 5 personnes, maximum 16 personnes<\/p>\n<p><strong>Lieu<\/strong> : Soit dans notre propre centre de R&amp;D, soit chez vous<\/p>\n<p><strong>Pr\u00e9requis<\/strong> : Connaissance du d\u00e9veloppement de logiciels pour les syst\u00e8mes automobiles<\/p>\n<p><strong>Langue d&rsquo;instruction<\/strong> : Cette formation peut \u00eatre dispens\u00e9e en 3 langues diff\u00e9rentes : turc, anglais ou allemand.[\/vc_column_text][vc_empty_space height=\u00a0\u00bb20px\u00a0\u00bb][vc_custom_heading text=\u00a0\u00bbGroupe cible\u00a0\u00bb font_container=\u00a0\u00bbtag:h4|font_size:1.5rem|text_align:left\u00a0\u00bb use_theme_fonts=\u00a0\u00bbyes\u00a0\u00bb][vc_empty_space height=\u00a0\u00bb20px\u00a0\u00bb][vc_column_text]<\/p>\n<ul>\n<li>Ing\u00e9nieurs logiciels<\/li>\n<li>Architectes logiciels<\/li>\n<li>Chefs de projet<\/li>\n<li>Gestionnaires<\/li>\n<\/ul>\n<p>[\/vc_column_text][vc_empty_space height=\u00a0\u00bb20px\u00a0\u00bb][vc_custom_heading text=\u00a0\u00bbGestion de l&rsquo;\u00e9ducation\u00a0\u00bb font_container=\u00a0\u00bbtag:h4|font_size:1.5rem|text_align:left\u00a0\u00bb use_theme_fonts=\u00a0\u00bbyes\u00a0\u00bb][vc_empty_space height=\u00a0\u00bb20px\u00a0\u00bb][vc_column_text]Tout au long de notre vie, nous apprenons en POSANT\/DEBATTANT des questions et en EXPERIMENTANT. C&rsquo;est pourquoi, les questions auxquelles il faut r\u00e9pondre dans la formation sont donn\u00e9es au d\u00e9but de chaque sujet th\u00e9orique. Les concepts cl\u00e9s sont discut\u00e9s et analys\u00e9s. Les r\u00e9ponses et commentaires des participants sont recueillis. La formation comprend des r\u00e9ponses communes bas\u00e9es sur des normes g\u00e9n\u00e9ralement accept\u00e9es (ITIL, COBIT, ISO 20000, ISO 22301) et les meilleures pratiques. L&rsquo;apr\u00e8s-midi du deuxi\u00e8me jour, un atelier est organis\u00e9 pour \u00e9laborer une analyse de l&rsquo;impact sur l&rsquo;activit\u00e9, soutenu par la m\u00e9thode de \u00ab\u00a0l&rsquo;apprentissage par l&rsquo;action\u00a0\u00bb.[\/vc_column_text][vc_empty_space height=\u00a0\u00bb20px\u00a0\u00bb][vc_custom_heading text=\u00a0\u00bbProgramme de formation (2 jours)\u00a0\u00bb font_container=\u00a0\u00bbtag:h4|font_size:1.5rem|text_align:left\u00a0\u00bb use_theme_fonts=\u00a0\u00bbyes\u00a0\u00bb][vc_empty_space height=\u00a0\u00bb20px\u00a0\u00bb][vc_column_text]<\/p>\n<ul>\n<li>Pourquoi avons-nous besoin d&rsquo;am\u00e9liorer les processus de d\u00e9veloppement de syst\u00e8mes et de logiciels?<\/li>\n<li>Mod\u00e8le en V : Qu&rsquo;est-ce qui se passe au niveau des exigences \u00e0 chaque \u00e9tape du processus de d\u00e9veloppement de syst\u00e8mes et de logiciels?<\/li>\n<li>Quelles t\u00e2ches sont assign\u00e9es \u00e0 chaque employ\u00e9 \u00e0 chaque \u00e9tape?<\/li>\n<li>Introduction \u00e0 l&rsquo;Ing\u00e9nierie des Exigences<\/li>\n<li>R\u00e9daction des exigences et gestion des exigences dans DOOR<\/li>\n<li>Analyse des exigences logicielles et d\u00e9finition de l&rsquo;architecture logicielle<\/li>\n<li>Conception logicielle<\/li>\n<li>D\u00e9veloppement logiciel, sp\u00e9cification des exigences dans le code<\/li>\n<li>Aper\u00e7u : Comprendre le mod\u00e8le et la structure d&rsquo;\u00e9valuation des processus A-SPICE<\/li>\n<li>Niveaux de comp\u00e9tence\/maturit\u00e9 : 1, 2 et 3<\/li>\n<li>M\u00e9thodes d&rsquo;\u00e9valuation des contr\u00f4les A-SPICE<\/li>\n<\/ul>\n<p>[\/vc_column_text][\/vc_column][\/vc_row][\/vc_section]<\/p>\n","protected":false},"excerpt":{"rendered":"<p>[vc_section bg_position=\u00a0\u00bbleft top\u00a0\u00bb css=\u00a0\u00bb.vc_custom_1651967973274{background: #a733dd url(https:\/\/proyacorp.ca\/wp-content\/uploads\/2022\/05\/System-And-Software-Development.jpg?id=1856) !important;background-position: center !important;background-repeat: no-repeat !important;background-size: cover !important;}\u00a0\u00bb el_class=\u00a0\u00bbmask\u00a0\u00bb][vc_row css=\u00a0\u00bb.vc_custom_1667173617332{padding-top: 120px !important;padding-bottom: 100px !important;}\u00a0\u00bb el_class=\u00a0\u00bbproya-header\u00a0\u00bb][vc_column width=\u00a0\u00bb5\/6&Prime;][vc_custom_heading text=\u00a0\u00bbnos solutions\u00a0\u00bb font_container=\u00a0\u00bbtag:div|font_size:3rem|text_align:left|color:%23ffffff\u00a0\u00bb use_theme_fonts=\u00a0\u00bbyes\u00a0\u00bb css_animation=\u00a0\u00bbfadeInUp\u00a0\u00bb css=\u00a0\u00bb.vc_custom_1689551189112{margin-left: 3px !important;}\u00a0\u00bb el_class=\u00a0\u00bbdelay-1 custom-hd\u00a0\u00bb][vc_empty_space height=\u00a0\u00bb20px\u00a0\u00bb][vc_custom_heading text=\u00a0\u00bbProcessus de d\u00e9veloppement de syst\u00e8mes et de logiciels et analyse des exigences, r\u00e9daction, gestion et mise en \u0153uvre\u00a0\u00bb font_container=\u00a0\u00bbtag:h2|font_size:3.3rem|text_align:left|color:%23ffffff|line_height:1&Prime; use_theme_fonts=\u00a0\u00bbyes\u00a0\u00bb css_animation=\u00a0\u00bbfadeInUp\u00a0\u00bb el_class=\u00a0\u00bbcustom-hd delay-2&Prime;][vc_separator [&hellip;]<\/p>\n","protected":false},"author":1,"featured_media":0,"parent":0,"menu_order":0,"comment_status":"closed","ping_status":"closed","template":"tmpl\/template-fullwidth.php","meta":{"footnotes":""},"class_list":["post-4425","page","type-page","status-publish","hentry"],"acf":[],"aioseo_notices":[],"_links":{"self":[{"href":"https:\/\/proyacorp.ca\/fr\/wp-json\/wp\/v2\/pages\/4425","targetHints":{"allow":["GET"]}}],"collection":[{"href":"https:\/\/proyacorp.ca\/fr\/wp-json\/wp\/v2\/pages"}],"about":[{"href":"https:\/\/proyacorp.ca\/fr\/wp-json\/wp\/v2\/types\/page"}],"author":[{"embeddable":true,"href":"https:\/\/proyacorp.ca\/fr\/wp-json\/wp\/v2\/users\/1"}],"replies":[{"embeddable":true,"href":"https:\/\/proyacorp.ca\/fr\/wp-json\/wp\/v2\/comments?post=4425"}],"version-history":[{"count":2,"href":"https:\/\/proyacorp.ca\/fr\/wp-json\/wp\/v2\/pages\/4425\/revisions"}],"predecessor-version":[{"id":4427,"href":"https:\/\/proyacorp.ca\/fr\/wp-json\/wp\/v2\/pages\/4425\/revisions\/4427"}],"wp:attachment":[{"href":"https:\/\/proyacorp.ca\/fr\/wp-json\/wp\/v2\/media?parent=4425"}],"curies":[{"name":"wp","href":"https:\/\/api.w.org\/{rel}","templated":true}]}}