{"id":4431,"date":"2023-04-10T18:56:51","date_gmt":"2023-04-10T22:56:51","guid":{"rendered":"https:\/\/proyacorp.ca\/software-quality-assessment\/"},"modified":"2023-07-16T20:00:31","modified_gmt":"2023-07-17T00:00:31","slug":"evaluation-de-la-qualite-logicielle","status":"publish","type":"page","link":"https:\/\/proyacorp.ca\/fr\/evaluation-de-la-qualite-logicielle\/","title":{"rendered":"\u00c9valuation de la qualit\u00e9 logicielle"},"content":{"rendered":"<p>[vc_section bg_position=\u00a0\u00bbleft top\u00a0\u00bb css=\u00a0\u00bb.vc_custom_1669120760478{background: #1f91f4 url(https:\/\/proyacorp.ca\/wp-content\/uploads\/2022\/05\/IBM-Rational-Rhapsody-Family.jpg?id=1935) !important;background-position: center !important;background-repeat: no-repeat !important;background-size: cover !important;}\u00a0\u00bb el_class=\u00a0\u00bbmask\u00a0\u00bb][vc_row css=\u00a0\u00bb.vc_custom_1667173502773{padding-top: 120px !important;padding-bottom: 100px !important;}\u00a0\u00bb el_class=\u00a0\u00bbproya-header\u00a0\u00bb][vc_column width=\u00a0\u00bb5\/6&Prime;][vc_custom_heading text=\u00a0\u00bbnos solutions\u00a0\u00bb font_container=\u00a0\u00bbtag:div|font_size:3rem|text_align:left|color:%23ffffff\u00a0\u00bb use_theme_fonts=\u00a0\u00bbyes\u00a0\u00bb css_animation=\u00a0\u00bbfadeInUp\u00a0\u00bb css=\u00a0\u00bb.vc_custom_1689551923858{margin-left: 3px !important;}\u00a0\u00bb el_class=\u00a0\u00bbdelay-1 custom-hd\u00a0\u00bb][vc_empty_space height=\u00a0\u00bb20px\u00a0\u00bb][vc_custom_heading text=\u00a0\u00bb\u00c9valuation de la qualit\u00e9 logicielle\u00a0\u00bb font_container=\u00a0\u00bbtag:h2|font_size:3.3rem|text_align:left|color:%23ffffff|line_height:1&Prime; use_theme_fonts=\u00a0\u00bbyes\u00a0\u00bb css_animation=\u00a0\u00bbfadeInUp\u00a0\u00bb el_class=\u00a0\u00bbcustom-hd delay-2&Prime;][vc_separator color=\u00a0\u00bbwhite\u00a0\u00bb align=\u00a0\u00bbalign_left\u00a0\u00bb border_width=\u00a0\u00bb5&Prime; el_width=\u00a0\u00bb10&Prime; css_animation=\u00a0\u00bbfadeInUp\u00a0\u00bb el_class=\u00a0\u00bbdelay-4&Prime; css=\u00a0\u00bb.vc_custom_1540432371541{margin-bottom: 50px !important;margin-left: 5px !important;padding-top: 15px !important;}\u00a0\u00bb][vc_column_text css_animation=\u00a0\u00bbfadeInUp\u00a0\u00bb css=\u00a0\u00bb.vc_custom_1689551932492{margin-left: 3px !important;}\u00a0\u00bb el_class=\u00a0\u00bbdelay-3&Prime;]<a class=\"button line\" href=\"https:\/\/proyacorp.ca\/fr\/contactez-nous\/\">Contactez-nous d\u00e8s aujourd&rsquo;hui.<\/a>[\/vc_column_text][\/vc_column][vc_column width=\u00a0\u00bb1\/6&Prime;][\/vc_column][\/vc_row][\/vc_section][vc_section css_animation=\u00a0\u00bbnone\u00a0\u00bb css=\u00a0\u00bb.vc_custom_1651960199883{padding-bottom: 40px !important;}\u00a0\u00bb][vc_row][vc_column][vc_empty_space height=\u00a0\u00bb80px\u00a0\u00bb][vc_custom_heading text=\u00a0\u00bb\u00c9valuation de la qualit\u00e9 logicielle\u00a0\u00bb font_container=\u00a0\u00bbtag:h3|text_align:center\u00a0\u00bb use_theme_fonts=\u00a0\u00bbyes\u00a0\u00bb][vc_empty_space height=\u00a0\u00bb40px\u00a0\u00bb][vc_column_text]\u00cates-vous int\u00e9ress\u00e9 par la qualit\u00e9 de votre logiciel ? Peut-\u00eatre pr\u00e9voyez-vous de racheter une autre entreprise et souhaitez-vous vous assurer que leur logiciel est \u00e0 la hauteur.<\/p>\n<p>Il existe de nombreuses raisons de faire \u00e9valuer la qualit\u00e9 de votre logiciel par une soci\u00e9t\u00e9 ind\u00e9pendante tierce.<\/p>\n<p>Proya est le distributeur de TIOBE, la soci\u00e9t\u00e9 sp\u00e9cialis\u00e9e dans la qualit\u00e9 logicielle, et est enti\u00e8rement sp\u00e9cialis\u00e9e dans le domaine de la qualit\u00e9 logicielle. La solution est reconnue par des instituts tels que T\u00dcViT pour r\u00e9aliser des \u00e9valuations de qualit\u00e9.<\/p>\n<p>Nous proposons un service d&rsquo;\u00e9valuation de la qualit\u00e9 du code logiciel bas\u00e9 sur la norme ISO\/CEI 25010 officielle sur la qualit\u00e9 des produits logiciels. L&rsquo;\u00e9valuation utilise l&rsquo;indicateur de qualit\u00e9 TIOBE (TQI) pour \u00e9valuer la qualit\u00e9 du logiciel.<\/p>\n<p>L&rsquo;\u00e9valuation se concentre principalement sur la mesure de la fiabilit\u00e9, de la testabilit\u00e9 et de la maintenabilit\u00e9 de votre syst\u00e8me logiciel.<\/p>\n<p>L&rsquo;\u00e9valuation fournit un ensemble puissant de livrables :<\/p>\n<p>&#8211; Rapport : Le rapport d&rsquo;\u00e9valuation contient environ 20 pages et explique les r\u00e9sultats des plus de 350 m\u00e9triques appliqu\u00e9es \u00e0 votre code. Il fournit \u00e9galement des recommandations, identifie les risques, propose des benchmarks, des examens manuels du code et une qualification globale.<\/p>\n<p>&#8211; Pr\u00e9sentation : Lors d&rsquo;une pr\u00e9sentation, nous expliquerons en d\u00e9tail le rapport \u00e0 toutes les parties prenantes, y compris la direction et les ing\u00e9nieurs logiciels.<\/p>\n<p>&#8211; Tableau de bord : Toutes les donn\u00e9es collect\u00e9es sont disponibles dans le tableau de bord TiCS. Il s&rsquo;agit d&rsquo;une application web dans laquelle vous pouvez analyser en d\u00e9tail les r\u00e9sultats, du niveau global aux probl\u00e8mes individuels dans le code source. Votre organisation aura acc\u00e8s \u00e0 ce tableau de bord.[\/vc_column_text][\/vc_column][\/vc_row][\/vc_section]<\/p>\n","protected":false},"excerpt":{"rendered":"<p>[vc_section bg_position=\u00a0\u00bbleft top\u00a0\u00bb css=\u00a0\u00bb.vc_custom_1669120760478{background: #1f91f4 url(https:\/\/proyacorp.ca\/wp-content\/uploads\/2022\/05\/IBM-Rational-Rhapsody-Family.jpg?id=1935) !important;background-position: center !important;background-repeat: no-repeat !important;background-size: cover !important;}\u00a0\u00bb el_class=\u00a0\u00bbmask\u00a0\u00bb][vc_row css=\u00a0\u00bb.vc_custom_1667173502773{padding-top: 120px !important;padding-bottom: 100px !important;}\u00a0\u00bb el_class=\u00a0\u00bbproya-header\u00a0\u00bb][vc_column width=\u00a0\u00bb5\/6&Prime;][vc_custom_heading text=\u00a0\u00bbnos solutions\u00a0\u00bb font_container=\u00a0\u00bbtag:div|font_size:3rem|text_align:left|color:%23ffffff\u00a0\u00bb use_theme_fonts=\u00a0\u00bbyes\u00a0\u00bb css_animation=\u00a0\u00bbfadeInUp\u00a0\u00bb css=\u00a0\u00bb.vc_custom_1689551923858{margin-left: 3px !important;}\u00a0\u00bb el_class=\u00a0\u00bbdelay-1 custom-hd\u00a0\u00bb][vc_empty_space height=\u00a0\u00bb20px\u00a0\u00bb][vc_custom_heading text=\u00a0\u00bb\u00c9valuation de la qualit\u00e9 logicielle\u00a0\u00bb font_container=\u00a0\u00bbtag:h2|font_size:3.3rem|text_align:left|color:%23ffffff|line_height:1&Prime; use_theme_fonts=\u00a0\u00bbyes\u00a0\u00bb css_animation=\u00a0\u00bbfadeInUp\u00a0\u00bb el_class=\u00a0\u00bbcustom-hd delay-2&Prime;][vc_separator color=\u00a0\u00bbwhite\u00a0\u00bb align=\u00a0\u00bbalign_left\u00a0\u00bb border_width=\u00a0\u00bb5&Prime; el_width=\u00a0\u00bb10&Prime; css_animation=\u00a0\u00bbfadeInUp\u00a0\u00bb el_class=\u00a0\u00bbdelay-4&Prime; css=\u00a0\u00bb.vc_custom_1540432371541{margin-bottom: 50px !important;margin-left: 5px !important;padding-top: 15px !important;}\u00a0\u00bb][vc_column_text [&hellip;]<\/p>\n","protected":false},"author":1,"featured_media":0,"parent":0,"menu_order":0,"comment_status":"closed","ping_status":"closed","template":"tmpl\/template-fullwidth.php","meta":{"footnotes":""},"class_list":["post-4431","page","type-page","status-publish","hentry"],"acf":[],"aioseo_notices":[],"_links":{"self":[{"href":"https:\/\/proyacorp.ca\/fr\/wp-json\/wp\/v2\/pages\/4431","targetHints":{"allow":["GET"]}}],"collection":[{"href":"https:\/\/proyacorp.ca\/fr\/wp-json\/wp\/v2\/pages"}],"about":[{"href":"https:\/\/proyacorp.ca\/fr\/wp-json\/wp\/v2\/types\/page"}],"author":[{"embeddable":true,"href":"https:\/\/proyacorp.ca\/fr\/wp-json\/wp\/v2\/users\/1"}],"replies":[{"embeddable":true,"href":"https:\/\/proyacorp.ca\/fr\/wp-json\/wp\/v2\/comments?post=4431"}],"version-history":[{"count":2,"href":"https:\/\/proyacorp.ca\/fr\/wp-json\/wp\/v2\/pages\/4431\/revisions"}],"predecessor-version":[{"id":4433,"href":"https:\/\/proyacorp.ca\/fr\/wp-json\/wp\/v2\/pages\/4431\/revisions\/4433"}],"wp:attachment":[{"href":"https:\/\/proyacorp.ca\/fr\/wp-json\/wp\/v2\/media?parent=4431"}],"curies":[{"name":"wp","href":"https:\/\/api.w.org\/{rel}","templated":true}]}}