{"id":4434,"date":"2023-05-15T18:45:45","date_gmt":"2023-05-15T22:45:45","guid":{"rendered":"https:\/\/proyacorp.ca\/rpa\/"},"modified":"2023-07-17T18:58:46","modified_gmt":"2023-07-17T22:58:46","slug":"rpa","status":"publish","type":"page","link":"https:\/\/proyacorp.ca\/fr\/rpa\/","title":{"rendered":"RPA"},"content":{"rendered":"<p>[vc_section bg_position=\u00a0\u00bbcenter center\u00a0\u00bb css=\u00a0\u00bb.vc_custom_1669734820147{background: #af3461 url(https:\/\/proyacorp.ca\/wp-content\/uploads\/2022\/05\/HOPEX-Business-Architecture.jpg?id=2171) !important;background-position: center !important;background-repeat: no-repeat !important;background-size: cover !important;}\u00a0\u00bb el_class=\u00a0\u00bbmask\u00a0\u00bb][vc_row css=\u00a0\u00bb.vc_custom_1667172829365{padding-top: 120px !important;padding-bottom: 100px !important;}\u00a0\u00bb el_class=\u00a0\u00bbproya-header\u00a0\u00bb][vc_column width=\u00a0\u00bb5\/6&Prime;][vc_custom_heading text=\u00a0\u00bbnos solutions\u00a0\u00bb font_container=\u00a0\u00bbtag:div|font_size:3rem|text_align:left|color:%23ffffff\u00a0\u00bb use_theme_fonts=\u00a0\u00bbyes\u00a0\u00bb css_animation=\u00a0\u00bbfadeInUp\u00a0\u00bb css=\u00a0\u00bb.vc_custom_1689634592493{margin-left: 3px !important;}\u00a0\u00bb el_class=\u00a0\u00bbdelay-1 custom-hd\u00a0\u00bb][vc_empty_space height=\u00a0\u00bb20px\u00a0\u00bb][vc_custom_heading text=\u00a0\u00bbRPA\u00a0\u00bb font_container=\u00a0\u00bbtag:h2|font_size:3.3rem|text_align:left|color:%23ffffff|line_height:1&Prime; use_theme_fonts=\u00a0\u00bbyes\u00a0\u00bb css_animation=\u00a0\u00bbfadeInUp\u00a0\u00bb el_class=\u00a0\u00bbcustom-hd delay-2&Prime;][vc_separator color=\u00a0\u00bbwhite\u00a0\u00bb align=\u00a0\u00bbalign_left\u00a0\u00bb border_width=\u00a0\u00bb5&Prime; el_width=\u00a0\u00bb10&Prime; css_animation=\u00a0\u00bbfadeInUp\u00a0\u00bb el_class=\u00a0\u00bbdelay-4&Prime; css=\u00a0\u00bb.vc_custom_1540432371541{margin-bottom: 50px !important;margin-left: 5px !important;padding-top: 15px !important;}\u00a0\u00bb][vc_column_text css_animation=\u00a0\u00bbfadeInUp\u00a0\u00bb css=\u00a0\u00bb.vc_custom_1689634603097{margin-left: 3px !important;}\u00a0\u00bb el_class=\u00a0\u00bbdelay-3&Prime;]<a class=\"button line\" href=\"https:\/\/proyacorp.ca\/fr\/contactez-nous\/\">Contactez-nous d\u00e8s aujourd&rsquo;hui.<\/a>[\/vc_column_text][\/vc_column][vc_column width=\u00a0\u00bb1\/6&Prime;][\/vc_column][\/vc_row][\/vc_section][vc_section css_animation=\u00a0\u00bbnone\u00a0\u00bb css=\u00a0\u00bb.vc_custom_1651960199883{padding-bottom: 40px !important;}\u00a0\u00bb][vc_row][vc_column][vc_empty_space height=\u00a0\u00bb40px\u00a0\u00bb][vc_column_text]<\/p>\n<h3>Qu&rsquo;est-ce que le RPA<\/h3>\n<p>Dans l&rsquo;environnement commercial rapide d&rsquo;aujourd&rsquo;hui, les organisations cherchent constamment des moyens d&rsquo;am\u00e9liorer leur efficacit\u00e9, de r\u00e9duire les co\u00fbts et de rester comp\u00e9titives. L&rsquo;automatisation offre de grandes opportunit\u00e9s aux entreprises qui comptent sur des processus rapides et rationalis\u00e9s pour gagner en efficacit\u00e9 et offrir de meilleures exp\u00e9riences aux clients et aux employ\u00e9s.<\/p>\n<p>Une technologie de plus en plus populaire dans diff\u00e9rents secteurs est l&rsquo;automatisation des processus robotiques (RPA). Il s&rsquo;agit d&rsquo;un type de technologie d&rsquo;automatisation logicielle qui utilise des robots logiciels ou des bots pour automatiser des t\u00e2ches r\u00e9p\u00e9titives et bas\u00e9es sur des r\u00e8gles g\u00e9n\u00e9ralement effectu\u00e9es par des humains.<\/p>\n<p>Le RPA est souvent utilis\u00e9 pour automatiser des processus en back-office tels que la saisie de donn\u00e9es, le traitement des factures et le service client. Il peut \u00e9galement \u00eatre utilis\u00e9 pour automatiser des processus en front-office tels que l&rsquo;int\u00e9gration des clients et le traitement des commandes de vente.<\/p>\n<p>Le RPA est une technologie puissante qui peut aider les organisations \u00e0 am\u00e9liorer leur efficacit\u00e9, \u00e0 r\u00e9duire les erreurs et \u00e0 gagner du temps et de l&rsquo;argent.<\/p>\n<p>Il est un \u00e9l\u00e9ment cl\u00e9 de la transformation num\u00e9rique.<\/p>\n<h3>Avantages du RPA<\/h3>\n<p>Le RPA offre plusieurs avantages aux organisations qui adoptent cette technologie. Voici quelques-uns des principaux avantages du RPA :<\/p>\n<p><strong>Am\u00e9lioration de l&rsquo;efficacit\u00e9 :<\/strong> Le RPA peut automatiser des t\u00e2ches r\u00e9p\u00e9titives qui ne n\u00e9cessitent pas de jugement humain, de mani\u00e8re plus rapide et plus pr\u00e9cise que les humains, ce qui entra\u00eene une augmentation de l&rsquo;efficacit\u00e9 des processus m\u00e9tier. Le RPA n&rsquo;est pas limit\u00e9 dans le temps de travail.<\/p>\n<p><strong>Augmentation de la satisfaction des employ\u00e9s :<\/strong> En automatisant les t\u00e2ches r\u00e9p\u00e9titives et ennuyeuses, les employ\u00e9s peuvent \u00eatre lib\u00e9r\u00e9s des t\u00e2ches routini\u00e8res et se concentrer sur des t\u00e2ches \u00e0 plus grande valeur ajout\u00e9e, ce qui entra\u00eene une satisfaction professionnelle, une motivation et une productivit\u00e9 accrues.<\/p>\n<p><strong>\u00c9conomies de co\u00fbts :<\/strong> En utilisant le RPA, les organisations peuvent r\u00e9duire le besoin de main-d&rsquo;\u0153uvre humaine pour les t\u00e2ches r\u00e9p\u00e9titives et bas\u00e9es sur des r\u00e8gles, et affecter le travail humain \u00e0 des t\u00e2ches \u00e0 plus forte valeur ajout\u00e9e.<\/p>\n<p><strong>Am\u00e9lioration de la pr\u00e9cision :<\/strong> Le RPA peut effectuer des t\u00e2ches avec un haut degr\u00e9 de pr\u00e9cision, r\u00e9duisant ainsi le risque d&rsquo;erreurs et am\u00e9liorant la qualit\u00e9 du travail.<\/p>\n<p><strong>Scalabilit\u00e9 :<\/strong> Le RPA peut \u00eatre facilement adapt\u00e9 en fonction des besoins de l&rsquo;organisation, en augmentant ou en diminuant les capacit\u00e9s selon les exigences.<\/p>\n<p><strong>Am\u00e9lioration de l&rsquo;exp\u00e9rience client :<\/strong> En automatisant des t\u00e2ches telles que la saisie et le traitement des donn\u00e9es, les organisations peuvent am\u00e9liorer la rapidit\u00e9 et l&rsquo;exactitude du service client, ce qui se traduit par une meilleure exp\u00e9rience client.[\/vc_column_text][vc_empty_space height=\u00a0\u00bb40px\u00a0\u00bb][vc_single_image image=\u00a0\u00bb3544&Prime; img_size=\u00a0\u00bbfull\u00a0\u00bb][\/vc_column][\/vc_row][\/vc_section]<\/p>\n","protected":false},"excerpt":{"rendered":"<p>[vc_section bg_position=\u00a0\u00bbcenter center\u00a0\u00bb css=\u00a0\u00bb.vc_custom_1669734820147{background: #af3461 url(https:\/\/proyacorp.ca\/wp-content\/uploads\/2022\/05\/HOPEX-Business-Architecture.jpg?id=2171) !important;background-position: center !important;background-repeat: no-repeat !important;background-size: cover !important;}\u00a0\u00bb el_class=\u00a0\u00bbmask\u00a0\u00bb][vc_row css=\u00a0\u00bb.vc_custom_1667172829365{padding-top: 120px !important;padding-bottom: 100px !important;}\u00a0\u00bb el_class=\u00a0\u00bbproya-header\u00a0\u00bb][vc_column width=\u00a0\u00bb5\/6&Prime;][vc_custom_heading text=\u00a0\u00bbnos solutions\u00a0\u00bb font_container=\u00a0\u00bbtag:div|font_size:3rem|text_align:left|color:%23ffffff\u00a0\u00bb use_theme_fonts=\u00a0\u00bbyes\u00a0\u00bb css_animation=\u00a0\u00bbfadeInUp\u00a0\u00bb css=\u00a0\u00bb.vc_custom_1689634592493{margin-left: 3px !important;}\u00a0\u00bb el_class=\u00a0\u00bbdelay-1 custom-hd\u00a0\u00bb][vc_empty_space height=\u00a0\u00bb20px\u00a0\u00bb][vc_custom_heading text=\u00a0\u00bbRPA\u00a0\u00bb font_container=\u00a0\u00bbtag:h2|font_size:3.3rem|text_align:left|color:%23ffffff|line_height:1&Prime; use_theme_fonts=\u00a0\u00bbyes\u00a0\u00bb css_animation=\u00a0\u00bbfadeInUp\u00a0\u00bb el_class=\u00a0\u00bbcustom-hd delay-2&Prime;][vc_separator color=\u00a0\u00bbwhite\u00a0\u00bb align=\u00a0\u00bbalign_left\u00a0\u00bb border_width=\u00a0\u00bb5&Prime; el_width=\u00a0\u00bb10&Prime; css_animation=\u00a0\u00bbfadeInUp\u00a0\u00bb el_class=\u00a0\u00bbdelay-4&Prime; css=\u00a0\u00bb.vc_custom_1540432371541{margin-bottom: 50px !important;margin-left: 5px !important;padding-top: 15px !important;}\u00a0\u00bb][vc_column_text css_animation=\u00a0\u00bbfadeInUp\u00a0\u00bb css=\u00a0\u00bb.vc_custom_1689634603097{margin-left: 3px !important;}\u00a0\u00bb [&hellip;]<\/p>\n","protected":false},"author":1,"featured_media":0,"parent":0,"menu_order":0,"comment_status":"closed","ping_status":"closed","template":"tmpl\/template-fullwidth.php","meta":{"footnotes":""},"class_list":["post-4434","page","type-page","status-publish","hentry"],"acf":[],"aioseo_notices":[],"_links":{"self":[{"href":"https:\/\/proyacorp.ca\/fr\/wp-json\/wp\/v2\/pages\/4434","targetHints":{"allow":["GET"]}}],"collection":[{"href":"https:\/\/proyacorp.ca\/fr\/wp-json\/wp\/v2\/pages"}],"about":[{"href":"https:\/\/proyacorp.ca\/fr\/wp-json\/wp\/v2\/types\/page"}],"author":[{"embeddable":true,"href":"https:\/\/proyacorp.ca\/fr\/wp-json\/wp\/v2\/users\/1"}],"replies":[{"embeddable":true,"href":"https:\/\/proyacorp.ca\/fr\/wp-json\/wp\/v2\/comments?post=4434"}],"version-history":[{"count":2,"href":"https:\/\/proyacorp.ca\/fr\/wp-json\/wp\/v2\/pages\/4434\/revisions"}],"predecessor-version":[{"id":4442,"href":"https:\/\/proyacorp.ca\/fr\/wp-json\/wp\/v2\/pages\/4434\/revisions\/4442"}],"wp:attachment":[{"href":"https:\/\/proyacorp.ca\/fr\/wp-json\/wp\/v2\/media?parent=4434"}],"curies":[{"name":"wp","href":"https:\/\/api.w.org\/{rel}","templated":true}]}}