{"id":4454,"date":"2022-11-22T17:05:26","date_gmt":"2022-11-22T22:05:26","guid":{"rendered":"https:\/\/proyacorp.ca\/veriato\/"},"modified":"2023-10-18T12:35:25","modified_gmt":"2023-10-18T16:35:25","slug":"veriato","status":"publish","type":"page","link":"https:\/\/proyacorp.ca\/fr\/veriato\/","title":{"rendered":"Veriato"},"content":{"rendered":"<p>[vc_section bg_position=\u00a0\u00bbleft top\u00a0\u00bb css=\u00a0\u00bb.vc_custom_1669158974683{background: #0ab277 url(https:\/\/proyacorp.ca\/wp-content\/uploads\/2022\/11\/Veriato.jpg?id=3216) !important;background-position: center !important;background-repeat: no-repeat !important;background-size: cover !important;}\u00a0\u00bb el_class=\u00a0\u00bbmask\u00a0\u00bb][vc_row css=\u00a0\u00bb.vc_custom_1667173568184{padding-top: 120px !important;padding-bottom: 100px !important;}\u00a0\u00bb el_class=\u00a0\u00bbproya-header\u00a0\u00bb][vc_column width=\u00a0\u00bb2\/3&Prime;][vc_custom_heading text=\u00a0\u00bbnos solutions\u00a0\u00bb font_container=\u00a0\u00bbtag:div|font_size:3rem|text_align:left|color:%23ffffff\u00a0\u00bb use_theme_fonts=\u00a0\u00bbyes\u00a0\u00bb css_animation=\u00a0\u00bbfadeInUp\u00a0\u00bb css=\u00a0\u00bb.vc_custom_1689635664179{margin-left: 3px !important;}\u00a0\u00bb el_class=\u00a0\u00bbdelay-1 custom-hd\u00a0\u00bb][vc_empty_space height=\u00a0\u00bb20px\u00a0\u00bb][vc_custom_heading text=\u00a0\u00bbVeriato\u00a0\u00bb font_container=\u00a0\u00bbtag:h2|font_size:5rem|text_align:left|color:%23ffffff|line_height:1&Prime; use_theme_fonts=\u00a0\u00bbyes\u00a0\u00bb css_animation=\u00a0\u00bbfadeInUp\u00a0\u00bb el_class=\u00a0\u00bbcustom-hd delay-2&Prime;][vc_separator color=\u00a0\u00bbwhite\u00a0\u00bb align=\u00a0\u00bbalign_left\u00a0\u00bb border_width=\u00a0\u00bb5&Prime; el_width=\u00a0\u00bb10&Prime; css_animation=\u00a0\u00bbfadeInUp\u00a0\u00bb el_class=\u00a0\u00bbdelay-4&Prime; css=\u00a0\u00bb.vc_custom_1540432371541{margin-bottom: 50px !important;margin-left: 5px !important;padding-top: 15px !important;}\u00a0\u00bb][vc_column_text css_animation=\u00a0\u00bbfadeInUp\u00a0\u00bb css=\u00a0\u00bb.vc_custom_1689635675255{margin-left: 3px !important;}\u00a0\u00bb el_class=\u00a0\u00bbdelay-3&Prime;]<a class=\"button line\" href=\"https:\/\/proyacorp.ca\/fr\/contactez-nous\/\">Contactez-nous d\u00e8s aujourd&rsquo;hui.<\/a>[\/vc_column_text][\/vc_column][vc_column width=\u00a0\u00bb1\/3&Prime;][\/vc_column][\/vc_row][\/vc_section][vc_section css_animation=\u00a0\u00bbnone\u00a0\u00bb css=\u00a0\u00bb.vc_custom_1651960199883{padding-bottom: 40px !important;}\u00a0\u00bb][vc_row][vc_column][vc_empty_space height=\u00a0\u00bb80px\u00a0\u00bb][vc_custom_heading text=\u00a0\u00bbSurveillance de l&rsquo;activit\u00e9 des utilisateurs (UAM) et Analyse du comportement des utilisateurs et des entit\u00e9s (UEBA) sur une seule plateforme.\u00a0\u00bb font_container=\u00a0\u00bbtag:h3|font_size:1.5rem|text_align:center|color:%23000000&Prime; use_theme_fonts=\u00a0\u00bbyes\u00a0\u00bb][vc_empty_space height=\u00a0\u00bb20px\u00a0\u00bb][vc_custom_heading text=\u00a0\u00bbSurveillance de la productivit\u00e9, d\u00e9tection des menaces, enqu\u00eate et conformit\u00e9\u00a0\u00bb font_container=\u00a0\u00bbtag:h3|font_size:1.3rem|text_align:center\u00a0\u00bb use_theme_fonts=\u00a0\u00bbyes\u00a0\u00bb][vc_empty_space height=\u00a0\u00bb20px\u00a0\u00bb][vc_column_text]<\/p>\n<p style=\"text-align: center;\">Les entreprises modernes du monde entier utilisent les solutions de surveillance de l&rsquo;activit\u00e9 des utilisateurs adaptables de Veriato pour la conformit\u00e9, la cybers\u00e9curit\u00e9 et la productivit\u00e9.<\/p>\n<p>[\/vc_column_text][vc_empty_space height=\u00a0\u00bb40px\u00a0\u00bb][vc_empty_space height=\u00a0\u00bb40px\u00a0\u00bb][vc_custom_heading text=\u00a0\u00bbProductivit\u00e9 des employ\u00e9s\u00a0\u00bb font_container=\u00a0\u00bbtag:h3|font_size:1.5rem|text_align:center|color:%2300b154&Prime; use_theme_fonts=\u00a0\u00bbyes\u00a0\u00bb][vc_empty_space height=\u00a0\u00bb20px\u00a0\u00bb][vc_custom_heading text=\u00a0\u00bbSurveillance de la productivit\u00e9 des employ\u00e9s pour votre effectif\u00a0\u00bb font_container=\u00a0\u00bbtag:h3|font_size:1.3rem|text_align:center\u00a0\u00bb use_theme_fonts=\u00a0\u00bbyes\u00a0\u00bb][vc_empty_space height=\u00a0\u00bb20px\u00a0\u00bb][vc_column_text]<\/p>\n<p style=\"text-align: center;\">Des outils puissants et simples \u00e0 utiliser pour maintenir la productivit\u00e9 de vos \u00e9quipes de bureau, hybrides et \u00e0 distance.<\/p>\n<p>[\/vc_column_text][vc_empty_space height=\u00a0\u00bb40px\u00a0\u00bb][vc_single_image image=\u00a0\u00bb3206&Prime; img_size=\u00a0\u00bbfull\u00a0\u00bb alignment=\u00a0\u00bbcenter\u00a0\u00bb][vc_empty_space height=\u00a0\u00bb40px\u00a0\u00bb][vc_column_text]<strong>Suivi du temps d&rsquo;inactivit\u00e9 et d&rsquo;activit\u00e9<\/strong><\/p>\n<p>Le syst\u00e8me aliment\u00e9 par l&rsquo;IA de Veriato examine les tendances de comportement des utilisateurs et vous informe instantan\u00e9ment de tout comportement inhabituel ou suspect.<\/p>\n<p><strong>Utilisation du Web et des applications<\/strong><\/p>\n<p>Attribuez des scores de productivit\u00e9 aux sites Web, programmes et applications.<\/p>\n<p><strong>Captures d&rsquo;\u00e9cran<\/strong><\/p>\n<p>Choisissez parmi trois types de captures d&rsquo;\u00e9cran : en continu, d\u00e9clench\u00e9es par des mots-cl\u00e9s et d\u00e9clench\u00e9es par l&rsquo;activit\u00e9.<\/p>\n<p><strong>Suivi des fichiers et des documents<\/strong><\/p>\n<p>Suivez les activit\u00e9s locales, les supports amovibles, le stockage en nuage, ainsi que les op\u00e9rations d&rsquo;impression. Voyez quand les fichiers sont cr\u00e9\u00e9s, modifi\u00e9s, supprim\u00e9s ou renomm\u00e9s.<\/p>\n<p><strong>Param\u00e8tres enti\u00e8rement personnalisables<\/strong><\/p>\n<p>D\u00e9terminez des horaires de travail flexibles pour chaque \u00e9quipe ou d\u00e9partement, ainsi que les heures de d\u00e9but et de fin du suivi.<\/p>\n<p><strong>Rapports et alertes en temps r\u00e9el<\/strong><\/p>\n<p>Choisissez parmi une vari\u00e9t\u00e9 de rapports pr\u00e9d\u00e9finis ou personnalisez les v\u00f4tres. Cr\u00e9ez des alertes en temps r\u00e9el qui correspondent \u00e0 vos indicateurs de productivit\u00e9.[\/vc_column_text][vc_empty_space height=\u00a0\u00bb40px\u00a0\u00bb][vc_custom_heading text=\u00a0\u00bbEnqu\u00eates sur le lieu de travail\u00a0\u00bb font_container=\u00a0\u00bbtag:h3|font_size:1.5rem|text_align:center|color:%2300b154&Prime; use_theme_fonts=\u00a0\u00bbyes\u00a0\u00bb][vc_empty_space height=\u00a0\u00bb20px\u00a0\u00bb][vc_custom_heading text=\u00a0\u00bbOutils solides d&rsquo;enqu\u00eate sur le lieu de travail\u00a0\u00bb font_container=\u00a0\u00bbtag:h3|font_size:1.3rem|text_align:center\u00a0\u00bb use_theme_fonts=\u00a0\u00bbyes\u00a0\u00bb][vc_empty_space height=\u00a0\u00bb20px\u00a0\u00bb][vc_column_text]<\/p>\n<p style=\"text-align: center;\">Veriato aide votre entreprise \u00e0 d\u00e9tecter la fraude financi\u00e8re, le vol de donn\u00e9es et d&rsquo;autres comportements r\u00e9pr\u00e9hensibles de la part des employ\u00e9s.<\/p>\n<p>[\/vc_column_text][vc_empty_space height=\u00a0\u00bb40px\u00a0\u00bb][vc_single_image image=\u00a0\u00bb3211&Prime; img_size=\u00a0\u00bbfull\u00a0\u00bb alignment=\u00a0\u00bbcenter\u00a0\u00bb][vc_empty_space height=\u00a0\u00bb40px\u00a0\u00bb][vc_column_text]<strong>Activit\u00e9 sur le Web, les discussions et les messageries instantan\u00e9es<\/strong><\/p>\n<p>Observez et documentez les activit\u00e9s de communication sur les plates-formes de messagerie largement utilis\u00e9es. Suivez toutes les activit\u00e9s sur le web, y compris les t\u00e9l\u00e9chargements de fichiers et l&rsquo;acc\u00e8s aux courriers \u00e9lectroniques via le web.<\/p>\n<p><strong>Surveillance des e-mails<\/strong><\/p>\n<p>Enregistrez et examinez l&rsquo;activit\u00e9 de communication \u00e0 l&rsquo;aide des applications de messagerie classiques ainsi que de divers fournisseurs de messagerie web populaires.<\/p>\n<p><strong>Captures d&rsquo;\u00e9cran<\/strong><\/p>\n<p>Choisissez parmi les types de captures d&rsquo;\u00e9cran en continu, d\u00e9clench\u00e9es par des mots-cl\u00e9s ou d\u00e9clench\u00e9es par l&rsquo;activit\u00e9.<\/p>\n<p><strong>Suivi des applications<\/strong><\/p>\n<p>Pour fournir des rapports pr\u00e9cis sur les applications utilis\u00e9es, par qui et pendant combien de temps, suivez l&rsquo;utilisation de toutes les applications.<\/p>\n<p><strong>Enregistrement des frappes<\/strong><\/p>\n<p>Chaque frappe, y compris celles contenant des caract\u00e8res et des s\u00e9quences \u00ab\u00a0secr\u00e8tes\u00a0\u00bb, est enregistr\u00e9e, et des avertissements en temps r\u00e9el sont d\u00e9clench\u00e9s en r\u00e9ponse \u00e0 certains mots-cl\u00e9s.<\/p>\n<p><strong>Suivi des fichiers et des documents<\/strong><\/p>\n<p>Suivez les activit\u00e9s d&rsquo;impression ainsi que les actions effectu\u00e9es sur les supports de stockage locaux, amovibles et en nuage. V\u00e9rifiez la cr\u00e9ation, la modification, la suppression et le renommage des fichiers.[\/vc_column_text][vc_empty_space height=\u00a0\u00bb40px\u00a0\u00bb][vc_custom_heading text=\u00a0\u00bbAudit et conformit\u00e9.\u00a0\u00bb font_container=\u00a0\u00bbtag:h3|font_size:1.5rem|text_align:center|color:%2300b154&Prime; use_theme_fonts=\u00a0\u00bbyes\u00a0\u00bb][vc_empty_space height=\u00a0\u00bb20px\u00a0\u00bb][vc_custom_heading text=\u00a0\u00bbAudit et conformit\u00e9 intelligents\u00a0\u00bb font_container=\u00a0\u00bbtag:h3|font_size:1.3rem|text_align:center\u00a0\u00bb use_theme_fonts=\u00a0\u00bbyes\u00a0\u00bb][vc_empty_space height=\u00a0\u00bb20px\u00a0\u00bb][vc_column_text]<\/p>\n<p style=\"text-align: center;\">Veriato optimise votre pr\u00e9paration \u00e0 l&rsquo;audit tout en r\u00e9duisant les co\u00fbts administratifs li\u00e9s \u00e0 la conformit\u00e9 aux exigences commerciales ou r\u00e9glementaires.<\/p>\n<p>[\/vc_column_text][vc_empty_space height=\u00a0\u00bb40px\u00a0\u00bb][vc_single_image image=\u00a0\u00bb3213&Prime; img_size=\u00a0\u00bbfull\u00a0\u00bb alignment=\u00a0\u00bbcenter\u00a0\u00bb][vc_empty_space height=\u00a0\u00bb40px\u00a0\u00bb][vc_column_text]<strong>Surveillance de l&rsquo;activit\u00e9 des utilisateurs<\/strong><\/p>\n<p>Surveillez l&rsquo;activit\u00e9 \u00e0 travers les applications, les e-mails, les chats, les fichiers, le r\u00e9seau interne, en ligne, et bien plus encore pour garantir la conformit\u00e9.<\/p>\n<p><strong>Analyse psycholinguistique<\/strong><\/p>\n<p>D\u00e9terminez le sentiment de l&rsquo;auteur en identifiant les opinions exprim\u00e9es dans le texte des e-mails.<\/p>\n<p><strong>Alertes et rapports en temps r\u00e9el<\/strong><\/p>\n<p>Recevez des notifications en temps r\u00e9el et des rapports d\u00e8s qu&rsquo;une fraude potentielle ou un comportement ill\u00e9gal est d\u00e9tect\u00e9.<\/p>\n<p><strong>Captures d&rsquo;\u00e9cran<\/strong><\/p>\n<p>Choisissez parmi les types de captures d&rsquo;\u00e9cran en continu, d\u00e9clench\u00e9es par des mots-cl\u00e9s ou d\u00e9clench\u00e9es par l&rsquo;activit\u00e9.<\/p>\n<p><strong>Activit\u00e9 r\u00e9seau<\/strong><\/p>\n<p>Enregistrez automatiquement les connexions \u00e9tablies par les programmes, y compris les ports utilis\u00e9s et la bande passante utilis\u00e9e.<\/p>\n<p><strong>Suivi des fichiers et des documents<\/strong><\/p>\n<p>Suivez l&rsquo;activit\u00e9 d&rsquo;impression ainsi que les actions effectu\u00e9es sur les supports de stockage locaux, amovibles et en nuage. V\u00e9rifiez la cr\u00e9ation, la modification, la suppression et le renommage des fichiers.[\/vc_column_text][vc_empty_space height=\u00a0\u00bb40px\u00a0\u00bb][vc_custom_heading text=\u00a0\u00bbGestion du risque d&rsquo;initi\u00e9\u00a0\u00bb font_container=\u00a0\u00bbtag:h3|font_size:1.5rem|text_align:center|color:%2300b154&Prime; use_theme_fonts=\u00a0\u00bbyes\u00a0\u00bb][vc_empty_space height=\u00a0\u00bb20px\u00a0\u00bb][vc_custom_heading text=\u00a0\u00bbD\u00e9tection des risques d&rsquo;initi\u00e9s par l&rsquo;IA\u00a0\u00bb font_container=\u00a0\u00bbtag:h3|font_size:1.4rem|text_align:center|color:%23000000&Prime; use_theme_fonts=\u00a0\u00bbyes\u00a0\u00bb][vc_empty_space height=\u00a0\u00bb40px\u00a0\u00bb][vc_column_text]Veriato prot\u00e8ge votre organisation contre les menaces internes gr\u00e2ce \u00e0 l&rsquo;analyse pr\u00e9dictive du comportement et \u00e0 la surveillance de l&rsquo;activit\u00e9 des utilisateurs.<\/p>\n<p><strong>Suivi des applications<\/strong><\/p>\n<p>Capture toutes les utilisations d&rsquo;applications afin de fournir un v\u00e9ritable rapport sur les applications utilis\u00e9es, par qui et pendant combien de temps.<\/p>\n<p><strong>Analyse psycholinguistique<\/strong><\/p>\n<p>Identifie les opinions exprim\u00e9es dans le texte d&rsquo;un e-mail afin de d\u00e9terminer le sentiment de l&rsquo;auteur.<\/p>\n<p><strong>Captures d&rsquo;\u00e9cran<\/strong><\/p>\n<p>Choisissez entre trois types de captures d&rsquo;\u00e9cran : Continu, d\u00e9clench\u00e9 par mot-cl\u00e9 et d\u00e9clench\u00e9 par activit\u00e9.<\/p>\n<p><strong>Surveillance du courrier \u00e9lectronique<\/strong><\/p>\n<p>Capturez et analysez l&rsquo;activit\u00e9 de communication dans les clients de messagerie traditionnels ainsi que dans de nombreux services de messagerie web populaires.<\/p>\n<p><strong>Activit\u00e9 du r\u00e9seau<\/strong><\/p>\n<p>Capturez de mani\u00e8re autonome les connexions \u00e9tablies par les applications, y compris les ports utilis\u00e9s et la bande passante consomm\u00e9e.<\/p>\n<p><strong>Suivi des fichiers et des documents<\/strong><\/p>\n<p>Suivez les activit\u00e9s de stockage local, amovible et dans le nuage, ainsi que les op\u00e9rations d&rsquo;impression. Voyez quand les fichiers sont cr\u00e9\u00e9s, modifi\u00e9s, supprim\u00e9s ou renomm\u00e9s.[\/vc_column_text][vc_empty_space height=\u00a0\u00bb40px\u00a0\u00bb][vc_single_image image=\u00a0\u00bb4798&Prime; img_size=\u00a0\u00bbfull\u00a0\u00bb alignment=\u00a0\u00bbcenter\u00a0\u00bb][vc_empty_space height=\u00a0\u00bb40px\u00a0\u00bb][vc_custom_heading text=\u00a0\u00bbVeriato fonctionne partout\u00a0\u00bb font_container=\u00a0\u00bbtag:h3|font_size:1.4rem|text_align:center|color:%23000000&Prime; use_theme_fonts=\u00a0\u00bbyes\u00a0\u00bb][vc_empty_space height=\u00a0\u00bb20px\u00a0\u00bb][vc_column_text]<strong>Android<\/strong> Android 4 &#8211; 13<\/p>\n<hr \/>\n<p><strong>Windows Pc<\/strong> Windows 7 &#8211; 11<\/p>\n<hr \/>\n<p><strong>Mac<\/strong> MacOS 10.8 &#8211; 12<\/p>\n<hr \/>\n<p><strong>Chromebook<\/strong> *Tous les Chromebooks<\/p>\n<p><small>*Hp, Asus, Dell, Lenovo, Acer, Samsung &amp; Google<\/small>[\/vc_column_text][vc_empty_space height=\u00a0\u00bb40px\u00a0\u00bb][\/vc_column][\/vc_row][\/vc_section]<\/p>\n","protected":false},"excerpt":{"rendered":"<p>[vc_section bg_position=\u00a0\u00bbleft top\u00a0\u00bb css=\u00a0\u00bb.vc_custom_1669158974683{background: #0ab277 url(https:\/\/proyacorp.ca\/wp-content\/uploads\/2022\/11\/Veriato.jpg?id=3216) !important;background-position: center !important;background-repeat: no-repeat !important;background-size: cover !important;}\u00a0\u00bb el_class=\u00a0\u00bbmask\u00a0\u00bb][vc_row css=\u00a0\u00bb.vc_custom_1667173568184{padding-top: 120px !important;padding-bottom: 100px !important;}\u00a0\u00bb el_class=\u00a0\u00bbproya-header\u00a0\u00bb][vc_column width=\u00a0\u00bb2\/3&Prime;][vc_custom_heading text=\u00a0\u00bbnos solutions\u00a0\u00bb font_container=\u00a0\u00bbtag:div|font_size:3rem|text_align:left|color:%23ffffff\u00a0\u00bb use_theme_fonts=\u00a0\u00bbyes\u00a0\u00bb css_animation=\u00a0\u00bbfadeInUp\u00a0\u00bb css=\u00a0\u00bb.vc_custom_1689635664179{margin-left: 3px !important;}\u00a0\u00bb el_class=\u00a0\u00bbdelay-1 custom-hd\u00a0\u00bb][vc_empty_space height=\u00a0\u00bb20px\u00a0\u00bb][vc_custom_heading text=\u00a0\u00bbVeriato\u00a0\u00bb font_container=\u00a0\u00bbtag:h2|font_size:5rem|text_align:left|color:%23ffffff|line_height:1&Prime; use_theme_fonts=\u00a0\u00bbyes\u00a0\u00bb css_animation=\u00a0\u00bbfadeInUp\u00a0\u00bb el_class=\u00a0\u00bbcustom-hd delay-2&Prime;][vc_separator color=\u00a0\u00bbwhite\u00a0\u00bb align=\u00a0\u00bbalign_left\u00a0\u00bb border_width=\u00a0\u00bb5&Prime; el_width=\u00a0\u00bb10&Prime; css_animation=\u00a0\u00bbfadeInUp\u00a0\u00bb el_class=\u00a0\u00bbdelay-4&Prime; css=\u00a0\u00bb.vc_custom_1540432371541{margin-bottom: 50px !important;margin-left: 5px !important;padding-top: 15px !important;}\u00a0\u00bb][vc_column_text css_animation=\u00a0\u00bbfadeInUp\u00a0\u00bb css=\u00a0\u00bb.vc_custom_1689635675255{margin-left: 3px !important;}\u00a0\u00bb [&hellip;]<\/p>\n","protected":false},"author":1,"featured_media":0,"parent":0,"menu_order":0,"comment_status":"closed","ping_status":"closed","template":"tmpl\/template-fullwidth.php","meta":{"footnotes":""},"class_list":["post-4454","page","type-page","status-publish","hentry"],"acf":[],"aioseo_notices":[],"_links":{"self":[{"href":"https:\/\/proyacorp.ca\/fr\/wp-json\/wp\/v2\/pages\/4454","targetHints":{"allow":["GET"]}}],"collection":[{"href":"https:\/\/proyacorp.ca\/fr\/wp-json\/wp\/v2\/pages"}],"about":[{"href":"https:\/\/proyacorp.ca\/fr\/wp-json\/wp\/v2\/types\/page"}],"author":[{"embeddable":true,"href":"https:\/\/proyacorp.ca\/fr\/wp-json\/wp\/v2\/users\/1"}],"replies":[{"embeddable":true,"href":"https:\/\/proyacorp.ca\/fr\/wp-json\/wp\/v2\/comments?post=4454"}],"version-history":[{"count":5,"href":"https:\/\/proyacorp.ca\/fr\/wp-json\/wp\/v2\/pages\/4454\/revisions"}],"predecessor-version":[{"id":4802,"href":"https:\/\/proyacorp.ca\/fr\/wp-json\/wp\/v2\/pages\/4454\/revisions\/4802"}],"wp:attachment":[{"href":"https:\/\/proyacorp.ca\/fr\/wp-json\/wp\/v2\/media?parent=4454"}],"curies":[{"name":"wp","href":"https:\/\/api.w.org\/{rel}","templated":true}]}}