{"id":4457,"date":"2022-11-22T08:55:57","date_gmt":"2022-11-22T13:55:57","guid":{"rendered":"https:\/\/proyacorp.ca\/software-project-management\/"},"modified":"2023-07-23T18:05:49","modified_gmt":"2023-07-23T22:05:49","slug":"gestion-de-projet-logiciel","status":"publish","type":"page","link":"https:\/\/proyacorp.ca\/fr\/gestion-de-projet-logiciel\/","title":{"rendered":"Gestion de projet logiciel"},"content":{"rendered":"<p>[vc_section bg_position=\u00a0\u00bbcenter center\u00a0\u00bb css=\u00a0\u00bb.vc_custom_1669126569353{background: #8e0467 url(https:\/\/proyacorp.ca\/wp-content\/uploads\/2022\/05\/ArchiMate.jpg?id=2491) !important;background-position: center !important;background-repeat: no-repeat !important;background-size: cover !important;}\u00a0\u00bb el_class=\u00a0\u00bbmask\u00a0\u00bb][vc_row css=\u00a0\u00bb.vc_custom_1575622061060{padding-top: 120px !important;padding-bottom: 100px !important;}\u00a0\u00bb][vc_column width=\u00a0\u00bb5\/6&Prime;][vc_custom_heading text=\u00a0\u00bbnos solutions\u00a0\u00bb font_container=\u00a0\u00bbtag:div|font_size:3rem|text_align:left|color:%23ffffff\u00a0\u00bb use_theme_fonts=\u00a0\u00bbyes\u00a0\u00bb css_animation=\u00a0\u00bbfadeInUp\u00a0\u00bb css=\u00a0\u00bb.vc_custom_1689637844686{margin-left: 3px !important;}\u00a0\u00bb el_class=\u00a0\u00bbdelay-1 custom-hd\u00a0\u00bb][vc_empty_space height=\u00a0\u00bb20px\u00a0\u00bb][vc_custom_heading text=\u00a0\u00bbGestion de projet logiciel\u00a0\u00bb font_container=\u00a0\u00bbtag:h2|font_size:3.3rem|text_align:left|color:%23ffffff|line_height:1&Prime; use_theme_fonts=\u00a0\u00bbyes\u00a0\u00bb css_animation=\u00a0\u00bbfadeInUp\u00a0\u00bb el_class=\u00a0\u00bbcustom-hd delay-2&Prime;][vc_separator color=\u00a0\u00bbwhite\u00a0\u00bb align=\u00a0\u00bbalign_left\u00a0\u00bb border_width=\u00a0\u00bb5&Prime; el_width=\u00a0\u00bb10&Prime; css_animation=\u00a0\u00bbfadeInUp\u00a0\u00bb el_class=\u00a0\u00bbdelay-4&Prime; css=\u00a0\u00bb.vc_custom_1540432371541{margin-bottom: 50px !important;margin-left: 5px !important;padding-top: 15px !important;}\u00a0\u00bb][vc_column_text css_animation=\u00a0\u00bbfadeInUp\u00a0\u00bb css=\u00a0\u00bb.vc_custom_1689637854916{margin-left: 3px !important;}\u00a0\u00bb el_class=\u00a0\u00bbdelay-3&Prime;]<a class=\"button line\" href=\"https:\/\/proyacorp.ca\/fr\/contactez-nous\/\">Contactez-nous d\u00e8s aujourd&rsquo;hui.<\/a>[\/vc_column_text][\/vc_column][vc_column width=\u00a0\u00bb1\/6&Prime;][\/vc_column][\/vc_row][\/vc_section][vc_row][vc_column][vc_widget_sidebar sidebar_id=\u00a0\u00bbsidebar-637cd7d3b8576&Prime;][\/vc_column][\/vc_row][vc_section css_animation=\u00a0\u00bbnone\u00a0\u00bb css=\u00a0\u00bb.vc_custom_1652819138366{padding-bottom: 40px !important;}\u00a0\u00bb el_id=\u00a0\u00bbwhat\u00a0\u00bb][vc_row][vc_column][vc_empty_space height=\u00a0\u00bb80px\u00a0\u00bb][vc_custom_heading text=\u00a0\u00bbQu&rsquo;est-ce que la gestion de projet logiciel?\u00a0\u00bb font_container=\u00a0\u00bbtag:h3|text_align:center\u00a0\u00bb use_theme_fonts=\u00a0\u00bbyes\u00a0\u00bb][vc_empty_space height=\u00a0\u00bb80px\u00a0\u00bb][vc_column_text]Dans l&rsquo;Autorit\u00e9 des march\u00e9s publics ou les projets sp\u00e9ciaux, il est souvent demand\u00e9 d&rsquo;utiliser un format et une m\u00e9thodologie standard. La mise en \u0153uvre du cycle de vie de gestion de projet rev\u00eat une grande importance pour r\u00e9pondre aux crit\u00e8res d&rsquo;\u00e9ligibilit\u00e9 sp\u00e9cifi\u00e9s dans les sp\u00e9cifications techniques et pour se conformer aux normes de qualit\u00e9, dans le cadre de l&rsquo;acquisition du projet et de la r\u00e9ussite des projets.<\/p>\n<p>Bien que l&rsquo;approche de base de la gestion de projet soit similaire, le cycle de vie suivi dans les projets logiciels pr\u00e9sente des diff\u00e9rences. Cette formation vise \u00e0 informer les participants sur le cycle de vie de gestion de projet logiciel.[\/vc_column_text][vc_empty_space height=\u00a0\u00bb80px\u00a0\u00bb][\/vc_column][\/vc_row][\/vc_section][vc_section css_animation=\u00a0\u00bbnone\u00a0\u00bb css=\u00a0\u00bb.vc_custom_1669123823054{padding-bottom: 40px !important;}\u00a0\u00bb el_id=\u00a0\u00bbtraining\u00a0\u00bb el_class=\u00a0\u00bbgradient3&Prime;][vc_row][vc_column][vc_empty_space height=\u00a0\u00bb80px\u00a0\u00bb][vc_custom_heading text=\u00a0\u00bbContenu de la formation en gestion de projet logiciel\u00a0\u00bb font_container=\u00a0\u00bbtag:h3|text_align:center\u00a0\u00bb use_theme_fonts=\u00a0\u00bbyes\u00a0\u00bb][vc_empty_space height=\u00a0\u00bb40px\u00a0\u00bb][vc_tta_tabs style=\u00a0\u00bbflat\u00a0\u00bb active_section=\u00a0\u00bb1&Prime;][vc_tta_section title=\u00a0\u00bb1er jour\u00a0\u00bb tab_id=\u00a0\u00bb1652905336323-69f0f4e6-7a66&Prime;][vc_column_text]<\/p>\n<ul>\n<li>Application du mod\u00e8le CMMI en g\u00e9nie logiciel<\/li>\n<li>Lancement et planification du projet<\/li>\n<li>Estimation<\/li>\n<li>Budget du projet, planification des ressources<\/li>\n<li>Ex\u00e9cution et contr\u00f4le du projet<\/li>\n<li>Documentation de projet et gestion de la qualit\u00e9<\/li>\n<li>Gestion de la configuration<\/li>\n<li>Gestion de la mesure du projet<\/li>\n<\/ul>\n<p>[\/vc_column_text][\/vc_tta_section][vc_tta_section title=\u00a0\u00bb2\u00e8me jour\u00a0\u00bb tab_id=\u00a0\u00bb1652905336346-512970eb-2a07&Prime;][vc_column_text]<\/p>\n<ul>\n<li>Gestion de la qualit\u00e9 du projet<\/li>\n<li>Planification de la qualit\u00e9<\/li>\n<li>Assurer l&rsquo;assurance qualit\u00e9<\/li>\n<li>Effectuer un contr\u00f4le de qualit\u00e9<\/li>\n<li>Gestion des risques du projet<\/li>\n<li>Planification de la gestion des risques<\/li>\n<li>Identification des risques<\/li>\n<li>Analyse de risque<\/li>\n<li>Surveillance et ma\u00eetrise des risques<\/li>\n<li>Gestion des achats de projets<\/li>\n<li>Application<\/li>\n<li>Intrants, Outils et Techniques, Cl\u00f4ture<\/li>\n<\/ul>\n<p>[\/vc_column_text][\/vc_tta_section][\/vc_tta_tabs][vc_empty_space height=\u00a0\u00bb80px\u00a0\u00bb][\/vc_column][\/vc_row][\/vc_section][vc_section css_animation=\u00a0\u00bbnone\u00a0\u00bb css=\u00a0\u00bb.vc_custom_1652912129398{padding-bottom: 40px !important;}\u00a0\u00bb el_id=\u00a0\u00bbwho\u00a0\u00bb][vc_row][vc_column][vc_empty_space height=\u00a0\u00bb80px\u00a0\u00bb][vc_custom_heading text=\u00a0\u00bbQui devrait assister \u00e0 la formation en gestion de projet logiciel?\u00a0\u00bb font_container=\u00a0\u00bbtag:h3|text_align:center\u00a0\u00bb use_theme_fonts=\u00a0\u00bbyes\u00a0\u00bb][vc_empty_space height=\u00a0\u00bb80px\u00a0\u00bb][vc_column_text]La formation s&rsquo;adresse aux personnes qui souhaitent \u00eatre inform\u00e9es sur les normes et m\u00e9thodologies de gestion de projet et qui sont impliqu\u00e9es dans un projet. Il s&rsquo;adresse aux personnes travaillant dans des institutions et des organisations qui souhaitent se perfectionner dans le domaine de la gestion de projet, ainsi qu&rsquo;aux \u00e9tudiants universitaires int\u00e9ress\u00e9s par la gestion de projet.<\/p>\n<ul>\n<li>Chefs d&rsquo;\u00e9quipe de logiciels<\/li>\n<li>Chefs de projets logiciels\/candidats<\/li>\n<li>Chefs de bureau de gestion de projet<\/li>\n<\/ul>\n<p>[\/vc_column_text][vc_empty_space height=\u00a0\u00bb80px\u00a0\u00bb][\/vc_column][\/vc_row][\/vc_section][vc_section css_animation=\u00a0\u00bbnone\u00a0\u00bb css=\u00a0\u00bb.vc_custom_1669125669016{padding-bottom: 40px !important;}\u00a0\u00bb el_id=\u00a0\u00bbbenefits\u00a0\u00bb][vc_row][vc_column][vc_empty_space height=\u00a0\u00bb80px\u00a0\u00bb][vc_custom_heading text=\u00a0\u00bbAvantages de la formation en gestion de projet logiciel\u00a0\u00bb font_container=\u00a0\u00bbtag:h3|text_align:center\u00a0\u00bb use_theme_fonts=\u00a0\u00bbyes\u00a0\u00bb][vc_empty_space height=\u00a0\u00bb80px\u00a0\u00bb][vc_column_text]<\/p>\n<ul>\n<li>Attestation de participation PROYA<\/li>\n<li>Apprendre des m\u00e9thodes et des techniques qui vous aident \u00e0 r\u00e9aliser des projets r\u00e9ussis qui soutiennent les objectifs strat\u00e9giques de votre organisation<\/li>\n<li>D\u00e9montrer la nature des projets logiciels et leurs caract\u00e9ristiques distinctives des autres projets<\/li>\n<li>Indication des approches des projets logiciels<\/li>\n<li>Apprentissage des m\u00e9thodologies de d\u00e9veloppement de logiciels et de leurs fonctionnalit\u00e9s<\/li>\n<li>Assurer la s\u00e9lection du cycle de vie du projet conform\u00e9ment \u00e0 la structure du projet<\/li>\n<li>D\u00e9termination du style de gestion en fonction du cycle de vie de d\u00e9veloppement logiciel (SDLC) s\u00e9lectionn\u00e9<\/li>\n<li>Cr\u00e9er un plan de projet qui r\u00e9pond aux d\u00e9fis de la vie r\u00e9elle<\/li>\n<li>Une \u00e9quipe de projet efficace et une gestion des ressources \u00e0 chaque \u00e9tape du projet<\/li>\n<\/ul>\n<p>[\/vc_column_text][vc_empty_space height=\u00a0\u00bb80px\u00a0\u00bb][\/vc_column][\/vc_row][\/vc_section][vc_section css_animation=\u00a0\u00bbnone\u00a0\u00bb css=\u00a0\u00bb.vc_custom_1652819761850{padding-bottom: 40px !important;background-color: #231834 !important;}\u00a0\u00bb el_id=\u00a0\u00bbcalendar\u00a0\u00bb][vc_row][vc_column][vc_empty_space height=\u00a0\u00bb80px\u00a0\u00bb][vc_custom_heading text=\u00a0\u00bbCalendrier de formation\u00a0\u00bb font_container=\u00a0\u00bbtag:h3|text_align:center|color:%23ffffff\u00a0\u00bb use_theme_fonts=\u00a0\u00bbyes\u00a0\u00bb][vc_empty_space height=\u00a0\u00bb80px\u00a0\u00bb][vc_column_text]<span style=\"color: #ffffff;\">La formation est dispens\u00e9e en classe ouverte et en classe ferm\u00e9e. La dur\u00e9e de la formation varie en fonction du module, des d\u00e9tails, des besoins de conseil et de personnalisation.<\/span><\/p>\n<p><span style=\"color: #ffffff;\">Vous pouvez nous contacter pour demander cette formation dans votre propre \u00e9tablissement en classe ferm\u00e9e ou pour une pr\u00e9-inscription ou remplir le formulaire de demande.<\/span><\/p>\n<p><span style=\"color: #ffffff;\">Si vous le souhaitez, vous pouvez obtenir des informations d\u00e9taill\u00e9es en appelant <a class=\"proyacontact\" href=\"tel:+15484090383\">(548) 409 0383<\/a> ou en \u00e9crivant \u00e0 <a class=\"proyacontact\" href=\"mailto:info@proya.net\">info@proya.net<\/a>.<\/span>[\/vc_column_text][vc_empty_space height=\u00a0\u00bb80px\u00a0\u00bb][\/vc_column][\/vc_row][\/vc_section][vc_section css_animation=\u00a0\u00bbnone\u00a0\u00bb css=\u00a0\u00bb.vc_custom_1652822752526{padding-bottom: 40px !important;background-color: #f3f6f9 !important;}\u00a0\u00bb el_id=\u00a0\u00bbform\u00a0\u00bb][vc_row][vc_column][vc_empty_space height=\u00a0\u00bb80px\u00a0\u00bb][vc_custom_heading text=\u00a0\u00bbFormulaire de pr\u00e9-inscription \/ demande de formation en gestion de projet logiciel\u00a0\u00bb font_container=\u00a0\u00bbtag:h3|text_align:center\u00a0\u00bb use_theme_fonts=\u00a0\u00bbyes\u00a0\u00bb][vc_empty_space height=\u00a0\u00bb80px\u00a0\u00bb]\n<div class=\"wpcf7 no-js\" id=\"wpcf7-f4603-o1\" lang=\"en-CA\" dir=\"ltr\" data-wpcf7-id=\"4603\">\n<div class=\"screen-reader-response\"><p role=\"status\" aria-live=\"polite\" aria-atomic=\"true\"><\/p> <ul><\/ul><\/div>\n<form action=\"\/fr\/wp-json\/wp\/v2\/pages\/4457#wpcf7-f4603-o1\" method=\"post\" class=\"wpcf7-form init\" aria-label=\"Contact form\" novalidate=\"novalidate\" data-status=\"init\">\n<fieldset class=\"hidden-fields-container\"><input type=\"hidden\" name=\"_wpcf7\" value=\"4603\" \/><input type=\"hidden\" name=\"_wpcf7_version\" value=\"6.1.5\" \/><input type=\"hidden\" name=\"_wpcf7_locale\" value=\"en_CA\" \/><input type=\"hidden\" name=\"_wpcf7_unit_tag\" value=\"wpcf7-f4603-o1\" \/><input type=\"hidden\" name=\"_wpcf7_container_post\" value=\"0\" \/><input type=\"hidden\" name=\"_wpcf7_posted_data_hash\" value=\"\" \/><input type=\"hidden\" name=\"_wpcf7_recaptcha_response\" value=\"\" \/>\n<\/fieldset>\n<div class=\"contact style2\">\n\t<div class=\"row\">\n\t\t<div class=\"columns columns-12\">\n\t\t\t<p><label>Nom et pr\u00e9nom * <span class=\"wpcf7-form-control-wrap\" data-name=\"your-name\"><input size=\"40\" maxlength=\"400\" class=\"wpcf7-form-control wpcf7-text wpcf7-validates-as-required\" aria-required=\"true\" aria-invalid=\"false\" placeholder=\"Pr\u00e9nom \/ nom de famille\" value=\"\" type=\"text\" name=\"your-name\" \/><\/span><\/label>\n\t\t\t<\/p>\n\t\t<\/div>\n\t<\/div>\n\t<div class=\"row\">\n\t\t<div class=\"columns columns-12\">\n\t\t\t<p><label>Entreprise * <span class=\"wpcf7-form-control-wrap\" data-name=\"text-284\"><input size=\"40\" maxlength=\"400\" class=\"wpcf7-form-control wpcf7-text wpcf7-validates-as-required\" aria-required=\"true\" aria-invalid=\"false\" placeholder=\"Entreprise\" value=\"\" type=\"text\" name=\"text-284\" \/><\/span><\/label>\n\t\t\t<\/p>\n\t\t<\/div>\n\t<\/div>\n\t<div class=\"row\">\n\t\t<div class=\"columns columns-12\">\n\t\t\t<p><label>E-mail * <span class=\"wpcf7-form-control-wrap\" data-name=\"your-email\"><input size=\"40\" maxlength=\"400\" class=\"wpcf7-form-control wpcf7-email wpcf7-validates-as-required wpcf7-text wpcf7-validates-as-email\" aria-required=\"true\" aria-invalid=\"false\" placeholder=\"E-mail\" value=\"\" type=\"email\" name=\"your-email\" \/><\/span><\/label>\n\t\t\t<\/p>\n\t\t<\/div>\n\t<\/div>\n\t<div class=\"row\">\n\t\t<div class=\"columns columns-12\">\n\t\t\t<p><label>Num\u00e9ro de t\u00e9l\u00e9phone <span class=\"wpcf7-form-control-wrap\" data-name=\"tel-973\"><input size=\"40\" maxlength=\"400\" class=\"wpcf7-form-control wpcf7-tel wpcf7-text wpcf7-validates-as-tel\" aria-invalid=\"false\" placeholder=\"Num\u00e9ro de t\u00e9l\u00e9phone\" value=\"\" type=\"tel\" name=\"tel-973\" \/><\/span><\/label>\n\t\t\t<\/p>\n\t\t<\/div>\n\t<\/div>\n\t<div class=\"row\">\n\t\t<div class=\"columns columns-12\">\n\t\t\t<p><label>Votre message <span class=\"wpcf7-form-control-wrap\" data-name=\"your-message\"><textarea cols=\"40\" rows=\"10\" maxlength=\"2000\" class=\"wpcf7-form-control wpcf7-textarea\" aria-invalid=\"false\" placeholder=\"Votre message\" name=\"your-message\"><\/textarea><\/span><\/label>\n\t\t\t<\/p>\n\t\t<\/div>\n\t<\/div>\n\t<div class=\"row\">\n\t\t<div class=\"columns columns-12\">\n\t\t\t<p><input class=\"wpcf7-form-control wpcf7-submit has-spinner primary\" type=\"submit\" value=\"Soumettre\" \/>\n\t\t\t<\/p>\n\t\t<\/div>\n\t<\/div>\n<\/div><p style=\"display: none !important;\" class=\"akismet-fields-container\" data-prefix=\"_wpcf7_ak_\"><label>&#916;<textarea name=\"_wpcf7_ak_hp_textarea\" cols=\"45\" rows=\"8\" maxlength=\"100\"><\/textarea><\/label><input type=\"hidden\" id=\"ak_js_1\" name=\"_wpcf7_ak_js\" value=\"130\"\/><script>document.getElementById( \"ak_js_1\" ).setAttribute( \"value\", ( new Date() ).getTime() );<\/script><\/p><div class=\"wpcf7-response-output\" aria-hidden=\"true\"><\/div>\n<\/form>\n<\/div>\n[vc_empty_space height=\u00a0\u00bb80px\u00a0\u00bb][\/vc_column][\/vc_row][\/vc_section]<\/p>\n","protected":false},"excerpt":{"rendered":"<p>[vc_section bg_position=\u00a0\u00bbcenter center\u00a0\u00bb css=\u00a0\u00bb.vc_custom_1669126569353{background: #8e0467 url(https:\/\/proyacorp.ca\/wp-content\/uploads\/2022\/05\/ArchiMate.jpg?id=2491) !important;background-position: center !important;background-repeat: no-repeat !important;background-size: cover !important;}\u00a0\u00bb el_class=\u00a0\u00bbmask\u00a0\u00bb][vc_row css=\u00a0\u00bb.vc_custom_1575622061060{padding-top: 120px !important;padding-bottom: 100px !important;}\u00a0\u00bb][vc_column width=\u00a0\u00bb5\/6&Prime;][vc_custom_heading text=\u00a0\u00bbnos solutions\u00a0\u00bb font_container=\u00a0\u00bbtag:div|font_size:3rem|text_align:left|color:%23ffffff\u00a0\u00bb use_theme_fonts=\u00a0\u00bbyes\u00a0\u00bb css_animation=\u00a0\u00bbfadeInUp\u00a0\u00bb css=\u00a0\u00bb.vc_custom_1689637844686{margin-left: 3px !important;}\u00a0\u00bb el_class=\u00a0\u00bbdelay-1 custom-hd\u00a0\u00bb][vc_empty_space height=\u00a0\u00bb20px\u00a0\u00bb][vc_custom_heading text=\u00a0\u00bbGestion de projet logiciel\u00a0\u00bb font_container=\u00a0\u00bbtag:h2|font_size:3.3rem|text_align:left|color:%23ffffff|line_height:1&Prime; use_theme_fonts=\u00a0\u00bbyes\u00a0\u00bb css_animation=\u00a0\u00bbfadeInUp\u00a0\u00bb el_class=\u00a0\u00bbcustom-hd delay-2&Prime;][vc_separator color=\u00a0\u00bbwhite\u00a0\u00bb align=\u00a0\u00bbalign_left\u00a0\u00bb border_width=\u00a0\u00bb5&Prime; el_width=\u00a0\u00bb10&Prime; css_animation=\u00a0\u00bbfadeInUp\u00a0\u00bb el_class=\u00a0\u00bbdelay-4&Prime; css=\u00a0\u00bb.vc_custom_1540432371541{margin-bottom: 50px !important;margin-left: 5px !important;padding-top: 15px !important;}\u00a0\u00bb][vc_column_text css_animation=\u00a0\u00bbfadeInUp\u00a0\u00bb css=\u00a0\u00bb.vc_custom_1689637854916{margin-left: [&hellip;]<\/p>\n","protected":false},"author":1,"featured_media":0,"parent":0,"menu_order":0,"comment_status":"closed","ping_status":"closed","template":"tmpl\/template-fullwidth.php","meta":{"footnotes":""},"class_list":["post-4457","page","type-page","status-publish","hentry"],"acf":[],"aioseo_notices":[],"_links":{"self":[{"href":"https:\/\/proyacorp.ca\/fr\/wp-json\/wp\/v2\/pages\/4457","targetHints":{"allow":["GET"]}}],"collection":[{"href":"https:\/\/proyacorp.ca\/fr\/wp-json\/wp\/v2\/pages"}],"about":[{"href":"https:\/\/proyacorp.ca\/fr\/wp-json\/wp\/v2\/types\/page"}],"author":[{"embeddable":true,"href":"https:\/\/proyacorp.ca\/fr\/wp-json\/wp\/v2\/users\/1"}],"replies":[{"embeddable":true,"href":"https:\/\/proyacorp.ca\/fr\/wp-json\/wp\/v2\/comments?post=4457"}],"version-history":[{"count":3,"href":"https:\/\/proyacorp.ca\/fr\/wp-json\/wp\/v2\/pages\/4457\/revisions"}],"predecessor-version":[{"id":4604,"href":"https:\/\/proyacorp.ca\/fr\/wp-json\/wp\/v2\/pages\/4457\/revisions\/4604"}],"wp:attachment":[{"href":"https:\/\/proyacorp.ca\/fr\/wp-json\/wp\/v2\/media?parent=4457"}],"curies":[{"name":"wp","href":"https:\/\/api.w.org\/{rel}","templated":true}]}}