{"id":4466,"date":"2023-05-15T18:52:14","date_gmt":"2023-05-15T22:52:14","guid":{"rendered":"https:\/\/proyacorp.ca\/robusta-rpa\/"},"modified":"2023-07-17T21:10:26","modified_gmt":"2023-07-18T01:10:26","slug":"robusta-rpa","status":"publish","type":"page","link":"https:\/\/proyacorp.ca\/fr\/robusta-rpa\/","title":{"rendered":"Robusta RPA"},"content":{"rendered":"<p>[vc_section bg_position=\u00a0\u00bbleft top\u00a0\u00bb css=\u00a0\u00bb.vc_custom_1681167632461{background: #911a1d url(https:\/\/proyacorp.ca\/wp-content\/uploads\/2022\/05\/ArchiMate.jpg?id=2491) !important;background-position: center !important;background-repeat: no-repeat !important;background-size: cover !important;}\u00a0\u00bb el_class=\u00a0\u00bbmask\u00a0\u00bb][vc_row css=\u00a0\u00bb.vc_custom_1667173502773{padding-top: 120px !important;padding-bottom: 100px !important;}\u00a0\u00bb el_class=\u00a0\u00bbproya-header\u00a0\u00bb][vc_column width=\u00a0\u00bb5\/6&Prime;][vc_custom_heading text=\u00a0\u00bbnos solutions\u00a0\u00bb font_container=\u00a0\u00bbtag:div|font_size:3rem|text_align:left|color:%23ffffff\u00a0\u00bb use_theme_fonts=\u00a0\u00bbyes\u00a0\u00bb css_animation=\u00a0\u00bbfadeInUp\u00a0\u00bb css=\u00a0\u00bb.vc_custom_1689642306987{margin-left: 3px !important;}\u00a0\u00bb el_class=\u00a0\u00bbdelay-1 custom-hd\u00a0\u00bb][vc_empty_space height=\u00a0\u00bb20px\u00a0\u00bb][vc_custom_heading text=\u00a0\u00bbRobusta RPA\u00a0\u00bb font_container=\u00a0\u00bbtag:h2|font_size:3.3rem|text_align:left|color:%23ffffff|line_height:1&Prime; use_theme_fonts=\u00a0\u00bbyes\u00a0\u00bb css_animation=\u00a0\u00bbfadeInUp\u00a0\u00bb el_class=\u00a0\u00bbcustom-hd delay-2&Prime;][vc_separator color=\u00a0\u00bbwhite\u00a0\u00bb align=\u00a0\u00bbalign_left\u00a0\u00bb border_width=\u00a0\u00bb5&Prime; el_width=\u00a0\u00bb10&Prime; css_animation=\u00a0\u00bbfadeInUp\u00a0\u00bb el_class=\u00a0\u00bbdelay-4&Prime; css=\u00a0\u00bb.vc_custom_1540432371541{margin-bottom: 50px !important;margin-left: 5px !important;padding-top: 15px !important;}\u00a0\u00bb][vc_column_text css_animation=\u00a0\u00bbfadeInUp\u00a0\u00bb css=\u00a0\u00bb.vc_custom_1689642319233{margin-left: 3px !important;}\u00a0\u00bb el_class=\u00a0\u00bbdelay-3&Prime;]<a class=\"button line\" href=\"https:\/\/proyacorp.ca\/fr\/contactez-nous\/\">Contactez-nous d\u00e8s aujourd&rsquo;hui.<\/a>[\/vc_column_text][\/vc_column][vc_column width=\u00a0\u00bb1\/6&Prime;][\/vc_column][\/vc_row][\/vc_section][vc_section css_animation=\u00a0\u00bbnone\u00a0\u00bb css=\u00a0\u00bb.vc_custom_1651960199883{padding-bottom: 40px !important;}\u00a0\u00bb][vc_row][vc_column][vc_empty_space height=\u00a0\u00bb80px\u00a0\u00bb][vc_custom_heading text=\u00a0\u00bbRobusta RPA\u00a0\u00bb font_container=\u00a0\u00bbtag:h3|text_align:center\u00a0\u00bb use_theme_fonts=\u00a0\u00bbyes\u00a0\u00bb][vc_empty_space height=\u00a0\u00bb20px\u00a0\u00bb][vc_column_text]<\/p>\n<h4><span style=\"color: #3366ff;\">Automatisez votre entreprise avec Robusta pour augmenter la productivit\u00e9 et l&rsquo;efficacit\u00e9 op\u00e9rationnelle, r\u00e9duire les co\u00fbts, \u00e9liminer les erreurs et am\u00e9liorer la satisfaction des employ\u00e9s et des clients<\/span><\/h4>\n<p>[\/vc_column_text][vc_empty_space height=\u00a0\u00bb20px\u00a0\u00bb][vc_column_text]Robusta RPA est un fournisseur d&rsquo;automatisation des processus robotiques, fournissant une plate-forme logicielle compl\u00e8te pour aider les organisations \u00e0 automatiser efficacement les processus m\u00e9tier. Robusta RPA permet l&rsquo;hyper-automatisation dans les organisations de toutes tailles gr\u00e2ce \u00e0 sa <strong>plate-forme RPA simple \u00e0 utiliser, native BPM et sans code<\/strong>.<\/p>\n<p>Le robot peut \u00eatre d\u00e9clench\u00e9 manuellement ou automatiquement, d\u00e9placer ou remplir des donn\u00e9es entre des emplacements prescrits, documenter des pistes d&rsquo;audit, effectuer des calculs, effectuer des actions et d\u00e9clencher des activit\u00e9s en aval. Cette main-d&rsquo;\u0153uvre num\u00e9rique robotis\u00e9e g\u00e8re le travail manuel et r\u00e9p\u00e9titif \u00e0 une vitesse beaucoup plus rapide, ne fait aucune erreur, augmente le travail de vos employ\u00e9s et aide vos employ\u00e9s \u00e0 se concentrer sur des t\u00e2ches \u00e0 plus grande valeur telles que le service client, la gestion des exceptions et l&rsquo;analyse des performances commerciales.<\/p>\n<p>\u00c0 l&rsquo;aide d&rsquo;une interface Web de nouvelle g\u00e9n\u00e9ration, Robusta RPA vous permet de cr\u00e9er, d\u00e9ployer et g\u00e9rer rapidement des robots automatis\u00e9s qui interagissent entre les syst\u00e8mes internes de l&rsquo;entreprise, les sites Web, les portails Web, les applications de bureau et d&rsquo;autres sources de donn\u00e9es, sans n\u00e9cessiter d&rsquo;API, de script ou de codage.<\/p>\n<p>Robusta RPA combine l&rsquo;automatisation des processus robotiques et la gestion des processus m\u00e9tier pour permettre aux organisations d&rsquo;automatiser et de transformer num\u00e9riquement les processus humains et d&rsquo;information.<\/p>\n<p>Avec Robusta RPA, les entreprises de toutes tailles, les fournisseurs de BPO et les organisations de services partag\u00e9s peuvent obtenir des avantages exceptionnels en termes de qualit\u00e9 op\u00e9rationnelle, de rapidit\u00e9 et de co\u00fbt. Le retour sur investissement rapide de Robusta RPA est aliment\u00e9 par une technologie d&rsquo;automatisation robotis\u00e9e qui peut \u00eatre rapidement mise en \u0153uvre et qui est compl\u00e9mentaire \u00e0 vos principaux syst\u00e8mes d&rsquo;entreprise.<\/p>\n<h3>COMMENT FONCTIONNE ROBUSTA RPA<\/h3>\n<p>Robusta RPA est compos\u00e9 de trois composants cl\u00e9s[\/vc_column_text][vc_column_text]<strong>Robusta Design Studio\u00a0:<\/strong> Robusta RPA Design Studio est un environnement visuel de glisser-d\u00e9poser dans lequel les analystes commerciaux et les d\u00e9veloppeurs peuvent visuellement cr\u00e9er, tester et d\u00e9boguer des robots sans \u00e9crire de code.<\/p>\n<p><strong>Robusta Orchestrator<\/strong>\u00a0: pour atteindre le plein potentiel de la RPA avec des robots d\u00e9ploy\u00e9s dans de nombreux secteurs de l&rsquo;organisation, un contr\u00f4le centralis\u00e9 de leur d\u00e9ploiement et de leur gestion est n\u00e9cessaire. Le Robusta Orchestrator r\u00e9git le d\u00e9ploiement, la gestion et la surveillance des op\u00e9rations RPA.<\/p>\n<p><strong>Robusta Robots\u00a0:<\/strong> les robots Robusta RPA interagissent avec pratiquement n&rsquo;importe quelle application d&rsquo;entreprise h\u00e9rit\u00e9e ou syst\u00e8mes d&rsquo;entreprise modernes, site Web, portail, base de donn\u00e9es et contenu (par exemple, PDF, Excel, XML, fichiers &#8230;) Les donn\u00e9es sont extraites, trait\u00e9es et transmises entre les applications, les sites Web, les portails, les syst\u00e8mes de messagerie et les bases de donn\u00e9es, tandis que les r\u00e8gles m\u00e9tier et la logique sont appliqu\u00e9es tout au long du flux de travail.<\/p>\n<p>Gr\u00e2ce \u00e0 l&rsquo;application OCR int\u00e9gr\u00e9e et gratuite fournie avec Robusta, vous n&rsquo;avez pas \u00e0 endurer des difficult\u00e9s invisibles pour vos fonctionnalit\u00e9s OCR.<\/p>\n<p>De nombreuses fonctionnalit\u00e9s telles que la structure du texte, la cat\u00e9gorisation, les principes, le traitement d&rsquo;image, l&rsquo;intelligence, qui sont diff\u00e9rentes cellules d&rsquo;intelligence artificielle, sont \u00e9galement int\u00e9gr\u00e9es dans Robusta RPA.<\/p>\n<h3>POURQUOI CHOISIR ROBUSTA RPA<\/h3>\n<ul>\n<li>Plate-forme native BPM pour les processus complexes<\/li>\n<li>Conception sans code pour un effort de conception de processus minimal<\/li>\n<li>Architecture ultra-efficace pour une maintenance simple<\/li>\n<li>Capacit\u00e9s cognitives (IA) int\u00e9gr\u00e9es pour un co\u00fbt total de possession r\u00e9duit<\/li>\n<\/ul>\n<p>[\/vc_column_text][vc_empty_space height=\u00a0\u00bb40px\u00a0\u00bb][vc_custom_heading text=\u00a0\u00bbRegardez la vid\u00e9o pour d\u00e9couvrir Robusta RPA\u00a0\u00bb font_container=\u00a0\u00bbtag:h4|text_align:left\u00a0\u00bb use_theme_fonts=\u00a0\u00bbyes\u00a0\u00bb][vc_empty_space height=\u00a0\u00bb20px\u00a0\u00bb][vc_video link=\u00a0\u00bbhttps:\/\/www.youtube.com\/watch?v=AFsQ5Lwm4mE\u00a0\u00bb align=\u00a0\u00bbcenter\u00a0\u00bb][vc_empty_space height=\u00a0\u00bb60px\u00a0\u00bb][vc_custom_heading text=\u00a0\u00bbRegardez la vid\u00e9o pour voir comment Robusta RPA peut lire des documents en utilisant la technologie OCR\u00a0\u00bb font_container=\u00a0\u00bbtag:h4|text_align:left\u00a0\u00bb use_theme_fonts=\u00a0\u00bbyes\u00a0\u00bb][vc_empty_space height=\u00a0\u00bb20px\u00a0\u00bb][vc_video link=\u00a0\u00bbhttps:\/\/www.youtube.com\/watch?v=vw8CmS200eI\u00a0\u00bb align=\u00a0\u00bbcenter\u00a0\u00bb][\/vc_column][\/vc_row][\/vc_section]<\/p>\n","protected":false},"excerpt":{"rendered":"<p>[vc_section bg_position=\u00a0\u00bbleft top\u00a0\u00bb css=\u00a0\u00bb.vc_custom_1681167632461{background: #911a1d url(https:\/\/proyacorp.ca\/wp-content\/uploads\/2022\/05\/ArchiMate.jpg?id=2491) !important;background-position: center !important;background-repeat: no-repeat !important;background-size: cover !important;}\u00a0\u00bb el_class=\u00a0\u00bbmask\u00a0\u00bb][vc_row css=\u00a0\u00bb.vc_custom_1667173502773{padding-top: 120px !important;padding-bottom: 100px !important;}\u00a0\u00bb el_class=\u00a0\u00bbproya-header\u00a0\u00bb][vc_column width=\u00a0\u00bb5\/6&Prime;][vc_custom_heading text=\u00a0\u00bbnos solutions\u00a0\u00bb font_container=\u00a0\u00bbtag:div|font_size:3rem|text_align:left|color:%23ffffff\u00a0\u00bb use_theme_fonts=\u00a0\u00bbyes\u00a0\u00bb css_animation=\u00a0\u00bbfadeInUp\u00a0\u00bb css=\u00a0\u00bb.vc_custom_1689642306987{margin-left: 3px !important;}\u00a0\u00bb el_class=\u00a0\u00bbdelay-1 custom-hd\u00a0\u00bb][vc_empty_space height=\u00a0\u00bb20px\u00a0\u00bb][vc_custom_heading text=\u00a0\u00bbRobusta RPA\u00a0\u00bb font_container=\u00a0\u00bbtag:h2|font_size:3.3rem|text_align:left|color:%23ffffff|line_height:1&Prime; use_theme_fonts=\u00a0\u00bbyes\u00a0\u00bb css_animation=\u00a0\u00bbfadeInUp\u00a0\u00bb el_class=\u00a0\u00bbcustom-hd delay-2&Prime;][vc_separator color=\u00a0\u00bbwhite\u00a0\u00bb align=\u00a0\u00bbalign_left\u00a0\u00bb border_width=\u00a0\u00bb5&Prime; el_width=\u00a0\u00bb10&Prime; css_animation=\u00a0\u00bbfadeInUp\u00a0\u00bb el_class=\u00a0\u00bbdelay-4&Prime; css=\u00a0\u00bb.vc_custom_1540432371541{margin-bottom: 50px !important;margin-left: 5px !important;padding-top: 15px !important;}\u00a0\u00bb][vc_column_text css_animation=\u00a0\u00bbfadeInUp\u00a0\u00bb css=\u00a0\u00bb.vc_custom_1689642319233{margin-left: 3px [&hellip;]<\/p>\n","protected":false},"author":1,"featured_media":0,"parent":0,"menu_order":0,"comment_status":"closed","ping_status":"closed","template":"tmpl\/template-fullwidth.php","meta":{"footnotes":""},"class_list":["post-4466","page","type-page","status-publish","hentry"],"acf":[],"aioseo_notices":[],"_links":{"self":[{"href":"https:\/\/proyacorp.ca\/fr\/wp-json\/wp\/v2\/pages\/4466","targetHints":{"allow":["GET"]}}],"collection":[{"href":"https:\/\/proyacorp.ca\/fr\/wp-json\/wp\/v2\/pages"}],"about":[{"href":"https:\/\/proyacorp.ca\/fr\/wp-json\/wp\/v2\/types\/page"}],"author":[{"embeddable":true,"href":"https:\/\/proyacorp.ca\/fr\/wp-json\/wp\/v2\/users\/1"}],"replies":[{"embeddable":true,"href":"https:\/\/proyacorp.ca\/fr\/wp-json\/wp\/v2\/comments?post=4466"}],"version-history":[{"count":2,"href":"https:\/\/proyacorp.ca\/fr\/wp-json\/wp\/v2\/pages\/4466\/revisions"}],"predecessor-version":[{"id":4468,"href":"https:\/\/proyacorp.ca\/fr\/wp-json\/wp\/v2\/pages\/4466\/revisions\/4468"}],"wp:attachment":[{"href":"https:\/\/proyacorp.ca\/fr\/wp-json\/wp\/v2\/media?parent=4466"}],"curies":[{"name":"wp","href":"https:\/\/api.w.org\/{rel}","templated":true}]}}