{"id":4469,"date":"2022-05-07T21:10:53","date_gmt":"2022-05-08T01:10:53","guid":{"rendered":"https:\/\/proyacorp.ca\/requirements-management\/"},"modified":"2025-10-24T06:26:11","modified_gmt":"2025-10-24T10:26:11","slug":"gestion-des-exigences","status":"publish","type":"page","link":"https:\/\/proyacorp.ca\/fr\/gestion-des-exigences\/","title":{"rendered":"Gestion des exigences"},"content":{"rendered":"<p>[vc_section bg_position=\u00a0\u00bbleft top\u00a0\u00bb css=\u00a0\u00bb.vc_custom_1651973012327{background: #28aecc url(https:\/\/proyacorp.ca\/wp-content\/uploads\/2022\/05\/Requirements-Management-1.jpg?id=1891) !important;background-position: center !important;background-repeat: no-repeat !important;background-size: cover !important;}\u00a0\u00bb el_class=\u00a0\u00bbmask\u00a0\u00bb][vc_row css=\u00a0\u00bb.vc_custom_1667173605276{padding-top: 120px !important;padding-bottom: 100px !important;}\u00a0\u00bb el_class=\u00a0\u00bbproya-header\u00a0\u00bb][vc_column width=\u00a0\u00bb2\/3&Prime;][vc_custom_heading text=\u00a0\u00bbnos solutions\u00a0\u00bb font_container=\u00a0\u00bbtag:div|font_size:3rem|text_align:left|color:%23ffffff\u00a0\u00bb use_theme_fonts=\u00a0\u00bbyes\u00a0\u00bb css_animation=\u00a0\u00bbfadeInUp\u00a0\u00bb css=\u00a0\u00bb.vc_custom_1689642773574{margin-left: 3px !important;}\u00a0\u00bb el_class=\u00a0\u00bbdelay-1 custom-hd\u00a0\u00bb][vc_empty_space height=\u00a0\u00bb20px\u00a0\u00bb][vc_custom_heading text=\u00a0\u00bbGestion des exigences\u00a0\u00bb font_container=\u00a0\u00bbtag:h2|font_size:4rem|text_align:left|color:%23ffffff|line_height:1&Prime; use_theme_fonts=\u00a0\u00bbyes\u00a0\u00bb css_animation=\u00a0\u00bbfadeInUp\u00a0\u00bb el_class=\u00a0\u00bbcustom-hd delay-2&Prime;][vc_separator color=\u00a0\u00bbwhite\u00a0\u00bb align=\u00a0\u00bbalign_left\u00a0\u00bb border_width=\u00a0\u00bb5&Prime; el_width=\u00a0\u00bb10&Prime; css_animation=\u00a0\u00bbfadeInUp\u00a0\u00bb el_class=\u00a0\u00bbdelay-4&Prime; css=\u00a0\u00bb.vc_custom_1540432371541{margin-bottom: 50px !important;margin-left: 5px !important;padding-top: 15px !important;}\u00a0\u00bb][vc_column_text css_animation=\u00a0\u00bbfadeInUp\u00a0\u00bb css=\u00a0\u00bb.vc_custom_1689642782579{margin-left: 3px !important;}\u00a0\u00bb el_class=\u00a0\u00bbdelay-3&Prime;]<a class=\"button line\" href=\"https:\/\/proyacorp.ca\/fr\/contactez-nous\/\">Contactez-nous d\u00e8s aujourd&rsquo;hui.<\/a>[\/vc_column_text][\/vc_column][vc_column width=\u00a0\u00bb1\/3&Prime;][\/vc_column][\/vc_row][\/vc_section][vc_section css_animation=\u00a0\u00bbnone\u00a0\u00bb css=\u00a0\u00bb.vc_custom_1651960199883{padding-bottom: 40px !important;}\u00a0\u00bb][vc_row][vc_column][vc_empty_space height=\u00a0\u00bb80px\u00a0\u00bb][vc_custom_heading text=\u00a0\u00bbGestion des exigences\u00a0\u00bb font_container=\u00a0\u00bbtag:h3|text_align:center\u00a0\u00bb use_theme_fonts=\u00a0\u00bbyes\u00a0\u00bb][vc_empty_space height=\u00a0\u00bb40px\u00a0\u00bb][vc_column_text]La formation sur la \u00ab\u00a0M\u00e9thodologie des exigences\u00a0\u00bb pr\u00e9sente une approche ind\u00e9pendante des outils pour les processus de d\u00e9veloppement de syst\u00e8mes. L&rsquo;objectif de ce cours, qui adopte un format interactif, est d&rsquo;encourager les participants \u00e0 examiner les m\u00e9thodes qu&rsquo;ils ont d\u00e9j\u00e0 appliqu\u00e9es et \u00e0 leur apporter des approches plus efficaces. Les participants peuvent \u00e9galement b\u00e9n\u00e9ficier des exp\u00e9riences d&rsquo;autres entreprises participantes.[\/vc_column_text][vc_empty_space height=\u00a0\u00bb40px\u00a0\u00bb][vc_single_image image=\u00a0\u00bb5453&Prime; img_size=\u00a0\u00bbfull\u00a0\u00bb alignment=\u00a0\u00bbcenter\u00a0\u00bb][vc_empty_space height=\u00a0\u00bb40px\u00a0\u00bb][vc_column_text]Dans la formation, les r\u00f4les des analyses des exigences dans l&rsquo;ensemble du cycle de vie du syst\u00e8me et des techniques telles que la s\u00e9paration des exigences des donn\u00e9es qui ne sont pas consid\u00e9r\u00e9es comme des exigences et leur association avec d&rsquo;autres donn\u00e9es du projet sont pr\u00e9sent\u00e9s. Une distinction est faite entre les exigences des utilisateurs et les exigences du syst\u00e8me, ainsi que les exigences fonctionnelles et les exigences non fonctionnelles. Dans la formation, il est tenu compte de l&rsquo;importance des exigences dans l&rsquo;ensemble du processus de d\u00e9veloppement, tant du point de vue des clients que des fournisseurs. Dans la formation sur la m\u00e9thodologie des exigences, il est pr\u00e9vu que les participants apprennent les uns des autres et des formateurs. Cette formation est dispens\u00e9e uniquement par des formateurs ayant de nombreuses ann\u00e9es d&rsquo;exp\u00e9rience en g\u00e9nie des syst\u00e8mes et des logiciels, et en plus des connaissances purement th\u00e9oriques, elle propose \u00e9galement des m\u00e9thodes exp\u00e9riment\u00e9es et fiables qui permettent d&rsquo;appliquer ces connaissances th\u00e9oriques \u00e0 la vie pratique. La formation, qui peut \u00eatre pr\u00e9par\u00e9e en fonction de vos besoins en termes de temps et de contenu, est g\u00e9n\u00e9ralement propos\u00e9e sur une dur\u00e9e de 1 \u00e0 2 jours.[\/vc_column_text][\/vc_column][\/vc_row][\/vc_section]<\/p>\n","protected":false},"excerpt":{"rendered":"<p>[vc_section bg_position=\u00a0\u00bbleft top\u00a0\u00bb css=\u00a0\u00bb.vc_custom_1651973012327{background: #28aecc url(https:\/\/proyacorp.ca\/wp-content\/uploads\/2022\/05\/Requirements-Management-1.jpg?id=1891) !important;background-position: center !important;background-repeat: no-repeat !important;background-size: cover !important;}\u00a0\u00bb el_class=\u00a0\u00bbmask\u00a0\u00bb][vc_row css=\u00a0\u00bb.vc_custom_1667173605276{padding-top: 120px !important;padding-bottom: 100px !important;}\u00a0\u00bb el_class=\u00a0\u00bbproya-header\u00a0\u00bb][vc_column width=\u00a0\u00bb2\/3&Prime;][vc_custom_heading text=\u00a0\u00bbnos solutions\u00a0\u00bb font_container=\u00a0\u00bbtag:div|font_size:3rem|text_align:left|color:%23ffffff\u00a0\u00bb use_theme_fonts=\u00a0\u00bbyes\u00a0\u00bb css_animation=\u00a0\u00bbfadeInUp\u00a0\u00bb css=\u00a0\u00bb.vc_custom_1689642773574{margin-left: 3px !important;}\u00a0\u00bb el_class=\u00a0\u00bbdelay-1 custom-hd\u00a0\u00bb][vc_empty_space height=\u00a0\u00bb20px\u00a0\u00bb][vc_custom_heading text=\u00a0\u00bbGestion des exigences\u00a0\u00bb font_container=\u00a0\u00bbtag:h2|font_size:4rem|text_align:left|color:%23ffffff|line_height:1&Prime; use_theme_fonts=\u00a0\u00bbyes\u00a0\u00bb css_animation=\u00a0\u00bbfadeInUp\u00a0\u00bb el_class=\u00a0\u00bbcustom-hd delay-2&Prime;][vc_separator color=\u00a0\u00bbwhite\u00a0\u00bb align=\u00a0\u00bbalign_left\u00a0\u00bb border_width=\u00a0\u00bb5&Prime; el_width=\u00a0\u00bb10&Prime; css_animation=\u00a0\u00bbfadeInUp\u00a0\u00bb el_class=\u00a0\u00bbdelay-4&Prime; css=\u00a0\u00bb.vc_custom_1540432371541{margin-bottom: 50px !important;margin-left: 5px !important;padding-top: 15px !important;}\u00a0\u00bb][vc_column_text css_animation=\u00a0\u00bbfadeInUp\u00a0\u00bb css=\u00a0\u00bb.vc_custom_1689642782579{margin-left: [&hellip;]<\/p>\n","protected":false},"author":1,"featured_media":0,"parent":0,"menu_order":0,"comment_status":"closed","ping_status":"closed","template":"tmpl\/template-fullwidth.php","meta":{"footnotes":""},"class_list":["post-4469","page","type-page","status-publish","hentry"],"acf":[],"aioseo_notices":[],"_links":{"self":[{"href":"https:\/\/proyacorp.ca\/fr\/wp-json\/wp\/v2\/pages\/4469","targetHints":{"allow":["GET"]}}],"collection":[{"href":"https:\/\/proyacorp.ca\/fr\/wp-json\/wp\/v2\/pages"}],"about":[{"href":"https:\/\/proyacorp.ca\/fr\/wp-json\/wp\/v2\/types\/page"}],"author":[{"embeddable":true,"href":"https:\/\/proyacorp.ca\/fr\/wp-json\/wp\/v2\/users\/1"}],"replies":[{"embeddable":true,"href":"https:\/\/proyacorp.ca\/fr\/wp-json\/wp\/v2\/comments?post=4469"}],"version-history":[{"count":3,"href":"https:\/\/proyacorp.ca\/fr\/wp-json\/wp\/v2\/pages\/4469\/revisions"}],"predecessor-version":[{"id":5455,"href":"https:\/\/proyacorp.ca\/fr\/wp-json\/wp\/v2\/pages\/4469\/revisions\/5455"}],"wp:attachment":[{"href":"https:\/\/proyacorp.ca\/fr\/wp-json\/wp\/v2\/media?parent=4469"}],"curies":[{"name":"wp","href":"https:\/\/api.w.org\/{rel}","templated":true}]}}