{"id":4492,"date":"2022-05-08T10:52:12","date_gmt":"2022-05-08T14:52:12","guid":{"rendered":"https:\/\/proyacorp.ca\/it-asset-management\/"},"modified":"2023-07-18T06:16:01","modified_gmt":"2023-07-18T10:16:01","slug":"gestion-des-actifs-informatiques","status":"publish","type":"page","link":"https:\/\/proyacorp.ca\/fr\/gestion-des-actifs-informatiques\/","title":{"rendered":"Gestion des actifs informatiques"},"content":{"rendered":"<p>[vc_section bg_position=\u00a0\u00bbcenter center\u00a0\u00bb css=\u00a0\u00bb.vc_custom_1652021928436{background: #2e87cc url(https:\/\/proyacorp.ca\/wp-content\/uploads\/2022\/05\/IT-Asset-Management.jpg?id=1900) !important;background-position: center !important;background-repeat: no-repeat !important;background-size: cover !important;}\u00a0\u00bb el_class=\u00a0\u00bbmask\u00a0\u00bb][vc_row css=\u00a0\u00bb.vc_custom_1667173517520{padding-top: 120px !important;padding-bottom: 100px !important;}\u00a0\u00bb el_class=\u00a0\u00bbproya-header\u00a0\u00bb][vc_column width=\u00a0\u00bb5\/6&Prime;][vc_custom_heading text=\u00a0\u00bbnos solutions\u00a0\u00bb font_container=\u00a0\u00bbtag:div|font_size:3rem|text_align:left|color:%23ffffff\u00a0\u00bb use_theme_fonts=\u00a0\u00bbyes\u00a0\u00bb css_animation=\u00a0\u00bbfadeInUp\u00a0\u00bb css=\u00a0\u00bb.vc_custom_1689675213181{margin-left: 3px !important;}\u00a0\u00bb el_class=\u00a0\u00bbdelay-1 custom-hd\u00a0\u00bb][vc_empty_space height=\u00a0\u00bb20px\u00a0\u00bb][vc_custom_heading text=\u00a0\u00bbGestion des actifs informatiques\u00a0\u00bb font_container=\u00a0\u00bbtag:h2|font_size:3.3rem|text_align:left|color:%23ffffff|line_height:1&Prime; use_theme_fonts=\u00a0\u00bbyes\u00a0\u00bb css_animation=\u00a0\u00bbfadeInUp\u00a0\u00bb el_class=\u00a0\u00bbcustom-hd delay-2&Prime;][vc_separator color=\u00a0\u00bbwhite\u00a0\u00bb align=\u00a0\u00bbalign_left\u00a0\u00bb border_width=\u00a0\u00bb5&Prime; el_width=\u00a0\u00bb10&Prime; css_animation=\u00a0\u00bbfadeInUp\u00a0\u00bb el_class=\u00a0\u00bbdelay-4&Prime; css=\u00a0\u00bb.vc_custom_1540432371541{margin-bottom: 50px !important;margin-left: 5px !important;padding-top: 15px !important;}\u00a0\u00bb][vc_column_text css_animation=\u00a0\u00bbfadeInUp\u00a0\u00bb css=\u00a0\u00bb.vc_custom_1689675221591{margin-left: 3px !important;}\u00a0\u00bb el_class=\u00a0\u00bbdelay-3&Prime;]<a class=\"button line\" href=\"https:\/\/proyacorp.ca\/fr\/contactez-nous\/\">Contactez-nous d\u00e8s aujourd&rsquo;hui.<\/a>[\/vc_column_text][\/vc_column][vc_column width=\u00a0\u00bb1\/6&Prime;][\/vc_column][\/vc_row][\/vc_section][vc_section css_animation=\u00a0\u00bbnone\u00a0\u00bb css=\u00a0\u00bb.vc_custom_1651960199883{padding-bottom: 40px !important;}\u00a0\u00bb][vc_row][vc_column][vc_empty_space height=\u00a0\u00bb80px\u00a0\u00bb][vc_custom_heading text=\u00a0\u00bbGestion des actifs informatiques\u00a0\u00bb font_container=\u00a0\u00bbtag:h3|text_align:center\u00a0\u00bb use_theme_fonts=\u00a0\u00bbyes\u00a0\u00bb][vc_empty_space height=\u00a0\u00bb40px\u00a0\u00bb][vc_custom_heading text=\u00a0\u00bbLe processus est tout\u00a0\u00bb font_container=\u00a0\u00bbtag:h4|font_size:1.5rem|text_align:left\u00a0\u00bb use_theme_fonts=\u00a0\u00bbyes\u00a0\u00bb][vc_empty_space height=\u00a0\u00bb40px\u00a0\u00bb][vc_row_inner content_placement=\u00a0\u00bbmiddle\u00a0\u00bb][vc_column_inner width=\u00a0\u00bb1\/2&Prime;][vc_single_image image=\u00a0\u00bb2173&Prime; img_size=\u00a0\u00bbfull\u00a0\u00bb][\/vc_column_inner][vc_column_inner width=\u00a0\u00bb1\/2&Prime;][vc_column_text]Les entreprises sont souvent confront\u00e9es \u00e0 des co\u00fbts inutiles de licences et de maintenance pour leurs logiciels et mat\u00e9riels inutilis\u00e9s, en particulier parce qu&rsquo;il n&rsquo;existe pas de donn\u00e9es statistiques sur l&rsquo;utilisation des applications dans l&rsquo;inventaire des logiciels.<\/p>\n<p>En plus de cela, de nombreux achats de logiciels et de mat\u00e9riels sont effectu\u00e9s en raison de processus tels que le manque de coordination entre diff\u00e9rents d\u00e9partements, les changements organisationnels et de projet.<\/p>\n<p>Des informations d\u00e9taill\u00e9es sur l&rsquo;inventaire informatique sont n\u00e9cessaires pour r\u00e9cup\u00e9rer les logiciels inutilis\u00e9s, r\u00e9pondre aux exigences de conformit\u00e9 et augmenter la disponibilit\u00e9. Surtout en termes de s\u00e9curit\u00e9 de ces informations, le correctif des vuln\u00e9rabilit\u00e9s de s\u00e9curit\u00e9 d\u00e9tect\u00e9es dans les applications appara\u00eet \u00e9galement comme une charge.<\/p>\n<p>Avec IVANTI IT Asset Management, vous pouvez contr\u00f4ler l&rsquo;ensemble de votre inventaire de bout en bout et suivre ses processus.[\/vc_column_text][\/vc_column_inner][\/vc_row_inner][vc_empty_space height=\u00a0\u00bb40px\u00a0\u00bb][vc_custom_heading text=\u00a0\u00bbOptimiseur de licences pour clients et serveurs\u00a0\u00bb font_container=\u00a0\u00bbtag:h4|font_size:1.5rem|text_align:left\u00a0\u00bb use_theme_fonts=\u00a0\u00bbyes\u00a0\u00bb][vc_empty_space height=\u00a0\u00bb40px\u00a0\u00bb][vc_column_text]<\/p>\n<ul>\n<li>Suivi de l&rsquo;inventaire des logiciels,<\/li>\n<li>D\u00e9tails des nouveaux achats,<\/li>\n<li>Suivi des fournisseurs et communication.<\/li>\n<\/ul>\n<p>La solution de gestion du mat\u00e9riel informatique d&rsquo;Ivanti, quant \u00e0 elle, couvre les d\u00e9tails des dates d&rsquo;utilisation et de prise en charge du mat\u00e9riel.<\/p>\n<p>Pris avec ces 3 solutions, la gestion des actifs informatiques offre une capacit\u00e9 d&rsquo;utilisation compl\u00e8te pour maximiser les performances et la valeur de votre mat\u00e9riel et de vos logiciels.[\/vc_column_text][vc_empty_space height=\u00a0\u00bb40px\u00a0\u00bb][vc_custom_heading text=\u00a0\u00bbOptimiseur de licences pour clients\u00a0\u00bb font_container=\u00a0\u00bbtag:h4|font_size:1.5rem|text_align:left\u00a0\u00bb use_theme_fonts=\u00a0\u00bbyes\u00a0\u00bb][vc_empty_space height=\u00a0\u00bb40px\u00a0\u00bb][vc_column_text]<\/p>\n<ul>\n<li>Vous pouvez examiner vos actifs logiciels en d\u00e9tail gr\u00e2ce aux rapports.<\/li>\n<li>Vous d\u00e9couvrez les logiciels pr\u00e9sents dans l&rsquo;entreprise, vous pouvez visualiser leur utilisation.<\/li>\n<li>Pour optimiser les performances et la valeur de votre logiciel, vous pouvez demander aux utilisateurs de r\u00e9cup\u00e9rer les licences inutilis\u00e9es et renouveler la licence du logiciel.<\/li>\n<li>Vous pouvez rassembler les informations dont vous avez besoin pour minimiser les co\u00fbts, r\u00e9duire les risques d&rsquo;audit et conduire des transformations dans n&rsquo;importe quel environnement informatique.<\/li>\n<\/ul>\n<p>[\/vc_column_text][vc_empty_space height=\u00a0\u00bb40px\u00a0\u00bb][vc_custom_heading text=\u00a0\u00bbOptimiseur de licences pour serveurs\u00a0\u00bb font_container=\u00a0\u00bbtag:h4|font_size:1.5rem|text_align:left\u00a0\u00bb use_theme_fonts=\u00a0\u00bbyes\u00a0\u00bb][vc_empty_space height=\u00a0\u00bb40px\u00a0\u00bb][vc_column_text]Il vous permet de visualiser rapidement la complexit\u00e9 du centre de donn\u00e9es pour mieux g\u00e9rer vos investissements informatiques, ce qui entra\u00eene des \u00e9conomies et des efficacit\u00e9s. La solution identifie et g\u00e8re les actifs logiciels pour les environnements de virtualisation sur site et hybrides tels que VMware, Hyper-V, Oracle VM et IBM Power Virtualization.[\/vc_column_text][\/vc_column][\/vc_row][\/vc_section]<\/p>\n","protected":false},"excerpt":{"rendered":"<p>[vc_section bg_position=\u00a0\u00bbcenter center\u00a0\u00bb css=\u00a0\u00bb.vc_custom_1652021928436{background: #2e87cc url(https:\/\/proyacorp.ca\/wp-content\/uploads\/2022\/05\/IT-Asset-Management.jpg?id=1900) !important;background-position: center !important;background-repeat: no-repeat !important;background-size: cover !important;}\u00a0\u00bb el_class=\u00a0\u00bbmask\u00a0\u00bb][vc_row css=\u00a0\u00bb.vc_custom_1667173517520{padding-top: 120px !important;padding-bottom: 100px !important;}\u00a0\u00bb el_class=\u00a0\u00bbproya-header\u00a0\u00bb][vc_column width=\u00a0\u00bb5\/6&Prime;][vc_custom_heading text=\u00a0\u00bbnos solutions\u00a0\u00bb font_container=\u00a0\u00bbtag:div|font_size:3rem|text_align:left|color:%23ffffff\u00a0\u00bb use_theme_fonts=\u00a0\u00bbyes\u00a0\u00bb css_animation=\u00a0\u00bbfadeInUp\u00a0\u00bb css=\u00a0\u00bb.vc_custom_1689675213181{margin-left: 3px !important;}\u00a0\u00bb el_class=\u00a0\u00bbdelay-1 custom-hd\u00a0\u00bb][vc_empty_space height=\u00a0\u00bb20px\u00a0\u00bb][vc_custom_heading text=\u00a0\u00bbGestion des actifs informatiques\u00a0\u00bb font_container=\u00a0\u00bbtag:h2|font_size:3.3rem|text_align:left|color:%23ffffff|line_height:1&Prime; use_theme_fonts=\u00a0\u00bbyes\u00a0\u00bb css_animation=\u00a0\u00bbfadeInUp\u00a0\u00bb el_class=\u00a0\u00bbcustom-hd delay-2&Prime;][vc_separator color=\u00a0\u00bbwhite\u00a0\u00bb align=\u00a0\u00bbalign_left\u00a0\u00bb border_width=\u00a0\u00bb5&Prime; el_width=\u00a0\u00bb10&Prime; css_animation=\u00a0\u00bbfadeInUp\u00a0\u00bb el_class=\u00a0\u00bbdelay-4&Prime; css=\u00a0\u00bb.vc_custom_1540432371541{margin-bottom: 50px !important;margin-left: 5px !important;padding-top: 15px !important;}\u00a0\u00bb][vc_column_text css_animation=\u00a0\u00bbfadeInUp\u00a0\u00bb [&hellip;]<\/p>\n","protected":false},"author":1,"featured_media":0,"parent":0,"menu_order":0,"comment_status":"closed","ping_status":"closed","template":"tmpl\/template-fullwidth.php","meta":{"footnotes":""},"class_list":["post-4492","page","type-page","status-publish","hentry"],"acf":[],"aioseo_notices":[],"_links":{"self":[{"href":"https:\/\/proyacorp.ca\/fr\/wp-json\/wp\/v2\/pages\/4492","targetHints":{"allow":["GET"]}}],"collection":[{"href":"https:\/\/proyacorp.ca\/fr\/wp-json\/wp\/v2\/pages"}],"about":[{"href":"https:\/\/proyacorp.ca\/fr\/wp-json\/wp\/v2\/types\/page"}],"author":[{"embeddable":true,"href":"https:\/\/proyacorp.ca\/fr\/wp-json\/wp\/v2\/users\/1"}],"replies":[{"embeddable":true,"href":"https:\/\/proyacorp.ca\/fr\/wp-json\/wp\/v2\/comments?post=4492"}],"version-history":[{"count":2,"href":"https:\/\/proyacorp.ca\/fr\/wp-json\/wp\/v2\/pages\/4492\/revisions"}],"predecessor-version":[{"id":4494,"href":"https:\/\/proyacorp.ca\/fr\/wp-json\/wp\/v2\/pages\/4492\/revisions\/4494"}],"wp:attachment":[{"href":"https:\/\/proyacorp.ca\/fr\/wp-json\/wp\/v2\/media?parent=4492"}],"curies":[{"name":"wp","href":"https:\/\/api.w.org\/{rel}","templated":true}]}}