{"id":4495,"date":"2022-11-22T08:26:08","date_gmt":"2022-11-22T13:26:08","guid":{"rendered":"https:\/\/proyacorp.ca\/information-capital-management-training\/"},"modified":"2023-07-18T06:27:40","modified_gmt":"2023-07-18T10:27:40","slug":"formation-en-gestion-du-capital-informationnel","status":"publish","type":"page","link":"https:\/\/proyacorp.ca\/fr\/formation-en-gestion-du-capital-informationnel\/","title":{"rendered":"Formation en gestion du capital informationnel"},"content":{"rendered":"<p>[vc_section bg_position=\u00a0\u00bbcenter center\u00a0\u00bb css=\u00a0\u00bb.vc_custom_1669123609671{background: #2e87cc url(https:\/\/proyacorp.ca\/wp-content\/uploads\/2022\/05\/IBM-Rational-DOORS-and-Trainings.jpg?id=2480) !important;background-position: center !important;background-repeat: no-repeat !important;background-size: cover !important;}\u00a0\u00bb el_class=\u00a0\u00bbmask\u00a0\u00bb][vc_row css=\u00a0\u00bb.vc_custom_1667173517520{padding-top: 120px !important;padding-bottom: 100px !important;}\u00a0\u00bb el_class=\u00a0\u00bbproya-header\u00a0\u00bb][vc_column width=\u00a0\u00bb5\/6&Prime;][vc_custom_heading text=\u00a0\u00bbnos solutions\u00a0\u00bb font_container=\u00a0\u00bbtag:div|font_size:3rem|text_align:left|color:%23ffffff\u00a0\u00bb use_theme_fonts=\u00a0\u00bbyes\u00a0\u00bb css_animation=\u00a0\u00bbfadeInUp\u00a0\u00bb css=\u00a0\u00bb.vc_custom_1689675852843{margin-left: 3px !important;}\u00a0\u00bb el_class=\u00a0\u00bbdelay-1 custom-hd\u00a0\u00bb][vc_empty_space height=\u00a0\u00bb20px\u00a0\u00bb][vc_custom_heading text=\u00a0\u00bbFormation en gestion du capital informationnel\u00a0\u00bb font_container=\u00a0\u00bbtag:h2|font_size:3.3rem|text_align:left|color:%23ffffff|line_height:1&Prime; use_theme_fonts=\u00a0\u00bbyes\u00a0\u00bb css_animation=\u00a0\u00bbfadeInUp\u00a0\u00bb el_class=\u00a0\u00bbcustom-hd delay-2&Prime;][vc_separator color=\u00a0\u00bbwhite\u00a0\u00bb align=\u00a0\u00bbalign_left\u00a0\u00bb border_width=\u00a0\u00bb5&Prime; el_width=\u00a0\u00bb10&Prime; css_animation=\u00a0\u00bbfadeInUp\u00a0\u00bb el_class=\u00a0\u00bbdelay-4&Prime; css=\u00a0\u00bb.vc_custom_1540432371541{margin-bottom: 50px !important;margin-left: 5px !important;padding-top: 15px !important;}\u00a0\u00bb][vc_column_text css_animation=\u00a0\u00bbfadeInUp\u00a0\u00bb css=\u00a0\u00bb.vc_custom_1689675862435{margin-left: 3px !important;}\u00a0\u00bb el_class=\u00a0\u00bbdelay-3&Prime;]<a class=\"button line\" href=\"https:\/\/proyacorp.ca\/fr\/contactez-nous\/\">Contactez-nous d\u00e8s aujourd&rsquo;hui.<\/a>[\/vc_column_text][\/vc_column][vc_column width=\u00a0\u00bb1\/6&Prime;][\/vc_column][\/vc_row][\/vc_section][vc_section css_animation=\u00a0\u00bbnone\u00a0\u00bb css=\u00a0\u00bb.vc_custom_1651960199883{padding-bottom: 40px !important;}\u00a0\u00bb][vc_row][vc_column][vc_empty_space height=\u00a0\u00bb80px\u00a0\u00bb][vc_custom_heading text=\u00a0\u00bbFormation en gestion du capital informationnel\u00a0\u00bb font_container=\u00a0\u00bbtag:h3|text_align:center\u00a0\u00bb use_theme_fonts=\u00a0\u00bbyes\u00a0\u00bb][vc_empty_space height=\u00a0\u00bb40px\u00a0\u00bb][vc_custom_heading text=\u00a0\u00bbBut\u00a0\u00bb font_container=\u00a0\u00bbtag:h4|font_size:1.5rem|text_align:left\u00a0\u00bb use_theme_fonts=\u00a0\u00bbyes\u00a0\u00bb][vc_empty_space height=\u00a0\u00bb40px\u00a0\u00bb][vc_column_text]L&rsquo;information est le pouvoir. C&rsquo;est un enrichissement pour notre institution et pour nous et c&rsquo;est notre plus grande source de concurrence. C&rsquo;est la composante de base du capital intellectuel. Les entreprises\/institutions qui souhaitent am\u00e9liorer leurs comp\u00e9tences en gestion de la technologie et de l&rsquo;innovation doivent \u00eatre actives dans la production et l&rsquo;utilisation du capital de connaissances. Notre objectif avec cette formation est de permettre \u00e0 nos entreprises\/institutions de prendre conscience de leur capital informationnel et de d\u00e9velopper et g\u00e9rer efficacement leur capital informationnel.[\/vc_column_text][vc_empty_space height=\u00a0\u00bb40px\u00a0\u00bb][vc_custom_heading text=\u00a0\u00bbMotivation\u00a0\u00bb font_container=\u00a0\u00bbtag:h4|font_size:1.5rem|text_align:left\u00a0\u00bb use_theme_fonts=\u00a0\u00bbyes\u00a0\u00bb][vc_empty_space height=\u00a0\u00bb40px\u00a0\u00bb][vc_column_text]En tant que PROYA, au lieu de formations visant \u00e0 fournir aux employ\u00e9s des connaissances individuelles, nous avons adopt\u00e9 la mission de concevoir des formations qui fournissent aux institutions des comp\u00e9tences commerciales et de fournir des formations qui combinent connaissances et exp\u00e9rience.<\/p>\n<p>En tant que PROYA, nous offrons ce programme de formation, qui est courant aux \u00c9tats-Unis, au Canada, en Australie et en Europe, au service de nos entreprises et institutions pour la premi\u00e8re fois en Turquie. L&rsquo;une des principales conditions pour d\u00e9velopper rapidement la \u00ab\u00a0culture de l&rsquo;entrepreneuriat et de l&rsquo;innovation\u00a0\u00bb en Turquie est d&rsquo;assurer la prise de conscience du capital informationnel dans les institutions.<\/p>\n<p>Il existe deux composantes principales du capital informationnel. Ce sont les informations implicites (tacites) dans l&rsquo;esprit des employ\u00e9s de l&rsquo;institution et les informations explicites (explicites) dans l&rsquo;architecture de l&rsquo;institution. Gestion du capital informationnel\u00a0; Si cela n&rsquo;est pas fait consciemment en soutenant le processus, la technique et la technologie appropri\u00e9s, la capacit\u00e9 de production d&rsquo;informations et l&rsquo;utilisation commerciale de l&rsquo;institution ne peuvent pas \u00eatre pleinement utilis\u00e9es, et ces efforts ne peuvent pas \u00eatre pr\u00e9serv\u00e9s et gagner en continuit\u00e9 car ils ne sont pas dig\u00e9r\u00e9s au sein de la direction. syst\u00e8me.<\/p>\n<p>La gestion du capital de connaissances doit \u00eatre effectu\u00e9e dans le cadre du fonctionnement de l&rsquo;organisation, les techniques de production et de gestion des connaissances doivent \u00eatre int\u00e9gr\u00e9es \u00e0 l&rsquo;architecture de l&rsquo;organisation, int\u00e9gr\u00e9es dans les syst\u00e8mes de gestion de la qualit\u00e9 et des ressources humaines, et une culture d&rsquo;entreprise apprenante doit \u00eatre \u00e9tablie. De cette fa\u00e7on, les employ\u00e9s et l&rsquo;institution dominent l&rsquo;information et la cr\u00e9ativit\u00e9 individuelle et d&rsquo;entreprise, l&rsquo;entrepreneuriat interne et l&rsquo;innovation augmentent. Dans cette formation, nous apprendrons \u00e0 d\u00e9velopper, organiser, prot\u00e9ger, diffuser et utiliser efficacement notre capital de connaissances.[\/vc_column_text][vc_empty_space height=\u00a0\u00bb40px\u00a0\u00bb][vc_custom_heading text=\u00a0\u00bbPublic\u00a0\u00bb font_container=\u00a0\u00bbtag:h4|font_size:1.5rem|text_align:left\u00a0\u00bb use_theme_fonts=\u00a0\u00bbyes\u00a0\u00bb][vc_empty_space height=\u00a0\u00bb40px\u00a0\u00bb][vc_column_text]Cette formation s&rsquo;adresse aux employ\u00e9s des d\u00e9partements de gestion de la qualit\u00e9, de gestion des ressources humaines et de gestion de l&rsquo;architecture d&rsquo;entreprise dans les entreprises et les institutions, ainsi qu&rsquo;aux employ\u00e9s de tous niveaux int\u00e9ress\u00e9s par le sujet de tous les types d&rsquo;unit\u00e9s d&rsquo;affaires.[\/vc_column_text][vc_empty_space height=\u00a0\u00bb40px\u00a0\u00bb][vc_custom_heading text=\u00a0\u00bbGestion de la formation\u00a0\u00bb font_container=\u00a0\u00bbtag:h4|font_size:1.5rem|text_align:left\u00a0\u00bb use_theme_fonts=\u00a0\u00bbyes\u00a0\u00bb][vc_empty_space height=\u00a0\u00bb40px\u00a0\u00bb][vc_column_text]Nous apprenons en DEMANDANT\/DISCUTANT et en EXP\u00c9RIMENTANT ET EN FAISANT toute notre vie. Les concepts cl\u00e9s sont discut\u00e9s et analys\u00e9s. Les r\u00e9ponses et les commentaires des participants sont re\u00e7us. Dans le domaine de l&rsquo;\u00e9ducation, il existe des r\u00e9ponses communes bas\u00e9es sur des normes et des meilleures pratiques scientifiquement accept\u00e9es. Le deuxi\u00e8me jour, une action est entreprise avec les informations apprises le premier jour, et un atelier est organis\u00e9 sur le sujet, soutenu par la m\u00e9thode \u00ab\u00a0action learning\u00a0\u00bb.[\/vc_column_text][vc_empty_space height=\u00a0\u00bb40px\u00a0\u00bb][vc_custom_heading text=\u00a0\u00bbMat\u00e9riel de formation\u00a0\u00bb font_container=\u00a0\u00bbtag:h4|font_size:1.5rem|text_align:left\u00a0\u00bb use_theme_fonts=\u00a0\u00bbyes\u00a0\u00bb][vc_empty_space height=\u00a0\u00bb40px\u00a0\u00bb][vc_column_text]Chaque participant re\u00e7oit un livret p\u00e9dagogique avec des pr\u00e9sentations. Le cas \u00e9ch\u00e9ant, les informations produites lors de l&rsquo;atelier sont \u00e9galement partag\u00e9es avec les participants apr\u00e8s l&rsquo;\u00e9tude.[\/vc_column_text][\/vc_column][\/vc_row][\/vc_section][vc_section css_animation=\u00a0\u00bbnone\u00a0\u00bb css=\u00a0\u00bb.vc_custom_1652906878588{padding-bottom: 40px !important;}\u00a0\u00bb el_id=\u00a0\u00bbtraining\u00a0\u00bb el_class=\u00a0\u00bbgradient3&Prime;][vc_row][vc_column][vc_empty_space height=\u00a0\u00bb80px\u00a0\u00bb][vc_custom_heading text=\u00a0\u00bbProgramme de formation (2 jours)\u00a0\u00bb font_container=\u00a0\u00bbtag:h3|text_align:center\u00a0\u00bb use_theme_fonts=\u00a0\u00bbyes\u00a0\u00bb][vc_empty_space height=\u00a0\u00bb40px\u00a0\u00bb][vc_tta_tabs style=\u00a0\u00bbflat\u00a0\u00bb active_section=\u00a0\u00bb1&Prime;][vc_tta_section title=\u00a0\u00bb1. Jour &#8211; Th\u00e9orie\u00a0\u00bb tab_id=\u00a0\u00bb1652905336323-69f0f4e6-7a6680ad-2a9e\u00a0\u00bb][vc_column_text]<\/p>\n<ul>\n<li>Concepts et d\u00e9finitions de base<\/li>\n<li>Informations implicites et explicites dans les institutions<\/li>\n<li>Mod\u00e8les de cr\u00e9ation\/d\u00e9veloppement du capital informationnel<\/li>\n<li>Information et capital humain<\/li>\n<li>Conservation du capital informationnel<\/li>\n<li>Capital informationnel\u00a0: architecture institutionnelle et syst\u00e8me de gestion de la qualit\u00e9<\/li>\n<li>Capitaux et technologies de l&rsquo;information\/Gestion de l&rsquo;innovation<\/li>\n<li>Trois formes d&rsquo;apprentissage en entreprise<\/li>\n<li>Ressources mondiales \u00e0 suivre dans la gestion du capital informationnel<\/li>\n<\/ul>\n<p>[\/vc_column_text][\/vc_tta_section][vc_tta_section title=\u00a0\u00bb2. Jour &#8211; Atelier\u00a0\u00bb tab_id=\u00a0\u00bb1652905336346-512970eb-2a0780ad-2a9e\u00a0\u00bb][vc_column_text]<\/p>\n<ul>\n<li>Le lien entre le d\u00e9ficit de strat\u00e9gie et le d\u00e9ficit de capital informationnel<\/li>\n<li>D\u00e9termination du d\u00e9ficit en capital informationnel<\/li>\n<li>Trouver des solutions pour \u00e9liminer le d\u00e9ficit en capital informationnel<\/li>\n<\/ul>\n<p>[\/vc_column_text][\/vc_tta_section][\/vc_tta_tabs][vc_empty_space height=\u00a0\u00bb40px\u00a0\u00bb][vc_custom_heading text=\u00a0\u00bbCertificat de formation\u00a0\u00bb font_container=\u00a0\u00bbtag:h4|font_size:1.5rem|text_align:left\u00a0\u00bb use_theme_fonts=\u00a0\u00bbyes\u00a0\u00bb][vc_empty_space height=\u00a0\u00bb40px\u00a0\u00bb][vc_column_text]Chaque participant re\u00e7oit une attestation de participation \u00e0 la formation sign\u00e9e par le formateur.[\/vc_column_text][vc_empty_space height=\u00a0\u00bb40px\u00a0\u00bb][vc_custom_heading text=\u00a0\u00bbAssistance apr\u00e8s la formation\u00a0\u00bb font_container=\u00a0\u00bbtag:h4|font_size:1.5rem|text_align:left\u00a0\u00bb use_theme_fonts=\u00a0\u00bbyes\u00a0\u00bb][vc_empty_space height=\u00a0\u00bb40px\u00a0\u00bb][vc_column_text]Dans un d\u00e9lai d&rsquo;un an apr\u00e8s la formation, les questions et consultations envoy\u00e9es par courrier \u00e9lectronique re\u00e7oivent \u00e9galement une r\u00e9ponse par courrier \u00e9lectronique, dans le cadre de l&rsquo;effort d&rsquo;acquisition des comp\u00e9tences professionnelles vis\u00e9es par la formation, \u00e0 condition que celle-ci soit limit\u00e9e aux sujets re\u00e7us et uniquement aux personnes qui ont particip\u00e9 \u00e0 la formation.[\/vc_column_text][vc_empty_space height=\u00a0\u00bb40px\u00a0\u00bb][\/vc_column][\/vc_row][\/vc_section]<\/p>\n","protected":false},"excerpt":{"rendered":"<p>[vc_section bg_position=\u00a0\u00bbcenter center\u00a0\u00bb css=\u00a0\u00bb.vc_custom_1669123609671{background: #2e87cc url(https:\/\/proyacorp.ca\/wp-content\/uploads\/2022\/05\/IBM-Rational-DOORS-and-Trainings.jpg?id=2480) !important;background-position: center !important;background-repeat: no-repeat !important;background-size: cover !important;}\u00a0\u00bb el_class=\u00a0\u00bbmask\u00a0\u00bb][vc_row css=\u00a0\u00bb.vc_custom_1667173517520{padding-top: 120px !important;padding-bottom: 100px !important;}\u00a0\u00bb el_class=\u00a0\u00bbproya-header\u00a0\u00bb][vc_column width=\u00a0\u00bb5\/6&Prime;][vc_custom_heading text=\u00a0\u00bbnos solutions\u00a0\u00bb font_container=\u00a0\u00bbtag:div|font_size:3rem|text_align:left|color:%23ffffff\u00a0\u00bb use_theme_fonts=\u00a0\u00bbyes\u00a0\u00bb css_animation=\u00a0\u00bbfadeInUp\u00a0\u00bb css=\u00a0\u00bb.vc_custom_1689675852843{margin-left: 3px !important;}\u00a0\u00bb el_class=\u00a0\u00bbdelay-1 custom-hd\u00a0\u00bb][vc_empty_space height=\u00a0\u00bb20px\u00a0\u00bb][vc_custom_heading text=\u00a0\u00bbFormation en gestion du capital informationnel\u00a0\u00bb font_container=\u00a0\u00bbtag:h2|font_size:3.3rem|text_align:left|color:%23ffffff|line_height:1&Prime; use_theme_fonts=\u00a0\u00bbyes\u00a0\u00bb css_animation=\u00a0\u00bbfadeInUp\u00a0\u00bb el_class=\u00a0\u00bbcustom-hd delay-2&Prime;][vc_separator color=\u00a0\u00bbwhite\u00a0\u00bb align=\u00a0\u00bbalign_left\u00a0\u00bb border_width=\u00a0\u00bb5&Prime; el_width=\u00a0\u00bb10&Prime; css_animation=\u00a0\u00bbfadeInUp\u00a0\u00bb el_class=\u00a0\u00bbdelay-4&Prime; css=\u00a0\u00bb.vc_custom_1540432371541{margin-bottom: 50px !important;margin-left: 5px !important;padding-top: 15px [&hellip;]<\/p>\n","protected":false},"author":1,"featured_media":0,"parent":0,"menu_order":0,"comment_status":"closed","ping_status":"closed","template":"tmpl\/template-fullwidth.php","meta":{"footnotes":""},"class_list":["post-4495","page","type-page","status-publish","hentry"],"acf":[],"aioseo_notices":[],"_links":{"self":[{"href":"https:\/\/proyacorp.ca\/fr\/wp-json\/wp\/v2\/pages\/4495","targetHints":{"allow":["GET"]}}],"collection":[{"href":"https:\/\/proyacorp.ca\/fr\/wp-json\/wp\/v2\/pages"}],"about":[{"href":"https:\/\/proyacorp.ca\/fr\/wp-json\/wp\/v2\/types\/page"}],"author":[{"embeddable":true,"href":"https:\/\/proyacorp.ca\/fr\/wp-json\/wp\/v2\/users\/1"}],"replies":[{"embeddable":true,"href":"https:\/\/proyacorp.ca\/fr\/wp-json\/wp\/v2\/comments?post=4495"}],"version-history":[{"count":2,"href":"https:\/\/proyacorp.ca\/fr\/wp-json\/wp\/v2\/pages\/4495\/revisions"}],"predecessor-version":[{"id":4497,"href":"https:\/\/proyacorp.ca\/fr\/wp-json\/wp\/v2\/pages\/4495\/revisions\/4497"}],"wp:attachment":[{"href":"https:\/\/proyacorp.ca\/fr\/wp-json\/wp\/v2\/media?parent=4495"}],"curies":[{"name":"wp","href":"https:\/\/api.w.org\/{rel}","templated":true}]}}