{"id":4498,"date":"2022-11-29T09:20:55","date_gmt":"2022-11-29T14:20:55","guid":{"rendered":"https:\/\/proyacorp.ca\/ibm-operational-decision-manager\/"},"modified":"2023-07-18T06:31:56","modified_gmt":"2023-07-18T10:31:56","slug":"ibm-operational-decision-manager","status":"publish","type":"page","link":"https:\/\/proyacorp.ca\/fr\/ibm-operational-decision-manager\/","title":{"rendered":"IBM\u00ae Operational Decision Manager"},"content":{"rendered":"<p>[vc_section bg_position=\u00a0\u00bbcenter center\u00a0\u00bb css=\u00a0\u00bb.vc_custom_1669731724290{background: #1c71bc url(https:\/\/proyacorp.ca\/wp-content\/uploads\/2022\/05\/HOPEX-IRM-Integrated-Risk-Management.jpg?id=2043) !important;background-position: center !important;background-repeat: no-repeat !important;background-size: cover !important;}\u00a0\u00bb el_class=\u00a0\u00bbmask\u00a0\u00bb][vc_row css=\u00a0\u00bb.vc_custom_1667172829365{padding-top: 120px !important;padding-bottom: 100px !important;}\u00a0\u00bb el_class=\u00a0\u00bbproya-header\u00a0\u00bb][vc_column width=\u00a0\u00bb5\/6&Prime;][vc_custom_heading text=\u00a0\u00bbnos solutions\u00a0\u00bb font_container=\u00a0\u00bbtag:div|font_size:3rem|text_align:left|color:%23ffffff\u00a0\u00bb use_theme_fonts=\u00a0\u00bbyes\u00a0\u00bb css_animation=\u00a0\u00bbfadeInUp\u00a0\u00bb css=\u00a0\u00bb.vc_custom_1689676273119{margin-left: 3px !important;}\u00a0\u00bb el_class=\u00a0\u00bbdelay-1 custom-hd\u00a0\u00bb][vc_empty_space height=\u00a0\u00bb20px\u00a0\u00bb][vc_custom_heading text=\u00a0\u00bbIBM\u00ae Operational Decision Manager\u00a0\u00bb font_container=\u00a0\u00bbtag:h2|font_size:3.3rem|text_align:left|color:%23ffffff|line_height:1&Prime; use_theme_fonts=\u00a0\u00bbyes\u00a0\u00bb css_animation=\u00a0\u00bbfadeInUp\u00a0\u00bb el_class=\u00a0\u00bbcustom-hd delay-2&Prime;][vc_separator color=\u00a0\u00bbwhite\u00a0\u00bb align=\u00a0\u00bbalign_left\u00a0\u00bb border_width=\u00a0\u00bb5&Prime; el_width=\u00a0\u00bb10&Prime; css_animation=\u00a0\u00bbfadeInUp\u00a0\u00bb el_class=\u00a0\u00bbdelay-4&Prime; css=\u00a0\u00bb.vc_custom_1540432371541{margin-bottom: 50px !important;margin-left: 5px !important;padding-top: 15px !important;}\u00a0\u00bb][vc_column_text css_animation=\u00a0\u00bbfadeInUp\u00a0\u00bb css=\u00a0\u00bb.vc_custom_1689676293298{margin-left: 3px !important;}\u00a0\u00bb el_class=\u00a0\u00bbdelay-3&Prime;]<a class=\"button line\" href=\"https:\/\/proyacorp.ca\/fr\/contactez-nous\/\">Contactez-nous d\u00e8s aujourd&rsquo;hui.<\/a>[\/vc_column_text][\/vc_column][vc_column width=\u00a0\u00bb1\/6&Prime;][\/vc_column][\/vc_row][\/vc_section][vc_section css_animation=\u00a0\u00bbnone\u00a0\u00bb css=\u00a0\u00bb.vc_custom_1651960199883{padding-bottom: 40px !important;}\u00a0\u00bb][vc_row][vc_column][vc_empty_space height=\u00a0\u00bb80px\u00a0\u00bb][vc_custom_heading text=\u00a0\u00bbIBM\u00ae Operational Decision Manager\u00a0\u00bb font_container=\u00a0\u00bbtag:h3|text_align:center\u00a0\u00bb use_theme_fonts=\u00a0\u00bbyes\u00a0\u00bb][vc_empty_space height=\u00a0\u00bb40px\u00a0\u00bb][vc_column_text]IBM Operational Decision Manager est une plate-forme compl\u00e8te et facile \u00e0 utiliser pour capturer, automatiser et g\u00e9rer des d\u00e9cisions commerciales courantes et reproductibles. Il se compose de deux composants, IBM Decision Center et IBM Decision Server. Ils fournissent la plate-forme de gestion et d&rsquo;application des r\u00e8gles m\u00e9tier et des activit\u00e9s m\u00e9tier pour vous aider \u00e0 prendre des d\u00e9cisions plus rapidement, \u00e0 am\u00e9liorer la r\u00e9activit\u00e9, \u00e0 minimiser les risques et \u00e0 saisir les opportunit\u00e9s.<\/p>\n<p>IBM Operational Decision Manager am\u00e9liore la qualit\u00e9 op\u00e9rationnelle et les d\u00e9cisions de processus et aide \u00e0 d\u00e9terminer le plan d&rsquo;action appropri\u00e9 pour les clients, les partenaires et les interactions internes. Il d\u00e9veloppe des informations et des r\u00e9sultats commerciaux et vous aide \u00e0 identifier les opportunit\u00e9s et les risques. Il vous permet \u00e9galement de mettre en \u0153uvre, de tester et de d\u00e9ployer des changements de d\u00e9cision, de comprendre comment les d\u00e9cisions sont prises et de les appliquer de mani\u00e8re coh\u00e9rente dans les processus et les pratiques.<\/p>\n<p>IBM Decision Server combine des technologies de gestion des r\u00e8gles m\u00e9tier et de suivi des \u00e9v\u00e9nements m\u00e9tier. Il vous aide \u00e0 cr\u00e9er de mani\u00e8re flexible des r\u00e9ponses automatis\u00e9es et intelligentes pour identifier les risques, aider \u00e0 pr\u00e9venir la fraude, cr\u00e9er des promotions, d\u00e9finir des priorit\u00e9s et d&rsquo;autres t\u00e2ches.<\/p>\n<p>IBM Decision Server fournit une ex\u00e9cution et un d\u00e9veloppement pour automatiser la gestion des d\u00e9cisions. Il permet la d\u00e9tection de situations commerciales exploitables et le contr\u00f4le des d\u00e9cisions finales bas\u00e9es sur l&rsquo;engagement particulier d&rsquo;une interaction.<\/p>\n<p>IBM Decision Server permet aux organisations de :<\/p>\n<ul>\n<li>Surveillance du r\u00e9seau d&rsquo;entreprise pour prendre des mesures bas\u00e9es sur des mod\u00e8les de donn\u00e9es bas\u00e9s sur des \u00e9v\u00e9nements<\/li>\n<li>Traitez les informations par rapport \u00e0 des centaines, voire des milliers de r\u00e8gles m\u00e9tier pour d\u00e9terminer comment r\u00e9agir dans les syst\u00e8mes frontaux et principaux.<\/li>\n<\/ul>\n<p>IBM Decision Center fournit des composants d&rsquo;ex\u00e9cution et de d\u00e9veloppement pour automatiser la logique de d\u00e9cision. Il permet la d\u00e9tection de situations commerciales exploitables et la r\u00e9ponse \u00e0 des d\u00e9cisions d\u00e9finitives bas\u00e9es sur le contexte sp\u00e9cifique d&rsquo;une interaction.<\/p>\n<p><strong>IBM Decision Center<\/strong> fournit des composants d&rsquo;ex\u00e9cution et de d\u00e9veloppement pour automatiser la logique de d\u00e9cision. Il permet la d\u00e9tection de situations commerciales exploitables et la r\u00e9ponse \u00e0 des d\u00e9cisions d\u00e9finitives bas\u00e9es sur le contexte sp\u00e9cifique d&rsquo;une interaction.<\/p>\n<p>Centre de d\u00e9cision IBM\u00a0:<\/p>\n<ul>\n<li>Il permet la collaboration entre les utilisateurs professionnels gr\u00e2ce \u00e0 des flux d&rsquo;activit\u00e9s dynamiques et am\u00e9liore la facilit\u00e9 d&rsquo;utilisation pour rechercher, afficher et modifier les r\u00e8gles.<\/li>\n<li>Il aide \u00e0 d\u00e9velopper et \u00e0 g\u00e9rer les d\u00e9cisions pour les analystes commerciaux et les responsables.<\/li>\n<li>Il fournit des d\u00e9cisions de r\u00e8gles m\u00e9tier, telles que des r\u00e8gles de langage de transaction, des flux de r\u00e8gles et des tables de d\u00e9cision, \u00e0 \u00e9crire et modifier \u00e0 l&rsquo;aide de Microsoft\u00a0Office.<\/li>\n<li>JDBC offre aux concepteurs des fonctionnalit\u00e9s de connectivit\u00e9 et de d\u00e9contextualisation.<\/li>\n<\/ul>\n<p>[\/vc_column_text][\/vc_column][\/vc_row][\/vc_section]<\/p>\n","protected":false},"excerpt":{"rendered":"<p>[vc_section bg_position=\u00a0\u00bbcenter center\u00a0\u00bb css=\u00a0\u00bb.vc_custom_1669731724290{background: #1c71bc url(https:\/\/proyacorp.ca\/wp-content\/uploads\/2022\/05\/HOPEX-IRM-Integrated-Risk-Management.jpg?id=2043) !important;background-position: center !important;background-repeat: no-repeat !important;background-size: cover !important;}\u00a0\u00bb el_class=\u00a0\u00bbmask\u00a0\u00bb][vc_row css=\u00a0\u00bb.vc_custom_1667172829365{padding-top: 120px !important;padding-bottom: 100px !important;}\u00a0\u00bb el_class=\u00a0\u00bbproya-header\u00a0\u00bb][vc_column width=\u00a0\u00bb5\/6&Prime;][vc_custom_heading text=\u00a0\u00bbnos solutions\u00a0\u00bb font_container=\u00a0\u00bbtag:div|font_size:3rem|text_align:left|color:%23ffffff\u00a0\u00bb use_theme_fonts=\u00a0\u00bbyes\u00a0\u00bb css_animation=\u00a0\u00bbfadeInUp\u00a0\u00bb css=\u00a0\u00bb.vc_custom_1689676273119{margin-left: 3px !important;}\u00a0\u00bb el_class=\u00a0\u00bbdelay-1 custom-hd\u00a0\u00bb][vc_empty_space height=\u00a0\u00bb20px\u00a0\u00bb][vc_custom_heading text=\u00a0\u00bbIBM\u00ae Operational Decision Manager\u00a0\u00bb font_container=\u00a0\u00bbtag:h2|font_size:3.3rem|text_align:left|color:%23ffffff|line_height:1&Prime; use_theme_fonts=\u00a0\u00bbyes\u00a0\u00bb css_animation=\u00a0\u00bbfadeInUp\u00a0\u00bb el_class=\u00a0\u00bbcustom-hd delay-2&Prime;][vc_separator color=\u00a0\u00bbwhite\u00a0\u00bb align=\u00a0\u00bbalign_left\u00a0\u00bb border_width=\u00a0\u00bb5&Prime; el_width=\u00a0\u00bb10&Prime; css_animation=\u00a0\u00bbfadeInUp\u00a0\u00bb el_class=\u00a0\u00bbdelay-4&Prime; css=\u00a0\u00bb.vc_custom_1540432371541{margin-bottom: 50px !important;margin-left: 5px !important;padding-top: 15px !important;}\u00a0\u00bb][vc_column_text css_animation=\u00a0\u00bbfadeInUp\u00a0\u00bb [&hellip;]<\/p>\n","protected":false},"author":1,"featured_media":0,"parent":0,"menu_order":0,"comment_status":"closed","ping_status":"closed","template":"tmpl\/template-fullwidth.php","meta":{"footnotes":""},"class_list":["post-4498","page","type-page","status-publish","hentry"],"acf":[],"aioseo_notices":[],"_links":{"self":[{"href":"https:\/\/proyacorp.ca\/fr\/wp-json\/wp\/v2\/pages\/4498","targetHints":{"allow":["GET"]}}],"collection":[{"href":"https:\/\/proyacorp.ca\/fr\/wp-json\/wp\/v2\/pages"}],"about":[{"href":"https:\/\/proyacorp.ca\/fr\/wp-json\/wp\/v2\/types\/page"}],"author":[{"embeddable":true,"href":"https:\/\/proyacorp.ca\/fr\/wp-json\/wp\/v2\/users\/1"}],"replies":[{"embeddable":true,"href":"https:\/\/proyacorp.ca\/fr\/wp-json\/wp\/v2\/comments?post=4498"}],"version-history":[{"count":1,"href":"https:\/\/proyacorp.ca\/fr\/wp-json\/wp\/v2\/pages\/4498\/revisions"}],"predecessor-version":[{"id":4499,"href":"https:\/\/proyacorp.ca\/fr\/wp-json\/wp\/v2\/pages\/4498\/revisions\/4499"}],"wp:attachment":[{"href":"https:\/\/proyacorp.ca\/fr\/wp-json\/wp\/v2\/media?parent=4498"}],"curies":[{"name":"wp","href":"https:\/\/api.w.org\/{rel}","templated":true}]}}