{"id":4502,"date":"2022-11-22T09:47:29","date_gmt":"2022-11-22T14:47:29","guid":{"rendered":"https:\/\/proyacorp.ca\/ivanti\/"},"modified":"2023-07-18T06:41:59","modified_gmt":"2023-07-18T10:41:59","slug":"ivanti","status":"publish","type":"page","link":"https:\/\/proyacorp.ca\/fr\/ivanti\/","title":{"rendered":"Ivanti"},"content":{"rendered":"<p>[vc_section bg_position=\u00a0\u00bbcenter center\u00a0\u00bb css=\u00a0\u00bb.vc_custom_1652957853685{background: #1f829b url(https:\/\/proyacorp.ca\/wp-content\/uploads\/2022\/05\/ArchiMate.jpg?id=2491) !important;background-position: center !important;background-repeat: no-repeat !important;background-size: cover !important;}\u00a0\u00bb el_class=\u00a0\u00bbmask\u00a0\u00bb][vc_row css=\u00a0\u00bb.vc_custom_1575622061060{padding-top: 120px !important;padding-bottom: 100px !important;}\u00a0\u00bb][vc_column width=\u00a0\u00bb5\/6&Prime;][vc_custom_heading text=\u00a0\u00bbnos solutions\u00a0\u00bb font_container=\u00a0\u00bbtag:div|font_size:3rem|text_align:left|color:%23ffffff\u00a0\u00bb use_theme_fonts=\u00a0\u00bbyes\u00a0\u00bb css_animation=\u00a0\u00bbfadeInUp\u00a0\u00bb css=\u00a0\u00bb.vc_custom_1689676778332{margin-left: 3px !important;}\u00a0\u00bb el_class=\u00a0\u00bbdelay-1 custom-hd\u00a0\u00bb][vc_empty_space height=\u00a0\u00bb20px\u00a0\u00bb][vc_custom_heading text=\u00a0\u00bbIvanti\u00a0\u00bb font_container=\u00a0\u00bbtag:h2|font_size:3.3rem|text_align:left|color:%23ffffff|line_height:1&Prime; use_theme_fonts=\u00a0\u00bbyes\u00a0\u00bb css_animation=\u00a0\u00bbfadeInUp\u00a0\u00bb el_class=\u00a0\u00bbcustom-hd delay-2&Prime;][vc_separator color=\u00a0\u00bbwhite\u00a0\u00bb align=\u00a0\u00bbalign_left\u00a0\u00bb border_width=\u00a0\u00bb5&Prime; el_width=\u00a0\u00bb10&Prime; css_animation=\u00a0\u00bbfadeInUp\u00a0\u00bb el_class=\u00a0\u00bbdelay-4&Prime; css=\u00a0\u00bb.vc_custom_1540432371541{margin-bottom: 50px !important;margin-left: 5px !important;padding-top: 15px !important;}\u00a0\u00bb][vc_column_text css_animation=\u00a0\u00bbfadeInUp\u00a0\u00bb css=\u00a0\u00bb.vc_custom_1689676787191{margin-left: 3px !important;}\u00a0\u00bb el_class=\u00a0\u00bbdelay-3&Prime;]<a class=\"button line\" href=\"https:\/\/proyacorp.ca\/fr\/contactez-nous\/\">Contactez-nous d\u00e8s aujourd&rsquo;hui.<\/a>[\/vc_column_text][\/vc_column][vc_column width=\u00a0\u00bb1\/6&Prime;][\/vc_column][\/vc_row][\/vc_section][vc_row][vc_column][vc_widget_sidebar sidebar_id=\u00a0\u00bbsidebar-637ce16edee83&Prime;][\/vc_column][\/vc_row][vc_section css_animation=\u00a0\u00bbnone\u00a0\u00bb css=\u00a0\u00bb.vc_custom_1669128614620{padding-bottom: 40px !important;}\u00a0\u00bb el_id=\u00a0\u00bbendpoint\u00a0\u00bb][vc_row][vc_column][vc_empty_space height=\u00a0\u00bb80px\u00a0\u00bb][vc_custom_heading text=\u00a0\u00bbIvanti Endpoint Manager\u00a0\u00bb font_container=\u00a0\u00bbtag:h3|text_align:center\u00a0\u00bb use_theme_fonts=\u00a0\u00bbyes\u00a0\u00bb][vc_empty_space height=\u00a0\u00bb80px\u00a0\u00bb][vc_column_text]Les applications Ivanti trouvent automatiquement n&rsquo;importe quel appareil dans n&rsquo;importe quelle zone, l&rsquo;am\u00e9liorent et le prot\u00e8gent. Ivanti offre les meilleures solutions dans le domaine de la s\u00e9curit\u00e9 de l&rsquo;information \u00e0 votre organisation et structure.<\/p>\n<p>Il offre une protection rapide, efficace et \u00e9volutive aux organisations et les prot\u00e8ge des menaces actuelles. Id\u00e9al pour les serveurs, les clients l\u00e9gers et les terminaux. En d\u00e9finissant vos applications, il emp\u00eache le fonctionnement ou l&rsquo;installation non autoris\u00e9s de vos applications non d\u00e9finies, garantit que tous les ports et acc\u00e8s sur l&rsquo;ordinateur peuvent \u00eatre surveill\u00e9s et ferm\u00e9s, fournit des solutions de mise \u00e0 jour et de correctifs pour vous prot\u00e9ger contre les vuln\u00e9rabilit\u00e9s actuelles et prot\u00e8ge votre syst\u00e8me contre les virus et logiciels malveillants actuels. des menaces.<\/p>\n<p><strong>Pr\u00e9sentation de la suite de s\u00e9curit\u00e9 Ivanti Endpoint Management<\/strong>[\/vc_column_text][vc_empty_space height=\u00a0\u00bb20px\u00a0\u00bb][vc_video link=\u00a0\u00bbhttps:\/\/www.youtube.com\/watch?v=t9_5L-w8wNE&amp;feature=emb_logo\u00a0\u00bb align=\u00a0\u00bbcenter\u00a0\u00bb][vc_empty_space height=\u00a0\u00bb80px\u00a0\u00bb][\/vc_column][\/vc_row][\/vc_section][vc_section css_animation=\u00a0\u00bbnone\u00a0\u00bb css=\u00a0\u00bb.vc_custom_1669128626180{padding-bottom: 40px !important;}\u00a0\u00bb el_id=\u00a0\u00bbapplication\u00a0\u00bb][vc_row][vc_column][vc_empty_space height=\u00a0\u00bb80px\u00a0\u00bb][vc_custom_heading text=\u00a0\u00bbContr\u00f4le des applications Ivanti\u00a0\u00bb font_container=\u00a0\u00bbtag:h3|text_align:center\u00a0\u00bb use_theme_fonts=\u00a0\u00bbyes\u00a0\u00bb][vc_empty_space height=\u00a0\u00bb80px\u00a0\u00bb][vc_column_text]Il pr\u00e9vient les menaces bas\u00e9es sur la m\u00e9moire tout en offrant une protection contre les virus et les logiciels malveillants en emp\u00eachant l&rsquo;ex\u00e9cution d&rsquo;applications non identifi\u00e9es, inconnues et non fiables.<\/p>\n<ul>\n<li>Il emp\u00eache l&rsquo;ex\u00e9cution d&rsquo;applications ind\u00e9sirables ou non autoris\u00e9es, \u00e0 l&rsquo;exception des applications d\u00e9finies par la m\u00e9thode de la liste blanche.<\/li>\n<li>Il reconna\u00eet les logiciels de confiance et leur permet d&rsquo;\u00eatre ex\u00e9cut\u00e9s et autoris\u00e9s, tout en bloquant les autres logiciels non autoris\u00e9s.<\/li>\n<li>Il offre une protection compl\u00e8te contre les menaces Cryptolocker et ransomware avec un contr\u00f4le d\u00e9taill\u00e9 des applications.<\/li>\n<li>Il prot\u00e8ge contre les attaques Zero-day sans attendre le d\u00e9veloppement d&rsquo;une signature antivirus en emp\u00eachant l&rsquo;ex\u00e9cution d&rsquo;applications non reconnues.<\/li>\n<li>Il prend en charge tous les types de fichiers ex\u00e9cutables\u00a0; .EXE, .DLL, .COM, etc.<\/li>\n<li>Il fournit des rapports avanc\u00e9s sur toutes les activit\u00e9s de l&rsquo;application en enregistrant tous les \u00e9v\u00e9nements de l&rsquo;application (autoris\u00e9s\/bloqu\u00e9s).<\/li>\n<\/ul>\n<p>[\/vc_column_text][vc_empty_space height=\u00a0\u00bb20px\u00a0\u00bb][vc_column_text]<strong>Contr\u00f4le des applications Ivanti, partie 1<\/strong>[\/vc_column_text][vc_empty_space height=\u00a0\u00bb20px\u00a0\u00bb][vc_video link=\u00a0\u00bbhttps:\/\/www.youtube.com\/watch?v=SF0MdEwoDqc&amp;feature=emb_logo\u00a0\u00bb align=\u00a0\u00bbcenter\u00a0\u00bb][vc_empty_space height=\u00a0\u00bb20px\u00a0\u00bb][vc_column_text]<strong>Contr\u00f4le des applications Ivanti, partie 2<\/strong>[\/vc_column_text][vc_empty_space height=\u00a0\u00bb20px\u00a0\u00bb][vc_video link=\u00a0\u00bbhttps:\/\/www.youtube.com\/watch?v=k5RO9AWz-wc&amp;feature=emb_logo\u00a0\u00bb align=\u00a0\u00bbcenter\u00a0\u00bb][vc_empty_space height=\u00a0\u00bb20px\u00a0\u00bb][vc_column_text]<strong>Contr\u00f4le des applications Ivanti, partie 3<\/strong>[\/vc_column_text][vc_empty_space height=\u00a0\u00bb20px\u00a0\u00bb][vc_video link=\u00a0\u00bbhttps:\/\/www.youtube.com\/watch?v=fVHQ1PhHeT4&amp;feature=emb_logo\u00a0\u00bb align=\u00a0\u00bbcenter\u00a0\u00bb][\/vc_column][\/vc_row][\/vc_section][vc_section css_animation=\u00a0\u00bbnone\u00a0\u00bb css=\u00a0\u00bb.vc_custom_1669128635474{padding-bottom: 40px !important;}\u00a0\u00bb el_id=\u00a0\u00bbdevice\u00a0\u00bb][vc_row][vc_column][vc_empty_space height=\u00a0\u00bb80px\u00a0\u00bb][vc_custom_heading text=\u00a0\u00bbContr\u00f4le des p\u00e9riph\u00e9riques Ivanti\u00a0\u00bb font_container=\u00a0\u00bbtag:h3|text_align:center\u00a0\u00bb use_theme_fonts=\u00a0\u00bbyes\u00a0\u00bb][vc_empty_space height=\u00a0\u00bb80px\u00a0\u00bb][vc_column_text]Il pr\u00e9vient et prot\u00e8ge des effets des fuites de donn\u00e9es en appliquant des politiques d&rsquo;utilisation avanc\u00e9es pour les p\u00e9riph\u00e9riques amovibles et les ports.<\/p>\n<ul>\n<li>Prend en charge tous les ports et p\u00e9riph\u00e9riques reconnus par Windows (y compris les p\u00e9riph\u00e9riques Plug-and-Play et d\u00e9finis par l&rsquo;utilisateur).<\/li>\n<li>En cryptant les cl\u00e9s USB contre le vol et la perte (cryptage USB), il assure le cryptage de tous les transferts de donn\u00e9es.<\/li>\n<li>Des autorisations temporaires, en lecture seule, programm\u00e9es ou des restrictions d\u00e9taill\u00e9es peuvent \u00eatre accord\u00e9es pour n&rsquo;importe quel appareil.<\/li>\n<li>Il offre une protection suppl\u00e9mentaire en prot\u00e9geant vos terminaux contre les attaques de logiciels malveillants pouvant provenir de cl\u00e9s USB.<\/li>\n<li>Il fournit des rapports d\u00e9taill\u00e9s en enregistrant tous les mouvements de l&rsquo;appareil (lecture\/\u00e9criture\/autoris\u00e9\/bloqu\u00e9, etc.).<\/li>\n<\/ul>\n<p>[\/vc_column_text][vc_empty_space height=\u00a0\u00bb20px\u00a0\u00bb][vc_column_text]<strong>Pr\u00e9sentation du contr\u00f4le des p\u00e9riph\u00e9riques Ivanti<\/strong>[\/vc_column_text][vc_empty_space height=\u00a0\u00bb20px\u00a0\u00bb][vc_video link=\u00a0\u00bbhttps:\/\/www.youtube.com\/watch?v=buGJ9ij9ZAQ&amp;feature=emb_logo\u00a0\u00bb align=\u00a0\u00bbcenter\u00a0\u00bb][\/vc_column][\/vc_row][\/vc_section]<\/p>\n","protected":false},"excerpt":{"rendered":"<p>[vc_section bg_position=\u00a0\u00bbcenter center\u00a0\u00bb css=\u00a0\u00bb.vc_custom_1652957853685{background: #1f829b url(https:\/\/proyacorp.ca\/wp-content\/uploads\/2022\/05\/ArchiMate.jpg?id=2491) !important;background-position: center !important;background-repeat: no-repeat !important;background-size: cover !important;}\u00a0\u00bb el_class=\u00a0\u00bbmask\u00a0\u00bb][vc_row css=\u00a0\u00bb.vc_custom_1575622061060{padding-top: 120px !important;padding-bottom: 100px !important;}\u00a0\u00bb][vc_column width=\u00a0\u00bb5\/6&Prime;][vc_custom_heading text=\u00a0\u00bbnos solutions\u00a0\u00bb font_container=\u00a0\u00bbtag:div|font_size:3rem|text_align:left|color:%23ffffff\u00a0\u00bb use_theme_fonts=\u00a0\u00bbyes\u00a0\u00bb css_animation=\u00a0\u00bbfadeInUp\u00a0\u00bb css=\u00a0\u00bb.vc_custom_1689676778332{margin-left: 3px !important;}\u00a0\u00bb el_class=\u00a0\u00bbdelay-1 custom-hd\u00a0\u00bb][vc_empty_space height=\u00a0\u00bb20px\u00a0\u00bb][vc_custom_heading text=\u00a0\u00bbIvanti\u00a0\u00bb font_container=\u00a0\u00bbtag:h2|font_size:3.3rem|text_align:left|color:%23ffffff|line_height:1&Prime; use_theme_fonts=\u00a0\u00bbyes\u00a0\u00bb css_animation=\u00a0\u00bbfadeInUp\u00a0\u00bb el_class=\u00a0\u00bbcustom-hd delay-2&Prime;][vc_separator color=\u00a0\u00bbwhite\u00a0\u00bb align=\u00a0\u00bbalign_left\u00a0\u00bb border_width=\u00a0\u00bb5&Prime; el_width=\u00a0\u00bb10&Prime; css_animation=\u00a0\u00bbfadeInUp\u00a0\u00bb el_class=\u00a0\u00bbdelay-4&Prime; css=\u00a0\u00bb.vc_custom_1540432371541{margin-bottom: 50px !important;margin-left: 5px !important;padding-top: 15px !important;}\u00a0\u00bb][vc_column_text css_animation=\u00a0\u00bbfadeInUp\u00a0\u00bb css=\u00a0\u00bb.vc_custom_1689676787191{margin-left: 3px !important;}\u00a0\u00bb el_class=\u00a0\u00bbdelay-3&Prime;]Contactez-nous [&hellip;]<\/p>\n","protected":false},"author":1,"featured_media":0,"parent":0,"menu_order":0,"comment_status":"closed","ping_status":"closed","template":"tmpl\/template-fullwidth.php","meta":{"footnotes":""},"class_list":["post-4502","page","type-page","status-publish","hentry"],"acf":[],"aioseo_notices":[],"_links":{"self":[{"href":"https:\/\/proyacorp.ca\/fr\/wp-json\/wp\/v2\/pages\/4502","targetHints":{"allow":["GET"]}}],"collection":[{"href":"https:\/\/proyacorp.ca\/fr\/wp-json\/wp\/v2\/pages"}],"about":[{"href":"https:\/\/proyacorp.ca\/fr\/wp-json\/wp\/v2\/types\/page"}],"author":[{"embeddable":true,"href":"https:\/\/proyacorp.ca\/fr\/wp-json\/wp\/v2\/users\/1"}],"replies":[{"embeddable":true,"href":"https:\/\/proyacorp.ca\/fr\/wp-json\/wp\/v2\/comments?post=4502"}],"version-history":[{"count":2,"href":"https:\/\/proyacorp.ca\/fr\/wp-json\/wp\/v2\/pages\/4502\/revisions"}],"predecessor-version":[{"id":4504,"href":"https:\/\/proyacorp.ca\/fr\/wp-json\/wp\/v2\/pages\/4502\/revisions\/4504"}],"wp:attachment":[{"href":"https:\/\/proyacorp.ca\/fr\/wp-json\/wp\/v2\/media?parent=4502"}],"curies":[{"name":"wp","href":"https:\/\/api.w.org\/{rel}","templated":true}]}}