{"id":4505,"date":"2022-05-14T19:23:46","date_gmt":"2022-05-14T23:23:46","guid":{"rendered":"https:\/\/proyacorp.ca\/itpm-it-portfolio-management\/"},"modified":"2023-07-18T07:24:33","modified_gmt":"2023-07-18T11:24:33","slug":"gestion-de-portefeuille-it","status":"publish","type":"page","link":"https:\/\/proyacorp.ca\/fr\/gestion-de-portefeuille-it\/","title":{"rendered":"Gestion de portefeuille IT"},"content":{"rendered":"<p>[vc_section bg_position=\u00a0\u00bbcenter center\u00a0\u00bb css=\u00a0\u00bb.vc_custom_1652574420455{background: #ad2727 url(https:\/\/proyacorp.ca\/wp-content\/uploads\/2022\/05\/ITPM-IT-Portfolio-Management.jpg?id=2144) !important;background-position: center !important;background-repeat: no-repeat !important;background-size: cover !important;}\u00a0\u00bb el_class=\u00a0\u00bbmask\u00a0\u00bb][vc_row css=\u00a0\u00bb.vc_custom_1667173558585{padding-top: 120px !important;padding-bottom: 100px !important;}\u00a0\u00bb el_class=\u00a0\u00bbproya-header\u00a0\u00bb][vc_column width=\u00a0\u00bb5\/6&Prime;][vc_custom_heading text=\u00a0\u00bbnos solutions\u00a0\u00bb font_container=\u00a0\u00bbtag:div|font_size:3rem|text_align:left|color:%23ffffff\u00a0\u00bb use_theme_fonts=\u00a0\u00bbyes\u00a0\u00bb css_animation=\u00a0\u00bbfadeInUp\u00a0\u00bb css=\u00a0\u00bb.vc_custom_1689677784585{margin-left: 3px !important;}\u00a0\u00bb el_class=\u00a0\u00bbdelay-1 custom-hd\u00a0\u00bb][vc_empty_space height=\u00a0\u00bb20px\u00a0\u00bb][vc_custom_heading text=\u00a0\u00bbGestion de portefeuille IT\u00a0\u00bb font_container=\u00a0\u00bbtag:h2|font_size:3.3rem|text_align:left|color:%23ffffff|line_height:1&Prime; use_theme_fonts=\u00a0\u00bbyes\u00a0\u00bb css_animation=\u00a0\u00bbfadeInUp\u00a0\u00bb el_class=\u00a0\u00bbcustom-hd delay-2&Prime;][vc_separator color=\u00a0\u00bbwhite\u00a0\u00bb align=\u00a0\u00bbalign_left\u00a0\u00bb border_width=\u00a0\u00bb5&Prime; el_width=\u00a0\u00bb10&Prime; css_animation=\u00a0\u00bbfadeInUp\u00a0\u00bb el_class=\u00a0\u00bbdelay-4&Prime; css=\u00a0\u00bb.vc_custom_1540432371541{margin-bottom: 50px !important;margin-left: 5px !important;padding-top: 15px !important;}\u00a0\u00bb][vc_column_text css_animation=\u00a0\u00bbfadeInUp\u00a0\u00bb css=\u00a0\u00bb.vc_custom_1689677792861{margin-left: 3px !important;}\u00a0\u00bb el_class=\u00a0\u00bbdelay-3&Prime;]<a class=\"button line\" href=\"https:\/\/proyacorp.ca\/fr\/contactez-nous\/\">Contactez-nous d\u00e8s aujourd&rsquo;hui.<\/a>[\/vc_column_text][\/vc_column][vc_column width=\u00a0\u00bb1\/6&Prime;][\/vc_column][\/vc_row][\/vc_section][vc_section css_animation=\u00a0\u00bbnone\u00a0\u00bb css=\u00a0\u00bb.vc_custom_1651960199883{padding-bottom: 40px !important;}\u00a0\u00bb][vc_row][vc_column][vc_empty_space height=\u00a0\u00bb80px\u00a0\u00bb][vc_custom_heading text=\u00a0\u00bbGestion de portefeuille IT\u00a0\u00bb font_container=\u00a0\u00bbtag:h3|text_align:center\u00a0\u00bb use_theme_fonts=\u00a0\u00bbyes\u00a0\u00bb][vc_empty_space height=\u00a0\u00bb40px\u00a0\u00bb][vc_column_text]La gestion du portefeuille informatique (IT Portfolio Management) permet la num\u00e9risation des initiatives en mati\u00e8re de technologies de l&rsquo;information (TI) qui \u00e9taient jusqu&rsquo;\u00e0 pr\u00e9sent informelles, ainsi que leur mise \u00e0 l&rsquo;\u00e9chelle afin de pouvoir g\u00e9rer de mani\u00e8re beaucoup plus syst\u00e9matique les activit\u00e9s de vos investissements informatiques, projets et d\u00e9partements informatiques au sein de votre organisation. De plus, cela permet de maximiser la valeur ajout\u00e9e fournie par la technologie gr\u00e2ce \u00e0 des sc\u00e9narios d&rsquo;\u00e9valuation d&rsquo;investissement objectifs.[\/vc_column_text][vc_empty_space height=\u00a0\u00bb40px\u00a0\u00bb][vc_single_image image=\u00a0\u00bb2118&Prime; img_size=\u00a0\u00bbfull\u00a0\u00bb alignment=\u00a0\u00bbcenter\u00a0\u00bb][vc_empty_space height=\u00a0\u00bb40px\u00a0\u00bb][vc_column_text]La protection des donn\u00e9es personnelles et des donn\u00e9es des clients est devenue un sujet tr\u00e8s important et complexe, tant dans notre pays que dans le monde. Rien qu&rsquo;en 2016, de nombreuses violations ont \u00e9t\u00e9 d\u00e9tect\u00e9es \u00e0 cet \u00e9gard dans notre pays, et comme \u00e0 l&rsquo;\u00e9tranger, les sanctions impos\u00e9es en vertu de la loi num\u00e9ro 6698 ont \u00e9t\u00e9 pay\u00e9es. Outre les sanctions financi\u00e8res, la non-protection des donn\u00e9es personnelles entra\u00eene des cons\u00e9quences encore plus graves, telles que la perte de la confiance des clients et la perte de clients. La protection des donn\u00e9es personnelles (DPL) n&rsquo;est qu&rsquo;un exemple parmi tant d&rsquo;autres qui illustre l&rsquo;importance de la gestion du portefeuille informatique.[\/vc_column_text][vc_empty_space height=\u00a0\u00bb40px\u00a0\u00bb][vc_custom_heading text=\u00a0\u00bbTrois phases de la gestion du portefeuille informatique HOPEX\u00a0\u00bb font_container=\u00a0\u00bbtag:h4|font_size:1.5rem|text_align:left\u00a0\u00bb use_theme_fonts=\u00a0\u00bbyes\u00a0\u00bb][vc_empty_space height=\u00a0\u00bb40px\u00a0\u00bb][vc_row_inner][vc_column_inner width=\u00a0\u00bb1\/3&Prime;][vc_single_image image=\u00a0\u00bb2120&Prime; img_size=\u00a0\u00bbfull\u00a0\u00bb alignment=\u00a0\u00bbcenter\u00a0\u00bb][vc_empty_space height=\u00a0\u00bb20px\u00a0\u00bb][vc_column_text]<strong>Collecter des donn\u00e9es d&rsquo;application et de technologie<\/strong>[\/vc_column_text][\/vc_column_inner][vc_column_inner width=\u00a0\u00bb1\/3&Prime;][vc_single_image image=\u00a0\u00bb2119&Prime; img_size=\u00a0\u00bbfull\u00a0\u00bb alignment=\u00a0\u00bbcenter\u00a0\u00bb][vc_empty_space height=\u00a0\u00bb20px\u00a0\u00bb][vc_column_text]<strong>\u00c9valuer la valeur commerciale et l&rsquo;efficacit\u00e9 technique ainsi que tout autre crit\u00e8re pertinent<\/strong>[\/vc_column_text][\/vc_column_inner][vc_column_inner width=\u00a0\u00bb1\/3&Prime;][vc_single_image image=\u00a0\u00bb2121&Prime; img_size=\u00a0\u00bbfull\u00a0\u00bb alignment=\u00a0\u00bbcenter\u00a0\u00bb][vc_empty_space height=\u00a0\u00bb20px\u00a0\u00bb][vc_column_text]<strong>Comparez plusieurs sc\u00e9narios de transformation<\/strong>[\/vc_column_text][\/vc_column_inner][\/vc_row_inner][vc_empty_space height=\u00a0\u00bb40px\u00a0\u00bb][vc_single_image image=\u00a0\u00bb2122&Prime; img_size=\u00a0\u00bbfull\u00a0\u00bb alignment=\u00a0\u00bbcenter\u00a0\u00bb][vc_empty_space height=\u00a0\u00bb40px\u00a0\u00bb][vc_column_text]<\/p>\n<ul>\n<li>Co\u00fbts de d\u00e9pannage par\u00a0:\n<ul>\n<li>Co\u00fbts de main-d&rsquo;\u0153uvre<\/li>\n<li>Co\u00fbts d&rsquo;infrastructure<\/li>\n<li>Co\u00fbts de licence<\/li>\n<li>Frais de service<\/li>\n<\/ul>\n<\/li>\n<li>Planifier les co\u00fbts sur plusieurs ann\u00e9es<\/li>\n<li>Inclure les co\u00fbts r\u00e9currents\/non r\u00e9currents<\/li>\n<\/ul>\n<p>[\/vc_column_text][vc_empty_space height=\u00a0\u00bb40px\u00a0\u00bb][vc_custom_heading text=\u00a0\u00bbObtenez des informations sur le portefeuille de technologies\u00a0\u00bb font_container=\u00a0\u00bbtag:h4|font_size:1.5rem|text_align:left\u00a0\u00bb use_theme_fonts=\u00a0\u00bbyes\u00a0\u00bb][vc_empty_space height=\u00a0\u00bb40px\u00a0\u00bb][vc_column_text]Obtenez une compr\u00e9hension compl\u00e8te de la fa\u00e7on dont les technologies sont utilis\u00e9es dans votre organisation[\/vc_column_text][vc_empty_space height=\u00a0\u00bb40px\u00a0\u00bb][vc_single_image image=\u00a0\u00bb2124&Prime; img_size=\u00a0\u00bbfull\u00a0\u00bb alignment=\u00a0\u00bbcenter\u00a0\u00bb][vc_empty_space height=\u00a0\u00bb40px\u00a0\u00bb][vc_custom_heading text=\u00a0\u00bbD\u00e9terminer la criticit\u00e9 du service d&rsquo;application\u00a0\u00bb font_container=\u00a0\u00bbtag:h4|font_size:1.5rem|text_align:left\u00a0\u00bb use_theme_fonts=\u00a0\u00bbyes\u00a0\u00bb][vc_empty_space height=\u00a0\u00bb40px\u00a0\u00bb][vc_column_text]<\/p>\n<ul>\n<li>\u00c9valuer la criticit\u00e9 des applications en fonction des temps d&rsquo;arr\u00eat pr\u00e9vus<\/li>\n<li>D\u00e9duire le niveau SLA\u00a0:\n<ul>\n<li>Critique (en secondes), Grave (minutes), Significatif (heures), Mineur (jours)<\/li>\n<\/ul>\n<\/li>\n<\/ul>\n<p>[\/vc_column_text][vc_empty_space height=\u00a0\u00bb40px\u00a0\u00bb][vc_single_image image=\u00a0\u00bb2126&Prime; img_size=\u00a0\u00bbfull\u00a0\u00bb alignment=\u00a0\u00bbcenter\u00a0\u00bb][vc_column_text]<\/p>\n<ul>\n<li><em>Fournit un aper\u00e7u des exigences en mati\u00e8re de temps d&rsquo;arr\u00eat pour chaque application<\/em><\/li>\n<li><em>Cette connaissance permet \u00e0 l&rsquo;entreprise de r\u00e9duire ses co\u00fbts en ne payant que l&rsquo;assistance n\u00e9cessaire. Il facilite \u00e9galement les d\u00e9cisions sur les mises \u00e0 niveau et les remplacements d&rsquo;applications qui peuvent affecter consid\u00e9rablement les co\u00fbts informatiques.<\/em><\/li>\n<\/ul>\n<p>[\/vc_column_text][vc_empty_space height=\u00a0\u00bb40px\u00a0\u00bb][vc_custom_heading text=\u00a0\u00bbG\u00e9rer les cycles de vie des technologies\u00a0\u00bb font_container=\u00a0\u00bbtag:h4|font_size:1.5rem|text_align:left\u00a0\u00bb use_theme_fonts=\u00a0\u00bbyes\u00a0\u00bb][vc_empty_space height=\u00a0\u00bb40px\u00a0\u00bb][vc_column_text]<\/p>\n<ul>\n<li>Au fur et \u00e0 mesure que la technologie traverse les diff\u00e9rentes \u00e9tapes de son cycle de vie, mettez \u00e0 jour et partagez son statut avec l&rsquo;organisation et assurez-vous que les \u00e9quipes de d\u00e9veloppement utilisent les bonnes technologies<\/li>\n<li>Planifier les mises \u00e0 niveau des applications en fonction des cycles de vie de la technologie<\/li>\n<\/ul>\n<p>[\/vc_column_text][vc_empty_space height=\u00a0\u00bb40px\u00a0\u00bb][vc_single_image image=\u00a0\u00bb2127&Prime; img_size=\u00a0\u00bbfull\u00a0\u00bb alignment=\u00a0\u00bbcenter\u00a0\u00bb][vc_empty_space height=\u00a0\u00bb40px\u00a0\u00bb][vc_custom_heading text=\u00a0\u00bbInt\u00e9gration avec Flexera pour suivre l&rsquo;obsolescence technologique\u00a0\u00bb font_container=\u00a0\u00bbtag:h4|font_size:1.5rem|text_align:left\u00a0\u00bb use_theme_fonts=\u00a0\u00bbyes\u00a0\u00bb][vc_empty_space height=\u00a0\u00bb40px\u00a0\u00bb][vc_column_text]Hopex IT Portfolio Management propose \u00e9galement aux administrateurs informatiques des cycles de vie de produits logiciels cat\u00e9goris\u00e9s et organis\u00e9s, int\u00e9gr\u00e9s \u00e0 BDNA Techopedia \u2122. Cette fonctionnalit\u00e9 vous permet de suivre et de g\u00e9rer les produits obsol\u00e8tes et inefficaces, et ainsi de vous prot\u00e9ger des co\u00fbts et d\u00e9penses inutiles et impr\u00e9vus.<\/p>\n<ul>\n<li>Met \u00e0 jour automatiquement les informations sur les cycles de vie des technologies logicielles dans le r\u00e9f\u00e9rentiel HOPEX<\/li>\n<\/ul>\n<p>[\/vc_column_text][vc_empty_space height=\u00a0\u00bb40px\u00a0\u00bb][vc_single_image image=\u00a0\u00bb2128&Prime; img_size=\u00a0\u00bbfull\u00a0\u00bb alignment=\u00a0\u00bbcenter\u00a0\u00bb][vc_column_text]<\/p>\n<ul>\n<li><em>\u00c9vite les tracas li\u00e9s \u00e0 la mise \u00e0 jour manuelle des cycles de vie de la technologie<\/em><\/li>\n<li><em>Permet aux gestionnaires de portefeuille de mieux \u00e9valuer le portefeuille de technologies logicielles, de g\u00e9rer l&rsquo;obsolescence et les changements de prise en charge des fournisseurs<\/em><\/li>\n<li><em>Technopedia suit environ 1,2\u00a0million de mod\u00e8les de mat\u00e9riel informatique et de versions de logiciels, et plus de 57\u00a0millions de points de donn\u00e9es du march\u00e9.<\/em><\/li>\n<\/ul>\n<p>[\/vc_column_text][vc_empty_space height=\u00a0\u00bb40px\u00a0\u00bb][vc_custom_heading text=\u00a0\u00bbInt\u00e9gration Cast Highlight &#8211; Analyse du code logiciel\u00a0\u00bb font_container=\u00a0\u00bbtag:h4|font_size:1.5rem|text_align:left\u00a0\u00bb use_theme_fonts=\u00a0\u00bbyes\u00a0\u00bb][vc_empty_space height=\u00a0\u00bb40px\u00a0\u00bb][vc_column_text]<\/p>\n<ul>\n<li>CAST est le leader mondial de l&rsquo;<strong>intelligence logicielle<\/strong><\/li>\n<li><strong>CAST Highlight<\/strong> fournit une \u00e9valuation rapide et objective de la sant\u00e9 du portefeuille<\/li>\n<li>Il utilise l&rsquo;analyse de code pour identifier la <strong>r\u00e9silience, l&rsquo;agilit\u00e9 et la complexit\u00e9 des logiciels<\/strong>, ainsi que la <strong>pr\u00e9paration au cloud<\/strong> sur des portefeuilles d&rsquo;applications \u00e9tendus et distribu\u00e9s<\/li>\n<\/ul>\n<p>[\/vc_column_text][vc_empty_space height=\u00a0\u00bb40px\u00a0\u00bb][vc_single_image image=\u00a0\u00bb2130&Prime; img_size=\u00a0\u00bbfull\u00a0\u00bb alignment=\u00a0\u00bbcenter\u00a0\u00bb][vc_empty_space height=\u00a0\u00bb40px\u00a0\u00bb][vc_custom_heading text=\u00a0\u00bbCAST met en \u00e9vidence les d\u00e9finitions des m\u00e9triques de base\u00a0\u00bb font_container=\u00a0\u00bbtag:h4|font_size:1.5rem|text_align:left\u00a0\u00bb use_theme_fonts=\u00a0\u00bbyes\u00a0\u00bb][vc_empty_space height=\u00a0\u00bb40px\u00a0\u00bb][vc_row_inner][vc_column_inner width=\u00a0\u00bb1\/4&Prime;][vc_single_image image=\u00a0\u00bb2134&Prime; img_size=\u00a0\u00bbfull\u00a0\u00bb alignment=\u00a0\u00bbcenter\u00a0\u00bb][vc_empty_space height=\u00a0\u00bb20px\u00a0\u00bb][vc_column_text]La <strong>r\u00e9sistance logicielle<\/strong> indique les meilleures pratiques de programmation qui rendent les logiciels \u00e0 l&rsquo;\u00e9preuve des balles, plus robustes et s\u00e9curis\u00e9s. Cet indice est d\u00e9riv\u00e9 d&rsquo;une analyse de code sp\u00e9cifique \u00e0 la technologie qui recherche la pr\u00e9sence de mod\u00e8les de code et de mauvaises pratiques de programmation pouvant compromettre la fiabilit\u00e9 du logiciel \u00e0 court terme. Plus la r\u00e9silience logicielle est \u00e9lev\u00e9e, plus la probabilit\u00e9 d&rsquo;apparition de d\u00e9fauts en production est faible.[\/vc_column_text][\/vc_column_inner][vc_column_inner width=\u00a0\u00bb1\/4&Prime;][vc_single_image image=\u00a0\u00bb2131&Prime; img_size=\u00a0\u00bbfull\u00a0\u00bb alignment=\u00a0\u00bbcenter\u00a0\u00bb][vc_empty_space height=\u00a0\u00bb20px\u00a0\u00bb][vc_column_text]L&rsquo;<strong>agilit\u00e9 logicielle<\/strong> indique la facilit\u00e9 d&rsquo;une \u00e9quipe de d\u00e9veloppement \u00e0 comprendre et \u00e0 maintenir une application. Cet indice est d\u00e9riv\u00e9 d&rsquo;une analyse de code sp\u00e9cifique \u00e0 la technologie qui recherche la pr\u00e9sence de documentation int\u00e9gr\u00e9e et de bonnes pratiques de lisibilit\u00e9 du code.[\/vc_column_text][\/vc_column_inner][vc_column_inner width=\u00a0\u00bb1\/4&Prime;][vc_single_image image=\u00a0\u00bb2133&Prime; img_size=\u00a0\u00bbfull\u00a0\u00bb alignment=\u00a0\u00bbcenter\u00a0\u00bb][vc_empty_space height=\u00a0\u00bb20px\u00a0\u00bb][vc_column_text]<strong>L&rsquo;\u00e9l\u00e9gance logicielle mesure la capacit\u00e9 \u00e0 fournir<\/strong> une valeur logicielle avec moins de complexit\u00e9 de code. Un faible score d&rsquo;\u00e9l\u00e9gance du logiciel indique une baisse de la qualit\u00e9 du code, ce qui entra\u00eene des d\u00e9fauts plus importants qui deviennent co\u00fbteux \u00e0 corriger \u00e0 moyen terme.[\/vc_column_text][\/vc_column_inner][vc_column_inner width=\u00a0\u00bb1\/4&Prime;][vc_single_image image=\u00a0\u00bb2132&Prime; img_size=\u00a0\u00bbfull\u00a0\u00bb alignment=\u00a0\u00bbcenter\u00a0\u00bb][vc_empty_space height=\u00a0\u00bb20px\u00a0\u00bb][vc_column_text]<strong>CloudReady Index<\/strong> mesure la pr\u00e9paration de votre portefeuille \u00e0 s&rsquo;engager dans une migration vers le cloud. Highlight analyse plus de 50 mod\u00e8les de code diff\u00e9rents qui rendent une application plus difficile \u00e0 migrer et \u00e0 ex\u00e9cuter en douceur dans le Cloud. Suivez les probl\u00e8mes tels que l&rsquo;utilisation des composants COM, l&rsquo;utilisation des DLL syst\u00e8me ou l&rsquo;usurpation d&rsquo;identit\u00e9, et surveillez les am\u00e9liorations au fil du temps. Les technologies actuellement prises en charge sont Java, C# et VB.Net.[\/vc_column_text][\/vc_column_inner][\/vc_row_inner][vc_empty_space height=\u00a0\u00bb40px\u00a0\u00bb][vc_custom_heading text=\u00a0\u00bbGestion de portefeuille informatique HOPEX construite sur une plate-forme unique\u00a0\u00bb font_container=\u00a0\u00bbtag:h4|font_size:1.5rem|text_align:left\u00a0\u00bb use_theme_fonts=\u00a0\u00bbyes\u00a0\u00bb][vc_empty_space height=\u00a0\u00bb40px\u00a0\u00bb][vc_single_image image=\u00a0\u00bb2136&Prime; img_size=\u00a0\u00bbfull\u00a0\u00bb alignment=\u00a0\u00bbcenter\u00a0\u00bb][vc_empty_space height=\u00a0\u00bb40px\u00a0\u00bb][vc_column_text]<\/p>\n<ul>\n<li>Toutes les solutions HOPEX sont construites sur une seule plate-forme<\/li>\n<li>Il fournit un espace de travail collaboratif int\u00e9gr\u00e9 dans un r\u00e9f\u00e9rentiel commun<\/li>\n<li>Il vous offre une vue unique, int\u00e9gr\u00e9e et dynamique de votre entreprise<\/li>\n<li>Il vous offre une vue unique, int\u00e9gr\u00e9e et dynamique de votre entreprise avec des outils en temps r\u00e9el pour une surveillance et une prise de d\u00e9cision am\u00e9lior\u00e9es<\/li>\n<\/ul>\n<p>[\/vc_column_text][vc_empty_space height=\u00a0\u00bb40px\u00a0\u00bb][vc_custom_heading text=\u00a0\u00bbTaxonomie des applications\u00a0\u00bb font_container=\u00a0\u00bbtag:h4|font_size:1.5rem|text_align:left\u00a0\u00bb use_theme_fonts=\u00a0\u00bbyes\u00a0\u00bb][vc_empty_space height=\u00a0\u00bb40px\u00a0\u00bb][vc_row_inner content_placement=\u00a0\u00bbmiddle\u00a0\u00bb][vc_column_inner width=\u00a0\u00bb1\/2&Prime;][vc_single_image image=\u00a0\u00bb2137&Prime; img_size=\u00a0\u00bbfull\u00a0\u00bb alignment=\u00a0\u00bbcenter\u00a0\u00bb][\/vc_column_inner][vc_column_inner width=\u00a0\u00bb1\/2&Prime;][vc_column_text]<\/p>\n<ul>\n<li style=\"list-style-type: none;\">\n<ul>\n<li>HOPEX ITPM offre une <strong>taxonomie<\/strong><\/li>\n<\/ul>\n<\/li>\n<\/ul>\n<p>pr\u00eate \u00e0 l&#8217;emploi<\/p>\n<ul>\n<li>Il fournit une <strong>description compl\u00e8te de l&rsquo;application<\/strong> qui couvre tous les besoins commerciaux et informatiques<\/li>\n<li>Il est enti\u00e8rement <strong>personnalisable<\/strong><\/li>\n<\/ul>\n<p>[\/vc_column_text][\/vc_column_inner][\/vc_row_inner][vc_empty_space height=\u00a0\u00bb40px\u00a0\u00bb][vc_custom_heading text=\u00a0\u00bbInt\u00e9gration avec ServiceNow\u00a0\u00bb font_container=\u00a0\u00bbtag:h4|font_size:1.5rem|text_align:left\u00a0\u00bb use_theme_fonts=\u00a0\u00bbyes\u00a0\u00bb][vc_empty_space height=\u00a0\u00bb40px\u00a0\u00bb][vc_column_text]<\/p>\n<ul>\n<li>Remplir rapidement le r\u00e9f\u00e9rentiel HOPEX avec des actifs informatiques provenant de ServiceNow<\/li>\n<li>R\u00e9ciproquement, en d\u00e9finissant la plate-forme HOPEX comme une source unique de v\u00e9rit\u00e9 pour les applications, assurez-vous que ServiceNow dispose d&rsquo;un inventaire des applications qui refl\u00e8te les d\u00e9cisions strat\u00e9giques prises.<\/li>\n<li>D\u00e9finir les normes technologiques en fonction de la politique informatique<\/li>\n<\/ul>\n<p>[\/vc_column_text][vc_empty_space height=\u00a0\u00bb40px\u00a0\u00bb][vc_single_image image=\u00a0\u00bb2138&Prime; img_size=\u00a0\u00bbfull\u00a0\u00bb alignment=\u00a0\u00bbcenter\u00a0\u00bb][vc_empty_space height=\u00a0\u00bb40px\u00a0\u00bb][vc_custom_heading text=\u00a0\u00bbRapport graphique d&rsquo;\u00e9change d&rsquo;applications\u00a0\u00bb font_container=\u00a0\u00bbtag:h4|font_size:1.5rem|text_align:left\u00a0\u00bb use_theme_fonts=\u00a0\u00bbyes\u00a0\u00bb][vc_empty_space height=\u00a0\u00bb40px\u00a0\u00bb][vc_column_text]<\/p>\n<ul>\n<li>En s\u00e9lectionnant plusieurs applications dans HOPEX IT Portfolio Management, visualisez rapidement tous les \u00e9changes entre ces applications dans un rendu graphique<\/li>\n<\/ul>\n<p>[\/vc_column_text][vc_empty_space height=\u00a0\u00bb40px\u00a0\u00bb][vc_single_image image=\u00a0\u00bb2139&Prime; img_size=\u00a0\u00bbfull\u00a0\u00bb alignment=\u00a0\u00bbcenter\u00a0\u00bb][vc_empty_space height=\u00a0\u00bb40px\u00a0\u00bb][vc_custom_heading text=\u00a0\u00bbCycle de vie des applications\u00a0\u00bb font_container=\u00a0\u00bbtag:h4|font_size:1.5rem|text_align:left\u00a0\u00bb use_theme_fonts=\u00a0\u00bbyes\u00a0\u00bb][vc_empty_space height=\u00a0\u00bb40px\u00a0\u00bb][vc_column_text]<\/p>\n<ul>\n<li>D\u00e9finir le cycle de vie des applications et des technologies ainsi que le calendrier de d\u00e9ploiement<\/li>\n<\/ul>\n<p>[\/vc_column_text][vc_empty_space height=\u00a0\u00bb40px\u00a0\u00bb][vc_single_image image=\u00a0\u00bb2140&Prime; img_size=\u00a0\u00bbfull\u00a0\u00bb alignment=\u00a0\u00bbcenter\u00a0\u00bb][vc_column_text]<em>Permet aux responsables informatiques d&rsquo;avoir une vision claire des cycles de vie et de mieux planifier les d\u00e9veloppements de nouvelles applications<\/em>[\/vc_column_text][vc_empty_space height=\u00a0\u00bb40px\u00a0\u00bb][vc_custom_heading text=\u00a0\u00bbPrioriser les projets avec des cartes thermiques\u00a0\u00bb font_container=\u00a0\u00bbtag:h4|font_size:1.5rem|text_align:left\u00a0\u00bb use_theme_fonts=\u00a0\u00bbyes\u00a0\u00bb][vc_empty_space height=\u00a0\u00bb40px\u00a0\u00bb][vc_column_text]Comparez les projets \u00e0 l&rsquo;aide d&rsquo;un rapport de carte thermique et d&rsquo;un tableau r\u00e9capitulatif[\/vc_column_text][vc_empty_space height=\u00a0\u00bb40px\u00a0\u00bb][vc_single_image image=\u00a0\u00bb2141&Prime; img_size=\u00a0\u00bbfull\u00a0\u00bb alignment=\u00a0\u00bbcenter\u00a0\u00bb][vc_empty_space height=\u00a0\u00bb40px\u00a0\u00bb][vc_column_text]Choisir le bon outil est une question difficile en soi. Un produit fabriqu\u00e9 en tenant compte des meilleures pratiques de l&rsquo;industrie et avec lequel vous pouvez travailler dans une relation \u00e0 long terme, saine et efficace avec son fabricant et\/ou fournisseur choisi est la solution la plus optimale.<\/p>\n<p>Avec plus de 15 ans d&rsquo;exp\u00e9rience, PROYA s&rsquo;est associ\u00e9 \u00e0 MEGA International, qui a 30 ans d&rsquo;exp\u00e9rience, et a commenc\u00e9 \u00e0 proposer le package Hopex IT Portfolio Management, l&rsquo;une des familles de produits les plus ambitieuses et les plus compl\u00e8tes dans le domaine de l&rsquo;ITPM.[\/vc_column_text][vc_empty_space height=\u00a0\u00bb40px\u00a0\u00bb][vc_single_image image=\u00a0\u00bb2142&Prime; img_size=\u00a0\u00bbfull\u00a0\u00bb alignment=\u00a0\u00bbcenter\u00a0\u00bb][vc_empty_space height=\u00a0\u00bb40px\u00a0\u00bb][\/vc_column][\/vc_row][\/vc_section]<\/p>\n","protected":false},"excerpt":{"rendered":"<p>[vc_section bg_position=\u00a0\u00bbcenter center\u00a0\u00bb css=\u00a0\u00bb.vc_custom_1652574420455{background: #ad2727 url(https:\/\/proyacorp.ca\/wp-content\/uploads\/2022\/05\/ITPM-IT-Portfolio-Management.jpg?id=2144) !important;background-position: center !important;background-repeat: no-repeat !important;background-size: cover !important;}\u00a0\u00bb el_class=\u00a0\u00bbmask\u00a0\u00bb][vc_row css=\u00a0\u00bb.vc_custom_1667173558585{padding-top: 120px !important;padding-bottom: 100px !important;}\u00a0\u00bb el_class=\u00a0\u00bbproya-header\u00a0\u00bb][vc_column width=\u00a0\u00bb5\/6&Prime;][vc_custom_heading text=\u00a0\u00bbnos solutions\u00a0\u00bb font_container=\u00a0\u00bbtag:div|font_size:3rem|text_align:left|color:%23ffffff\u00a0\u00bb use_theme_fonts=\u00a0\u00bbyes\u00a0\u00bb css_animation=\u00a0\u00bbfadeInUp\u00a0\u00bb css=\u00a0\u00bb.vc_custom_1689677784585{margin-left: 3px !important;}\u00a0\u00bb el_class=\u00a0\u00bbdelay-1 custom-hd\u00a0\u00bb][vc_empty_space height=\u00a0\u00bb20px\u00a0\u00bb][vc_custom_heading text=\u00a0\u00bbGestion de portefeuille IT\u00a0\u00bb font_container=\u00a0\u00bbtag:h2|font_size:3.3rem|text_align:left|color:%23ffffff|line_height:1&Prime; use_theme_fonts=\u00a0\u00bbyes\u00a0\u00bb css_animation=\u00a0\u00bbfadeInUp\u00a0\u00bb el_class=\u00a0\u00bbcustom-hd delay-2&Prime;][vc_separator color=\u00a0\u00bbwhite\u00a0\u00bb align=\u00a0\u00bbalign_left\u00a0\u00bb border_width=\u00a0\u00bb5&Prime; el_width=\u00a0\u00bb10&Prime; css_animation=\u00a0\u00bbfadeInUp\u00a0\u00bb el_class=\u00a0\u00bbdelay-4&Prime; css=\u00a0\u00bb.vc_custom_1540432371541{margin-bottom: 50px !important;margin-left: 5px !important;padding-top: 15px !important;}\u00a0\u00bb][vc_column_text css_animation=\u00a0\u00bbfadeInUp\u00a0\u00bb [&hellip;]<\/p>\n","protected":false},"author":1,"featured_media":0,"parent":0,"menu_order":0,"comment_status":"closed","ping_status":"closed","template":"tmpl\/template-fullwidth.php","meta":{"footnotes":""},"class_list":["post-4505","page","type-page","status-publish","hentry"],"acf":[],"aioseo_notices":[],"_links":{"self":[{"href":"https:\/\/proyacorp.ca\/fr\/wp-json\/wp\/v2\/pages\/4505","targetHints":{"allow":["GET"]}}],"collection":[{"href":"https:\/\/proyacorp.ca\/fr\/wp-json\/wp\/v2\/pages"}],"about":[{"href":"https:\/\/proyacorp.ca\/fr\/wp-json\/wp\/v2\/types\/page"}],"author":[{"embeddable":true,"href":"https:\/\/proyacorp.ca\/fr\/wp-json\/wp\/v2\/users\/1"}],"replies":[{"embeddable":true,"href":"https:\/\/proyacorp.ca\/fr\/wp-json\/wp\/v2\/comments?post=4505"}],"version-history":[{"count":2,"href":"https:\/\/proyacorp.ca\/fr\/wp-json\/wp\/v2\/pages\/4505\/revisions"}],"predecessor-version":[{"id":4507,"href":"https:\/\/proyacorp.ca\/fr\/wp-json\/wp\/v2\/pages\/4505\/revisions\/4507"}],"wp:attachment":[{"href":"https:\/\/proyacorp.ca\/fr\/wp-json\/wp\/v2\/media?parent=4505"}],"curies":[{"name":"wp","href":"https:\/\/api.w.org\/{rel}","templated":true}]}}