{"id":4508,"date":"2022-05-08T14:13:22","date_gmt":"2022-05-08T18:13:22","guid":{"rendered":"https:\/\/proyacorp.ca\/ibm-rational-rhapsody\/"},"modified":"2023-07-18T08:02:30","modified_gmt":"2023-07-18T12:02:30","slug":"ibm-rational-rhapsody","status":"publish","type":"page","link":"https:\/\/proyacorp.ca\/fr\/ibm-rational-rhapsody\/","title":{"rendered":"IBM Rational Rhapsody"},"content":{"rendered":"<p>[vc_section bg_position=\u00a0\u00bbleft top\u00a0\u00bb css=\u00a0\u00bb.vc_custom_1652041037127{background: #a51515 url(https:\/\/proyacorp.ca\/wp-content\/uploads\/2022\/05\/IBM-Rational-Rhapsody-Family.jpg?id=1935) !important;background-position: center !important;background-repeat: no-repeat !important;background-size: cover !important;}\u00a0\u00bb el_class=\u00a0\u00bbmask\u00a0\u00bb][vc_row css=\u00a0\u00bb.vc_custom_1667173502773{padding-top: 120px !important;padding-bottom: 100px !important;}\u00a0\u00bb el_class=\u00a0\u00bbproya-header\u00a0\u00bb][vc_column width=\u00a0\u00bb5\/6&Prime;][vc_custom_heading text=\u00a0\u00bbnos solutions\u00a0\u00bb font_container=\u00a0\u00bbtag:div|font_size:3rem|text_align:left|color:%23ffffff\u00a0\u00bb use_theme_fonts=\u00a0\u00bbyes\u00a0\u00bb css_animation=\u00a0\u00bbfadeInUp\u00a0\u00bb css=\u00a0\u00bb.vc_custom_1689681695950{margin-left: 3px !important;}\u00a0\u00bb el_class=\u00a0\u00bbdelay-1 custom-hd\u00a0\u00bb][vc_empty_space height=\u00a0\u00bb20px\u00a0\u00bb][vc_custom_heading text=\u00a0\u00bbIBM Rational Rhapsody Family\u00a0\u00bb font_container=\u00a0\u00bbtag:h2|font_size:3.3rem|text_align:left|color:%23ffffff|line_height:1&Prime; use_theme_fonts=\u00a0\u00bbyes\u00a0\u00bb css_animation=\u00a0\u00bbfadeInUp\u00a0\u00bb el_class=\u00a0\u00bbcustom-hd delay-2&Prime;][vc_separator color=\u00a0\u00bbwhite\u00a0\u00bb align=\u00a0\u00bbalign_left\u00a0\u00bb border_width=\u00a0\u00bb5&Prime; el_width=\u00a0\u00bb10&Prime; css_animation=\u00a0\u00bbfadeInUp\u00a0\u00bb el_class=\u00a0\u00bbdelay-4&Prime; css=\u00a0\u00bb.vc_custom_1540432371541{margin-bottom: 50px !important;margin-left: 5px !important;padding-top: 15px !important;}\u00a0\u00bb][vc_column_text css_animation=\u00a0\u00bbfadeInUp\u00a0\u00bb css=\u00a0\u00bb.vc_custom_1689681709991{margin-left: 3px !important;}\u00a0\u00bb el_class=\u00a0\u00bbdelay-3&Prime;]<a class=\"button line\" href=\"https:\/\/proyacorp.ca\/fr\/contactez-nous\/\">Contactez-nous d\u00e8s aujourd&rsquo;hui.<\/a>[\/vc_column_text][\/vc_column][vc_column width=\u00a0\u00bb1\/6&Prime;][\/vc_column][\/vc_row][\/vc_section][vc_section css_animation=\u00a0\u00bbnone\u00a0\u00bb css=\u00a0\u00bb.vc_custom_1651960199883{padding-bottom: 40px !important;}\u00a0\u00bb][vc_row][vc_column][vc_empty_space height=\u00a0\u00bb80px\u00a0\u00bb][vc_custom_heading text=\u00a0\u00bbIBM Rational Rhapsody Family\u00a0\u00bb font_container=\u00a0\u00bbtag:h3|text_align:center\u00a0\u00bb use_theme_fonts=\u00a0\u00bbyes\u00a0\u00bb][vc_empty_space height=\u00a0\u00bb40px\u00a0\u00bb][vc_column_text]IBM Rational Rhapsody est une solution con\u00e7ue pour les activit\u00e9s de mod\u00e9lisation et de conception. Les outils de la famille Rhapsody fournissent un environnement commun de conception, de d\u00e9veloppement et de test pour les ing\u00e9nieurs syst\u00e8me et les ing\u00e9nieurs logiciels.<\/p>\n<p>Rhapsody prend en charge UML, SysML et AUTOSAR, vous permet de contr\u00f4ler les cadres de d\u00e9fense (DoDAF, MODAF et UPDM) et est conforme aux normes telles que DO-178, ISO 26262, etc.<\/p>\n<p>IBM Rational Rhapsody vous permet de g\u00e9rer la complexit\u00e9 \u00e0 laquelle sont confront\u00e9es de nombreuses organisations dans le cadre du d\u00e9veloppement de produits et de syst\u00e8mes d&rsquo;aujourd&rsquo;hui. Avec ses fonctionnalit\u00e9s de simulation rapide et de prototypage, il poss\u00e8de les fonctionnalit\u00e9s de d\u00e9tection pr\u00e9coce des erreurs et de v\u00e9rification continue de votre syst\u00e8me. Gr\u00e2ce \u00e0 la possibilit\u00e9 d&rsquo;int\u00e9gration avec d&rsquo;autres outils de conception tels que Mathworks Simulink, vous pouvez garantir l&rsquo;int\u00e9grit\u00e9 du cycle de vie de l&rsquo;ing\u00e9nierie.<\/p>\n<p><strong>Versions du produit\u00a0:<\/strong><\/p>\n<p><strong>Rational Rhapsody Architect for Systems Engineers\u00a0:<\/strong> il s&rsquo;agit d&rsquo;un environnement d&rsquo;ing\u00e9nierie syst\u00e8me bas\u00e9 sur un mod\u00e8le (MBSE) pour les projets d&rsquo;ing\u00e9nierie de syst\u00e8mes complexes. Il vous aide \u00e0 analyser les exigences d&rsquo;ing\u00e9nierie syst\u00e8me en utilisant les langages de mod\u00e9lisation SysML et UML.<\/p>\n<p><strong>Rational Rhapsody Architect for Software\u00a0:<\/strong> il s&rsquo;agit d&rsquo;un environnement de d\u00e9veloppement de logiciels embarqu\u00e9s int\u00e9gr\u00e9s qui utilise la mod\u00e9lisation UML pour visualiser, concevoir et d\u00e9velopper des logiciels embarqu\u00e9s<\/p>\n<p><strong>Rational Rhapsody Design Manager\u00a0:<\/strong> il vous permet de collaborer avec l&rsquo;ensemble de l&rsquo;\u00e9quipe d&rsquo;ing\u00e9nierie, de partager, d&rsquo;examiner et de g\u00e9rer des conceptions et des mod\u00e8les.<\/p>\n<p><strong>Rational Rhapsody Designer pour les ing\u00e9nieurs syst\u00e8me\u00a0:<\/strong> am\u00e9liore l&rsquo;environnement d&rsquo;ing\u00e9nierie syst\u00e8me bas\u00e9 sur des mod\u00e8les avec des fonctionnalit\u00e9s de simulation et d&rsquo;ex\u00e9cution de mod\u00e8les pour faciliter la validation des exigences, de l&rsquo;architecture et des processus \u00e0 un stade pr\u00e9coce.<\/p>\n<p><strong>Rational Rhapsody Developer\u00a0:<\/strong> il vous aide \u00e0 d\u00e9velopper et \u00e0 valider des applications logicielles int\u00e9gr\u00e9es via la simulation, la g\u00e9n\u00e9ration de code comportemental et l&rsquo;int\u00e9gration syst\u00e8me en temps r\u00e9el.[\/vc_column_text][vc_empty_space height=\u00a0\u00bb40px\u00a0\u00bb][vc_custom_heading text=\u00a0\u00bbBrochure\u00a0\u00bb font_container=\u00a0\u00bbtag:h4|text_align:center\u00a0\u00bb use_theme_fonts=\u00a0\u00bbyes\u00a0\u00bb][vc_empty_space height=\u00a0\u00bb40px\u00a0\u00bb][vc_column_text]<div class=\"ead-preview\"><div class=\"ead-document\" style=\"position: relative;padding-top: 90%;\"><div class=\"ead-iframe-wrapper\"><iframe src=\"\/\/docs.google.com\/viewer?url=https%3A%2F%2Fproyacorp.ca%2Fwp-content%2Fuploads%2F2022%2F05%2FThe-Rational-Rhapsody-family.pdf&amp;embedded=true&amp;hl=en\" title=\"Document embarqu\u00e9\" class=\"ead-iframe\" style=\"width: 100%;height: 100%;border: none;position: absolute;left: 0;top: 0;visibility: hidden;\"><\/iframe><\/div>\t\t\t<div class=\"ead-document-loading\" style=\"width:100%;height:100%;position:absolute;left:0;top:0;z-index:10;\">\n\t\t\t\t<div class=\"ead-loading-wrap\">\n\t\t\t\t\t<div class=\"ead-loading-main\">\n\t\t\t\t\t\t<div class=\"ead-loading\">\n\t\t\t\t\t\t\t<img loading=\"lazy\" decoding=\"async\" src=\"https:\/\/proyacorp.ca\/wp-content\/plugins\/embed-any-document\/images\/loading.svg\" width=\"55\" height=\"55\" alt=\"Chargeur\">\n\t\t\t\t\t\t\t<span>En cours de chargement&hellip;<\/span>\n\t\t\t\t\t\t<\/div>\n\t\t\t\t\t<\/div>\n\t\t\t\t\t<div class=\"ead-loading-foot\">\n\t\t\t\t\t\t<div class=\"ead-loading-foot-title\">\n\t\t\t\t\t\t\t<img loading=\"lazy\" decoding=\"async\" src=\"https:\/\/proyacorp.ca\/wp-content\/plugins\/embed-any-document\/images\/EAD-logo.svg\" alt=\"Logo EAD\" width=\"36\" height=\"23\"\/>\n\t\t\t\t\t\t\t<span>Cela prend trop de temps\u00a0?<\/span>\n\t\t\t\t\t\t<\/div>\n\t\t\t\t\t\t<div class=\"ead-document-btn ead-reload-btn\" role=\"button\">\n\t\t\t\t\t\t\t\t<img loading=\"lazy\" decoding=\"async\" src=\"https:\/\/proyacorp.ca\/wp-content\/plugins\/embed-any-document\/images\/reload.svg\" alt=\"Recharger\" width=\"12\" height=\"12\"\/> Recharger le document\t\t\t\t\t\t\t<\/div>\n\t\t\t\t\t\t\t<span>|<\/span>\n\t\t\t\t\t\t\t<a href=\"https:\/\/proyacorp.ca\/wp-content\/uploads\/2022\/05\/The-Rational-Rhapsody-family.pdf\" class=\"ead-document-btn\" target=\"_blank\">\n\t\t\t\t\t\t\t\t<img loading=\"lazy\" decoding=\"async\" src=\"https:\/\/proyacorp.ca\/wp-content\/plugins\/embed-any-document\/images\/open.svg\" alt=\"Ouvert\" width=\"12\" height=\"12\"\/> Ouvrir dans un nouvel onglet\t\t\t\t\t\t\t<\/a>\n\t\t\t\t\t<\/div>\n\t\t\t\t<\/div>\n\t\t\t<\/div>\n\t\t<\/div><\/div>[\/vc_column_text][\/vc_column][\/vc_row][\/vc_section]<\/p>\n","protected":false},"excerpt":{"rendered":"<p>[vc_section bg_position=\u00a0\u00bbleft top\u00a0\u00bb css=\u00a0\u00bb.vc_custom_1652041037127{background: #a51515 url(https:\/\/proyacorp.ca\/wp-content\/uploads\/2022\/05\/IBM-Rational-Rhapsody-Family.jpg?id=1935) !important;background-position: center !important;background-repeat: no-repeat !important;background-size: cover !important;}\u00a0\u00bb el_class=\u00a0\u00bbmask\u00a0\u00bb][vc_row css=\u00a0\u00bb.vc_custom_1667173502773{padding-top: 120px !important;padding-bottom: 100px !important;}\u00a0\u00bb el_class=\u00a0\u00bbproya-header\u00a0\u00bb][vc_column width=\u00a0\u00bb5\/6&Prime;][vc_custom_heading text=\u00a0\u00bbnos solutions\u00a0\u00bb font_container=\u00a0\u00bbtag:div|font_size:3rem|text_align:left|color:%23ffffff\u00a0\u00bb use_theme_fonts=\u00a0\u00bbyes\u00a0\u00bb css_animation=\u00a0\u00bbfadeInUp\u00a0\u00bb css=\u00a0\u00bb.vc_custom_1689681695950{margin-left: 3px !important;}\u00a0\u00bb el_class=\u00a0\u00bbdelay-1 custom-hd\u00a0\u00bb][vc_empty_space height=\u00a0\u00bb20px\u00a0\u00bb][vc_custom_heading text=\u00a0\u00bbIBM Rational Rhapsody Family\u00a0\u00bb font_container=\u00a0\u00bbtag:h2|font_size:3.3rem|text_align:left|color:%23ffffff|line_height:1&Prime; use_theme_fonts=\u00a0\u00bbyes\u00a0\u00bb css_animation=\u00a0\u00bbfadeInUp\u00a0\u00bb el_class=\u00a0\u00bbcustom-hd delay-2&Prime;][vc_separator color=\u00a0\u00bbwhite\u00a0\u00bb align=\u00a0\u00bbalign_left\u00a0\u00bb border_width=\u00a0\u00bb5&Prime; el_width=\u00a0\u00bb10&Prime; css_animation=\u00a0\u00bbfadeInUp\u00a0\u00bb el_class=\u00a0\u00bbdelay-4&Prime; css=\u00a0\u00bb.vc_custom_1540432371541{margin-bottom: 50px !important;margin-left: 5px !important;padding-top: 15px !important;}\u00a0\u00bb][vc_column_text css_animation=\u00a0\u00bbfadeInUp\u00a0\u00bb [&hellip;]<\/p>\n","protected":false},"author":1,"featured_media":0,"parent":0,"menu_order":0,"comment_status":"closed","ping_status":"closed","template":"tmpl\/template-fullwidth.php","meta":{"footnotes":""},"class_list":["post-4508","page","type-page","status-publish","hentry"],"acf":[],"aioseo_notices":[],"_links":{"self":[{"href":"https:\/\/proyacorp.ca\/fr\/wp-json\/wp\/v2\/pages\/4508","targetHints":{"allow":["GET"]}}],"collection":[{"href":"https:\/\/proyacorp.ca\/fr\/wp-json\/wp\/v2\/pages"}],"about":[{"href":"https:\/\/proyacorp.ca\/fr\/wp-json\/wp\/v2\/types\/page"}],"author":[{"embeddable":true,"href":"https:\/\/proyacorp.ca\/fr\/wp-json\/wp\/v2\/users\/1"}],"replies":[{"embeddable":true,"href":"https:\/\/proyacorp.ca\/fr\/wp-json\/wp\/v2\/comments?post=4508"}],"version-history":[{"count":2,"href":"https:\/\/proyacorp.ca\/fr\/wp-json\/wp\/v2\/pages\/4508\/revisions"}],"predecessor-version":[{"id":4510,"href":"https:\/\/proyacorp.ca\/fr\/wp-json\/wp\/v2\/pages\/4508\/revisions\/4510"}],"wp:attachment":[{"href":"https:\/\/proyacorp.ca\/fr\/wp-json\/wp\/v2\/media?parent=4508"}],"curies":[{"name":"wp","href":"https:\/\/api.w.org\/{rel}","templated":true}]}}