{"id":4511,"date":"2022-05-08T17:04:13","date_gmt":"2022-05-08T21:04:13","guid":{"rendered":"https:\/\/proyacorp.ca\/ibm-rational-doors-web-access\/"},"modified":"2023-07-18T08:08:11","modified_gmt":"2023-07-18T12:08:11","slug":"ibm-rational-doors-web-access","status":"publish","type":"page","link":"https:\/\/proyacorp.ca\/fr\/ibm-rational-doors-web-access\/","title":{"rendered":"IBM Rational DOORS Web Access"},"content":{"rendered":"<p>[vc_section bg_position=\u00a0\u00bbleft top\u00a0\u00bb css=\u00a0\u00bb.vc_custom_1652044032753{background: #ad012f url(https:\/\/proyacorp.ca\/wp-content\/uploads\/2022\/05\/IBM-Rational-DOORS-Web-Access.jpg?id=1945) !important;background-position: center !important;background-repeat: no-repeat !important;background-size: cover !important;}\u00a0\u00bb el_class=\u00a0\u00bbmask\u00a0\u00bb][vc_row css=\u00a0\u00bb.vc_custom_1667173379187{padding-top: 120px !important;padding-bottom: 100px !important;}\u00a0\u00bb el_class=\u00a0\u00bbproya-header\u00a0\u00bb][vc_column width=\u00a0\u00bb5\/6&Prime;][vc_custom_heading text=\u00a0\u00bbnos solutions\u00a0\u00bb font_container=\u00a0\u00bbtag:div|font_size:3rem|text_align:left|color:%23ffffff\u00a0\u00bb use_theme_fonts=\u00a0\u00bbyes\u00a0\u00bb css_animation=\u00a0\u00bbfadeInUp\u00a0\u00bb css=\u00a0\u00bb.vc_custom_1689681844021{margin-left: 3px !important;}\u00a0\u00bb el_class=\u00a0\u00bbdelay-1 custom-hd\u00a0\u00bb][vc_empty_space height=\u00a0\u00bb20px\u00a0\u00bb][vc_custom_heading text=\u00a0\u00bbIBM Rational DOORS Web Access\u00a0\u00bb font_container=\u00a0\u00bbtag:h2|font_size:3.3rem|text_align:left|color:%23ffffff|line_height:1&Prime; use_theme_fonts=\u00a0\u00bbyes\u00a0\u00bb css_animation=\u00a0\u00bbfadeInUp\u00a0\u00bb el_class=\u00a0\u00bbcustom-hd delay-2&Prime;][vc_separator color=\u00a0\u00bbwhite\u00a0\u00bb align=\u00a0\u00bbalign_left\u00a0\u00bb border_width=\u00a0\u00bb5&Prime; el_width=\u00a0\u00bb10&Prime; css_animation=\u00a0\u00bbfadeInUp\u00a0\u00bb el_class=\u00a0\u00bbdelay-4&Prime; css=\u00a0\u00bb.vc_custom_1540432371541{margin-bottom: 50px !important;margin-left: 5px !important;padding-top: 15px !important;}\u00a0\u00bb][vc_column_text css_animation=\u00a0\u00bbfadeInUp\u00a0\u00bb css=\u00a0\u00bb.vc_custom_1689682016226{margin-left: 3px !important;}\u00a0\u00bb el_class=\u00a0\u00bbdelay-3&Prime;]<a class=\"button line\" href=\"https:\/\/proyacorp.ca\/fr\/contactez-nous\/\">Contactez-nous d\u00e8s aujourd&rsquo;hui.<\/a>[\/vc_column_text][\/vc_column][vc_column width=\u00a0\u00bb1\/6&Prime;][\/vc_column][\/vc_row][\/vc_section][vc_section css_animation=\u00a0\u00bbnone\u00a0\u00bb css=\u00a0\u00bb.vc_custom_1651960199883{padding-bottom: 40px !important;}\u00a0\u00bb][vc_row][vc_column][vc_empty_space height=\u00a0\u00bb80px\u00a0\u00bb][vc_custom_heading text=\u00a0\u00bbIBM Rational DOORS Web Access\u00a0\u00bb font_container=\u00a0\u00bbtag:h3|text_align:center\u00a0\u00bb use_theme_fonts=\u00a0\u00bbyes\u00a0\u00bb][vc_empty_space height=\u00a0\u00bb40px\u00a0\u00bb][vc_column_text]<strong>Acc\u00e8s Web \u00e0 l&rsquo;application de gestion des exigences Rational DOORS<\/strong><\/p>\n<p>Rational DOORS vous permet de capturer, de suivre et d&rsquo;analyser les modifications des exigences et de prouver la conformit\u00e9 avec la gestion, les r\u00e9glementations et les normes. Il existe deux versions en tant que client DOORS et DOORS Web Access. Le client DOORS fonctionne sur la base d&rsquo;exe, offre la possibilit\u00e9 d&rsquo;utiliser toutes les fonctionnalit\u00e9s de DOORS dans les moindres d\u00e9tails, vous pouvez \u00e9galement g\u00e9rer vos utilisateurs dans la version client DOORS et vous pouvez effectuer les op\u00e9rations qui n\u00e9cessitent une autorisation d&rsquo;administrateur (telles que la sauvegarde, la restauration.).<\/p>\n<p>DOORS Web Access (DWA) vous donne un acc\u00e8s Web aux exigences d&rsquo;une base de donn\u00e9es IBM Engineering Requirements Management DOORS (DOORS). DWA a deux types d&rsquo;acc\u00e8s, le mode r\u00e9viseur et le mode \u00e9diteur. En mode R\u00e9viseur, vous disposez d&rsquo;un acc\u00e8s en lecture seule aux projets, dossiers et modules formels, mais vous pouvez commenter les exigences. Si vous avez acc\u00e8s \u00e0 une licence pour le mode \u00e9diteur, vous pouvez cr\u00e9er, copier, modifier, d\u00e9placer et supprimer des exigences et des attributs sur le module formel.<\/p>\n<p>Rational DOORS Web Access vous aide \u00e0 promouvoir la collaboration et l&rsquo;utilisation des exigences dans votre processus de d\u00e9veloppement. Ce client Web donne acc\u00e8s au r\u00e9f\u00e9rentiel central des exigences et aux discussions informelles sur les exigences.<\/p>\n<p><strong>R\u00e9f\u00e9rentiel des exigences\u00a0:<\/strong> il permet aux parties prenantes d&rsquo;ajouter de nouvelles exigences via un client Web, d&rsquo;analyser ou d&rsquo;examiner en d\u00e9tail les exigences existantes et de valider une sp\u00e9cification.<\/p>\n<p><strong>Tra\u00e7abilit\u00e9\u00a0:<\/strong> permet aux \u00e9quipes de d\u00e9veloppement de cr\u00e9er une tra\u00e7abilit\u00e9 bidirectionnelle pour l&rsquo;analyse d&rsquo;impact et la conformit\u00e9 de la tra\u00e7abilit\u00e9.<\/p>\n<p><strong>Gr\u00e2ce aux discussions sur les exigences, encourage la collaboration entre les utilisateurs commerciaux, le marketing, les sous-traitants, les ing\u00e9nieurs syst\u00e8me et les analystes commerciaux.<\/strong><\/p>\n<p><strong>\u00c9volutivit\u00e9\u00a0:<\/strong> Am\u00e9liore l&rsquo;\u00e9volutivit\u00e9 en augmentant le nombre d&rsquo;utilisateurs qui utilisent simultan\u00e9ment le r\u00e9f\u00e9rentiel d&rsquo;exigences unique.[\/vc_column_text][\/vc_column][\/vc_row][\/vc_section]<\/p>\n","protected":false},"excerpt":{"rendered":"<p>[vc_section bg_position=\u00a0\u00bbleft top\u00a0\u00bb css=\u00a0\u00bb.vc_custom_1652044032753{background: #ad012f url(https:\/\/proyacorp.ca\/wp-content\/uploads\/2022\/05\/IBM-Rational-DOORS-Web-Access.jpg?id=1945) !important;background-position: center !important;background-repeat: no-repeat !important;background-size: cover !important;}\u00a0\u00bb el_class=\u00a0\u00bbmask\u00a0\u00bb][vc_row css=\u00a0\u00bb.vc_custom_1667173379187{padding-top: 120px !important;padding-bottom: 100px !important;}\u00a0\u00bb el_class=\u00a0\u00bbproya-header\u00a0\u00bb][vc_column width=\u00a0\u00bb5\/6&Prime;][vc_custom_heading text=\u00a0\u00bbnos solutions\u00a0\u00bb font_container=\u00a0\u00bbtag:div|font_size:3rem|text_align:left|color:%23ffffff\u00a0\u00bb use_theme_fonts=\u00a0\u00bbyes\u00a0\u00bb css_animation=\u00a0\u00bbfadeInUp\u00a0\u00bb css=\u00a0\u00bb.vc_custom_1689681844021{margin-left: 3px !important;}\u00a0\u00bb el_class=\u00a0\u00bbdelay-1 custom-hd\u00a0\u00bb][vc_empty_space height=\u00a0\u00bb20px\u00a0\u00bb][vc_custom_heading text=\u00a0\u00bbIBM Rational DOORS Web Access\u00a0\u00bb font_container=\u00a0\u00bbtag:h2|font_size:3.3rem|text_align:left|color:%23ffffff|line_height:1&Prime; use_theme_fonts=\u00a0\u00bbyes\u00a0\u00bb css_animation=\u00a0\u00bbfadeInUp\u00a0\u00bb el_class=\u00a0\u00bbcustom-hd delay-2&Prime;][vc_separator color=\u00a0\u00bbwhite\u00a0\u00bb align=\u00a0\u00bbalign_left\u00a0\u00bb border_width=\u00a0\u00bb5&Prime; el_width=\u00a0\u00bb10&Prime; css_animation=\u00a0\u00bbfadeInUp\u00a0\u00bb el_class=\u00a0\u00bbdelay-4&Prime; css=\u00a0\u00bb.vc_custom_1540432371541{margin-bottom: 50px !important;margin-left: 5px !important;padding-top: 15px !important;}\u00a0\u00bb][vc_column_text [&hellip;]<\/p>\n","protected":false},"author":1,"featured_media":0,"parent":0,"menu_order":0,"comment_status":"closed","ping_status":"closed","template":"tmpl\/template-fullwidth.php","meta":{"footnotes":""},"class_list":["post-4511","page","type-page","status-publish","hentry"],"acf":[],"aioseo_notices":[],"_links":{"self":[{"href":"https:\/\/proyacorp.ca\/fr\/wp-json\/wp\/v2\/pages\/4511","targetHints":{"allow":["GET"]}}],"collection":[{"href":"https:\/\/proyacorp.ca\/fr\/wp-json\/wp\/v2\/pages"}],"about":[{"href":"https:\/\/proyacorp.ca\/fr\/wp-json\/wp\/v2\/types\/page"}],"author":[{"embeddable":true,"href":"https:\/\/proyacorp.ca\/fr\/wp-json\/wp\/v2\/users\/1"}],"replies":[{"embeddable":true,"href":"https:\/\/proyacorp.ca\/fr\/wp-json\/wp\/v2\/comments?post=4511"}],"version-history":[{"count":2,"href":"https:\/\/proyacorp.ca\/fr\/wp-json\/wp\/v2\/pages\/4511\/revisions"}],"predecessor-version":[{"id":4513,"href":"https:\/\/proyacorp.ca\/fr\/wp-json\/wp\/v2\/pages\/4511\/revisions\/4513"}],"wp:attachment":[{"href":"https:\/\/proyacorp.ca\/fr\/wp-json\/wp\/v2\/media?parent=4511"}],"curies":[{"name":"wp","href":"https:\/\/api.w.org\/{rel}","templated":true}]}}