{"id":4514,"date":"2022-05-08T16:44:06","date_gmt":"2022-05-08T20:44:06","guid":{"rendered":"https:\/\/proyacorp.ca\/ibm-rational-doors-next-generation\/"},"modified":"2023-07-18T08:10:32","modified_gmt":"2023-07-18T12:10:32","slug":"ibm-rational-doors-next-generation","status":"publish","type":"page","link":"https:\/\/proyacorp.ca\/fr\/ibm-rational-doors-next-generation\/","title":{"rendered":"IBM Rational DOORS Next Generation"},"content":{"rendered":"<p>[vc_section bg_position=\u00a0\u00bbleft top\u00a0\u00bb css=\u00a0\u00bb.vc_custom_1652042720776{background: #057c8e url(https:\/\/proyacorp.ca\/wp-content\/uploads\/2022\/05\/IBM-Rational-DOORS-Next-Generation.jpg?id=1941) !important;background-position: center !important;background-repeat: no-repeat !important;background-size: cover !important;}\u00a0\u00bb el_class=\u00a0\u00bbmask\u00a0\u00bb][vc_row css=\u00a0\u00bb.vc_custom_1667173370429{padding-top: 120px !important;padding-bottom: 100px !important;}\u00a0\u00bb el_class=\u00a0\u00bbproya-header\u00a0\u00bb][vc_column width=\u00a0\u00bb5\/6&Prime;][vc_custom_heading text=\u00a0\u00bbnos solutions\u00a0\u00bb font_container=\u00a0\u00bbtag:div|font_size:3rem|text_align:left|color:%23ffffff\u00a0\u00bb use_theme_fonts=\u00a0\u00bbyes\u00a0\u00bb css_animation=\u00a0\u00bbfadeInUp\u00a0\u00bb css=\u00a0\u00bb.vc_custom_1689682129738{margin-left: 3px !important;}\u00a0\u00bb el_class=\u00a0\u00bbdelay-1 custom-hd\u00a0\u00bb][vc_empty_space height=\u00a0\u00bb20px\u00a0\u00bb][vc_custom_heading text=\u00a0\u00bbIBM Rational DOORS Next Generation\u00a0\u00bb font_container=\u00a0\u00bbtag:h2|font_size:3.3rem|text_align:left|color:%23ffffff|line_height:1&Prime; use_theme_fonts=\u00a0\u00bbyes\u00a0\u00bb css_animation=\u00a0\u00bbfadeInUp\u00a0\u00bb el_class=\u00a0\u00bbcustom-hd delay-2&Prime;][vc_separator color=\u00a0\u00bbwhite\u00a0\u00bb align=\u00a0\u00bbalign_left\u00a0\u00bb border_width=\u00a0\u00bb5&Prime; el_width=\u00a0\u00bb10&Prime; css_animation=\u00a0\u00bbfadeInUp\u00a0\u00bb el_class=\u00a0\u00bbdelay-4&Prime; css=\u00a0\u00bb.vc_custom_1540432371541{margin-bottom: 50px !important;margin-left: 5px !important;padding-top: 15px !important;}\u00a0\u00bb][vc_column_text css_animation=\u00a0\u00bbfadeInUp\u00a0\u00bb css=\u00a0\u00bb.vc_custom_1689682140858{margin-left: 3px !important;}\u00a0\u00bb el_class=\u00a0\u00bbdelay-3&Prime;]<a class=\"button line\" href=\"https:\/\/proyacorp.ca\/fr\/contactez-nous\/\">Contactez-nous d\u00e8s aujourd&rsquo;hui.<\/a>[\/vc_column_text][\/vc_column][vc_column width=\u00a0\u00bb1\/6&Prime;][\/vc_column][\/vc_row][\/vc_section][vc_section css_animation=\u00a0\u00bbnone\u00a0\u00bb css=\u00a0\u00bb.vc_custom_1651960199883{padding-bottom: 40px !important;}\u00a0\u00bb][vc_row][vc_column][vc_empty_space height=\u00a0\u00bb80px\u00a0\u00bb][vc_custom_heading text=\u00a0\u00bbIBM Rational DOORS Next Generation\u00a0\u00bb font_container=\u00a0\u00bbtag:h3|text_align:center\u00a0\u00bb use_theme_fonts=\u00a0\u00bbyes\u00a0\u00bb][vc_empty_space height=\u00a0\u00bb40px\u00a0\u00bb][vc_column_text]<strong>Gestion avanc\u00e9e des exigences pour l&rsquo;ing\u00e9nierie des syst\u00e8mes<\/strong><\/p>\n<p>IBM Rational DOORS Next Generation est un outil de gestion des exigences pour stocker, cat\u00e9goriser, lier et partager les exigences produit avec les parties prenantes telles que les r\u00e9viseurs, les concepteurs, les testeurs et les d\u00e9veloppeurs.<\/p>\n<p>IBM Rational DOORS Next Generation aide vos \u00e9quipes \u00e0 r\u00e9duire les co\u00fbts de d\u00e9veloppement jusqu&rsquo;\u00e0 57 %, \u00e0 augmenter le temps de commercialisation jusqu&rsquo;\u00e0 20 % et \u00e0 r\u00e9duire les co\u00fbts de qualit\u00e9 jusqu&rsquo;\u00e0 69 % pour g\u00e9rer vos exigences.<\/p>\n<p>Rational DNG, une solution de gestion des exigences de nouvelle g\u00e9n\u00e9ration construite avec un client Web et la technologie IBM Jazz, connecte des \u00e9quipes situ\u00e9es \u00e0 diff\u00e9rents endroits aux m\u00eames modules formels, fournissant une plate-forme unique pour une gestion de projet plus efficace.<\/p>\n<p>Rational DOORS Next Generation est un outil de collaboration qui permet \u00e0 vos \u00e9quipes de collaborer plus efficacement entre disciplines, clients et sous-traitants.<\/p>\n<p>IBM Rational DOORS Next Generation fournit :<\/p>\n<ul>\n<li>Environnement de collaboration am\u00e9lior\u00e9 pour la gestion des exigences qui prend en charge la collaboration de projet et les applications d&rsquo;ing\u00e9nierie pour les syst\u00e8mes complexes et int\u00e9gr\u00e9s\u00a0; Interop\u00e9rabilit\u00e9 entre les versions d&rsquo;IBM Rational DOORS.<\/li>\n<li>Compatibilit\u00e9 Web am\u00e9lior\u00e9e pour la mise en forme de texte enrichi, les diagrammes et les graphiques afin de collecter et de g\u00e9rer les exigences.<\/li>\n<li>Outils de gestion des exigences int\u00e9gr\u00e9s pour des processus de conception, de d\u00e9veloppement et de test sup\u00e9rieurs tout au long du cycle de vie de l&rsquo;ing\u00e9nierie logicielle.<\/li>\n<li>Conformit\u00e9 aux normes et \u00e0 la l\u00e9gislation du secteur, et fonctionnalit\u00e9s \u00e9tendues de planification et de cycle de vie<\/li>\n<\/ul>\n<p>[\/vc_column_text][\/vc_column][\/vc_row][\/vc_section]<\/p>\n","protected":false},"excerpt":{"rendered":"<p>[vc_section bg_position=\u00a0\u00bbleft top\u00a0\u00bb css=\u00a0\u00bb.vc_custom_1652042720776{background: #057c8e url(https:\/\/proyacorp.ca\/wp-content\/uploads\/2022\/05\/IBM-Rational-DOORS-Next-Generation.jpg?id=1941) !important;background-position: center !important;background-repeat: no-repeat !important;background-size: cover !important;}\u00a0\u00bb el_class=\u00a0\u00bbmask\u00a0\u00bb][vc_row css=\u00a0\u00bb.vc_custom_1667173370429{padding-top: 120px !important;padding-bottom: 100px !important;}\u00a0\u00bb el_class=\u00a0\u00bbproya-header\u00a0\u00bb][vc_column width=\u00a0\u00bb5\/6&Prime;][vc_custom_heading text=\u00a0\u00bbnos solutions\u00a0\u00bb font_container=\u00a0\u00bbtag:div|font_size:3rem|text_align:left|color:%23ffffff\u00a0\u00bb use_theme_fonts=\u00a0\u00bbyes\u00a0\u00bb css_animation=\u00a0\u00bbfadeInUp\u00a0\u00bb css=\u00a0\u00bb.vc_custom_1689682129738{margin-left: 3px !important;}\u00a0\u00bb el_class=\u00a0\u00bbdelay-1 custom-hd\u00a0\u00bb][vc_empty_space height=\u00a0\u00bb20px\u00a0\u00bb][vc_custom_heading text=\u00a0\u00bbIBM Rational DOORS Next Generation\u00a0\u00bb font_container=\u00a0\u00bbtag:h2|font_size:3.3rem|text_align:left|color:%23ffffff|line_height:1&Prime; use_theme_fonts=\u00a0\u00bbyes\u00a0\u00bb css_animation=\u00a0\u00bbfadeInUp\u00a0\u00bb el_class=\u00a0\u00bbcustom-hd delay-2&Prime;][vc_separator color=\u00a0\u00bbwhite\u00a0\u00bb align=\u00a0\u00bbalign_left\u00a0\u00bb border_width=\u00a0\u00bb5&Prime; el_width=\u00a0\u00bb10&Prime; css_animation=\u00a0\u00bbfadeInUp\u00a0\u00bb el_class=\u00a0\u00bbdelay-4&Prime; css=\u00a0\u00bb.vc_custom_1540432371541{margin-bottom: 50px !important;margin-left: 5px !important;padding-top: 15px !important;}\u00a0\u00bb][vc_column_text [&hellip;]<\/p>\n","protected":false},"author":1,"featured_media":0,"parent":0,"menu_order":0,"comment_status":"closed","ping_status":"closed","template":"tmpl\/template-fullwidth.php","meta":{"footnotes":""},"class_list":["post-4514","page","type-page","status-publish","hentry"],"acf":[],"aioseo_notices":[],"_links":{"self":[{"href":"https:\/\/proyacorp.ca\/fr\/wp-json\/wp\/v2\/pages\/4514","targetHints":{"allow":["GET"]}}],"collection":[{"href":"https:\/\/proyacorp.ca\/fr\/wp-json\/wp\/v2\/pages"}],"about":[{"href":"https:\/\/proyacorp.ca\/fr\/wp-json\/wp\/v2\/types\/page"}],"author":[{"embeddable":true,"href":"https:\/\/proyacorp.ca\/fr\/wp-json\/wp\/v2\/users\/1"}],"replies":[{"embeddable":true,"href":"https:\/\/proyacorp.ca\/fr\/wp-json\/wp\/v2\/comments?post=4514"}],"version-history":[{"count":2,"href":"https:\/\/proyacorp.ca\/fr\/wp-json\/wp\/v2\/pages\/4514\/revisions"}],"predecessor-version":[{"id":4516,"href":"https:\/\/proyacorp.ca\/fr\/wp-json\/wp\/v2\/pages\/4514\/revisions\/4516"}],"wp:attachment":[{"href":"https:\/\/proyacorp.ca\/fr\/wp-json\/wp\/v2\/media?parent=4514"}],"curies":[{"name":"wp","href":"https:\/\/api.w.org\/{rel}","templated":true}]}}