{"id":4520,"date":"2022-11-29T08:25:09","date_gmt":"2022-11-29T13:25:09","guid":{"rendered":"https:\/\/proyacorp.ca\/hopex-internal-audit\/"},"modified":"2023-07-18T08:19:23","modified_gmt":"2023-07-18T12:19:23","slug":"hopex-internal-audit","status":"publish","type":"page","link":"https:\/\/proyacorp.ca\/fr\/hopex-internal-audit\/","title":{"rendered":"HOPEX Internal Audit"},"content":{"rendered":"<p>[vc_section bg_position=\u00a0\u00bbcenter center\u00a0\u00bb css=\u00a0\u00bb.vc_custom_1652794024842{background: #bc2b2b url(https:\/\/proyacorp.ca\/wp-content\/uploads\/2022\/05\/HOPEX-Information-Architecture.jpg?id=2325) !important;background-position: center !important;background-repeat: no-repeat !important;background-size: cover !important;}\u00a0\u00bb el_class=\u00a0\u00bbmask\u00a0\u00bb][vc_row css=\u00a0\u00bb.vc_custom_1667172829365{padding-top: 120px !important;padding-bottom: 100px !important;}\u00a0\u00bb el_class=\u00a0\u00bbproya-header\u00a0\u00bb][vc_column width=\u00a0\u00bb5\/6&Prime;][vc_custom_heading text=\u00a0\u00bbnos solutions\u00a0\u00bb font_container=\u00a0\u00bbtag:div|font_size:3rem|text_align:left|color:%23ffffff\u00a0\u00bb use_theme_fonts=\u00a0\u00bbyes\u00a0\u00bb css_animation=\u00a0\u00bbfadeInUp\u00a0\u00bb css=\u00a0\u00bb.vc_custom_1689682703661{margin-left: 3px !important;}\u00a0\u00bb el_class=\u00a0\u00bbdelay-1 custom-hd\u00a0\u00bb][vc_empty_space height=\u00a0\u00bb20px\u00a0\u00bb][vc_custom_heading text=\u00a0\u00bbHOPEX Internal Audit\u00a0\u00bb font_container=\u00a0\u00bbtag:h2|font_size:3.3rem|text_align:left|color:%23ffffff|line_height:1&Prime; use_theme_fonts=\u00a0\u00bbyes\u00a0\u00bb css_animation=\u00a0\u00bbfadeInUp\u00a0\u00bb el_class=\u00a0\u00bbcustom-hd delay-2&Prime;][vc_separator color=\u00a0\u00bbwhite\u00a0\u00bb align=\u00a0\u00bbalign_left\u00a0\u00bb border_width=\u00a0\u00bb5&Prime; el_width=\u00a0\u00bb10&Prime; css_animation=\u00a0\u00bbfadeInUp\u00a0\u00bb el_class=\u00a0\u00bbdelay-4&Prime; css=\u00a0\u00bb.vc_custom_1540432371541{margin-bottom: 50px !important;margin-left: 5px !important;padding-top: 15px !important;}\u00a0\u00bb][vc_column_text css_animation=\u00a0\u00bbfadeInUp\u00a0\u00bb css=\u00a0\u00bb.vc_custom_1689682713709{margin-left: 3px !important;}\u00a0\u00bb el_class=\u00a0\u00bbdelay-3&Prime;]<a class=\"button line\" href=\"https:\/\/proyacorp.ca\/fr\/contactez-nous\/\">Contactez-nous d\u00e8s aujourd&rsquo;hui.<\/a>[\/vc_column_text][\/vc_column][vc_column width=\u00a0\u00bb1\/6&Prime;][\/vc_column][\/vc_row][\/vc_section][vc_section css_animation=\u00a0\u00bbnone\u00a0\u00bb css=\u00a0\u00bb.vc_custom_1651960199883{padding-bottom: 40px !important;}\u00a0\u00bb][vc_row][vc_column][vc_empty_space height=\u00a0\u00bb80px\u00a0\u00bb][vc_custom_heading text=\u00a0\u00bbHOPEX Internal Audit\u00a0\u00bb font_container=\u00a0\u00bbtag:h3|text_align:center\u00a0\u00bb use_theme_fonts=\u00a0\u00bbyes\u00a0\u00bb][vc_empty_space height=\u00a0\u00bb40px\u00a0\u00bb][vc_column_text]HOPEX Internal Audit, l&rsquo;un des modules de la famille de produits HOPEX GRC, est le moyen le plus efficace de moderniser vos processus d&rsquo;audit interne avec les meilleures pratiques de classe mondiale et une conformit\u00e9 totale.<\/p>\n<p>HOPEX Internal Audit (HIA) rend les audits internes longs et laborieux r\u00e9alis\u00e9s en un temps beaucoup plus court et sans effort. De plus, il garantit la coh\u00e9rence et la tra\u00e7abilit\u00e9 des donn\u00e9es. Gr\u00e2ce \u00e0 ces fonctionnalit\u00e9s, il r\u00e9duit \u00e9galement les co\u00fbts d&rsquo;inspection interne, permet aux services d&rsquo;inspection interne de travailler plus efficacement et augmente leur productivit\u00e9 parabolique.[\/vc_column_text][vc_single_image image=\u00a0\u00bb3224&Prime; img_size=\u00a0\u00bbfull\u00a0\u00bb][vc_empty_space height=\u00a0\u00bb40px\u00a0\u00bb][vc_column_text]HIA permet aux unit\u00e9s d&rsquo;inspection interne centralis\u00e9es et d\u00e9centralis\u00e9es d&rsquo;effectuer une automatisation des t\u00e2ches et de recevoir des rapports significatifs et utiles, leur permettant de travailler beaucoup plus efficacement. Il met fin \u00e0 la pollution des donn\u00e9es en s&rsquo;assurant que les m\u00e9thodes sources d&rsquo;erreurs, telles que les fichiers Excel, sont arr\u00eat\u00e9es et que des donn\u00e9es fiables sont g\u00e9n\u00e9r\u00e9es.<\/p>\n<p>Quelle que soit la taille de votre service d&rsquo;inspection interne, HOPEX Audit Interne fait des processus d&rsquo;inspection interne un outil de d\u00e9veloppement pour votre organisation. Il permet aux r\u00e9sultats de se transformer en actions concr\u00e8tes qui aboutiront \u00e0 une solution et les emp\u00eache de flotter et\/ou de dispara\u00eetre.<\/p>\n<p>Pour r\u00e9sumer MEGA GRC Audit en une seule phrase, il vous permet de transformer les besoins de votre organisation en ergonomie, de r\u00e9duire vos co\u00fbts d&rsquo;inspection, d&rsquo;augmenter l&rsquo;efficacit\u00e9 parabolique et de transformer l&rsquo;inspection interne en un outil d&rsquo;inspection tangible et robuste.<\/p>\n<p>La plate-forme de MEGA construite sur le r\u00e9f\u00e9rentiel central garantit que tous vos objectifs GRC se rejoignent.[\/vc_column_text][vc_empty_space height=\u00a0\u00bb40px\u00a0\u00bb][vc_single_image image=\u00a0\u00bb3225&Prime; img_size=\u00a0\u00bbfull\u00a0\u00bb][vc_empty_space height=\u00a0\u00bb40px\u00a0\u00bb][vc_video link=\u00a0\u00bbhttps:\/\/youtu.be\/8JrqlumOJI0&Prime; align=\u00a0\u00bbcenter\u00a0\u00bb][\/vc_column][\/vc_row][\/vc_section]<\/p>\n","protected":false},"excerpt":{"rendered":"<p>[vc_section bg_position=\u00a0\u00bbcenter center\u00a0\u00bb css=\u00a0\u00bb.vc_custom_1652794024842{background: #bc2b2b url(https:\/\/proyacorp.ca\/wp-content\/uploads\/2022\/05\/HOPEX-Information-Architecture.jpg?id=2325) !important;background-position: center !important;background-repeat: no-repeat !important;background-size: cover !important;}\u00a0\u00bb el_class=\u00a0\u00bbmask\u00a0\u00bb][vc_row css=\u00a0\u00bb.vc_custom_1667172829365{padding-top: 120px !important;padding-bottom: 100px !important;}\u00a0\u00bb el_class=\u00a0\u00bbproya-header\u00a0\u00bb][vc_column width=\u00a0\u00bb5\/6&Prime;][vc_custom_heading text=\u00a0\u00bbnos solutions\u00a0\u00bb font_container=\u00a0\u00bbtag:div|font_size:3rem|text_align:left|color:%23ffffff\u00a0\u00bb use_theme_fonts=\u00a0\u00bbyes\u00a0\u00bb css_animation=\u00a0\u00bbfadeInUp\u00a0\u00bb css=\u00a0\u00bb.vc_custom_1689682703661{margin-left: 3px !important;}\u00a0\u00bb el_class=\u00a0\u00bbdelay-1 custom-hd\u00a0\u00bb][vc_empty_space height=\u00a0\u00bb20px\u00a0\u00bb][vc_custom_heading text=\u00a0\u00bbHOPEX Internal Audit\u00a0\u00bb font_container=\u00a0\u00bbtag:h2|font_size:3.3rem|text_align:left|color:%23ffffff|line_height:1&Prime; use_theme_fonts=\u00a0\u00bbyes\u00a0\u00bb css_animation=\u00a0\u00bbfadeInUp\u00a0\u00bb el_class=\u00a0\u00bbcustom-hd delay-2&Prime;][vc_separator color=\u00a0\u00bbwhite\u00a0\u00bb align=\u00a0\u00bbalign_left\u00a0\u00bb border_width=\u00a0\u00bb5&Prime; el_width=\u00a0\u00bb10&Prime; css_animation=\u00a0\u00bbfadeInUp\u00a0\u00bb el_class=\u00a0\u00bbdelay-4&Prime; css=\u00a0\u00bb.vc_custom_1540432371541{margin-bottom: 50px !important;margin-left: 5px !important;padding-top: 15px !important;}\u00a0\u00bb][vc_column_text css_animation=\u00a0\u00bbfadeInUp\u00a0\u00bb css=\u00a0\u00bb.vc_custom_1689682713709{margin-left: [&hellip;]<\/p>\n","protected":false},"author":1,"featured_media":0,"parent":0,"menu_order":0,"comment_status":"closed","ping_status":"closed","template":"tmpl\/template-fullwidth.php","meta":{"footnotes":""},"class_list":["post-4520","page","type-page","status-publish","hentry"],"acf":[],"aioseo_notices":[],"_links":{"self":[{"href":"https:\/\/proyacorp.ca\/fr\/wp-json\/wp\/v2\/pages\/4520","targetHints":{"allow":["GET"]}}],"collection":[{"href":"https:\/\/proyacorp.ca\/fr\/wp-json\/wp\/v2\/pages"}],"about":[{"href":"https:\/\/proyacorp.ca\/fr\/wp-json\/wp\/v2\/types\/page"}],"author":[{"embeddable":true,"href":"https:\/\/proyacorp.ca\/fr\/wp-json\/wp\/v2\/users\/1"}],"replies":[{"embeddable":true,"href":"https:\/\/proyacorp.ca\/fr\/wp-json\/wp\/v2\/comments?post=4520"}],"version-history":[{"count":1,"href":"https:\/\/proyacorp.ca\/fr\/wp-json\/wp\/v2\/pages\/4520\/revisions"}],"predecessor-version":[{"id":4521,"href":"https:\/\/proyacorp.ca\/fr\/wp-json\/wp\/v2\/pages\/4520\/revisions\/4521"}],"wp:attachment":[{"href":"https:\/\/proyacorp.ca\/fr\/wp-json\/wp\/v2\/media?parent=4520"}],"curies":[{"name":"wp","href":"https:\/\/api.w.org\/{rel}","templated":true}]}}