{"id":4522,"date":"2023-05-15T18:54:41","date_gmt":"2023-05-15T22:54:41","guid":{"rendered":"https:\/\/proyacorp.ca\/ibm-rpa\/"},"modified":"2023-07-18T08:23:17","modified_gmt":"2023-07-18T12:23:17","slug":"ibm-rpa","status":"publish","type":"page","link":"https:\/\/proyacorp.ca\/fr\/ibm-rpa\/","title":{"rendered":"IBM RPA"},"content":{"rendered":"<p>[vc_section bg_position=\u00a0\u00bbleft top\u00a0\u00bb css=\u00a0\u00bb.vc_custom_1652044606904{background: #00a5d2 url(https:\/\/proyacorp.ca\/wp-content\/uploads\/2022\/05\/IBM-Rational-DOORS-Family.jpg?id=1952) !important;background-position: center !important;background-repeat: no-repeat !important;background-size: cover !important;}\u00a0\u00bb el_class=\u00a0\u00bbmask\u00a0\u00bb][vc_row css=\u00a0\u00bb.vc_custom_1667173359382{padding-top: 120px !important;padding-bottom: 100px !important;}\u00a0\u00bb el_class=\u00a0\u00bbproya-header\u00a0\u00bb][vc_column width=\u00a0\u00bb5\/6&Prime;][vc_custom_heading text=\u00a0\u00bbnos solutions\u00a0\u00bb font_container=\u00a0\u00bbtag:div|font_size:3rem|text_align:left|color:%23ffffff\u00a0\u00bb use_theme_fonts=\u00a0\u00bbyes\u00a0\u00bb css_animation=\u00a0\u00bbfadeInUp\u00a0\u00bb css=\u00a0\u00bb.vc_custom_1689682861486{margin-left: 3px !important;}\u00a0\u00bb el_class=\u00a0\u00bbdelay-1 custom-hd\u00a0\u00bb][vc_empty_space height=\u00a0\u00bb20px\u00a0\u00bb][vc_custom_heading text=\u00a0\u00bbIBM RPA\u00a0\u00bb font_container=\u00a0\u00bbtag:h2|font_size:3.3rem|text_align:left|color:%23ffffff|line_height:1&Prime; use_theme_fonts=\u00a0\u00bbyes\u00a0\u00bb css_animation=\u00a0\u00bbfadeInUp\u00a0\u00bb el_class=\u00a0\u00bbcustom-hd delay-2&Prime;][vc_separator color=\u00a0\u00bbwhite\u00a0\u00bb align=\u00a0\u00bbalign_left\u00a0\u00bb border_width=\u00a0\u00bb5&Prime; el_width=\u00a0\u00bb10&Prime; css_animation=\u00a0\u00bbfadeInUp\u00a0\u00bb el_class=\u00a0\u00bbdelay-4&Prime; css=\u00a0\u00bb.vc_custom_1540432371541{margin-bottom: 50px !important;margin-left: 5px !important;padding-top: 15px !important;}\u00a0\u00bb][vc_column_text css_animation=\u00a0\u00bbfadeInUp\u00a0\u00bb css=\u00a0\u00bb.vc_custom_1689682878933{margin-left: 3px !important;}\u00a0\u00bb el_class=\u00a0\u00bbdelay-3&Prime;]<a class=\"button line\" href=\"https:\/\/proyacorp.ca\/fr\/contactez-nous\/\">Contactez-nous d\u00e8s aujourd&rsquo;hui.<\/a>[\/vc_column_text][\/vc_column][vc_column width=\u00a0\u00bb1\/6&Prime;][\/vc_column][\/vc_row][\/vc_section][vc_section css_animation=\u00a0\u00bbnone\u00a0\u00bb css=\u00a0\u00bb.vc_custom_1651960199883{padding-bottom: 40px !important;}\u00a0\u00bb][vc_row][vc_column][vc_empty_space height=\u00a0\u00bb80px\u00a0\u00bb][vc_custom_heading text=\u00a0\u00bbIBM RPA\u00a0\u00bb font_container=\u00a0\u00bbtag:h3|text_align:center\u00a0\u00bb use_theme_fonts=\u00a0\u00bbyes\u00a0\u00bb][vc_empty_space height=\u00a0\u00bb40px\u00a0\u00bb][vc_column_text]L&rsquo;offre IBM Robotic Process Automation vous aide \u00e0 automatiser davantage de processus m\u00e9tier et informatiques \u00e0 grande \u00e9chelle avec la facilit\u00e9 et la rapidit\u00e9 de la RPA traditionnelle. Les robots logiciels, ou bots, peuvent agir sur les informations de l&rsquo;IA pour effectuer des t\u00e2ches sans d\u00e9lai et vous permettre de r\u00e9aliser la transformation num\u00e9rique.<\/p>\n<p>IBM propose une solution RPA compl\u00e8te et \u00e0 faible code avec des fonctionnalit\u00e9s uniques, telles que des chatbots intelligents.[\/vc_column_text][vc_empty_space height=\u00a0\u00bb20px\u00a0\u00bb][vc_column_text]<strong>COMMENT FONCTIONNE IBM RPA<\/strong><\/p>\n<p>Les robots peuvent \u00eatre d\u00e9clench\u00e9s et interagir avec les gens de diff\u00e9rentes mani\u00e8res.<\/p>\n<p>Les bots assist\u00e9s peuvent \u00eatre d\u00e9marr\u00e9s par des utilisateurs professionnels pour effectuer des t\u00e2ches en leur nom. Les robots assist\u00e9s s&rsquo;ex\u00e9cutent sur l&rsquo;ordinateur de l&rsquo;utilisateur et interagissent avec les applications \u00e0 l&rsquo;aide des informations d&rsquo;identification de cet utilisateur. Lors de l&rsquo;ex\u00e9cution d&rsquo;une t\u00e2che, le bot Attended peut interagir avec l&rsquo;utilisateur pour obtenir des informations suppl\u00e9mentaires n\u00e9cessaires \u00e0 l&rsquo;ex\u00e9cution de la t\u00e2che. Les bots assist\u00e9s peuvent \u00e9galement \u00eatre appel\u00e9s Remote Desktop Automation (RDA).<\/p>\n<p>Les bots sans surveillance peuvent \u00eatre programm\u00e9s pour d\u00e9marrer \u00e0 des heures pr\u00e9cises et ne n\u00e9cessitent aucune interaction humaine pour accomplir une t\u00e2che. Les robots autonomes s&rsquo;ex\u00e9cutent sur un serveur informatique sans \u00e9cran physique, mais ils peuvent toujours interagir avec les syst\u00e8mes \u00e0 l&rsquo;aide de l&rsquo;interface utilisateur et des API syst\u00e8me, tout comme un robot assist\u00e9. Contrairement aux bots assist\u00e9s, les bots sans surveillance utilisent les informations d&rsquo;identification du syst\u00e8me pour acc\u00e9der \u00e0 diff\u00e9rentes applications. Les bots sans surveillance peuvent \u00e9galement \u00eatre appel\u00e9s Robotic Process Automation (RPA) classique.<\/p>\n<p>Les chatbots sont souvent utilis\u00e9s par les clients pour traiter les requ\u00eates du service d&rsquo;assistance ou par les employ\u00e9s en tant qu&rsquo;assistants num\u00e9riques, comme si l&rsquo;utilisateur parlait avec une autre personne. Une session de chatbot est initi\u00e9e par l&rsquo;utilisateur \u00e0 l&rsquo;aide d&rsquo;une interface utilisateur textuelle ou vocale. Les chatbots utilisent l&rsquo;intelligence artificielle (IA) pour mener une conversation avec l&rsquo;utilisateur afin de comprendre ce qui doit \u00eatre fait et fournir des r\u00e9ponses appropri\u00e9es, et ont souvent besoin de r\u00e9cup\u00e9rer et de mettre \u00e0 jour des informations dans d&rsquo;autres syst\u00e8mes pour effectuer des actions sp\u00e9cifiques. Les chatbots peuvent \u00e9galement \u00eatre appel\u00e9s agents virtuels intelligents (IVA).[\/vc_column_text][vc_empty_space height=\u00a0\u00bb40px\u00a0\u00bb][vc_single_image image=\u00a0\u00bb3550&Prime; img_size=\u00a0\u00bblarge\u00a0\u00bb][vc_empty_space height=\u00a0\u00bb20px\u00a0\u00bb][vc_column_text]<strong>CE QUE FONT LES BOTS IBM RPA<\/strong><\/p>\n<p>Robot Process Automation (RPA) est utilis\u00e9 pour automatiser les t\u00e2ches qui sont traditionnellement effectu\u00e9es par des personnes, en imitant les \u00e9tapes qu&rsquo;une personne prendrait lors de l&rsquo;ex\u00e9cution d&rsquo;activit\u00e9s sur son ordinateur de bureau.<\/p>\n<p>Par exemple, un robot logiciel (ou bot) peut \u00eatre cr\u00e9\u00e9 pour collecter des donn\u00e9es \u00e0 partir de plusieurs syst\u00e8mes, rassembler les donn\u00e9es dans une feuille de calcul, effectuer des calculs et saisir les donn\u00e9es dans un autre syst\u00e8me en utilisant les interfaces utilisateur de l&rsquo;application exactement de la m\u00eame mani\u00e8re qu&rsquo;un personne le ferait. Les robots peuvent \u00e9galement utiliser des techniques traditionnelles pour s&rsquo;int\u00e9grer aux syst\u00e8mes, comme SQL pour interroger une base de donn\u00e9es ou JSON\/HTTP pour appeler un service REST.<\/p>\n<p>D&rsquo;autres exemples incluent:<\/p>\n<ul>\n<li>Utiliser le syst\u00e8me d&rsquo;exploitation Microsoft\u00a0Windows\u00a0: utiliser le syst\u00e8me de fichiers, le presse-papiers, la barre des t\u00e2ches, les services, ouvrir et fermer des applications<\/li>\n<li>Utilisez des applications de bureau\u00a0: travaillez avec des applications Web, des applications Windows, la suite Microsoft\u00a0Office, SAP, des applications Java, un bureau \u00e0 distance<\/li>\n<li>Interagir avec les syst\u00e8mes\u00a0: acc\u00e9der aux mainframes, appeler des API, mettre \u00e0 jour et interroger des bases de donn\u00e9es<\/li>\n<li>Communiquer\u00a0\u2013\u00a0Envoyer et lire des e-mails et des SMS, discuter en utilisant le texte et la voix<\/li>\n<li>Lire des documents\u00a0: extraire des donn\u00e9es structur\u00e9es \u00e0 partir de contenu non structur\u00e9<\/li>\n<li>Appliquer l&rsquo;intelligence\u00a0: comprendre les informations, prendre des d\u00e9cisions, appliquer les connaissances, apprendre<\/li>\n<li>Cr\u00e9er des documents &#8211; Rapports PDF, MS Excel, MS Word<\/li>\n<li>Traiter les donn\u00e9es\u00a0\u2013 Chiffrer, analyser, effectuer des calculs<\/li>\n<li>Traiter les fichiers\u00a0\u2013\u00a0Cr\u00e9er, charger\/t\u00e9l\u00e9charger, transf\u00e9rer<\/li>\n<\/ul>\n<p>[\/vc_column_text][vc_empty_space height=\u00a0\u00bb40px\u00a0\u00bb][vc_single_image image=\u00a0\u00bb3548&Prime; img_size=\u00a0\u00bblarge\u00a0\u00bb][vc_empty_space height=\u00a0\u00bb20px\u00a0\u00bb][vc_column_text]IBM Robotic Processing Automation (RPA) Studio est un environnement de cr\u00e9ation \u00e0 faible code qui permet aux utilisateurs de cr\u00e9er et de tester facilement des bots \u00e0 l&rsquo;aide d&rsquo;une riche collection de commandes conviviales et de capacit\u00e9s d&rsquo;enregistrement d&rsquo;\u00e9cran pour g\u00e9n\u00e9rer des scripts.<\/p>\n<p>Les commandes peuvent \u00eatre utilis\u00e9es pour\u00a0:<\/p>\n<ul>\n<li>Int\u00e9gration de syst\u00e8mes (surface, bureau \u00e0 distance, API, base de donn\u00e9es et mainframe)<\/li>\n<li>Intelligence artificielle (traitement du langage naturel, classification, base de connaissances)<\/li>\n<li>Traitement de donn\u00e9es structur\u00e9es et non structur\u00e9es (traitement de texte, cryptage, reconnaissance optique de caract\u00e8res, PDF)<\/li>\n<li>Travailler avec des fichiers (cr\u00e9er des r\u00e9pertoires, d\u00e9placer des fichiers, charger\/t\u00e9l\u00e9charger, transf\u00e9rer des fichiers)<\/li>\n<li>Communication (e-mails, SMS, chat, discours)<\/li>\n<li>Logique m\u00e9tier (r\u00e8gles, math\u00e9matiques, conditions)<\/li>\n<li>Cr\u00e9er des rapports<\/li>\n<li>Syst\u00e8me d&rsquo;exploitation (SE) Microsoft\u00a0Windows<\/li>\n<li>Int\u00e9gration d&rsquo;applications (Microsoft\u00a0Office, SAP)<\/li>\n<\/ul>\n<p>Les enregistreurs d&rsquo;\u00e9cran peuvent \u00eatre utilis\u00e9s pour\u00a0:<\/p>\n<ul>\n<li>Applications Web<\/li>\n<li>Applications Windows<\/li>\n<li>Applications Java<\/li>\n<li>SAP<\/li>\n<li>Terminaux mainframe IBM<\/li>\n<li>Bureau \u00e0 distance (vision par ordinateur bas\u00e9e sur l&rsquo;image)<\/li>\n<\/ul>\n<p>[\/vc_column_text][vc_empty_space height=\u00a0\u00bb40px\u00a0\u00bb][vc_single_image image=\u00a0\u00bb3549&Prime; img_size=\u00a0\u00bblarge\u00a0\u00bb][vc_empty_space height=\u00a0\u00bb20px\u00a0\u00bb][vc_column_text]IBM Robotic Processing Automation (RPA) peut extraire du texte \u00e0 partir d&rsquo;images, de documents PDF et de documents texte.<\/p>\n<p>La reconnaissance optique de caract\u00e8res (OCR) est utilis\u00e9e pour extraire le contenu textuel des images. Les commandes d&rsquo;expressions r\u00e9guli\u00e8res (RegEx) et de traitement du langage naturel (NLP) peuvent ensuite \u00eatre utilis\u00e9es pour extraire un contenu sp\u00e9cifique et des \u00e9l\u00e9ments de donn\u00e9es structur\u00e9s tels que des adresses, des adresses e-mail, des devises, etc. ils peuvent classer le texte dans diff\u00e9rentes cat\u00e9gories, telles que Nouvelle politique, R\u00e9clamation et Plainte, par exemple.<\/p>\n<p>Les commandes PDF peuvent \u00eatre utilis\u00e9es pour comparer, fusionner, extraire du contenu (images\/texte) et d\u00e9finir des valeurs de champ pour les documents PDF. IBM RPA Studio peut \u00eatre utilis\u00e9 pour afficher un document PDF afin de permettre aux utilisateurs de localiser facilement le contenu (r\u00e9gions et champs) r\u00e9f\u00e9renc\u00e9 par les commandes PDF.<\/p>\n<p>Diff\u00e9rents moteurs OCR, notamment ABBYY, Google Tesseract et Google Cloud Vision (GCV) peuvent \u00eatre choisis lors de l&rsquo;extraction de texte. L&rsquo;OCR illimit\u00e9 utilisant ABBYY et Google Tesseract est inclus avec IBM RPA. GCV OCR exige que les clients obtiennent une licence pour cette capacit\u00e9 s\u00e9par\u00e9ment.[\/vc_column_text][vc_empty_space height=\u00a0\u00bb40px\u00a0\u00bb][vc_single_image image=\u00a0\u00bb3551&Prime; img_size=\u00a0\u00bblarge\u00a0\u00bb][vc_empty_space height=\u00a0\u00bb20px\u00a0\u00bb][vc_column_text]Les chatbots IBM Robotic Process Automation (RPA) peuvent \u00eatre cr\u00e9\u00e9s \u00e0 l&rsquo;aide du m\u00eame langage de script RPA que celui utilis\u00e9 pour cr\u00e9er des robots avec et sans surveillance ; aucune int\u00e9gration suppl\u00e9mentaire n&rsquo;est requise pour tirer parti des capacit\u00e9s RPA au sein de la solution de chatbot. Un chatbot simple peut \u00eatre cr\u00e9\u00e9 en quelques minutes \u00e0 l&rsquo;aide des commandes RPA disponibles dans IBM RPA Studio. Les commandes RPA sont utilis\u00e9es pour orchestrer une conversation avec une personne, comprendre ce que la personne dit et fournir une r\u00e9ponse appropri\u00e9e. Les commandes de chat peuvent \u00eatre utilis\u00e9es pour poser une question \u00e0 l&rsquo;utilisateur et traiter la r\u00e9ponse, ou simplement dire quelque chose.[\/vc_column_text][vc_empty_space height=\u00a0\u00bb40px\u00a0\u00bb][vc_single_image image=\u00a0\u00bb3552&Prime; img_size=\u00a0\u00bblarge\u00a0\u00bb][vc_empty_space height=\u00a0\u00bb40px\u00a0\u00bb][vc_btn title=\u00a0\u00bbVeuillez consulter le guide de l&rsquo;acheteur discret d&rsquo;IBM en cliquant ici\u00a0\u00bb style=\u00a0\u00bb3d\u00a0\u00bb color=\u00a0\u00bbprimary\u00a0\u00bb size=\u00a0\u00bblg\u00a0\u00bb align=\u00a0\u00bbcenter\u00a0\u00bb button_block=\u00a0\u00bbtrue\u00a0\u00bb link=\u00a0\u00bburl:https%3A%2F%2Fwww.ibm.com%2Fcloud%2Fresources%2Frpa-no-hype-buyers-guide|target:_blank\u00a0\u00bb][\/vc_column][\/vc_row][\/vc_section]<\/p>\n","protected":false},"excerpt":{"rendered":"<p>[vc_section bg_position=\u00a0\u00bbleft top\u00a0\u00bb css=\u00a0\u00bb.vc_custom_1652044606904{background: #00a5d2 url(https:\/\/proyacorp.ca\/wp-content\/uploads\/2022\/05\/IBM-Rational-DOORS-Family.jpg?id=1952) !important;background-position: center !important;background-repeat: no-repeat !important;background-size: cover !important;}\u00a0\u00bb el_class=\u00a0\u00bbmask\u00a0\u00bb][vc_row css=\u00a0\u00bb.vc_custom_1667173359382{padding-top: 120px !important;padding-bottom: 100px !important;}\u00a0\u00bb el_class=\u00a0\u00bbproya-header\u00a0\u00bb][vc_column width=\u00a0\u00bb5\/6&Prime;][vc_custom_heading text=\u00a0\u00bbnos solutions\u00a0\u00bb font_container=\u00a0\u00bbtag:div|font_size:3rem|text_align:left|color:%23ffffff\u00a0\u00bb use_theme_fonts=\u00a0\u00bbyes\u00a0\u00bb css_animation=\u00a0\u00bbfadeInUp\u00a0\u00bb css=\u00a0\u00bb.vc_custom_1689682861486{margin-left: 3px !important;}\u00a0\u00bb el_class=\u00a0\u00bbdelay-1 custom-hd\u00a0\u00bb][vc_empty_space height=\u00a0\u00bb20px\u00a0\u00bb][vc_custom_heading text=\u00a0\u00bbIBM RPA\u00a0\u00bb font_container=\u00a0\u00bbtag:h2|font_size:3.3rem|text_align:left|color:%23ffffff|line_height:1&Prime; use_theme_fonts=\u00a0\u00bbyes\u00a0\u00bb css_animation=\u00a0\u00bbfadeInUp\u00a0\u00bb el_class=\u00a0\u00bbcustom-hd delay-2&Prime;][vc_separator color=\u00a0\u00bbwhite\u00a0\u00bb align=\u00a0\u00bbalign_left\u00a0\u00bb border_width=\u00a0\u00bb5&Prime; el_width=\u00a0\u00bb10&Prime; css_animation=\u00a0\u00bbfadeInUp\u00a0\u00bb el_class=\u00a0\u00bbdelay-4&Prime; css=\u00a0\u00bb.vc_custom_1540432371541{margin-bottom: 50px !important;margin-left: 5px !important;padding-top: 15px !important;}\u00a0\u00bb][vc_column_text css_animation=\u00a0\u00bbfadeInUp\u00a0\u00bb css=\u00a0\u00bb.vc_custom_1689682878933{margin-left: 3px [&hellip;]<\/p>\n","protected":false},"author":1,"featured_media":0,"parent":0,"menu_order":0,"comment_status":"closed","ping_status":"closed","template":"tmpl\/template-fullwidth.php","meta":{"footnotes":""},"class_list":["post-4522","page","type-page","status-publish","hentry"],"acf":[],"aioseo_notices":[],"_links":{"self":[{"href":"https:\/\/proyacorp.ca\/fr\/wp-json\/wp\/v2\/pages\/4522","targetHints":{"allow":["GET"]}}],"collection":[{"href":"https:\/\/proyacorp.ca\/fr\/wp-json\/wp\/v2\/pages"}],"about":[{"href":"https:\/\/proyacorp.ca\/fr\/wp-json\/wp\/v2\/types\/page"}],"author":[{"embeddable":true,"href":"https:\/\/proyacorp.ca\/fr\/wp-json\/wp\/v2\/users\/1"}],"replies":[{"embeddable":true,"href":"https:\/\/proyacorp.ca\/fr\/wp-json\/wp\/v2\/comments?post=4522"}],"version-history":[{"count":2,"href":"https:\/\/proyacorp.ca\/fr\/wp-json\/wp\/v2\/pages\/4522\/revisions"}],"predecessor-version":[{"id":4524,"href":"https:\/\/proyacorp.ca\/fr\/wp-json\/wp\/v2\/pages\/4522\/revisions\/4524"}],"wp:attachment":[{"href":"https:\/\/proyacorp.ca\/fr\/wp-json\/wp\/v2\/media?parent=4522"}],"curies":[{"name":"wp","href":"https:\/\/api.w.org\/{rel}","templated":true}]}}