{"id":4525,"date":"2022-05-08T17:15:07","date_gmt":"2022-05-08T21:15:07","guid":{"rendered":"https:\/\/proyacorp.ca\/ibm-rational-doors\/"},"modified":"2023-07-18T08:27:46","modified_gmt":"2023-07-18T12:27:46","slug":"ibm-rational-doors","status":"publish","type":"page","link":"https:\/\/proyacorp.ca\/fr\/ibm-rational-doors\/","title":{"rendered":"IBM Rational DOORS"},"content":{"rendered":"<p>[vc_section bg_position=\u00a0\u00bbleft top\u00a0\u00bb css=\u00a0\u00bb.vc_custom_1652044606904{background: #00a5d2 url(https:\/\/proyacorp.ca\/wp-content\/uploads\/2022\/05\/IBM-Rational-DOORS-Family.jpg?id=1952) !important;background-position: center !important;background-repeat: no-repeat !important;background-size: cover !important;}\u00a0\u00bb el_class=\u00a0\u00bbmask\u00a0\u00bb][vc_row css=\u00a0\u00bb.vc_custom_1667173359382{padding-top: 120px !important;padding-bottom: 100px !important;}\u00a0\u00bb el_class=\u00a0\u00bbproya-header\u00a0\u00bb][vc_column width=\u00a0\u00bb5\/6&Prime;][vc_custom_heading text=\u00a0\u00bbnos solutions\u00a0\u00bb font_container=\u00a0\u00bbtag:div|font_size:3rem|text_align:left|color:%23ffffff\u00a0\u00bb use_theme_fonts=\u00a0\u00bbyes\u00a0\u00bb css_animation=\u00a0\u00bbfadeInUp\u00a0\u00bb css=\u00a0\u00bb.vc_custom_1689683207648{margin-left: 3px !important;}\u00a0\u00bb el_class=\u00a0\u00bbdelay-1 custom-hd\u00a0\u00bb][vc_empty_space height=\u00a0\u00bb20px\u00a0\u00bb][vc_custom_heading text=\u00a0\u00bbIBM Rational DOORS Family\u00a0\u00bb font_container=\u00a0\u00bbtag:h2|font_size:3.3rem|text_align:left|color:%23ffffff|line_height:1&Prime; use_theme_fonts=\u00a0\u00bbyes\u00a0\u00bb css_animation=\u00a0\u00bbfadeInUp\u00a0\u00bb el_class=\u00a0\u00bbcustom-hd delay-2&Prime;][vc_separator color=\u00a0\u00bbwhite\u00a0\u00bb align=\u00a0\u00bbalign_left\u00a0\u00bb border_width=\u00a0\u00bb5&Prime; el_width=\u00a0\u00bb10&Prime; css_animation=\u00a0\u00bbfadeInUp\u00a0\u00bb el_class=\u00a0\u00bbdelay-4&Prime; css=\u00a0\u00bb.vc_custom_1540432371541{margin-bottom: 50px !important;margin-left: 5px !important;padding-top: 15px !important;}\u00a0\u00bb][vc_column_text css_animation=\u00a0\u00bbfadeInUp\u00a0\u00bb css=\u00a0\u00bb.vc_custom_1689683218936{margin-left: 3px !important;}\u00a0\u00bb el_class=\u00a0\u00bbdelay-3&Prime;]<a class=\"button line\" href=\"https:\/\/proyacorp.ca\/fr\/contactez-nous\/\">Contactez-nous d\u00e8s aujourd&rsquo;hui.<\/a>[\/vc_column_text][\/vc_column][vc_column width=\u00a0\u00bb1\/6&Prime;][\/vc_column][\/vc_row][\/vc_section][vc_section css_animation=\u00a0\u00bbnone\u00a0\u00bb css=\u00a0\u00bb.vc_custom_1651960199883{padding-bottom: 40px !important;}\u00a0\u00bb][vc_row][vc_column][vc_empty_space height=\u00a0\u00bb80px\u00a0\u00bb][vc_custom_heading text=\u00a0\u00bbIBM Rational DOORS Family\u00a0\u00bb font_container=\u00a0\u00bbtag:h3|text_align:center\u00a0\u00bb use_theme_fonts=\u00a0\u00bbyes\u00a0\u00bb][vc_empty_space height=\u00a0\u00bb40px\u00a0\u00bb][vc_single_image image=\u00a0\u00bb1950&Prime; img_size=\u00a0\u00bbfull\u00a0\u00bb][vc_empty_space height=\u00a0\u00bb40px\u00a0\u00bb][vc_column_text]Les exigences d\u00e9finissent ce que les utilisateurs attendent d&rsquo;un produit ou d&rsquo;un service. La gestion des exigences est le processus qui permet de s&rsquo;assurer qu&rsquo;une entreprise documente, valide et r\u00e9pond aux besoins et attentes de ses clients, parties prenantes internes et externes. La gestion des exigences commence par l&rsquo;analyse et la divulgation des objectifs et des limites de l&rsquo;organisation. La gestion des exigences inclut \u00e9galement des modifications pour prendre en charge la planification des exigences, leurs besoins et l&rsquo;int\u00e9gration avec les organisations avec lesquelles vous travaillez, ainsi que les relations avec d&rsquo;autres informations fournies sur les exigences et ces informations.<\/p>\n<p>IBM Rational DOORS est une famille de solutions utilis\u00e9es pour d\u00e9terminer et g\u00e9rer les exigences. Il s&rsquo;agit d&rsquo;une solution \u00e9volutive qui peut aider \u00e0 atteindre les objectifs de l&rsquo;entreprise en contr\u00f4lant la port\u00e9e et le co\u00fbt du projet. Rational DOORS vous permet de capturer, de suivre, d&rsquo;analyser et de g\u00e9rer les changements d&rsquo;informations, ainsi que de d\u00e9montrer la conformit\u00e9 aux r\u00e9glementations et aux normes. Rational DOORS est con\u00e7u pour \u00eatre une application de base de donn\u00e9es client-serveur pour la collaboration et l&rsquo;optimisation.<\/p>\n<p><strong>Famille IBM Rational DOORS\u00a0:<\/strong><\/p>\n<p><strong>Rational DOORS\u00a0:<\/strong> il s&rsquo;agit d&rsquo;un outil de gestion des exigences de premier plan qui facilite la capture, le suivi, l&rsquo;analyse et la gestion des changements d&rsquo;informations. La ma\u00eetrise des exigences est la cl\u00e9 pour r\u00e9duire les co\u00fbts, augmenter l&rsquo;efficacit\u00e9 et am\u00e9liorer la qualit\u00e9 de vos produits. Rational DOORS convient aux entreprises qui con\u00e7oivent des syst\u00e8mes et des produits qui n\u00e9cessitent des environnements tr\u00e8s complexes, critiques et hautement compatibles pour la fiabilit\u00e9. (DOORS Next Generation est disponible sans frais de licence suppl\u00e9mentaires pour les clients disposant d&rsquo;une licence DOORS active et d&rsquo;un contrat d&rsquo;assistance.)<\/p>\n<p><a href=\"https:\/\/proyacorp.ca\/ibm-rational-doors-and-trainings\/\">\u2022 Cliquez pour plus d&rsquo;informations.<\/a><\/p>\n<p><strong>Rational DOORS Next Generation\u00a0:<\/strong> Rational DOORS Next Generation, qui offre un support pour une gamme d&rsquo;applications d&rsquo;exigences allant des exigences simples \u00e0 l&rsquo;ing\u00e9nierie syst\u00e8me enti\u00e8rement r\u00e9glement\u00e9e, permet \u00e0 vos \u00e9quipes de travailler r\u00e9guli\u00e8rement sur les exigences en les disciplinant gr\u00e2ce \u00e0 son interface con\u00e7ue pour la collaboration. En outre, il leur fournit une plate-forme unique pour travailler et g\u00e9rer les exigences \u00e0 travers les fuseaux horaires et les r\u00e9seaux de fournisseurs. Pour avoir plus de collaboration entre les \u00e9quipes de d\u00e9veloppement de produits interdisciplinaires, DOORS Next Generation est \u00e9galement id\u00e9al pour les utilisateurs de DOORS 9 qui souhaitent cr\u00e9er des solutions d&rsquo;exigences \u00e0 serveur unique ou enti\u00e8rement bas\u00e9es sur le Web.<\/p>\n<p><a href=\"https:\/\/proyacorp.ca\/fr\/ibm-rational-doors-next-generation\/\">\u2022 Cliquez pour plus d&rsquo;informations.<\/a><\/p>\n<p><strong>Rational DOORS Web Access\u00a0:<\/strong> il fournit un acc\u00e8s Web aux exigences de la base de donn\u00e9es Rational DOORS. Il \u00e9tend Rational DOORS avec une interface Web qui permet aux parties prenantes de cr\u00e9er, visualiser, modifier et discuter des besoins.<\/p>\n<p><a href=\"https:\/\/proyacorp.ca\/fr\/ibm-rational-doors-web-access\/\">\u2022 Cliquez pour plus d&rsquo;informations.<\/a>[\/vc_column_text][\/vc_column][\/vc_row][\/vc_section]<\/p>\n","protected":false},"excerpt":{"rendered":"<p>[vc_section bg_position=\u00a0\u00bbleft top\u00a0\u00bb css=\u00a0\u00bb.vc_custom_1652044606904{background: #00a5d2 url(https:\/\/proyacorp.ca\/wp-content\/uploads\/2022\/05\/IBM-Rational-DOORS-Family.jpg?id=1952) !important;background-position: center !important;background-repeat: no-repeat !important;background-size: cover !important;}\u00a0\u00bb el_class=\u00a0\u00bbmask\u00a0\u00bb][vc_row css=\u00a0\u00bb.vc_custom_1667173359382{padding-top: 120px !important;padding-bottom: 100px !important;}\u00a0\u00bb el_class=\u00a0\u00bbproya-header\u00a0\u00bb][vc_column width=\u00a0\u00bb5\/6&Prime;][vc_custom_heading text=\u00a0\u00bbnos solutions\u00a0\u00bb font_container=\u00a0\u00bbtag:div|font_size:3rem|text_align:left|color:%23ffffff\u00a0\u00bb use_theme_fonts=\u00a0\u00bbyes\u00a0\u00bb css_animation=\u00a0\u00bbfadeInUp\u00a0\u00bb css=\u00a0\u00bb.vc_custom_1689683207648{margin-left: 3px !important;}\u00a0\u00bb el_class=\u00a0\u00bbdelay-1 custom-hd\u00a0\u00bb][vc_empty_space height=\u00a0\u00bb20px\u00a0\u00bb][vc_custom_heading text=\u00a0\u00bbIBM Rational DOORS Family\u00a0\u00bb font_container=\u00a0\u00bbtag:h2|font_size:3.3rem|text_align:left|color:%23ffffff|line_height:1&Prime; use_theme_fonts=\u00a0\u00bbyes\u00a0\u00bb css_animation=\u00a0\u00bbfadeInUp\u00a0\u00bb el_class=\u00a0\u00bbcustom-hd delay-2&Prime;][vc_separator color=\u00a0\u00bbwhite\u00a0\u00bb align=\u00a0\u00bbalign_left\u00a0\u00bb border_width=\u00a0\u00bb5&Prime; el_width=\u00a0\u00bb10&Prime; css_animation=\u00a0\u00bbfadeInUp\u00a0\u00bb el_class=\u00a0\u00bbdelay-4&Prime; css=\u00a0\u00bb.vc_custom_1540432371541{margin-bottom: 50px !important;margin-left: 5px !important;padding-top: 15px !important;}\u00a0\u00bb][vc_column_text css_animation=\u00a0\u00bbfadeInUp\u00a0\u00bb [&hellip;]<\/p>\n","protected":false},"author":1,"featured_media":0,"parent":0,"menu_order":0,"comment_status":"closed","ping_status":"closed","template":"tmpl\/template-fullwidth.php","meta":{"footnotes":""},"class_list":["post-4525","page","type-page","status-publish","hentry"],"acf":[],"aioseo_notices":[],"_links":{"self":[{"href":"https:\/\/proyacorp.ca\/fr\/wp-json\/wp\/v2\/pages\/4525","targetHints":{"allow":["GET"]}}],"collection":[{"href":"https:\/\/proyacorp.ca\/fr\/wp-json\/wp\/v2\/pages"}],"about":[{"href":"https:\/\/proyacorp.ca\/fr\/wp-json\/wp\/v2\/types\/page"}],"author":[{"embeddable":true,"href":"https:\/\/proyacorp.ca\/fr\/wp-json\/wp\/v2\/users\/1"}],"replies":[{"embeddable":true,"href":"https:\/\/proyacorp.ca\/fr\/wp-json\/wp\/v2\/comments?post=4525"}],"version-history":[{"count":1,"href":"https:\/\/proyacorp.ca\/fr\/wp-json\/wp\/v2\/pages\/4525\/revisions"}],"predecessor-version":[{"id":4526,"href":"https:\/\/proyacorp.ca\/fr\/wp-json\/wp\/v2\/pages\/4525\/revisions\/4526"}],"wp:attachment":[{"href":"https:\/\/proyacorp.ca\/fr\/wp-json\/wp\/v2\/media?parent=4525"}],"curies":[{"name":"wp","href":"https:\/\/api.w.org\/{rel}","templated":true}]}}