{"id":4527,"date":"2022-05-17T16:08:12","date_gmt":"2022-05-17T20:08:12","guid":{"rendered":"https:\/\/proyacorp.ca\/ibm-rhapsody\/"},"modified":"2023-07-23T17:43:58","modified_gmt":"2023-07-23T21:43:58","slug":"ibm-rhapsody","status":"publish","type":"page","link":"https:\/\/proyacorp.ca\/fr\/ibm-rhapsody\/","title":{"rendered":"IBM Rhapsody"},"content":{"rendered":"<p>[vc_section bg_position=\u00a0\u00bbcenter center\u00a0\u00bb css=\u00a0\u00bb.vc_custom_1652825081075{background: #a02364 url(https:\/\/proyacorp.ca\/wp-content\/uploads\/2022\/05\/IBM-Rhapsody.jpg?id=2357) !important;background-position: center !important;background-repeat: no-repeat !important;background-size: cover !important;}\u00a0\u00bb el_class=\u00a0\u00bbmask\u00a0\u00bb][vc_row css=\u00a0\u00bb.vc_custom_1667173510618{padding-top: 120px !important;padding-bottom: 100px !important;}\u00a0\u00bb el_class=\u00a0\u00bbproya-header\u00a0\u00bb][vc_column width=\u00a0\u00bb5\/6&Prime;][vc_custom_heading text=\u00a0\u00bbnos solutions\u00a0\u00bb font_container=\u00a0\u00bbtag:div|font_size:3rem|text_align:left|color:%23ffffff\u00a0\u00bb use_theme_fonts=\u00a0\u00bbyes\u00a0\u00bb css_animation=\u00a0\u00bbfadeInUp\u00a0\u00bb css=\u00a0\u00bb.vc_custom_1689687608701{margin-left: 3px !important;}\u00a0\u00bb el_class=\u00a0\u00bbdelay-1 custom-hd\u00a0\u00bb][vc_empty_space height=\u00a0\u00bb20px\u00a0\u00bb][vc_custom_heading text=\u00a0\u00bbIBM Rhapsody\u00a0\u00bb font_container=\u00a0\u00bbtag:h2|font_size:3.3rem|text_align:left|color:%23ffffff|line_height:1&Prime; use_theme_fonts=\u00a0\u00bbyes\u00a0\u00bb css_animation=\u00a0\u00bbfadeInUp\u00a0\u00bb el_class=\u00a0\u00bbcustom-hd delay-2&Prime;][vc_separator color=\u00a0\u00bbwhite\u00a0\u00bb align=\u00a0\u00bbalign_left\u00a0\u00bb border_width=\u00a0\u00bb5&Prime; el_width=\u00a0\u00bb10&Prime; css_animation=\u00a0\u00bbfadeInUp\u00a0\u00bb el_class=\u00a0\u00bbdelay-4&Prime; css=\u00a0\u00bb.vc_custom_1540432371541{margin-bottom: 50px !important;margin-left: 5px !important;padding-top: 15px !important;}\u00a0\u00bb][vc_column_text css_animation=\u00a0\u00bbfadeInUp\u00a0\u00bb css=\u00a0\u00bb.vc_custom_1689687618947{margin-left: 3px !important;}\u00a0\u00bb el_class=\u00a0\u00bbdelay-3&Prime;]<a class=\"button line\" href=\"https:\/\/proyacorp.ca\/fr\/contactez-nous\/\">Contactez-nous d\u00e8s aujourd&rsquo;hui.<\/a>[\/vc_column_text][\/vc_column][vc_column width=\u00a0\u00bb1\/6&Prime;][\/vc_column][\/vc_row][\/vc_section][vc_row][vc_column][vc_widget_sidebar sidebar_id=\u00a0\u00bbsidebar-628401e788d27&Prime;][\/vc_column][\/vc_row][vc_section css_animation=\u00a0\u00bbnone\u00a0\u00bb css=\u00a0\u00bb.vc_custom_1652819138366{padding-bottom: 40px !important;}\u00a0\u00bb el_id=\u00a0\u00bbwhat\u00a0\u00bb][vc_row][vc_column][vc_empty_space height=\u00a0\u00bb80px\u00a0\u00bb][vc_custom_heading text=\u00a0\u00bbQu&rsquo;est-ce qu&rsquo;IBM Rhapsody?\u00a0\u00bb font_container=\u00a0\u00bbtag:h3|text_align:center\u00a0\u00bb use_theme_fonts=\u00a0\u00bbyes\u00a0\u00bb][vc_empty_space height=\u00a0\u00bb80px\u00a0\u00bb][vc_column_text]SysML est un langage de mod\u00e9lisation qui fournit une analyse et une conception au niveau du syst\u00e8me de syst\u00e8mes complexes pris en charge par OMG. Des raisons telles que la plate-forme, le processus de d\u00e9veloppement et l&rsquo;ind\u00e9pendance du domaine font de SYSML une norme obligatoire \u00e0 appliquer pour les entreprises qui d\u00e9veloppent quotidiennement des logiciels et des syst\u00e8mes.<br \/>\nDe nos jours, de nombreuses entreprises d\u00e9veloppant des syst\u00e8mes m\u00e9caniques, \u00e9lectroniques et logiciels rendent les processus de d\u00e9veloppement de syst\u00e8mes fiables, faciles, r\u00e9alisables et r\u00e9utilisables avec les avantages offerts par SYSML.<\/p>\n<p>En tant que PROYA, nous fournissons des outils de formation, de conseil et de d\u00e9veloppement aux entreprises d\u00e9veloppant des logiciels et des syst\u00e8mes depuis plus de 6 ans. Notre soci\u00e9t\u00e9 a pour objectif d&rsquo;expliquer l&rsquo;utilisation de SysML dans la r\u00e9solution de probl\u00e8mes d&rsquo;ing\u00e9nierie syst\u00e8me complexes avec une formation SysML de 4 jours aux participants accompagn\u00e9s de nos formateurs experts dans le domaine \u00e0 travers des exemples actuels et facilement compr\u00e9hensibles et d&rsquo;augmenter la comp\u00e9tence des participants dans le cadre de d\u00e9veloppement pilot\u00e9 par le mod\u00e8le.[\/vc_column_text][vc_empty_space height=\u00a0\u00bb80px\u00a0\u00bb][\/vc_column][\/vc_row][\/vc_section][vc_section css_animation=\u00a0\u00bbnone\u00a0\u00bb css=\u00a0\u00bb.vc_custom_1652819232984{padding-bottom: 40px !important;}\u00a0\u00bb el_id=\u00a0\u00bbdesigner\u00a0\u00bb el_class=\u00a0\u00bbgradient3&Prime;][vc_row][vc_column][vc_empty_space height=\u00a0\u00bb80px\u00a0\u00bb][vc_custom_heading text=\u00a0\u00bbFormation Rhapsody Designer pour ing\u00e9nieurs syst\u00e8me (4 jours)\u00a0\u00bb font_container=\u00a0\u00bbtag:h3|text_align:center\u00a0\u00bb use_theme_fonts=\u00a0\u00bbyes\u00a0\u00bb][vc_empty_space height=\u00a0\u00bb80px\u00a0\u00bb][vc_column_text]Rational Rhapsody Designer est le meilleur assistant des ing\u00e9nieurs syst\u00e8me lors de la cr\u00e9ation de conceptions de syst\u00e8mes embarqu\u00e9s complexes. Avec Rhapsody Designer, vous pouvez effectuer une mod\u00e9lisation UML\/SysML, simuler des mod\u00e8les, effectuer une analyse des exigences et documenter automatiquement. Avec Rhapsody, vous pouvez fournir une surveillance compl\u00e8te du cycle de vie gr\u00e2ce \u00e0 son interop\u00e9rabilit\u00e9 individuelle avec les technologies de gestion de la configuration.<\/p>\n<p>Sujets de formation\u00a0:[\/vc_column_text][vc_empty_space height=\u00a0\u00bb40px\u00a0\u00bb][vc_custom_heading text=\u00a0\u00bbMain Topics\u00a0\u00bb font_container=\u00a0\u00bbtag:h4|font_size:1.5rem|text_align:left\u00a0\u00bb use_theme_fonts=\u00a0\u00bbyes\u00a0\u00bb][vc_empty_space height=\u00a0\u00bb40px\u00a0\u00bb][vc_column_text]<strong>Introduction \u00e0 l&rsquo;ing\u00e9nierie des syst\u00e8mes bas\u00e9s sur des mod\u00e8les (MBSE), \u00e0 SysML et \u00e0 l&rsquo;analyse des exigences de Rhapsody<\/strong><\/p>\n<ul>\n<li>Exigences bas\u00e9es sur OSLC, tra\u00e7abilit\u00e9, analyse de couverture et analyse d&rsquo;impact<\/li>\n<li>Mod\u00e9lisation de cas d&rsquo;utilisation<\/li>\n<\/ul>\n<p><strong>Analyse fonctionnelle<\/strong><\/p>\n<ul>\n<li>Activit\u00e9s de mod\u00e9lisation<\/li>\n<li>Mod\u00e9lisation de la structure de base<\/li>\n<li>Mod\u00e9lisation des diagrammes de s\u00e9quence<\/li>\n<li>Mod\u00e9lisation des machines d&rsquo;\u00e9tat<\/li>\n<li>Interfaces de mod\u00e9lisation<\/li>\n<\/ul>\n<p><strong>V\u00e9rification de mod\u00e8le et synth\u00e8se de conception d&rsquo;ex\u00e9cution<\/strong><\/p>\n<ul>\n<li>D\u00e9composition, allocation et transfert<\/li>\n<li>Rapport<\/li>\n<\/ul>\n<p>[\/vc_column_text][vc_empty_space height=\u00a0\u00bb40px\u00a0\u00bb][vc_custom_heading text=\u00a0\u00bbObjectifs\u00a0\u00bb font_container=\u00a0\u00bbtag:h4|font_size:1.5rem|text_align:left\u00a0\u00bb use_theme_fonts=\u00a0\u00bbyes\u00a0\u00bb][vc_empty_space height=\u00a0\u00bb40px\u00a0\u00bb][vc_column_text]<\/p>\n<ul>\n<li>D\u00e9couvrez le produit dans le contexte d&rsquo;un flux de processus d&rsquo;ing\u00e9nierie syst\u00e8me pour vous assurer que vous \u00eates \u00e0 l&rsquo;aise avec l&rsquo;application de Rhapsody \u00e0 toutes les phases de l&rsquo;analyse et de la conception du syst\u00e8me<\/li>\n<li>Cr\u00e9er des mod\u00e8les au niveau des syst\u00e8mes avec une tra\u00e7abilit\u00e9 compl\u00e8te des exigences bas\u00e9es sur l&rsquo;oslc, ainsi qu&rsquo;une analyse de l&rsquo;impact et de la couverture<\/li>\n<li>Valider les mod\u00e8les de syst\u00e8mes jusqu&rsquo;\u00e0 leur ex\u00e9cution<\/li>\n<\/ul>\n<p>[\/vc_column_text][vc_empty_space height=\u00a0\u00bb80px\u00a0\u00bb][\/vc_column][\/vc_row][\/vc_section][vc_section css_animation=\u00a0\u00bbnone\u00a0\u00bb css=\u00a0\u00bb.vc_custom_1652819153717{padding-bottom: 40px !important;}\u00a0\u00bb el_id=\u00a0\u00bbdeveloper\u00a0\u00bb][vc_row][vc_column][vc_empty_space height=\u00a0\u00bb80px\u00a0\u00bb][vc_custom_heading text=\u00a0\u00bbFormation d\u00e9veloppeur Rhapsody pour ing\u00e9nieurs logiciels (1 jour)\u00a0\u00bb font_container=\u00a0\u00bbtag:h3|text_align:center\u00a0\u00bb use_theme_fonts=\u00a0\u00bbyes\u00a0\u00bb][vc_empty_space height=\u00a0\u00bb80px\u00a0\u00bb][vc_column_text]IBM Rational Rhapsody Developer est un environnement de d\u00e9veloppement visuel pour le d\u00e9veloppement de logiciels d&rsquo;application embarqu\u00e9s, en temps r\u00e9el ou techniques bas\u00e9s sur UML et il fournit un d\u00e9veloppement de logiciels embarqu\u00e9s bas\u00e9 sur un mod\u00e8le. Par Rhapsody Developer, une am\u00e9lioration est obtenue au niveau des langages C, C++, Java et\/ou ADA et un code de travail direct peut \u00eatre g\u00e9n\u00e9r\u00e9 \u00e0 partir du mod\u00e8le et des codes d&rsquo;objet de travail peuvent \u00eatre envoy\u00e9s \u00e0 l&rsquo;environnement cible (sur un syst\u00e8me d&rsquo;exploitation en temps r\u00e9el ou sur un environnement sans syst\u00e8me d&rsquo;exploitation).<\/p>\n<p>Sujets de formation\u00a0:[\/vc_column_text][vc_empty_space height=\u00a0\u00bb40px\u00a0\u00bb][vc_custom_heading text=\u00a0\u00bbMain Topics\u00a0\u00bb font_container=\u00a0\u00bbtag:h4|font_size:1.5rem|text_align:left\u00a0\u00bb use_theme_fonts=\u00a0\u00bbyes\u00a0\u00bb][vc_empty_space height=\u00a0\u00bb40px\u00a0\u00bb][vc_column_text]<\/p>\n<ul>\n<li>Introduction \u00e0 la gestion du cycle de vie des applications<\/li>\n<li>Pr\u00e9sentation d&rsquo;IBM Rational Team Concert<\/li>\n<li>Gestion des \u00e9l\u00e9ments de travail dans IBM Rational Team Concert<\/li>\n<li>Utilisation du contr\u00f4le de source Jazz dans IBM Rational Team Concert<\/li>\n<li>Travailler avec des builds Jazz dans IBM Rational Team Concert<\/li>\n<li>Suivi de l&rsquo;\u00e9tat du projet dans IBM Rational Team Concert<\/li>\n<\/ul>\n<p>[\/vc_column_text][vc_empty_space height=\u00a0\u00bb40px\u00a0\u00bb][vc_custom_heading text=\u00a0\u00bbObjectifs\u00a0\u00bb font_container=\u00a0\u00bbtag:h4|font_size:1.5rem|text_align:left\u00a0\u00bb use_theme_fonts=\u00a0\u00bbyes\u00a0\u00bb][vc_empty_space height=\u00a0\u00bb40px\u00a0\u00bb][vc_column_text]<\/p>\n<ul>\n<li>Expliquer l&rsquo;approche IBM Rational Application Lifecycle Management (ALM)<\/li>\n<li>Accepter une invitation \u00e0 rejoindre une \u00e9quipe de projet Rational Team Concert<\/li>\n<li>Rechercher, cr\u00e9er et g\u00e9rer des \u00e9l\u00e9ments de travail dans Rational Team Concert<\/li>\n<li>Apporter des modifications aux composants sous le contr\u00f4le de code source de Rational Team Concert<\/li>\n<li>Cr\u00e9er des builds dans Rational Team Concert<\/li>\n<li>Suivre les donn\u00e9es avec les rapports Rational Team Concert<\/li>\n<li>Cr\u00e9er et utiliser un tableau de bord pour afficher le contenu de Rational Team Concert<\/li>\n<\/ul>\n<p>[\/vc_column_text][vc_empty_space height=\u00a0\u00bb80px\u00a0\u00bb][\/vc_column][\/vc_row][\/vc_section][vc_section css_animation=\u00a0\u00bbnone\u00a0\u00bb css=\u00a0\u00bb.vc_custom_1652819761850{padding-bottom: 40px !important;background-color: #231834 !important;}\u00a0\u00bb el_id=\u00a0\u00bbcalendar\u00a0\u00bb][vc_row][vc_column][vc_empty_space height=\u00a0\u00bb80px\u00a0\u00bb][vc_custom_heading text=\u00a0\u00bbCalendrier de formation IBM Rhapsody\u00a0\u00bb font_container=\u00a0\u00bbtag:h3|text_align:center|color:%23ffffff\u00a0\u00bb use_theme_fonts=\u00a0\u00bbyes\u00a0\u00bb][vc_empty_space height=\u00a0\u00bb80px\u00a0\u00bb][vc_column_text]<span style=\"color: #ffffff;\">La formation est dispens\u00e9e en classe ouverte et en classe ferm\u00e9e. La formation est une formation de 4 jours.<\/span><\/p>\n<p><span style=\"color: #ffffff;\">Vous pouvez nous contacter pour demander cette formation dans votre propre institution en classe ferm\u00e9e ou pour faire une pr\u00e9-inscription ou vous pouvez remplir le formulaire de demande.<\/span><\/p>\n<p><span style=\"color: #ffffff;\">Si vous le souhaitez, vous pouvez obtenir des informations d\u00e9taill\u00e9es en appelant <a class=\"proyacontact\" href=\"tel:+15484090383\">(548) 409 0383<\/a> ou en \u00e9crivant \u00e0 <a class=\"proyacontact\" href=\"mailto:info@proya.net\">info@proya.net<\/a>.<\/span>[\/vc_column_text][vc_empty_space height=\u00a0\u00bb80px\u00a0\u00bb][\/vc_column][\/vc_row][\/vc_section][vc_section css_animation=\u00a0\u00bbnone\u00a0\u00bb css=\u00a0\u00bb.vc_custom_1652822752526{padding-bottom: 40px !important;background-color: #f3f6f9 !important;}\u00a0\u00bb el_id=\u00a0\u00bbform\u00a0\u00bb][vc_row][vc_column][vc_empty_space height=\u00a0\u00bb80px\u00a0\u00bb][vc_custom_heading text=\u00a0\u00bbFormulaire de pr\u00e9inscription\/demande de formation IBM Rhapsody UML\/SysML\u00a0\u00bb font_container=\u00a0\u00bbtag:h3|text_align:center\u00a0\u00bb use_theme_fonts=\u00a0\u00bbyes\u00a0\u00bb][vc_empty_space height=\u00a0\u00bb80px\u00a0\u00bb]\n<div class=\"wpcf7 no-js\" id=\"wpcf7-f4598-o1\" lang=\"en-CA\" dir=\"ltr\" data-wpcf7-id=\"4598\">\n<div class=\"screen-reader-response\"><p role=\"status\" aria-live=\"polite\" aria-atomic=\"true\"><\/p> <ul><\/ul><\/div>\n<form action=\"\/fr\/wp-json\/wp\/v2\/pages\/4527#wpcf7-f4598-o1\" method=\"post\" class=\"wpcf7-form init\" aria-label=\"Contact form\" novalidate=\"novalidate\" data-status=\"init\">\n<fieldset class=\"hidden-fields-container\"><input type=\"hidden\" name=\"_wpcf7\" value=\"4598\" \/><input type=\"hidden\" name=\"_wpcf7_version\" value=\"6.1.5\" \/><input type=\"hidden\" name=\"_wpcf7_locale\" value=\"en_CA\" \/><input type=\"hidden\" name=\"_wpcf7_unit_tag\" value=\"wpcf7-f4598-o1\" \/><input type=\"hidden\" name=\"_wpcf7_container_post\" value=\"0\" \/><input type=\"hidden\" name=\"_wpcf7_posted_data_hash\" value=\"\" \/><input type=\"hidden\" name=\"_wpcf7_recaptcha_response\" value=\"\" \/>\n<\/fieldset>\n<div class=\"contact style2\">\n\t<div class=\"row\">\n\t\t<div class=\"columns columns-12\">\n\t\t\t<p><label>Nom et pr\u00e9nom * <span class=\"wpcf7-form-control-wrap\" data-name=\"your-name\"><input size=\"40\" maxlength=\"400\" class=\"wpcf7-form-control wpcf7-text wpcf7-validates-as-required\" aria-required=\"true\" aria-invalid=\"false\" placeholder=\"Pr\u00e9nom \/ nom de famille\" value=\"\" type=\"text\" name=\"your-name\" \/><\/span><\/label>\n\t\t\t<\/p>\n\t\t<\/div>\n\t<\/div>\n\t<div class=\"row\">\n\t\t<div class=\"columns columns-12\">\n\t\t\t<p><label>Entreprise * <span class=\"wpcf7-form-control-wrap\" data-name=\"text-284\"><input size=\"40\" maxlength=\"400\" class=\"wpcf7-form-control wpcf7-text wpcf7-validates-as-required\" aria-required=\"true\" aria-invalid=\"false\" placeholder=\"Entreprise\" value=\"\" type=\"text\" name=\"text-284\" \/><\/span><\/label>\n\t\t\t<\/p>\n\t\t<\/div>\n\t<\/div>\n\t<div class=\"row\">\n\t\t<div class=\"columns columns-12\">\n\t\t\t<p><label>E-mail * <span class=\"wpcf7-form-control-wrap\" data-name=\"your-email\"><input size=\"40\" maxlength=\"400\" class=\"wpcf7-form-control wpcf7-email wpcf7-validates-as-required wpcf7-text wpcf7-validates-as-email\" aria-required=\"true\" aria-invalid=\"false\" placeholder=\"E-mail\" value=\"\" type=\"email\" name=\"your-email\" \/><\/span><\/label>\n\t\t\t<\/p>\n\t\t<\/div>\n\t<\/div>\n\t<div class=\"row\">\n\t\t<div class=\"columns columns-12\">\n\t\t\t<p><label>Num\u00e9ro de t\u00e9l\u00e9phone <span class=\"wpcf7-form-control-wrap\" data-name=\"tel-973\"><input size=\"40\" maxlength=\"400\" class=\"wpcf7-form-control wpcf7-tel wpcf7-text wpcf7-validates-as-tel\" aria-invalid=\"false\" placeholder=\"Num\u00e9ro de t\u00e9l\u00e9phone\" value=\"\" type=\"tel\" name=\"tel-973\" \/><\/span><\/label>\n\t\t\t<\/p>\n\t\t<\/div>\n\t<\/div>\n\t<div class=\"row\">\n\t\t<div class=\"columns columns-12\">\n\t\t\t<p><label>Votre message <span class=\"wpcf7-form-control-wrap\" data-name=\"your-message\"><textarea cols=\"40\" rows=\"10\" maxlength=\"2000\" class=\"wpcf7-form-control wpcf7-textarea\" aria-invalid=\"false\" placeholder=\"Votre message\" name=\"your-message\"><\/textarea><\/span><\/label>\n\t\t\t<\/p>\n\t\t<\/div>\n\t<\/div>\n\t<div class=\"row\">\n\t\t<div class=\"columns columns-12\">\n\t\t\t<p><input class=\"wpcf7-form-control wpcf7-submit has-spinner primary\" type=\"submit\" value=\"Soumettre\" \/>\n\t\t\t<\/p>\n\t\t<\/div>\n\t<\/div>\n<\/div><p style=\"display: none !important;\" class=\"akismet-fields-container\" data-prefix=\"_wpcf7_ak_\"><label>&#916;<textarea name=\"_wpcf7_ak_hp_textarea\" cols=\"45\" rows=\"8\" maxlength=\"100\"><\/textarea><\/label><input type=\"hidden\" id=\"ak_js_1\" name=\"_wpcf7_ak_js\" value=\"192\"\/><script>document.getElementById( \"ak_js_1\" ).setAttribute( \"value\", ( new Date() ).getTime() );<\/script><\/p><div class=\"wpcf7-response-output\" aria-hidden=\"true\"><\/div>\n<\/form>\n<\/div>\n[vc_empty_space height=\u00a0\u00bb80px\u00a0\u00bb][\/vc_column][\/vc_row][\/vc_section]<\/p>\n","protected":false},"excerpt":{"rendered":"<p>[vc_section bg_position=\u00a0\u00bbcenter center\u00a0\u00bb css=\u00a0\u00bb.vc_custom_1652825081075{background: #a02364 url(https:\/\/proyacorp.ca\/wp-content\/uploads\/2022\/05\/IBM-Rhapsody.jpg?id=2357) !important;background-position: center !important;background-repeat: no-repeat !important;background-size: cover !important;}\u00a0\u00bb el_class=\u00a0\u00bbmask\u00a0\u00bb][vc_row css=\u00a0\u00bb.vc_custom_1667173510618{padding-top: 120px !important;padding-bottom: 100px !important;}\u00a0\u00bb el_class=\u00a0\u00bbproya-header\u00a0\u00bb][vc_column width=\u00a0\u00bb5\/6&Prime;][vc_custom_heading text=\u00a0\u00bbnos solutions\u00a0\u00bb font_container=\u00a0\u00bbtag:div|font_size:3rem|text_align:left|color:%23ffffff\u00a0\u00bb use_theme_fonts=\u00a0\u00bbyes\u00a0\u00bb css_animation=\u00a0\u00bbfadeInUp\u00a0\u00bb css=\u00a0\u00bb.vc_custom_1689687608701{margin-left: 3px !important;}\u00a0\u00bb el_class=\u00a0\u00bbdelay-1 custom-hd\u00a0\u00bb][vc_empty_space height=\u00a0\u00bb20px\u00a0\u00bb][vc_custom_heading text=\u00a0\u00bbIBM Rhapsody\u00a0\u00bb font_container=\u00a0\u00bbtag:h2|font_size:3.3rem|text_align:left|color:%23ffffff|line_height:1&Prime; use_theme_fonts=\u00a0\u00bbyes\u00a0\u00bb css_animation=\u00a0\u00bbfadeInUp\u00a0\u00bb el_class=\u00a0\u00bbcustom-hd delay-2&Prime;][vc_separator color=\u00a0\u00bbwhite\u00a0\u00bb align=\u00a0\u00bbalign_left\u00a0\u00bb border_width=\u00a0\u00bb5&Prime; el_width=\u00a0\u00bb10&Prime; css_animation=\u00a0\u00bbfadeInUp\u00a0\u00bb el_class=\u00a0\u00bbdelay-4&Prime; css=\u00a0\u00bb.vc_custom_1540432371541{margin-bottom: 50px !important;margin-left: 5px !important;padding-top: 15px !important;}\u00a0\u00bb][vc_column_text css_animation=\u00a0\u00bbfadeInUp\u00a0\u00bb css=\u00a0\u00bb.vc_custom_1689687618947{margin-left: 3px [&hellip;]<\/p>\n","protected":false},"author":1,"featured_media":0,"parent":0,"menu_order":0,"comment_status":"closed","ping_status":"closed","template":"tmpl\/template-fullwidth.php","meta":{"footnotes":""},"class_list":["post-4527","page","type-page","status-publish","hentry"],"acf":[],"aioseo_notices":[],"_links":{"self":[{"href":"https:\/\/proyacorp.ca\/fr\/wp-json\/wp\/v2\/pages\/4527","targetHints":{"allow":["GET"]}}],"collection":[{"href":"https:\/\/proyacorp.ca\/fr\/wp-json\/wp\/v2\/pages"}],"about":[{"href":"https:\/\/proyacorp.ca\/fr\/wp-json\/wp\/v2\/types\/page"}],"author":[{"embeddable":true,"href":"https:\/\/proyacorp.ca\/fr\/wp-json\/wp\/v2\/users\/1"}],"replies":[{"embeddable":true,"href":"https:\/\/proyacorp.ca\/fr\/wp-json\/wp\/v2\/comments?post=4527"}],"version-history":[{"count":3,"href":"https:\/\/proyacorp.ca\/fr\/wp-json\/wp\/v2\/pages\/4527\/revisions"}],"predecessor-version":[{"id":4599,"href":"https:\/\/proyacorp.ca\/fr\/wp-json\/wp\/v2\/pages\/4527\/revisions\/4599"}],"wp:attachment":[{"href":"https:\/\/proyacorp.ca\/fr\/wp-json\/wp\/v2\/media?parent=4527"}],"curies":[{"name":"wp","href":"https:\/\/api.w.org\/{rel}","templated":true}]}}