{"id":4530,"date":"2022-05-18T16:21:40","date_gmt":"2022-05-18T20:21:40","guid":{"rendered":"https:\/\/proyacorp.ca\/ibm-rational-doors-and-trainings\/"},"modified":"2023-07-23T17:18:48","modified_gmt":"2023-07-23T21:18:48","slug":"ibm-rational-doors-et-formations","status":"publish","type":"page","link":"https:\/\/proyacorp.ca\/fr\/ibm-rational-doors-et-formations\/","title":{"rendered":"IBM Rational DOORS et formations"},"content":{"rendered":"<p>[vc_section bg_position=\u00a0\u00bbcenter center\u00a0\u00bb css=\u00a0\u00bb.vc_custom_1652911798396{background: #1c8c4a url(https:\/\/proyacorp.ca\/wp-content\/uploads\/2022\/05\/IBM-Rational-DOORS-and-Trainings.jpg?id=2480) !important;background-position: center !important;background-repeat: no-repeat !important;background-size: cover !important;}\u00a0\u00bb el_class=\u00a0\u00bbmask\u00a0\u00bb][vc_row css=\u00a0\u00bb.vc_custom_1667173350770{padding-top: 120px !important;padding-bottom: 100px !important;}\u00a0\u00bb el_class=\u00a0\u00bbproya-header\u00a0\u00bb][vc_column width=\u00a0\u00bb5\/6&Prime;][vc_custom_heading text=\u00a0\u00bbnos solutions\u00a0\u00bb font_container=\u00a0\u00bbtag:div|font_size:3rem|text_align:left|color:%23ffffff\u00a0\u00bb use_theme_fonts=\u00a0\u00bbyes\u00a0\u00bb css_animation=\u00a0\u00bbfadeInUp\u00a0\u00bb css=\u00a0\u00bb.vc_custom_1689689411602{margin-left: 3px !important;}\u00a0\u00bb el_class=\u00a0\u00bbdelay-1 custom-hd\u00a0\u00bb][vc_empty_space height=\u00a0\u00bb20px\u00a0\u00bb][vc_custom_heading text=\u00a0\u00bbIBM Rational DOORS et formations\u00a0\u00bb font_container=\u00a0\u00bbtag:h2|font_size:3.3rem|text_align:left|color:%23ffffff|line_height:1&Prime; use_theme_fonts=\u00a0\u00bbyes\u00a0\u00bb css_animation=\u00a0\u00bbfadeInUp\u00a0\u00bb el_class=\u00a0\u00bbcustom-hd delay-2&Prime;][vc_separator color=\u00a0\u00bbwhite\u00a0\u00bb align=\u00a0\u00bbalign_left\u00a0\u00bb border_width=\u00a0\u00bb5&Prime; el_width=\u00a0\u00bb10&Prime; css_animation=\u00a0\u00bbfadeInUp\u00a0\u00bb el_class=\u00a0\u00bbdelay-4&Prime; css=\u00a0\u00bb.vc_custom_1540432371541{margin-bottom: 50px !important;margin-left: 5px !important;padding-top: 15px !important;}\u00a0\u00bb][vc_column_text css_animation=\u00a0\u00bbfadeInUp\u00a0\u00bb css=\u00a0\u00bb.vc_custom_1689689420168{margin-left: 3px !important;}\u00a0\u00bb el_class=\u00a0\u00bbdelay-3&Prime;]<a class=\"button line\" href=\"https:\/\/proyacorp.ca\/fr\/contactez-nous\/\">Contactez-nous d\u00e8s aujourd&rsquo;hui.<\/a>[\/vc_column_text][\/vc_column][vc_column width=\u00a0\u00bb1\/6&Prime;][\/vc_column][\/vc_row][\/vc_section][vc_row][vc_column][vc_widget_sidebar sidebar_id=\u00a0\u00bbsidebar-628557c0103d0&Prime;][\/vc_column][\/vc_row][vc_section css_animation=\u00a0\u00bbnone\u00a0\u00bb css=\u00a0\u00bb.vc_custom_1652819138366{padding-bottom: 40px !important;}\u00a0\u00bb el_id=\u00a0\u00bbwhat\u00a0\u00bb][vc_row][vc_column][vc_empty_space height=\u00a0\u00bb80px\u00a0\u00bb][vc_custom_heading text=\u00a0\u00bbQu&rsquo;est-ce qu&rsquo;IBM Rational DOORS?\u00a0\u00bb font_container=\u00a0\u00bbtag:h3|text_align:center\u00a0\u00bb use_theme_fonts=\u00a0\u00bbyes\u00a0\u00bb][vc_empty_space height=\u00a0\u00bb80px\u00a0\u00bb][vc_column_text]Rational DOORS est un outil de gestion des exigences de premier plan qui facilite la capture, le suivi, l&rsquo;analyse et la gestion des changements d&rsquo;informations dans le monde. Les processus m\u00e9tier permettent aux projets d&rsquo;ing\u00e9nierie syst\u00e8me et de d\u00e9veloppement logiciel d&rsquo;am\u00e9liorer leur qualit\u00e9, leur communication et leur collaboration en rendant efficaces les priorit\u00e9s d&rsquo;optimisation.<\/p>\n<p>DOORS convient mieux aux entreprises et aux \u00e9quipes de projet bas\u00e9es dans la m\u00eame zone g\u00e9ographique. Il am\u00e9liore la qualit\u00e9 en facilitant l&rsquo;observation des objectifs commerciaux, des besoins des clients, des sp\u00e9cifications techniques et des r\u00e9glementations. Gr\u00e2ce aux possibilit\u00e9s de cr\u00e9ation de liens, d&rsquo;analyses, d&rsquo;ajustements de gestion et d&rsquo;un contr\u00f4le fort de la tra\u00e7abilit\u00e9 des exigences, il assure le respect des r\u00e8gles et des normes. DOORS contribue \u00e0 la r\u00e9alisation d&rsquo;objectifs communs en permettant \u00e0 des \u00e9quipes s\u00e9par\u00e9es d&rsquo;agir comme une seule \u00e9quipe, gr\u00e2ce \u00e0 son r\u00e9f\u00e9rentiel de donn\u00e9es d&rsquo;exigences de base \u00e9volutif. Les exigences \u00e9voluent et changent \u00e0 mesure qu&rsquo;un projet progresse\u00a0; DOORS fournit une capacit\u00e9 d&rsquo;analyse puissante, permettant aux utilisateurs de voir et de comprendre pleinement les effets des modifications approuv\u00e9es. DOORS ne permet de n\u00e9gliger aucune exigence gr\u00e2ce \u00e0 sa capacit\u00e9 de tra\u00e7abilit\u00e9 avanc\u00e9e et garantit l&rsquo;am\u00e9lioration de la qualit\u00e9.<\/p>\n<p><strong>Gestion des exigences\u00a0:<\/strong> fournit un environnement complet de gestion des exigences.<\/p>\n<p><strong>Tra\u00e7abilit\u00e9\u00a0:<\/strong> elle relie les exigences aux \u00e9l\u00e9ments de conception, aux plans de test, aux \u00e9chantillons de test et \u00e0 d&rsquo;autres exigences.<\/p>\n<p><strong>\u00c9volutivit\u00e9\u00a0:<\/strong> la gestion des exigences changeantes est adapt\u00e9e \u00e0 vos besoins.<\/p>\n<p><strong>Test Monitoring Toolkit\u00a0:<\/strong> il inclut le Test Monitoring Toolkit pour les environnements de test manuels permettant aux testeurs de lier les exigences aux instances de test.<\/p>\n<p><strong>Int\u00e9grations\u00a0:<\/strong> avec les solutions de gestion des modifications de Rational Doors, il g\u00e8re les modifications apport\u00e9es aux exigences via un syst\u00e8me de proposition de modification pr\u00e9d\u00e9fini simple ou un flux de travail de contr\u00f4le des modifications plus complet et personnalisable.[\/vc_column_text][vc_empty_space height=\u00a0\u00bb80px\u00a0\u00bb][\/vc_column][\/vc_row][\/vc_section][vc_section css_animation=\u00a0\u00bbnone\u00a0\u00bb css=\u00a0\u00bb.vc_custom_1652906878588{padding-bottom: 40px !important;}\u00a0\u00bb el_id=\u00a0\u00bbtraining\u00a0\u00bb el_class=\u00a0\u00bbgradient3&Prime;][vc_row][vc_column][vc_empty_space height=\u00a0\u00bb80px\u00a0\u00bb][vc_custom_heading text=\u00a0\u00bbUtilisation de DOORS pour la gestion des exigences\u00a0\u00bb font_container=\u00a0\u00bbtag:h3|text_align:center\u00a0\u00bb use_theme_fonts=\u00a0\u00bbyes\u00a0\u00bb][vc_empty_space height=\u00a0\u00bb80px\u00a0\u00bb][vc_column_text]La formation \u00ab Utiliser DOORS pour la gestion des exigences \u00bb est une formation n\u00e9cessaire \u00e0 tous les utilisateurs (utilisateurs peu fr\u00e9quents, gros utilisateurs, administrateurs) susceptibles d&rsquo;utiliser DOORS pour apprendre les fonctionnalit\u00e9s de base requises. Presque toutes les fonctionnalit\u00e9s importantes de DOORS sont couvertes par des exercices pratiques dans cette le\u00e7on.<\/p>\n<p>Cette formation ne doit pas seulement se limiter au responsable du projet (analystes, ing\u00e9nieurs syst\u00e8me, ing\u00e9nieurs d&rsquo;\u00e9tudes, d\u00e9veloppeurs, ing\u00e9nieurs de test, chefs de projet, etc.), mais \u00e9galement \u00e0 la participation de nos collaborateurs (responsables des appels d&rsquo;offres, responsables des achats, gestionnaires des risques, etc. .). qui sont responsables de la gestion ou de la tra\u00e7abilit\u00e9 des exigences particuli\u00e8res doivent \u00e9galement \u00eatre assur\u00e9es.<\/p>\n<p>\u00c0 la fin de cette formation, les participants auront des connaissances et des comp\u00e9tences sur les m\u00e9thodes simples de gestion des exigences telles que la d\u00e9finition des processus, la d\u00e9composition des exigences, l&rsquo;organisation des donn\u00e9es, la gestion des changements et l&rsquo;analyse des lacunes. C&rsquo;est une formation de 2 jours.[\/vc_column_text][vc_empty_space height=\u00a0\u00bb40px\u00a0\u00bb][vc_custom_heading text=\u00a0\u00bbSujets d&rsquo;\u00e9ducation:\u00a0\u00bb font_container=\u00a0\u00bbtag:h4|font_size:1.5rem|text_align:left\u00a0\u00bb use_theme_fonts=\u00a0\u00bbyes\u00a0\u00bb][vc_empty_space height=\u00a0\u00bb40px\u00a0\u00bb][vc_tta_tabs style=\u00a0\u00bbflat\u00a0\u00bb active_section=\u00a0\u00bb1&Prime;][vc_tta_section title=\u00a0\u00bb1. Jour\u00a0\u00bb tab_id=\u00a0\u00bb1652905336323-69f0f4e6-7a66&Prime;][vc_column_text]<\/p>\n<ul>\n<li>Introduction \u00e0 la gestion des exigences<\/li>\n<li>Structure des exigences dans les utilisateurs DOORS<\/li>\n<li>Contenu informatif dans DOORS<\/li>\n<li>Liens et tra\u00e7abilit\u00e9<\/li>\n<li>Contr\u00f4le et suivi des modifications<\/li>\n<li>R\u00e9vision du cours<\/li>\n<\/ul>\n<p>[\/vc_column_text][\/vc_tta_section][vc_tta_section title=\u00a0\u00bb2. jours\u00a0\u00bb tab_id=\u00a0\u00bb1652905336346-512970eb-2a07&Prime;][vc_column_text]<\/p>\n<ul>\n<li>Travailler avec des dossiers et des projets<\/li>\n<li>Gestion et utilisation des attributs<\/li>\n<li>Lien avanc\u00e9<\/li>\n<li>Importation et exportation<\/li>\n<li>Gestion du changement<\/li>\n<li>R\u00e9vision du cours<\/li>\n<\/ul>\n<p>[\/vc_column_text][\/vc_tta_section][\/vc_tta_tabs][vc_empty_space height=\u00a0\u00bb80px\u00a0\u00bb][\/vc_column][\/vc_row][\/vc_section][vc_section css_animation=\u00a0\u00bbnone\u00a0\u00bb css=\u00a0\u00bb.vc_custom_1652907441934{padding-bottom: 40px !important;}\u00a0\u00bb el_id=\u00a0\u00bbadministration\u00a0\u00bb][vc_row][vc_column][vc_empty_space height=\u00a0\u00bb80px\u00a0\u00bb][vc_custom_heading text=\u00a0\u00bbAdministration des DOORS\u00a0\u00bb font_container=\u00a0\u00bbtag:h3|text_align:center\u00a0\u00bb use_theme_fonts=\u00a0\u00bbyes\u00a0\u00bb][vc_empty_space height=\u00a0\u00bb80px\u00a0\u00bb][vc_column_text]Cette formation est n\u00e9cessaire pour apprendre les fonctions de gestion de base requises pour tous les utilisateurs (administrateurs syst\u00e8me, administrateurs DOORS) susceptibles de g\u00e9rer DOORS.<\/p>\n<p>\u00c0 la fin de cette formation, les participants auront des connaissances et des comp\u00e9tences sur la structure et la configuration de DOORS, les options d&rsquo;installation, les licences, les m\u00e9thodes de sauvegarde et de r\u00e9cup\u00e9ration, l&rsquo;acc\u00e8s contr\u00f4l\u00e9 aux donn\u00e9es. C&rsquo;est une formation d&rsquo;une journ\u00e9e.[\/vc_column_text][vc_empty_space height=\u00a0\u00bb40px\u00a0\u00bb][vc_custom_heading text=\u00a0\u00bbSujets d&rsquo;\u00e9ducation\u00a0\u00bb font_container=\u00a0\u00bbtag:h4|font_size:1.5rem|text_align:left\u00a0\u00bb use_theme_fonts=\u00a0\u00bbyes\u00a0\u00bb][vc_empty_space height=\u00a0\u00bb40px\u00a0\u00bb][vc_column_text]<\/p>\n<ul>\n<li>Introduction \u00e0 DOORS et \u00e0 l&rsquo;administration syst\u00e8me<\/li>\n<li>Installation \u00e0 l&rsquo;aide d&rsquo;un serveur UNIX<\/li>\n<li>Composants cl\u00e9s de DOORS<\/li>\n<li>Installation en tant que service<\/li>\n<li>Licence<\/li>\n<li>Suppression du service<\/li>\n<li>Installation PC<\/li>\n<li>Administration de la base de donn\u00e9es<\/li>\n<li>Installation UNIX<\/li>\n<li>Structure de donn\u00e9es DOORS<\/li>\n<li>Diagnostics de licence<\/li>\n<li>PORTES sur un WAN<\/li>\n<li>Prot\u00e9ger l&rsquo;investissement de vos utilisateurs<\/li>\n<li>Modes<\/li>\n<li>Probl\u00e8mes d&rsquo;optimisation<\/li>\n<li>Droits d&rsquo;acc\u00e8s<\/li>\n<li>Sp\u00e9cifications techniques DDBS<\/li>\n<\/ul>\n<p>[\/vc_column_text][vc_empty_space height=\u00a0\u00bb80px\u00a0\u00bb][\/vc_column][\/vc_row][\/vc_section][vc_section css_animation=\u00a0\u00bbnone\u00a0\u00bb css=\u00a0\u00bb.vc_custom_1652819761850{padding-bottom: 40px !important;background-color: #231834 !important;}\u00a0\u00bb el_id=\u00a0\u00bbcalendar\u00a0\u00bb][vc_row][vc_column][vc_empty_space height=\u00a0\u00bb80px\u00a0\u00bb][vc_custom_heading text=\u00a0\u00bbCalendrier de formation IBM Rational DOORS\u00a0\u00bb font_container=\u00a0\u00bbtag:h3|text_align:center|color:%23ffffff\u00a0\u00bb use_theme_fonts=\u00a0\u00bbyes\u00a0\u00bb][vc_empty_space height=\u00a0\u00bb80px\u00a0\u00bb][vc_column_text]<span style=\"color: #ffffff;\">La formation est dispens\u00e9e en classe ouverte et en classe ferm\u00e9e. La formation est une formation de 2 jours.<\/span><\/p>\n<p><span style=\"color: #ffffff;\">Vous pouvez nous contacter pour demander cette formation dans votre propre institution en classe ferm\u00e9e ou pour faire une pr\u00e9-inscription ou vous pouvez remplir le formulaire de demande.<\/span><\/p>\n<p><span style=\"color: #ffffff;\">Si vous le souhaitez, vous pouvez obtenir des informations d\u00e9taill\u00e9es en appelant <a class=\"proyacontact\" href=\"tel:+15484090383\">(548) 409 0383<\/a> ou en \u00e9crivant \u00e0 <a class=\"proyacontact\" href=\"mailto:info@proya.net\">info@proya.net<\/a>.<\/span>[\/vc_column_text][vc_empty_space height=\u00a0\u00bb80px\u00a0\u00bb][\/vc_column][\/vc_row][\/vc_section][vc_section css_animation=\u00a0\u00bbnone\u00a0\u00bb css=\u00a0\u00bb.vc_custom_1652822752526{padding-bottom: 40px !important;background-color: #f3f6f9 !important;}\u00a0\u00bb el_id=\u00a0\u00bbform\u00a0\u00bb][vc_row][vc_column][vc_empty_space height=\u00a0\u00bb80px\u00a0\u00bb][vc_custom_heading text=\u00a0\u00bbFormulaire de pr\u00e9inscription\/demande de formation IBM Rational DOORS\u00a0\u00bb font_container=\u00a0\u00bbtag:h3|text_align:center\u00a0\u00bb use_theme_fonts=\u00a0\u00bbyes\u00a0\u00bb][vc_empty_space height=\u00a0\u00bb80px\u00a0\u00bb]\n<div class=\"wpcf7 no-js\" id=\"wpcf7-f4596-o1\" lang=\"en-CA\" dir=\"ltr\" data-wpcf7-id=\"4596\">\n<div class=\"screen-reader-response\"><p role=\"status\" aria-live=\"polite\" aria-atomic=\"true\"><\/p> <ul><\/ul><\/div>\n<form action=\"\/fr\/wp-json\/wp\/v2\/pages\/4530#wpcf7-f4596-o1\" method=\"post\" class=\"wpcf7-form init\" aria-label=\"Contact form\" novalidate=\"novalidate\" data-status=\"init\">\n<fieldset class=\"hidden-fields-container\"><input type=\"hidden\" name=\"_wpcf7\" value=\"4596\" \/><input type=\"hidden\" name=\"_wpcf7_version\" value=\"6.1.5\" \/><input type=\"hidden\" name=\"_wpcf7_locale\" value=\"en_CA\" \/><input type=\"hidden\" name=\"_wpcf7_unit_tag\" value=\"wpcf7-f4596-o1\" \/><input type=\"hidden\" name=\"_wpcf7_container_post\" value=\"0\" \/><input type=\"hidden\" name=\"_wpcf7_posted_data_hash\" value=\"\" \/><input type=\"hidden\" name=\"_wpcf7_recaptcha_response\" value=\"\" \/>\n<\/fieldset>\n<div class=\"contact style2\">\n\t<div class=\"row\">\n\t\t<div class=\"columns columns-12\">\n\t\t\t<p><label>Nom et pr\u00e9nom * <span class=\"wpcf7-form-control-wrap\" data-name=\"your-name\"><input size=\"40\" maxlength=\"400\" class=\"wpcf7-form-control wpcf7-text wpcf7-validates-as-required\" aria-required=\"true\" aria-invalid=\"false\" placeholder=\"Pr\u00e9nom \/ nom de famille\" value=\"\" type=\"text\" name=\"your-name\" \/><\/span><\/label>\n\t\t\t<\/p>\n\t\t<\/div>\n\t<\/div>\n\t<div class=\"row\">\n\t\t<div class=\"columns columns-12\">\n\t\t\t<p><label>Entreprise * <span class=\"wpcf7-form-control-wrap\" data-name=\"text-284\"><input size=\"40\" maxlength=\"400\" class=\"wpcf7-form-control wpcf7-text wpcf7-validates-as-required\" aria-required=\"true\" aria-invalid=\"false\" placeholder=\"Entreprise\" value=\"\" type=\"text\" name=\"text-284\" \/><\/span><\/label>\n\t\t\t<\/p>\n\t\t<\/div>\n\t<\/div>\n\t<div class=\"row\">\n\t\t<div class=\"columns columns-12\">\n\t\t\t<p><label>E-mail * <span class=\"wpcf7-form-control-wrap\" data-name=\"your-email\"><input size=\"40\" maxlength=\"400\" class=\"wpcf7-form-control wpcf7-email wpcf7-validates-as-required wpcf7-text wpcf7-validates-as-email\" aria-required=\"true\" aria-invalid=\"false\" placeholder=\"E-mail\" value=\"\" type=\"email\" name=\"your-email\" \/><\/span><\/label>\n\t\t\t<\/p>\n\t\t<\/div>\n\t<\/div>\n\t<div class=\"row\">\n\t\t<div class=\"columns columns-12\">\n\t\t\t<p><label>Num\u00e9ro de t\u00e9l\u00e9phone <span class=\"wpcf7-form-control-wrap\" data-name=\"tel-973\"><input size=\"40\" maxlength=\"400\" class=\"wpcf7-form-control wpcf7-tel wpcf7-text wpcf7-validates-as-tel\" aria-invalid=\"false\" placeholder=\"Num\u00e9ro de t\u00e9l\u00e9phone\" value=\"\" type=\"tel\" name=\"tel-973\" \/><\/span><\/label>\n\t\t\t<\/p>\n\t\t<\/div>\n\t<\/div>\n\t<div class=\"row\">\n\t\t<div class=\"columns columns-12\">\n\t\t\t<p><label>Votre message <span class=\"wpcf7-form-control-wrap\" data-name=\"your-message\"><textarea cols=\"40\" rows=\"10\" maxlength=\"2000\" class=\"wpcf7-form-control wpcf7-textarea\" aria-invalid=\"false\" placeholder=\"Votre message\" name=\"your-message\"><\/textarea><\/span><\/label>\n\t\t\t<\/p>\n\t\t<\/div>\n\t<\/div>\n\t<div class=\"row\">\n\t\t<div class=\"columns columns-12\">\n\t\t\t<p><input class=\"wpcf7-form-control wpcf7-submit has-spinner primary\" type=\"submit\" value=\"Soumettre\" \/>\n\t\t\t<\/p>\n\t\t<\/div>\n\t<\/div>\n<\/div><p style=\"display: none !important;\" class=\"akismet-fields-container\" data-prefix=\"_wpcf7_ak_\"><label>&#916;<textarea name=\"_wpcf7_ak_hp_textarea\" cols=\"45\" rows=\"8\" maxlength=\"100\"><\/textarea><\/label><input type=\"hidden\" id=\"ak_js_1\" name=\"_wpcf7_ak_js\" value=\"84\"\/><script>document.getElementById( \"ak_js_1\" ).setAttribute( \"value\", ( new Date() ).getTime() );<\/script><\/p><div class=\"wpcf7-response-output\" aria-hidden=\"true\"><\/div>\n<\/form>\n<\/div>\n[vc_empty_space height=\u00a0\u00bb80px\u00a0\u00bb][\/vc_column][\/vc_row][\/vc_section]<\/p>\n","protected":false},"excerpt":{"rendered":"<p>[vc_section bg_position=\u00a0\u00bbcenter center\u00a0\u00bb css=\u00a0\u00bb.vc_custom_1652911798396{background: #1c8c4a url(https:\/\/proyacorp.ca\/wp-content\/uploads\/2022\/05\/IBM-Rational-DOORS-and-Trainings.jpg?id=2480) !important;background-position: center !important;background-repeat: no-repeat !important;background-size: cover !important;}\u00a0\u00bb el_class=\u00a0\u00bbmask\u00a0\u00bb][vc_row css=\u00a0\u00bb.vc_custom_1667173350770{padding-top: 120px !important;padding-bottom: 100px !important;}\u00a0\u00bb el_class=\u00a0\u00bbproya-header\u00a0\u00bb][vc_column width=\u00a0\u00bb5\/6&Prime;][vc_custom_heading text=\u00a0\u00bbnos solutions\u00a0\u00bb font_container=\u00a0\u00bbtag:div|font_size:3rem|text_align:left|color:%23ffffff\u00a0\u00bb use_theme_fonts=\u00a0\u00bbyes\u00a0\u00bb css_animation=\u00a0\u00bbfadeInUp\u00a0\u00bb css=\u00a0\u00bb.vc_custom_1689689411602{margin-left: 3px !important;}\u00a0\u00bb el_class=\u00a0\u00bbdelay-1 custom-hd\u00a0\u00bb][vc_empty_space height=\u00a0\u00bb20px\u00a0\u00bb][vc_custom_heading text=\u00a0\u00bbIBM Rational DOORS et formations\u00a0\u00bb font_container=\u00a0\u00bbtag:h2|font_size:3.3rem|text_align:left|color:%23ffffff|line_height:1&Prime; use_theme_fonts=\u00a0\u00bbyes\u00a0\u00bb css_animation=\u00a0\u00bbfadeInUp\u00a0\u00bb el_class=\u00a0\u00bbcustom-hd delay-2&Prime;][vc_separator color=\u00a0\u00bbwhite\u00a0\u00bb align=\u00a0\u00bbalign_left\u00a0\u00bb border_width=\u00a0\u00bb5&Prime; el_width=\u00a0\u00bb10&Prime; css_animation=\u00a0\u00bbfadeInUp\u00a0\u00bb el_class=\u00a0\u00bbdelay-4&Prime; css=\u00a0\u00bb.vc_custom_1540432371541{margin-bottom: 50px !important;margin-left: 5px !important;padding-top: 15px !important;}\u00a0\u00bb][vc_column_text [&hellip;]<\/p>\n","protected":false},"author":1,"featured_media":0,"parent":0,"menu_order":0,"comment_status":"closed","ping_status":"closed","template":"tmpl\/template-fullwidth.php","meta":{"footnotes":""},"class_list":["post-4530","page","type-page","status-publish","hentry"],"acf":[],"aioseo_notices":[],"_links":{"self":[{"href":"https:\/\/proyacorp.ca\/fr\/wp-json\/wp\/v2\/pages\/4530","targetHints":{"allow":["GET"]}}],"collection":[{"href":"https:\/\/proyacorp.ca\/fr\/wp-json\/wp\/v2\/pages"}],"about":[{"href":"https:\/\/proyacorp.ca\/fr\/wp-json\/wp\/v2\/types\/page"}],"author":[{"embeddable":true,"href":"https:\/\/proyacorp.ca\/fr\/wp-json\/wp\/v2\/users\/1"}],"replies":[{"embeddable":true,"href":"https:\/\/proyacorp.ca\/fr\/wp-json\/wp\/v2\/comments?post=4530"}],"version-history":[{"count":3,"href":"https:\/\/proyacorp.ca\/fr\/wp-json\/wp\/v2\/pages\/4530\/revisions"}],"predecessor-version":[{"id":4597,"href":"https:\/\/proyacorp.ca\/fr\/wp-json\/wp\/v2\/pages\/4530\/revisions\/4597"}],"wp:attachment":[{"href":"https:\/\/proyacorp.ca\/fr\/wp-json\/wp\/v2\/media?parent=4530"}],"curies":[{"name":"wp","href":"https:\/\/api.w.org\/{rel}","templated":true}]}}