{"id":4533,"date":"2022-05-11T18:40:11","date_gmt":"2022-05-11T22:40:11","guid":{"rendered":"https:\/\/proyacorp.ca\/hopex-itpm-cast-highlight-integration\/"},"modified":"2023-07-18T17:33:06","modified_gmt":"2023-07-18T21:33:06","slug":"hopex-itpm-cast-highlight-integration","status":"publish","type":"page","link":"https:\/\/proyacorp.ca\/fr\/hopex-itpm-cast-highlight-integration\/","title":{"rendered":"HOPEX ITPM Cast Highlight Int\u00e9gration"},"content":{"rendered":"<p>[vc_section bg_position=\u00a0\u00bbcenter center\u00a0\u00bb css=\u00a0\u00bb.vc_custom_1652309279876{background: #832199 url(https:\/\/proyacorp.ca\/wp-content\/uploads\/2022\/05\/HOPEX-ITPM-Cast-Highlight-Integration.jpg?id=2086) !important;background-position: center !important;background-repeat: no-repeat !important;background-size: cover !important;}\u00a0\u00bb el_class=\u00a0\u00bbmask\u00a0\u00bb][vc_row css=\u00a0\u00bb.vc_custom_1667172988994{padding-top: 120px !important;padding-bottom: 100px !important;}\u00a0\u00bb el_class=\u00a0\u00bbproya-header\u00a0\u00bb][vc_column width=\u00a0\u00bb5\/6&Prime;][vc_custom_heading text=\u00a0\u00bbnos solutions\u00a0\u00bb font_container=\u00a0\u00bbtag:div|font_size:3rem|text_align:left|color:%23ffffff\u00a0\u00bb use_theme_fonts=\u00a0\u00bbyes\u00a0\u00bb css_animation=\u00a0\u00bbfadeInUp\u00a0\u00bb css=\u00a0\u00bb.vc_custom_1689715735401{margin-left: 3px !important;}\u00a0\u00bb el_class=\u00a0\u00bbdelay-1 custom-hd\u00a0\u00bb][vc_empty_space height=\u00a0\u00bb20px\u00a0\u00bb][vc_custom_heading text=\u00a0\u00bbHOPEX ITPM Cast Highlight Int\u00e9gration\u00a0\u00bb font_container=\u00a0\u00bbtag:h2|font_size:3.3rem|text_align:left|color:%23ffffff|line_height:1&Prime; use_theme_fonts=\u00a0\u00bbyes\u00a0\u00bb css_animation=\u00a0\u00bbfadeInUp\u00a0\u00bb el_class=\u00a0\u00bbcustom-hd delay-2&Prime;][vc_separator color=\u00a0\u00bbwhite\u00a0\u00bb align=\u00a0\u00bbalign_left\u00a0\u00bb border_width=\u00a0\u00bb5&Prime; el_width=\u00a0\u00bb10&Prime; css_animation=\u00a0\u00bbfadeInUp\u00a0\u00bb el_class=\u00a0\u00bbdelay-4&Prime; css=\u00a0\u00bb.vc_custom_1540432371541{margin-bottom: 50px !important;margin-left: 5px !important;padding-top: 15px !important;}\u00a0\u00bb][vc_column_text css_animation=\u00a0\u00bbfadeInUp\u00a0\u00bb css=\u00a0\u00bb.vc_custom_1689715751657{margin-left: 3px !important;}\u00a0\u00bb el_class=\u00a0\u00bbdelay-3&Prime;]<a class=\"button line\" href=\"https:\/\/proyacorp.ca\/fr\/contactez-nous\/\">Contactez-nous d\u00e8s aujourd&rsquo;hui.<\/a>[\/vc_column_text][\/vc_column][vc_column width=\u00a0\u00bb1\/6&Prime;][\/vc_column][\/vc_row][\/vc_section][vc_section css_animation=\u00a0\u00bbnone\u00a0\u00bb css=\u00a0\u00bb.vc_custom_1651960199883{padding-bottom: 40px !important;}\u00a0\u00bb][vc_row][vc_column][vc_empty_space height=\u00a0\u00bb80px\u00a0\u00bb][vc_custom_heading text=\u00a0\u00bbHOPEX ITPM Cast Highlight Int\u00e9gration\u00a0\u00bb font_container=\u00a0\u00bbtag:h3|text_align:center\u00a0\u00bb use_theme_fonts=\u00a0\u00bbyes\u00a0\u00bb][vc_empty_space height=\u00a0\u00bb40px\u00a0\u00bb][vc_custom_heading text=\u00a0\u00bbCast Highlight\u00a0\u00bb font_container=\u00a0\u00bbtag:h4|font_size:1.5rem|text_align:left\u00a0\u00bb use_theme_fonts=\u00a0\u00bbyes\u00a0\u00bb][vc_empty_space height=\u00a0\u00bb40px\u00a0\u00bb][vc_single_image image=\u00a0\u00bb2074&Prime; img_size=\u00a0\u00bbfull\u00a0\u00bb alignment=\u00a0\u00bbcenter\u00a0\u00bb][vc_empty_space height=\u00a0\u00bb40px\u00a0\u00bb][vc_column_text]<\/p>\n<ul>\n<li>CAST est le leader mondial de l&rsquo;<strong>intelligence logicielle<\/strong><\/li>\n<li><strong>CAST Highlight<\/strong> fournit une \u00e9valuation rapide et objective de la sant\u00e9 du portefeuille<\/li>\n<li>Il utilise l&rsquo;analyse de code pour identifier la <strong>r\u00e9silience, l&rsquo;agilit\u00e9 et la complexit\u00e9 des logiciels<\/strong> ainsi que la <strong>pr\u00e9paration au cloud<\/strong> sur des portefeuilles d&rsquo;applications \u00e9tendus et distribu\u00e9s<\/li>\n<\/ul>\n<p>[\/vc_column_text][vc_empty_space height=\u00a0\u00bb40px\u00a0\u00bb][vc_custom_heading text=\u00a0\u00bbCAST met en \u00e9vidence les d\u00e9finitions des m\u00e9triques de base\u00a0\u00bb font_container=\u00a0\u00bbtag:h4|font_size:1.5rem|text_align:left\u00a0\u00bb use_theme_fonts=\u00a0\u00bbyes\u00a0\u00bb][vc_empty_space height=\u00a0\u00bb40px\u00a0\u00bb][vc_row_inner][vc_column_inner width=\u00a0\u00bb1\/4&Prime;][vc_single_image image=\u00a0\u00bb2078&Prime; img_size=\u00a0\u00bbfull\u00a0\u00bb][vc_empty_space height=\u00a0\u00bb20px\u00a0\u00bb][vc_column_text]La <strong>r\u00e9sistance logicielle<\/strong> indique les meilleures pratiques de programmation qui rendent les logiciels \u00e0 l&rsquo;\u00e9preuve des balles, plus robustes et s\u00e9curis\u00e9s. Cet indice est d\u00e9riv\u00e9 d&rsquo;une analyse de code sp\u00e9cifique \u00e0 la technologie qui recherche la pr\u00e9sence de mod\u00e8les de code et de mauvaises pratiques de programmation pouvant compromettre la fiabilit\u00e9 du logiciel \u00e0 court terme. Plus la r\u00e9silience logicielle est \u00e9lev\u00e9e, plus la probabilit\u00e9 d&rsquo;apparition de d\u00e9fauts en production est faible.[\/vc_column_text][\/vc_column_inner][vc_column_inner width=\u00a0\u00bb1\/4&Prime;][vc_single_image image=\u00a0\u00bb2075&Prime; img_size=\u00a0\u00bbfull\u00a0\u00bb][vc_empty_space height=\u00a0\u00bb20px\u00a0\u00bb][vc_column_text]L&rsquo;<strong>agilit\u00e9 logicielle<\/strong> indique la facilit\u00e9 d&rsquo;une \u00e9quipe de d\u00e9veloppement \u00e0 comprendre et \u00e0 maintenir une application. Cet indice est d\u00e9riv\u00e9 d&rsquo;une analyse de code sp\u00e9cifique \u00e0 la technologie qui recherche la pr\u00e9sence de documentation int\u00e9gr\u00e9e et de bonnes pratiques de lisibilit\u00e9 du code.[\/vc_column_text][\/vc_column_inner][vc_column_inner width=\u00a0\u00bb1\/4&Prime;][vc_single_image image=\u00a0\u00bb2077&Prime; img_size=\u00a0\u00bbfull\u00a0\u00bb][vc_empty_space height=\u00a0\u00bb20px\u00a0\u00bb][vc_column_text]<strong>L&rsquo;\u00e9l\u00e9gance logicielle mesure la capacit\u00e9 \u00e0 fournir<\/strong> une valeur logicielle avec moins de complexit\u00e9 de code. Un faible score d&rsquo;\u00e9l\u00e9gance du logiciel indique une baisse de la qualit\u00e9 du code, ce qui entra\u00eene des d\u00e9fauts plus importants qui deviennent co\u00fbteux \u00e0 corriger \u00e0 moyen terme.[\/vc_column_text][\/vc_column_inner][vc_column_inner width=\u00a0\u00bb1\/4&Prime;][vc_single_image image=\u00a0\u00bb2076&Prime; img_size=\u00a0\u00bbfull\u00a0\u00bb][vc_empty_space height=\u00a0\u00bb20px\u00a0\u00bb][vc_column_text]<strong>CloudReady Index<\/strong> mesure la pr\u00e9paration de votre portefeuille \u00e0 s&rsquo;engager dans une migration vers le cloud. Highlight analyse plus de 50 mod\u00e8les de code diff\u00e9rents qui rendent une application plus difficile \u00e0 migrer et \u00e0 ex\u00e9cuter en douceur dans le Cloud. Suivez les probl\u00e8mes tels que l&rsquo;utilisation des composants COM, l&rsquo;utilisation des DLL syst\u00e8me ou l&rsquo;usurpation d&rsquo;identit\u00e9, et surveillez les am\u00e9liorations au fil du temps. Les technologies actuellement prises en charge sont Java, C# et VB.Net.[\/vc_column_text][\/vc_column_inner][\/vc_row_inner][vc_empty_space height=\u00a0\u00bb60px\u00a0\u00bb][vc_row_inner][vc_column_inner width=\u00a0\u00bb1\/3&Prime;][vc_text_separator title=\u00a0\u00bbObtenez de nouvelles m\u00e9triques bas\u00e9es sur le code logiciel\u00a0\u00bb][vc_empty_space height=\u00a0\u00bb20px\u00a0\u00bb][vc_column_text]<\/p>\n<ul>\n<li>CAST\u00a0Highlight analyse le code du logiciel et fournit des statistiques associ\u00e9es<\/li>\n<li>Les services informatiques obtiennent des informations suppl\u00e9mentaires sur leurs applications internes afin de savoir ce qu&rsquo;il faut supprimer, fusionner ou red\u00e9finir.<\/li>\n<\/ul>\n<p>[\/vc_column_text][\/vc_column_inner][vc_column_inner width=\u00a0\u00bb1\/3&Prime;][vc_text_separator title=\u00a0\u00bbSuivre la qualit\u00e9 du code logiciel au fil du temps\u00a0\u00bb][vc_empty_space height=\u00a0\u00bb20px\u00a0\u00bb][vc_column_text]<\/p>\n<ul>\n<li>Comprendre rapidement la sant\u00e9 du portefeuille. Surveiller les risques logiciels au fil du temps, notamment\u00a0:\n<ul>\n<li>Risques d&rsquo;indisponibilit\u00e9 des applications<\/li>\n<li>La possibilit\u00e9 de transf\u00e9rer et de g\u00e9rer des applications<\/li>\n<li>La complexit\u00e9 du code logiciel<\/li>\n<\/ul>\n<\/li>\n<\/ul>\n<p>[\/vc_column_text][\/vc_column_inner][vc_column_inner width=\u00a0\u00bb1\/3&Prime;][vc_text_separator title=\u00a0\u00bbD\u00e9placer l&rsquo;application vers le cloud\u00a0\u00bb][vc_empty_space height=\u00a0\u00bb20px\u00a0\u00bb][vc_column_text]<\/p>\n<ul>\n<li>Vous aide \u00e0 \u00e9valuer la compatibilit\u00e9 des applications avec le cloud pour rationaliser davantage votre portefeuille informatique<\/li>\n<li>La pr\u00e9paration au cloud est bas\u00e9e sur des m\u00e9triques issues de Cast Highlight et d&rsquo;enqu\u00eates aupr\u00e8s des propri\u00e9taires d&rsquo;applications<\/li>\n<\/ul>\n<p>[\/vc_column_text][\/vc_column_inner][\/vc_row_inner][vc_empty_space height=\u00a0\u00bb40px\u00a0\u00bb][vc_custom_heading text=\u00a0\u00bbHOPEX &#8211; Int\u00e9gration des points forts de CAST\u00a0\u00bb font_container=\u00a0\u00bbtag:h4|font_size:1.5rem|text_align:left\u00a0\u00bb use_theme_fonts=\u00a0\u00bbyes\u00a0\u00bb][vc_empty_space height=\u00a0\u00bb40px\u00a0\u00bb][vc_column_text]Fournit des m\u00e9triques li\u00e9es au code logiciel et \u00e0 la pr\u00e9paration du cloud pour les applications internes[\/vc_column_text][vc_empty_space height=\u00a0\u00bb40px\u00a0\u00bb][vc_single_image image=\u00a0\u00bb2081&Prime; img_size=\u00a0\u00bbfull\u00a0\u00bb alignment=\u00a0\u00bbcenter\u00a0\u00bb][vc_empty_space height=\u00a0\u00bb40px\u00a0\u00bb][vc_custom_heading text=\u00a0\u00bbPrincipaux cas d&rsquo;utilisation\u00a0\u00bb font_container=\u00a0\u00bbtag:h4|font_size:1.5rem|text_align:left\u00a0\u00bb use_theme_fonts=\u00a0\u00bbyes\u00a0\u00bb][vc_empty_space height=\u00a0\u00bb40px\u00a0\u00bb][vc_row_inner][vc_column_inner width=\u00a0\u00bb1\/3&Prime;][vc_single_image image=\u00a0\u00bb2082&Prime; img_size=\u00a0\u00bbfull\u00a0\u00bb alignment=\u00a0\u00bbcenter\u00a0\u00bb][vc_empty_space height=\u00a0\u00bb20px\u00a0\u00bb][vc_column_text]<strong>Rationalisation des applications internes<\/strong><\/p>\n<ul>\n<li>Prenez des d\u00e9cisions \u00e9clair\u00e9es sur les applications internes \u00e0 conserver, fusionner, supprimer ou red\u00e9finir les priorit\u00e9s en fonction de votre contexte &amp;amp\u00a0; objectifs<\/li>\n<\/ul>\n<p>[\/vc_column_text][\/vc_column_inner][vc_column_inner width=\u00a0\u00bb1\/3&Prime;][vc_single_image image=\u00a0\u00bb2084&Prime; img_size=\u00a0\u00bbfull\u00a0\u00bb alignment=\u00a0\u00bbcenter\u00a0\u00bb][vc_empty_space height=\u00a0\u00bb20px\u00a0\u00bb][vc_column_text]<strong>Passer au cloud<\/strong><\/p>\n<ul>\n<li>\u00c9valuer la pr\u00e9paration au cloud du portefeuille pour optimiser les co\u00fbts, l&rsquo;\u00e9lasticit\u00e9 ou cr\u00e9er des applications plus intelligentes<\/li>\n<\/ul>\n<p>[\/vc_column_text][\/vc_column_inner][vc_column_inner width=\u00a0\u00bb1\/3&Prime;][vc_single_image image=\u00a0\u00bb2083&Prime; img_size=\u00a0\u00bbfull\u00a0\u00bb alignment=\u00a0\u00bbcenter\u00a0\u00bb][vc_empty_space height=\u00a0\u00bb20px\u00a0\u00bb][vc_column_text]<strong>Surveiller la sant\u00e9 informatique et &amp; risque<\/strong><\/p>\n<ul>\n<li>Comprendre rapidement la sant\u00e9 du portefeuille et\u00a0amp\u00a0; surveiller le risque logiciel au fil du temps<\/li>\n<\/ul>\n<p>[\/vc_column_text][\/vc_column_inner][\/vc_row_inner][vc_empty_space height=\u00a0\u00bb40px\u00a0\u00bb][vc_custom_heading text=\u00a0\u00bbAvantages de l&rsquo;int\u00e9gration\u00a0\u00bb font_container=\u00a0\u00bbtag:h4|font_size:1.5rem|text_align:left\u00a0\u00bb use_theme_fonts=\u00a0\u00bbyes\u00a0\u00bb][vc_empty_space height=\u00a0\u00bb40px\u00a0\u00bb][vc_column_text]<\/p>\n<ul>\n<li>Haut niveau d&rsquo;int\u00e9gration \u00e0 CAST\n<ul>\n<li>Informations bidirectionnelles entre CAST et HOPEX IT Portfolio Management<\/li>\n<li>Processus int\u00e9gr\u00e9\u00a0: lancez des campagnes d&rsquo;analyse directement depuis HOPEX IT Portfolio Management<\/li>\n<li>Permanence des donn\u00e9es\u00a0: \u00e9valuez les informations de l&rsquo;application au fil du temps<\/li>\n<li>Enrichir le r\u00e9f\u00e9rentiel unique HOPEX avec <strong>de nouvelles mesures<\/strong>.<\/li>\n<\/ul>\n<\/li>\n<li>Apportez une v\u00e9ritable vue \u00e0 360\u00a0degr\u00e9s des applications, y compris la perspective commerciale, les co\u00fbts, les cycles de vie, les d\u00e9ploiements et <strong>l&rsquo;analyse du code logiciel<\/strong>.<\/li>\n<li>ITPM et CAST\u00a0Highlight r\u00e9unissent une solution pr\u00e9cieuse pour d\u00e9placer les applications vers le cloud.<\/li>\n<\/ul>\n<p>[\/vc_column_text][\/vc_column][\/vc_row][\/vc_section]<\/p>\n","protected":false},"excerpt":{"rendered":"<p>[vc_section bg_position=\u00a0\u00bbcenter center\u00a0\u00bb css=\u00a0\u00bb.vc_custom_1652309279876{background: #832199 url(https:\/\/proyacorp.ca\/wp-content\/uploads\/2022\/05\/HOPEX-ITPM-Cast-Highlight-Integration.jpg?id=2086) !important;background-position: center !important;background-repeat: no-repeat !important;background-size: cover !important;}\u00a0\u00bb el_class=\u00a0\u00bbmask\u00a0\u00bb][vc_row css=\u00a0\u00bb.vc_custom_1667172988994{padding-top: 120px !important;padding-bottom: 100px !important;}\u00a0\u00bb el_class=\u00a0\u00bbproya-header\u00a0\u00bb][vc_column width=\u00a0\u00bb5\/6&Prime;][vc_custom_heading text=\u00a0\u00bbnos solutions\u00a0\u00bb font_container=\u00a0\u00bbtag:div|font_size:3rem|text_align:left|color:%23ffffff\u00a0\u00bb use_theme_fonts=\u00a0\u00bbyes\u00a0\u00bb css_animation=\u00a0\u00bbfadeInUp\u00a0\u00bb css=\u00a0\u00bb.vc_custom_1689715735401{margin-left: 3px !important;}\u00a0\u00bb el_class=\u00a0\u00bbdelay-1 custom-hd\u00a0\u00bb][vc_empty_space height=\u00a0\u00bb20px\u00a0\u00bb][vc_custom_heading text=\u00a0\u00bbHOPEX ITPM Cast Highlight Int\u00e9gration\u00a0\u00bb font_container=\u00a0\u00bbtag:h2|font_size:3.3rem|text_align:left|color:%23ffffff|line_height:1&Prime; use_theme_fonts=\u00a0\u00bbyes\u00a0\u00bb css_animation=\u00a0\u00bbfadeInUp\u00a0\u00bb el_class=\u00a0\u00bbcustom-hd delay-2&Prime;][vc_separator color=\u00a0\u00bbwhite\u00a0\u00bb align=\u00a0\u00bbalign_left\u00a0\u00bb border_width=\u00a0\u00bb5&Prime; el_width=\u00a0\u00bb10&Prime; css_animation=\u00a0\u00bbfadeInUp\u00a0\u00bb el_class=\u00a0\u00bbdelay-4&Prime; css=\u00a0\u00bb.vc_custom_1540432371541{margin-bottom: 50px !important;margin-left: 5px !important;padding-top: 15px !important;}\u00a0\u00bb][vc_column_text [&hellip;]<\/p>\n","protected":false},"author":1,"featured_media":0,"parent":0,"menu_order":0,"comment_status":"closed","ping_status":"closed","template":"tmpl\/template-fullwidth.php","meta":{"footnotes":""},"class_list":["post-4533","page","type-page","status-publish","hentry"],"acf":[],"aioseo_notices":[],"_links":{"self":[{"href":"https:\/\/proyacorp.ca\/fr\/wp-json\/wp\/v2\/pages\/4533","targetHints":{"allow":["GET"]}}],"collection":[{"href":"https:\/\/proyacorp.ca\/fr\/wp-json\/wp\/v2\/pages"}],"about":[{"href":"https:\/\/proyacorp.ca\/fr\/wp-json\/wp\/v2\/types\/page"}],"author":[{"embeddable":true,"href":"https:\/\/proyacorp.ca\/fr\/wp-json\/wp\/v2\/users\/1"}],"replies":[{"embeddable":true,"href":"https:\/\/proyacorp.ca\/fr\/wp-json\/wp\/v2\/comments?post=4533"}],"version-history":[{"count":3,"href":"https:\/\/proyacorp.ca\/fr\/wp-json\/wp\/v2\/pages\/4533\/revisions"}],"predecessor-version":[{"id":4536,"href":"https:\/\/proyacorp.ca\/fr\/wp-json\/wp\/v2\/pages\/4533\/revisions\/4536"}],"wp:attachment":[{"href":"https:\/\/proyacorp.ca\/fr\/wp-json\/wp\/v2\/media?parent=4533"}],"curies":[{"name":"wp","href":"https:\/\/api.w.org\/{rel}","templated":true}]}}