{"id":4545,"date":"2022-05-11T17:54:30","date_gmt":"2022-05-11T21:54:30","guid":{"rendered":"https:\/\/proyacorp.ca\/hopex-it-architecture\/"},"modified":"2023-07-21T19:29:37","modified_gmt":"2023-07-21T23:29:37","slug":"architecture-informatique-hopex","status":"publish","type":"page","link":"https:\/\/proyacorp.ca\/fr\/architecture-informatique-hopex\/","title":{"rendered":"Architecture informatique HOPEX"},"content":{"rendered":"<p>[vc_section bg_position=\u00a0\u00bbcenter center\u00a0\u00bb css=\u00a0\u00bb.vc_custom_1652307985093{background: #d67f1b url(https:\/\/proyacorp.ca\/wp-content\/uploads\/2022\/05\/HOPEX-IT-Architecture.jpg?id=2071) !important;background-position: center !important;background-repeat: no-repeat !important;background-size: cover !important;}\u00a0\u00bb el_class=\u00a0\u00bbmask\u00a0\u00bb][vc_row css=\u00a0\u00bb.vc_custom_1667172848672{padding-top: 120px !important;padding-bottom: 100px !important;}\u00a0\u00bb el_class=\u00a0\u00bbproya-header\u00a0\u00bb][vc_column width=\u00a0\u00bb5\/6&Prime;][vc_custom_heading text=\u00a0\u00bbnos solutions\u00a0\u00bb font_container=\u00a0\u00bbtag:div|font_size:3rem|text_align:left|color:%23ffffff\u00a0\u00bb use_theme_fonts=\u00a0\u00bbyes\u00a0\u00bb css_animation=\u00a0\u00bbfadeInUp\u00a0\u00bb css=\u00a0\u00bb.vc_custom_1689982086190{margin-left: 3px !important;}\u00a0\u00bb el_class=\u00a0\u00bbdelay-1 custom-hd\u00a0\u00bb][vc_empty_space height=\u00a0\u00bb20px\u00a0\u00bb][vc_custom_heading text=\u00a0\u00bbArchitecture informatique HOPEX\u00a0\u00bb font_container=\u00a0\u00bbtag:h2|font_size:3.3rem|text_align:left|color:%23ffffff|line_height:1&Prime; use_theme_fonts=\u00a0\u00bbyes\u00a0\u00bb css_animation=\u00a0\u00bbfadeInUp\u00a0\u00bb el_class=\u00a0\u00bbcustom-hd delay-2&Prime;][vc_separator color=\u00a0\u00bbwhite\u00a0\u00bb align=\u00a0\u00bbalign_left\u00a0\u00bb border_width=\u00a0\u00bb5&Prime; el_width=\u00a0\u00bb10&Prime; css_animation=\u00a0\u00bbfadeInUp\u00a0\u00bb el_class=\u00a0\u00bbdelay-4&Prime; css=\u00a0\u00bb.vc_custom_1540432371541{margin-bottom: 50px !important;margin-left: 5px !important;padding-top: 15px !important;}\u00a0\u00bb][vc_column_text css_animation=\u00a0\u00bbfadeInUp\u00a0\u00bb css=\u00a0\u00bb.vc_custom_1689982101958{margin-left: 3px !important;}\u00a0\u00bb el_class=\u00a0\u00bbdelay-3&Prime;]<a class=\"button line\" href=\"https:\/\/proyacorp.ca\/fr\/contactez-nous\/\">Contactez-nous d\u00e8s aujourd&rsquo;hui.<\/a>[\/vc_column_text][\/vc_column][vc_column width=\u00a0\u00bb1\/6&Prime;][\/vc_column][\/vc_row][\/vc_section][vc_section css_animation=\u00a0\u00bbnone\u00a0\u00bb css=\u00a0\u00bb.vc_custom_1651960199883{padding-bottom: 40px !important;}\u00a0\u00bb][vc_row][vc_column][vc_empty_space height=\u00a0\u00bb80px\u00a0\u00bb][vc_custom_heading text=\u00a0\u00bbArchitecture informatique HOPEX\u00a0\u00bb font_container=\u00a0\u00bbtag:h3|text_align:center\u00a0\u00bb use_theme_fonts=\u00a0\u00bbyes\u00a0\u00bb][vc_empty_space height=\u00a0\u00bb40px\u00a0\u00bb][vc_column_text]HOPEX IT Architecture, l&rsquo;un des modules des familles de produits HOPEX EA et ITPM, vous permet de cr\u00e9er des cartes de r\u00e9f\u00e9rence pour identifier, analyser et g\u00e9rer vos syst\u00e8mes, applications et infrastructures de technologies de l&rsquo;information (TI). Notre produit aide les DSI et les responsables informatiques \u00e0 g\u00e9rer la qualit\u00e9 et les processus d&rsquo;\u00e9volution des syst\u00e8mes, en minimisant les co\u00fbts de d\u00e9veloppement et en am\u00e9liorant la qualit\u00e9 de service.[\/vc_column_text][vc_empty_space height=\u00a0\u00bb40px\u00a0\u00bb][vc_single_image image=\u00a0\u00bb2047&Prime; img_size=\u00a0\u00bbfull\u00a0\u00bb alignment=\u00a0\u00bbcenter\u00a0\u00bb][vc_empty_space height=\u00a0\u00bb40px\u00a0\u00bb][vc_column_text]HOPEX IT Architecture donne aux architectes informatiques la capacit\u00e9 d&rsquo;analyser la valeur ajout\u00e9e des actifs informatiques en proposant une architecture fonctionnelle avec un mod\u00e8le d&rsquo;urbanisme. De plus, il fournit une compr\u00e9hension compl\u00e8te de la structure logicielle et des donn\u00e9es des actifs informatiques et montre leur interd\u00e9pendance en fonction du flux d&rsquo;informations. Enfin, il d\u00e9termine vos besoins de diffusion en termes de technologie et d&rsquo;infrastructure.[\/vc_column_text][vc_empty_space height=\u00a0\u00bb40px\u00a0\u00bb][vc_custom_heading text=\u00a0\u00bbPage d&rsquo;accueil bas\u00e9e sur des mosa\u00efques d&rsquo;architecture informatique\u00a0\u00bb font_container=\u00a0\u00bbtag:h4|font_size:1.5rem|text_align:left\u00a0\u00bb use_theme_fonts=\u00a0\u00bbyes\u00a0\u00bb][vc_empty_space height=\u00a0\u00bb40px\u00a0\u00bb][vc_row_inner content_placement=\u00a0\u00bbmiddle\u00a0\u00bb][vc_column_inner width=\u00a0\u00bb1\/2&Prime;][vc_single_image image=\u00a0\u00bb2048&Prime; img_size=\u00a0\u00bbfull\u00a0\u00bb alignment=\u00a0\u00bbcenter\u00a0\u00bb onclick=\u00a0\u00bblink_image\u00a0\u00bb][vc_column_text]<em>Les vignettes fournissent des raccourcis vers les fonctionnalit\u00e9s fr\u00e9quemment utilis\u00e9es et sont personnalisables par les utilisateurs finaux<\/em>[\/vc_column_text][\/vc_column_inner][vc_column_inner width=\u00a0\u00bb1\/2&Prime;][vc_column_text]Notre produit peut \u00e9galement \u00eatre int\u00e9gr\u00e9 \u00e0 l&rsquo;architecture informatique orient\u00e9e syst\u00e8me. Cette fonctionnalit\u00e9 signifie que vous pouvez analyser et documenter l&rsquo;ensemble de votre structure informatique et applicative avec une approche d&rsquo;architecture orient\u00e9e services.<\/p>\n<p>Il fonctionne de mani\u00e8re int\u00e9gr\u00e9e avec la plate-forme de HOPEX IT Architecture. En d&rsquo;autres termes, il vous permet d&rsquo;am\u00e9liorer vos objectifs commerciaux et votre transformation informatique en affichant les informations cl\u00e9s sur votre organisation de la mani\u00e8re la plus claire.[\/vc_column_text][\/vc_column_inner][\/vc_row_inner][vc_empty_space height=\u00a0\u00bb40px\u00a0\u00bb][vc_custom_heading text=\u00a0\u00bbPrincipaux d\u00e9fis\u00a0\u00bb font_container=\u00a0\u00bbtag:h4|font_size:1.5rem|text_align:left\u00a0\u00bb use_theme_fonts=\u00a0\u00bbyes\u00a0\u00bb][vc_empty_space height=\u00a0\u00bb40px\u00a0\u00bb][vc_row_inner][vc_column_inner width=\u00a0\u00bb1\/3&Prime;][vc_single_image image=\u00a0\u00bb2053&Prime; img_size=\u00a0\u00bbfull\u00a0\u00bb alignment=\u00a0\u00bbcenter\u00a0\u00bb][vc_empty_space height=\u00a0\u00bb20px\u00a0\u00bb][vc_column_text]<strong>Manque de visibilit\u00e9<\/strong><\/p>\n<ul>\n<li>Un manque de visibilit\u00e9 sur le portefeuille informatique actuel et futur de l&rsquo;entreprise emp\u00eache la transformation informatique<\/li>\n<li>De nombreux services informatiques ont des difficult\u00e9s \u00e0 aligner les ressources et les efforts informatiques sur la feuille de route et les objectifs de l&rsquo;entreprise<\/li>\n<\/ul>\n<p>[\/vc_column_text][\/vc_column_inner][vc_column_inner width=\u00a0\u00bb1\/3&Prime;][vc_single_image image=\u00a0\u00bb2054&Prime; img_size=\u00a0\u00bbfull\u00a0\u00bb alignment=\u00a0\u00bbcenter\u00a0\u00bb][vc_empty_space height=\u00a0\u00bb20px\u00a0\u00bb][vc_column_text]<strong>D\u00e9veloppements agiles<\/strong><\/p>\n<ul>\n<li>Les exigences \u00e9voluent rapidement en raison des changements constants du march\u00e9<\/li>\n<li>Les \u00e9quipes de d\u00e9veloppement travaillent en silos sur une port\u00e9e limit\u00e9e, perdant de vue l&rsquo;ensemble du projet<\/li>\n<li>Les \u00e9quipes agiles con\u00e7oivent une architecture \u00e9mergente, mais elle n&rsquo;est pas align\u00e9e sur la strat\u00e9gie<\/li>\n<\/ul>\n<p>[\/vc_column_text][\/vc_column_inner][vc_column_inner width=\u00a0\u00bb1\/3&Prime;][vc_single_image image=\u00a0\u00bb2055&Prime; img_size=\u00a0\u00bbfull\u00a0\u00bb alignment=\u00a0\u00bbcenter\u00a0\u00bb][vc_empty_space height=\u00a0\u00bb20px\u00a0\u00bb][vc_column_text]<strong>D\u00e9ploiements<\/strong><\/p>\n<ul>\n<li>Les services informatiques perdent le contr\u00f4le des d\u00e9veloppements agiles et ne sont pas en mesure de les d\u00e9ployer correctement.<\/li>\n<li>Les services informatiques sont souvent invit\u00e9s \u00e0 int\u00e9grer rapidement de nouveaux d\u00e9veloppements dans le paysage existant<\/li>\n<\/ul>\n<p>[\/vc_column_text][\/vc_column_inner][\/vc_row_inner][vc_empty_space height=\u00a0\u00bb40px\u00a0\u00bb][vc_custom_heading text=\u00a0\u00bbAvantages de l&rsquo;architecture informatique HOPEX\u00a0\u00bb font_container=\u00a0\u00bbtag:h4|font_size:1.5rem|text_align:left\u00a0\u00bb use_theme_fonts=\u00a0\u00bbyes\u00a0\u00bb][vc_empty_space height=\u00a0\u00bb40px\u00a0\u00bb][vc_row_inner][vc_column_inner width=\u00a0\u00bb1\/3&Prime;][vc_text_separator title=\u00a0\u00bbObtenez une image claire de vos syst\u00e8mes informatiques\u00a0\u00bb][vc_empty_space height=\u00a0\u00bb20px\u00a0\u00bb][vc_column_text]<\/p>\n<ul>\n<li>Cartographier les applications et les technologies, et la fa\u00e7on dont elles interagissent les unes avec les autres pour identifier les gains d&rsquo;efficacit\u00e9 et \u00e9viter les interruptions<\/li>\n<\/ul>\n<p>[\/vc_column_text][\/vc_column_inner][vc_column_inner width=\u00a0\u00bb1\/3&Prime;][vc_text_separator title=\u00a0\u00bbFaire face aux changements continus de l&rsquo;entreprise\u00a0\u00bb][vc_empty_space height=\u00a0\u00bb20px\u00a0\u00bb][vc_column_text]<\/p>\n<ul>\n<li>Tenez-vous au courant des d\u00e9veloppements agiles et concevez les futurs syst\u00e8mes informatiques. Assurez-vous que votre informatique garde une longueur d&rsquo;avance sur les besoins de l&rsquo;entreprise<\/li>\n<\/ul>\n<p>[\/vc_column_text][\/vc_column_inner][vc_column_inner width=\u00a0\u00bb1\/3&Prime;][vc_text_separator title=\u00a0\u00bbAcc\u00e9l\u00e9rez les d\u00e9ploiements d&rsquo;applications\u00a0\u00bb][vc_empty_space height=\u00a0\u00bb20px\u00a0\u00bb][vc_column_text]<\/p>\n<ul>\n<li>D\u00e9crivez pr\u00e9cis\u00e9ment comment les composants techniques d&rsquo;une application peuvent \u00eatre d\u00e9ploy\u00e9s pour \u00e9viter les pi\u00e8ges potentiels<\/li>\n<\/ul>\n<p>[\/vc_column_text][\/vc_column_inner][\/vc_row_inner][vc_empty_space height=\u00a0\u00bb40px\u00a0\u00bb][vc_custom_heading text=\u00a0\u00bbPrincipales caract\u00e9ristiques\u00a0\u00bb font_container=\u00a0\u00bbtag:h4|font_size:1.5rem|text_align:left\u00a0\u00bb use_theme_fonts=\u00a0\u00bbyes\u00a0\u00bb][vc_empty_space height=\u00a0\u00bb40px\u00a0\u00bb][vc_row_inner][vc_column_inner width=\u00a0\u00bb1\/4&Prime;][vc_text_separator title=\u00a0\u00bbConcevoir des diagrammes d&rsquo;application\u00a0\u00bb][vc_empty_space height=\u00a0\u00bb20px\u00a0\u00bb][vc_column_text]<\/p>\n<ul>\n<li>Mod\u00e8le de diagrammes d&rsquo;application de sc\u00e9nario pour des interactions simples<\/li>\n<li>Mod\u00e9liser les diagrammes d&rsquo;application de la structure pour les interactions complexes<\/li>\n<li>Mod\u00e8le d&rsquo;architecture logique, pas encore impl\u00e9ment\u00e9<\/li>\n<\/ul>\n<p>[\/vc_column_text][\/vc_column_inner][vc_column_inner width=\u00a0\u00bb1\/4&Prime;][vc_text_separator title=\u00a0\u00bbCartographier l&rsquo;infrastructure technique\u00a0\u00bb][vc_empty_space height=\u00a0\u00bb20px\u00a0\u00bb][vc_column_text]<\/p>\n<ul>\n<li>Concevoir l&rsquo;architecture technique des applications pour les d\u00e9ploiements d&rsquo;applications<\/li>\n<li>Mod\u00e9liser des sch\u00e9mas d&rsquo;infrastructure\u00a03D<\/li>\n<li>D\u00e9terminer les exigences d&rsquo;infrastructure pour prendre en charge les applications d\u00e9ploy\u00e9es<\/li>\n<\/ul>\n<p>[\/vc_column_text][\/vc_column_inner][vc_column_inner width=\u00a0\u00bb1\/4&Prime;][vc_text_separator title=\u00a0\u00bbCartographier les processus du syst\u00e8me\u00a0\u00bb][vc_empty_space height=\u00a0\u00bb20px\u00a0\u00bb][vc_column_text]<\/p>\n<ul>\n<li>D\u00e9crire les flux de travail et les s\u00e9quences de t\u00e2ches effectu\u00e9es par les applications<\/li>\n<li>Concevoir les processus syst\u00e8me actuels et futurs<\/li>\n<li>Mod\u00e9liser plusieurs sc\u00e9narios<\/li>\n<\/ul>\n<p>[\/vc_column_text][\/vc_column_inner][vc_column_inner width=\u00a0\u00bb1\/4&Prime;][vc_text_separator title=\u00a0\u00bbV\u00e9rifier la couverture fonctionnelle\u00a0\u00bb][vc_empty_space height=\u00a0\u00bb20px\u00a0\u00bb][vc_column_text]<\/p>\n<ul>\n<li>R\u00e9partir l&rsquo;organisation par capacit\u00e9s commerciales<\/li>\n<li>R\u00e9partition des applications par fonctionnalit\u00e9s<\/li>\n<li>V\u00e9rifier comment les applications et les fonctionnalit\u00e9s soutiennent l&rsquo;entreprise<\/li>\n<\/ul>\n<p>[\/vc_column_text][\/vc_column_inner][\/vc_row_inner][vc_empty_space height=\u00a0\u00bb40px\u00a0\u00bb][vc_custom_heading text=\u00a0\u00bbVues du syst\u00e8me d&rsquo;application dans HOPEX\u00a0\u00bb font_container=\u00a0\u00bbtag:h4|font_size:1.5rem|text_align:left\u00a0\u00bb use_theme_fonts=\u00a0\u00bbyes\u00a0\u00bb][vc_empty_space height=\u00a0\u00bb40px\u00a0\u00bb][vc_single_image image=\u00a0\u00bb2060&Prime; img_size=\u00a0\u00bbfull\u00a0\u00bb alignment=\u00a0\u00bbcenter\u00a0\u00bb onclick=\u00a0\u00bblink_image\u00a0\u00bb][vc_empty_space height=\u00a0\u00bb40px\u00a0\u00bb][vc_custom_heading text=\u00a0\u00bbTrois fa\u00e7ons de concevoir l&rsquo;architecture d&rsquo;application\u00a0\u00bb font_container=\u00a0\u00bbtag:h4|font_size:1.5rem|text_align:left\u00a0\u00bb use_theme_fonts=\u00a0\u00bbyes\u00a0\u00bb][vc_empty_space height=\u00a0\u00bb40px\u00a0\u00bb][vc_column_text]<strong>Sch\u00e9mas d&rsquo;application de sc\u00e9nario<\/strong><\/p>\n<ul>\n<li>Utilisez des diagrammes de sc\u00e9narios pour une repr\u00e9sentation rapide et facile<\/li>\n<li>D\u00e9crire la m\u00eame application dans plusieurs contextes ou sc\u00e9narios<\/li>\n<\/ul>\n<p><strong>Sch\u00e9mas d&rsquo;application de structure<\/strong><\/p>\n<ul>\n<li>Utiliser des diagrammes de structure pour mod\u00e9liser l&rsquo;architecture via une approche de service<\/li>\n<li>Utiliser des contrats d&rsquo;\u00e9change pour d\u00e9crire les services fournis par les applications<\/li>\n<\/ul>\n<p><strong>Sch\u00e9mas d&rsquo;architecture logique<\/strong><\/p>\n<ul>\n<li>Utilisez ces diagrammes pour d\u00e9crire une architecture \u00ab\u00a0id\u00e9ale\u00a0\u00bb ou \u00ab\u00a0intentionnelle\u00a0\u00bb<\/li>\n<\/ul>\n<p><strong>Cartographier les capacit\u00e9s et fonctionnalit\u00e9s de l&rsquo;entreprise<\/strong><\/p>\n<ul>\n<li>D\u00e9composer l&rsquo;organisation \u00e0 l&rsquo;aide des capacit\u00e9s commerciales et des sous-capacit\u00e9s<\/li>\n<li>Fonctionnalit\u00e9s cartographiques qui prennent en charge les capacit\u00e9s de l&rsquo;entreprise<\/li>\n<\/ul>\n<p>[\/vc_column_text][vc_empty_space height=\u00a0\u00bb40px\u00a0\u00bb][vc_single_image image=\u00a0\u00bb2061&Prime; img_size=\u00a0\u00bbfull\u00a0\u00bb alignment=\u00a0\u00bbcenter\u00a0\u00bb onclick=\u00a0\u00bblink_image\u00a0\u00bb][vc_column_text]<em>Carte des capacit\u00e9s de l&rsquo;entreprise<\/em>[\/vc_column_text][vc_empty_space height=\u00a0\u00bb40px\u00a0\u00bb][vc_single_image image=\u00a0\u00bb2062&Prime; img_size=\u00a0\u00bbfull\u00a0\u00bb alignment=\u00a0\u00bbcenter\u00a0\u00bb onclick=\u00a0\u00bblink_image\u00a0\u00bb][vc_column_text]<em>Carte des fonctionnalit\u00e9s<\/em><\/p>\n<ul>\n<li><em>Fournit un aper\u00e7u des capacit\u00e9s commerciales d&rsquo;une organisation<\/em><\/li>\n<li><em>D\u00e9crit les fonctionnalit\u00e9s requises par Business Capabilities<\/em><\/li>\n<\/ul>\n<p>[\/vc_column_text][vc_empty_space height=\u00a0\u00bb40px\u00a0\u00bb][vc_custom_heading text=\u00a0\u00bbApplications et technologies cartographiques\u00a0\u00bb font_container=\u00a0\u00bbtag:h4|font_size:1.5rem|text_align:left\u00a0\u00bb use_theme_fonts=\u00a0\u00bbyes\u00a0\u00bb][vc_empty_space height=\u00a0\u00bb40px\u00a0\u00bb][vc_column_text]<\/p>\n<ul>\n<li>Mapper les applications sur les capacit\u00e9s dans les cartes de capacit\u00e9 m\u00e9tier<\/li>\n<li>Mapper les applications sur les fonctionnalit\u00e9s dans les mappages de fonctionnalit\u00e9s<\/li>\n<\/ul>\n<p>[\/vc_column_text][vc_empty_space height=\u00a0\u00bb40px\u00a0\u00bb][vc_single_image image=\u00a0\u00bb2063&Prime; img_size=\u00a0\u00bbfull\u00a0\u00bb alignment=\u00a0\u00bbcenter\u00a0\u00bb onclick=\u00a0\u00bblink_image\u00a0\u00bb][vc_empty_space height=\u00a0\u00bb40px\u00a0\u00bb][vc_custom_heading text=\u00a0\u00bbInfrastructure technique\u00a0\u00bb font_container=\u00a0\u00bbtag:h4|font_size:1.5rem|text_align:left\u00a0\u00bb use_theme_fonts=\u00a0\u00bbyes\u00a0\u00bb][vc_empty_space height=\u00a0\u00bb40px\u00a0\u00bb][vc_column_text]D\u00e9crit les ressources mat\u00e9rielles telles que les serveurs, les postes de travail ainsi que les \u00e9l\u00e9ments de communication tels que les protocoles de r\u00e9seau et d&rsquo;\u00e9change.[\/vc_column_text][vc_empty_space height=\u00a0\u00bb40px\u00a0\u00bb][vc_single_image image=\u00a0\u00bb2065&Prime; img_size=\u00a0\u00bbfull\u00a0\u00bb alignment=\u00a0\u00bbcenter\u00a0\u00bb onclick=\u00a0\u00bblink_image\u00a0\u00bb][vc_column_text]<em>Exemple de mod\u00e8le d&rsquo;infrastructure<\/em>[\/vc_column_text][vc_empty_space height=\u00a0\u00bb40px\u00a0\u00bb][vc_custom_heading text=\u00a0\u00bbDiagramme de structure d&rsquo;assemblage d&rsquo;infrastructure\u00a0\u00bb font_container=\u00a0\u00bbtag:h4|font_size:1.5rem|text_align:left\u00a0\u00bb use_theme_fonts=\u00a0\u00bbyes\u00a0\u00bb][vc_empty_space height=\u00a0\u00bb40px\u00a0\u00bb][vc_column_text]<\/p>\n<ul>\n<li><strong>Les canaux de communication<\/strong> montrent les <strong>connexions physiques<\/strong> entre les objets de l&rsquo;infrastructure informatique.<\/li>\n<li><strong>Les interactions<\/strong> montrent les <strong>\u00e9changes d&rsquo;informations<\/strong> entre les processus h\u00e9berg\u00e9s sur les appareils de l&rsquo;infrastructure.<\/li>\n<\/ul>\n<p>[\/vc_column_text][vc_empty_space height=\u00a0\u00bb40px\u00a0\u00bb][vc_single_image image=\u00a0\u00bb2066&Prime; img_size=\u00a0\u00bbfull\u00a0\u00bb alignment=\u00a0\u00bbcenter\u00a0\u00bb onclick=\u00a0\u00bblink_image\u00a0\u00bb][vc_empty_space height=\u00a0\u00bb40px\u00a0\u00bb][vc_custom_heading text=\u00a0\u00bbD\u00e9crire l&rsquo;h\u00e9bergement d&rsquo;applications\u00a0\u00bb font_container=\u00a0\u00bbtag:h4|font_size:1.5rem|text_align:left\u00a0\u00bb use_theme_fonts=\u00a0\u00bbyes\u00a0\u00bb][vc_empty_space height=\u00a0\u00bb40px\u00a0\u00bb][vc_column_text]<\/p>\n<ul>\n<li>D\u00e9crire comment une application est d\u00e9ploy\u00e9e sur l&rsquo;infrastructure informatique en attribuant les domaines techniques de l&rsquo;application aux appareils qui h\u00e9bergent les domaines.<\/li>\n<li>Lorsque les domaines techniques d&rsquo;une application sont attribu\u00e9s \u00e0 des appareils de l&rsquo;infrastructure informatique, le nom de l&rsquo;application s&rsquo;affiche sur l&rsquo;appareil.<\/li>\n<\/ul>\n<p>[\/vc_column_text][vc_empty_space height=\u00a0\u00bb40px\u00a0\u00bb][vc_row_inner content_placement=\u00a0\u00bbmiddle\u00a0\u00bb][vc_column_inner width=\u00a0\u00bb1\/2&Prime;][vc_single_image image=\u00a0\u00bb2067&Prime; img_size=\u00a0\u00bbfull\u00a0\u00bb alignment=\u00a0\u00bbcenter\u00a0\u00bb onclick=\u00a0\u00bblink_image\u00a0\u00bb][\/vc_column_inner][vc_column_inner width=\u00a0\u00bb1\/2&Prime;][vc_single_image image=\u00a0\u00bb2068&Prime; img_size=\u00a0\u00bbfull\u00a0\u00bb alignment=\u00a0\u00bbcenter\u00a0\u00bb onclick=\u00a0\u00bblink_image\u00a0\u00bb][\/vc_column_inner][\/vc_row_inner][vc_empty_space height=\u00a0\u00bb40px\u00a0\u00bb][vc_column_text]Pour r\u00e9sumer HOPEX IT Architecture en une seule phrase, vous pouvez d\u00e9terminer et \u00e9valuer la port\u00e9e fonctionnelle des plans et applications de la ville informatique fournis avec le produit, vous pouvez voir en d\u00e9tail le flux d&rsquo;informations entre les applications, les bases de donn\u00e9es de services et les unit\u00e9s commerciales et cartographier quels sont les besoins mat\u00e9riels et organisationnels n\u00e9cessaires au fonctionnement de votre syst\u00e8me.[\/vc_column_text][\/vc_column][\/vc_row][\/vc_section]<\/p>\n","protected":false},"excerpt":{"rendered":"<p>[vc_section bg_position=\u00a0\u00bbcenter center\u00a0\u00bb css=\u00a0\u00bb.vc_custom_1652307985093{background: #d67f1b url(https:\/\/proyacorp.ca\/wp-content\/uploads\/2022\/05\/HOPEX-IT-Architecture.jpg?id=2071) !important;background-position: center !important;background-repeat: no-repeat !important;background-size: cover !important;}\u00a0\u00bb el_class=\u00a0\u00bbmask\u00a0\u00bb][vc_row css=\u00a0\u00bb.vc_custom_1667172848672{padding-top: 120px !important;padding-bottom: 100px !important;}\u00a0\u00bb el_class=\u00a0\u00bbproya-header\u00a0\u00bb][vc_column width=\u00a0\u00bb5\/6&Prime;][vc_custom_heading text=\u00a0\u00bbnos solutions\u00a0\u00bb font_container=\u00a0\u00bbtag:div|font_size:3rem|text_align:left|color:%23ffffff\u00a0\u00bb use_theme_fonts=\u00a0\u00bbyes\u00a0\u00bb css_animation=\u00a0\u00bbfadeInUp\u00a0\u00bb css=\u00a0\u00bb.vc_custom_1689982086190{margin-left: 3px !important;}\u00a0\u00bb el_class=\u00a0\u00bbdelay-1 custom-hd\u00a0\u00bb][vc_empty_space height=\u00a0\u00bb20px\u00a0\u00bb][vc_custom_heading text=\u00a0\u00bbArchitecture informatique HOPEX\u00a0\u00bb font_container=\u00a0\u00bbtag:h2|font_size:3.3rem|text_align:left|color:%23ffffff|line_height:1&Prime; use_theme_fonts=\u00a0\u00bbyes\u00a0\u00bb css_animation=\u00a0\u00bbfadeInUp\u00a0\u00bb el_class=\u00a0\u00bbcustom-hd delay-2&Prime;][vc_separator color=\u00a0\u00bbwhite\u00a0\u00bb align=\u00a0\u00bbalign_left\u00a0\u00bb border_width=\u00a0\u00bb5&Prime; el_width=\u00a0\u00bb10&Prime; css_animation=\u00a0\u00bbfadeInUp\u00a0\u00bb el_class=\u00a0\u00bbdelay-4&Prime; css=\u00a0\u00bb.vc_custom_1540432371541{margin-bottom: 50px !important;margin-left: 5px !important;padding-top: 15px !important;}\u00a0\u00bb][vc_column_text css_animation=\u00a0\u00bbfadeInUp\u00a0\u00bb css=\u00a0\u00bb.vc_custom_1689982101958{margin-left: [&hellip;]<\/p>\n","protected":false},"author":1,"featured_media":0,"parent":0,"menu_order":0,"comment_status":"closed","ping_status":"closed","template":"tmpl\/template-fullwidth.php","meta":{"footnotes":""},"class_list":["post-4545","page","type-page","status-publish","hentry"],"acf":[],"aioseo_notices":[],"_links":{"self":[{"href":"https:\/\/proyacorp.ca\/fr\/wp-json\/wp\/v2\/pages\/4545","targetHints":{"allow":["GET"]}}],"collection":[{"href":"https:\/\/proyacorp.ca\/fr\/wp-json\/wp\/v2\/pages"}],"about":[{"href":"https:\/\/proyacorp.ca\/fr\/wp-json\/wp\/v2\/types\/page"}],"author":[{"embeddable":true,"href":"https:\/\/proyacorp.ca\/fr\/wp-json\/wp\/v2\/users\/1"}],"replies":[{"embeddable":true,"href":"https:\/\/proyacorp.ca\/fr\/wp-json\/wp\/v2\/comments?post=4545"}],"version-history":[{"count":5,"href":"https:\/\/proyacorp.ca\/fr\/wp-json\/wp\/v2\/pages\/4545\/revisions"}],"predecessor-version":[{"id":4550,"href":"https:\/\/proyacorp.ca\/fr\/wp-json\/wp\/v2\/pages\/4545\/revisions\/4550"}],"wp:attachment":[{"href":"https:\/\/proyacorp.ca\/fr\/wp-json\/wp\/v2\/media?parent=4545"}],"curies":[{"name":"wp","href":"https:\/\/api.w.org\/{rel}","templated":true}]}}