{"id":4556,"date":"2022-05-08T18:42:53","date_gmt":"2022-05-08T22:42:53","guid":{"rendered":"https:\/\/proyacorp.ca\/hopex-itpm-flexera-technopedia-integration\/"},"modified":"2023-07-22T09:45:02","modified_gmt":"2023-07-22T13:45:02","slug":"hopex-itpm-integration-flexera-technopedia","status":"publish","type":"page","link":"https:\/\/proyacorp.ca\/fr\/hopex-itpm-integration-flexera-technopedia\/","title":{"rendered":"HOPEX ITPM \u2013 Int\u00e9gration Flexera Technopedia"},"content":{"rendered":"<p>[vc_section bg_position=\u00a0\u00bbcenter center\u00a0\u00bb css=\u00a0\u00bb.vc_custom_1652052437605{background: #b20151 url(https:\/\/proyacorp.ca\/wp-content\/uploads\/2022\/05\/HOPEX-ITPM-\u2013-Flexera-Technopedia-Integration.jpg?id=1978) !important;background-position: center !important;background-repeat: no-repeat !important;background-size: cover !important;}\u00a0\u00bb el_class=\u00a0\u00bbmask\u00a0\u00bb][vc_row css=\u00a0\u00bb.vc_custom_1667172857581{padding-top: 120px !important;padding-bottom: 100px !important;}\u00a0\u00bb el_class=\u00a0\u00bbproya-header\u00a0\u00bb][vc_column width=\u00a0\u00bb5\/6&Prime;][vc_custom_heading text=\u00a0\u00bbnos solutions\u00a0\u00bb font_container=\u00a0\u00bbtag:div|font_size:3rem|text_align:left|color:%23ffffff\u00a0\u00bb use_theme_fonts=\u00a0\u00bbyes\u00a0\u00bb css_animation=\u00a0\u00bbfadeInUp\u00a0\u00bb css=\u00a0\u00bb.vc_custom_1690033055145{margin-left: 3px !important;}\u00a0\u00bb el_class=\u00a0\u00bbdelay-1 custom-hd\u00a0\u00bb][vc_empty_space height=\u00a0\u00bb20px\u00a0\u00bb][vc_custom_heading text=\u00a0\u00bbHOPEX ITPM \u2013 Int\u00e9gration Flexera Technopedia\u00a0\u00bb font_container=\u00a0\u00bbtag:h2|font_size:3rem|text_align:left|color:%23ffffff|line_height:1&Prime; use_theme_fonts=\u00a0\u00bbyes\u00a0\u00bb css_animation=\u00a0\u00bbfadeInUp\u00a0\u00bb el_class=\u00a0\u00bbcustom-hd delay-2&Prime;][vc_separator color=\u00a0\u00bbwhite\u00a0\u00bb align=\u00a0\u00bbalign_left\u00a0\u00bb border_width=\u00a0\u00bb5&Prime; el_width=\u00a0\u00bb10&Prime; css_animation=\u00a0\u00bbfadeInUp\u00a0\u00bb el_class=\u00a0\u00bbdelay-4&Prime; css=\u00a0\u00bb.vc_custom_1540432371541{margin-bottom: 50px !important;margin-left: 5px !important;padding-top: 15px !important;}\u00a0\u00bb][vc_column_text css_animation=\u00a0\u00bbfadeInUp\u00a0\u00bb css=\u00a0\u00bb.vc_custom_1690033068719{margin-left: 3px !important;}\u00a0\u00bb el_class=\u00a0\u00bbdelay-3&Prime;]<a class=\"button line\" href=\"https:\/\/proyacorp.ca\/fr\/contactez-nous\/\">Contactez-nous d\u00e8s aujourd&rsquo;hui.<\/a>[\/vc_column_text][\/vc_column][vc_column width=\u00a0\u00bb1\/6&Prime;][\/vc_column][\/vc_row][\/vc_section][vc_section css_animation=\u00a0\u00bbnone\u00a0\u00bb css=\u00a0\u00bb.vc_custom_1651960199883{padding-bottom: 40px !important;}\u00a0\u00bb][vc_row][vc_column][vc_empty_space height=\u00a0\u00bb80px\u00a0\u00bb][vc_custom_heading text=\u00a0\u00bbHOPEX ITPM \u2013 Int\u00e9gration Flexera Technopedia\u00a0\u00bb font_container=\u00a0\u00bbtag:h3|text_align:center\u00a0\u00bb use_theme_fonts=\u00a0\u00bbyes\u00a0\u00bb][vc_empty_space height=\u00a0\u00bb40px\u00a0\u00bb][vc_custom_heading text=\u00a0\u00bbInt\u00e9gration avec Flexera pour suivre l&rsquo;obsolescence technologique\u00a0\u00bb font_container=\u00a0\u00bbtag:h4|font_size:1.5rem|text_align:left\u00a0\u00bb use_theme_fonts=\u00a0\u00bbyes\u00a0\u00bb][vc_empty_space height=\u00a0\u00bb40px\u00a0\u00bb][vc_column_text]Hopex IT Portfolio Management propose \u00e9galement aux administrateurs informatiques des cycles de vie de produits logiciels cat\u00e9goris\u00e9s et organis\u00e9s, int\u00e9gr\u00e9s \u00e0 BDNA Techopedia \u2122. Cette fonctionnalit\u00e9 vous permet de suivre et de g\u00e9rer les produits obsol\u00e8tes et inefficaces, et ainsi de vous prot\u00e9ger des co\u00fbts et d\u00e9penses inutiles et impr\u00e9vus.<\/p>\n<ul>\n<li>Met \u00e0 jour automatiquement les informations sur les cycles de vie des technologies logicielles dans le r\u00e9f\u00e9rentiel HOPEX<\/li>\n<li>\u00c9vite les tracas li\u00e9s \u00e0 la mise \u00e0 jour manuelle des cycles de vie de la technologie<\/li>\n<li>Permet aux gestionnaires de portefeuille de mieux \u00e9valuer le portefeuille de technologies logicielles, de g\u00e9rer l&rsquo;obsolescence et les changements de prise en charge des fournisseurs<\/li>\n<li>Technopedia suit environ 1,2\u00a0million de mod\u00e8les de mat\u00e9riel informatique et de versions de logiciels, et plus de 57\u00a0millions de points de donn\u00e9es du march\u00e9.<\/li>\n<\/ul>\n<p>[\/vc_column_text][vc_empty_space height=\u00a0\u00bb40px\u00a0\u00bb][vc_single_image image=\u00a0\u00bb1957&Prime; img_size=\u00a0\u00bbfull\u00a0\u00bb][vc_empty_space height=\u00a0\u00bb40px\u00a0\u00bb][vc_custom_heading text=\u00a0\u00bbPourquoi Flexera Technop\u00e9dia?\u00a0\u00bb font_container=\u00a0\u00bbtag:h4|font_size:1.5rem|text_align:left\u00a0\u00bb use_theme_fonts=\u00a0\u00bbyes\u00a0\u00bb][vc_empty_space height=\u00a0\u00bb20px\u00a0\u00bb][vc_column_text]Flexera Technop\u00e9dia:<\/p>\n<ul>\n<li>Est le plus grand catalogue de produits informatiques au monde<\/li>\n<li>Suivre environ 1,2\u00a0million de mod\u00e8les de mat\u00e9riel informatique et de versions de logiciels, et plus de 57\u00a0millions de points de donn\u00e9es du march\u00e9<\/li>\n<li>Cat\u00e9goris\u00e9 et structur\u00e9 avec des attributs tels que le cycle de vie du produit, la fin de vie, etc.<\/li>\n<li>Plus de 2\u00a0000\u00a0mises \u00e0 jour quotidiennes pour garantir la fid\u00e9lit\u00e9 des donn\u00e9es, et disponibles via l&rsquo;API de service Web<\/li>\n<\/ul>\n<p>[\/vc_column_text][vc_empty_space height=\u00a0\u00bb40px\u00a0\u00bb][vc_custom_heading text=\u00a0\u00bbInt\u00e9gration avec Flexera Technopedia pour suivre l&rsquo;obsolescence technologique\u00a0\u00bb font_container=\u00a0\u00bbtag:h4|font_size:1.5rem|text_align:left\u00a0\u00bb use_theme_fonts=\u00a0\u00bbyes\u00a0\u00bb][vc_empty_space height=\u00a0\u00bb40px\u00a0\u00bb][vc_single_image image=\u00a0\u00bb1961&Prime; img_size=\u00a0\u00bbfull\u00a0\u00bb][vc_empty_space height=\u00a0\u00bb40px\u00a0\u00bb][vc_custom_heading text=\u00a0\u00bbAvantages de la solution\u00a0\u00bb font_container=\u00a0\u00bbtag:h4|font_size:1.5rem|text_align:left\u00a0\u00bb use_theme_fonts=\u00a0\u00bbyes\u00a0\u00bb][vc_column_text]<\/p>\n<ul>\n<li><strong>Met \u00e0 jour automatiquement<\/strong> les cycles de vie des technologies logicielles<\/li>\n<li>Permet une prise de d\u00e9cision <strong>efficace<\/strong><\/li>\n<li><strong>Aide \u00e0 suivre<\/strong> l&rsquo;obsolescence technologique dans la gestion du portefeuille informatique HOPEX<\/li>\n<\/ul>\n<p>[\/vc_column_text][vc_empty_space height=\u00a0\u00bb40px\u00a0\u00bb][vc_custom_heading text=\u00a0\u00bbInt\u00e9gration HOPEX Flexera Technopedia\u00a0\u00bb font_container=\u00a0\u00bbtag:h4|font_size:1.5rem|text_align:left\u00a0\u00bb use_theme_fonts=\u00a0\u00bbyes\u00a0\u00bb][vc_empty_space height=\u00a0\u00bb40px\u00a0\u00bb][vc_single_image image=\u00a0\u00bb1962&Prime; img_size=\u00a0\u00bbfull\u00a0\u00bb][vc_empty_space height=\u00a0\u00bb40px\u00a0\u00bb][vc_custom_heading text=\u00a0\u00bbStructure du produit Flexera Technopedia\u00a0\u00bb font_container=\u00a0\u00bbtag:h4|font_size:1.5rem|text_align:left\u00a0\u00bb use_theme_fonts=\u00a0\u00bbyes\u00a0\u00bb][vc_empty_space height=\u00a0\u00bb20px\u00a0\u00bb][vc_column_text]<\/p>\n<ul>\n<li>Taxonomie\n<ul>\n<li>Type de produit (CRM, base de donn\u00e9es, etc.)<\/li>\n<\/ul>\n<\/li>\n<li>Fournisseur de logiciels\n<ul>\n<li>Fournisseur de produits (Oracle, Microsoft, etc.)<\/li>\n<\/ul>\n<\/li>\n<li>Produit logiciel\n<ul>\n<li>Nom du produit logiciel (MySQL 5.7, Java SE 7, etc.)<\/li>\n<\/ul>\n<\/li>\n<li>Crit\u00e8res de recherche d&rsquo;importation\n<ul>\n<li>Taxonomie des logiciels<\/li>\n<li>Fournisseur de logiciels<\/li>\n<li>Nom du produit logiciel<\/li>\n<\/ul>\n<\/li>\n<\/ul>\n<p>[\/vc_column_text][vc_empty_space height=\u00a0\u00bb40px\u00a0\u00bb][vc_custom_heading text=\u00a0\u00bbOutil d&rsquo;importation de taxonomie\u00a0\u00bb font_container=\u00a0\u00bbtag:h4|font_size:1.5rem|text_align:left\u00a0\u00bb use_theme_fonts=\u00a0\u00bbyes\u00a0\u00bb][vc_empty_space height=\u00a0\u00bb40px\u00a0\u00bb][vc_row_inner content_placement=\u00a0\u00bbmiddle\u00a0\u00bb][vc_column_inner width=\u00a0\u00bb1\/2&Prime;][vc_single_image image=\u00a0\u00bb1966&Prime; img_size=\u00a0\u00bbfull\u00a0\u00bb onclick=\u00a0\u00bblink_image\u00a0\u00bb][vc_column_text]<em>Taxonomie des logiciels import\u00e9s dans le r\u00e9f\u00e9rentiel ITPM<\/em>[\/vc_column_text][\/vc_column_inner][vc_column_inner width=\u00a0\u00bb1\/2&Prime;][vc_column_text]<\/p>\n<ul>\n<li>Outil d&rsquo;importation de taxonomie dans la gestion de portefeuille informatique\u00a0:\n<ul>\n<li>Importer la taxonomie depuis Technopedia.<\/li>\n<li>Mettre \u00e0 jour les propri\u00e9t\u00e9s de la taxonomie import\u00e9e dans HOPEX IT<\/li>\n<\/ul>\n<\/li>\n<\/ul>\n<p>R\u00e9f\u00e9rentiel de gestion de portefeuille.[\/vc_column_text][\/vc_column_inner][\/vc_row_inner][vc_empty_space height=\u00a0\u00bb40px\u00a0\u00bb][vc_custom_heading text=\u00a0\u00bbOutil d&rsquo;importation de fournisseurs\u00a0\u00bb font_container=\u00a0\u00bbtag:h4|font_size:1.5rem|text_align:left\u00a0\u00bb use_theme_fonts=\u00a0\u00bbyes\u00a0\u00bb][vc_empty_space height=\u00a0\u00bb40px\u00a0\u00bb][vc_column_text]<\/p>\n<ul>\n<li>Outil d&rsquo;importation de fournisseurs dans HOPEX IT Portfolio Management\u00a0:\n<ul>\n<li>Importer des fournisseurs de logiciels sp\u00e9cifiques \u00e0 partir de Flexera Technopedia.<\/li>\n<li>Mettre \u00e0 jour les propri\u00e9t\u00e9s du fournisseur import\u00e9 dans le r\u00e9f\u00e9rentiel HOPEX ITPM.<\/li>\n<\/ul>\n<\/li>\n<\/ul>\n<p>[\/vc_column_text][vc_empty_space height=\u00a0\u00bb40px\u00a0\u00bb][vc_single_image image=\u00a0\u00bb1970&Prime; img_size=\u00a0\u00bbfull\u00a0\u00bb onclick=\u00a0\u00bblink_image\u00a0\u00bb][vc_empty_space height=\u00a0\u00bb40px\u00a0\u00bb][vc_custom_heading text=\u00a0\u00bbOutil d&rsquo;importation de technologie logicielle\u00a0\u00bb font_container=\u00a0\u00bbtag:h4|font_size:1.5rem|text_align:left\u00a0\u00bb use_theme_fonts=\u00a0\u00bbyes\u00a0\u00bb][vc_empty_space height=\u00a0\u00bb40px\u00a0\u00bb][vc_row_inner content_placement=\u00a0\u00bbmiddle\u00a0\u00bb][vc_column_inner width=\u00a0\u00bb1\/2&Prime;][vc_single_image image=\u00a0\u00bb1971&Prime; img_size=\u00a0\u00bbfull\u00a0\u00bb onclick=\u00a0\u00bblink_image\u00a0\u00bb][vc_column_text]<em>Importer des produits logiciels depuis Technopedia<\/em>[\/vc_column_text][\/vc_column_inner][vc_column_inner width=\u00a0\u00bb1\/2&Prime;][vc_column_text]<\/p>\n<ul>\n<li>Outil d&rsquo;importation de technologies logicielles dans la gestion de portefeuille informatique\u00a0:\n<ul>\n<li>Importer des produits logiciels depuis Technopedia<\/li>\n<li>Mettre \u00e0 jour les propri\u00e9t\u00e9s de la version et de la version du produit logiciel import\u00e9 dans le r\u00e9f\u00e9rentiel HOPEX IT Portfolio Management.<\/li>\n<\/ul>\n<\/li>\n<\/ul>\n<p>[\/vc_column_text][\/vc_column_inner][\/vc_row_inner][vc_empty_space height=\u00a0\u00bb40px\u00a0\u00bb][vc_custom_heading text=\u00a0\u00bbInformations sur les produits logiciels import\u00e9s\u00a0\u00bb font_container=\u00a0\u00bbtag:h4|font_size:1.5rem|text_align:left\u00a0\u00bb use_theme_fonts=\u00a0\u00bbyes\u00a0\u00bb][vc_empty_space height=\u00a0\u00bb40px\u00a0\u00bb][vc_row_inner content_placement=\u00a0\u00bbmiddle\u00a0\u00bb][vc_column_inner width=\u00a0\u00bb1\/2&Prime;][vc_single_image image=\u00a0\u00bb1973&Prime; img_size=\u00a0\u00bbfull\u00a0\u00bb onclick=\u00a0\u00bblink_image\u00a0\u00bb][vc_column_text]<em>Logiciels import\u00e9s dans HOPEX IT Portfolio Management<\/em>[\/vc_column_text][\/vc_column_inner][vc_column_inner width=\u00a0\u00bb1\/2&Prime;][vc_column_text]<\/p>\n<ul>\n<li>Les propri\u00e9t\u00e9s logicielles import\u00e9es incluent\u00a0:\n<ul>\n<li>Date de sortie<\/li>\n<li>Date de fin de prise en charge<\/li>\n<li>Date de fin du support \u00e9tendu<\/li>\n<\/ul>\n<\/li>\n<li>Il comprend \u00e9galement des informations sur le logiciel et la version de Technopedia<\/li>\n<\/ul>\n<p>[\/vc_column_text][\/vc_column_inner][\/vc_row_inner][vc_empty_space height=\u00a0\u00bb40px\u00a0\u00bb][vc_custom_heading text=\u00a0\u00bbID Technopedia dans HOPEX pour automatiser l&rsquo;importation Technopedia\u00a0\u00bb font_container=\u00a0\u00bbtag:h4|font_size:1.5rem|text_align:left\u00a0\u00bb use_theme_fonts=\u00a0\u00bbyes\u00a0\u00bb][vc_empty_space height=\u00a0\u00bb40px\u00a0\u00bb][vc_column_text]<\/p>\n<ul>\n<li>Incluez un identifiant Technopedia dans les composants technologiques existants de HOPEX IT Portfolio Management, afin que les donn\u00e9es du cycle de vie technologique soient automatiquement mises \u00e0 jour \u00e0 partir de Technopedia.<\/li>\n<li>Les champs de recherche pour consulter le catalogue Technopedia sont \u00e9galement remplis automatiquement en fonction du composant technologique s\u00e9lectionn\u00e9 pour faciliter la recherche<\/li>\n<\/ul>\n<p>[\/vc_column_text][vc_empty_space height=\u00a0\u00bb40px\u00a0\u00bb][vc_single_image image=\u00a0\u00bb1974&Prime; img_size=\u00a0\u00bbfull\u00a0\u00bb onclick=\u00a0\u00bblink_image\u00a0\u00bb][vc_empty_space height=\u00a0\u00bb40px\u00a0\u00bb][vc_custom_heading text=\u00a0\u00bbRapports d&rsquo;alerte dans HOPEX IT Portfolio Management\u00a0\u00bb font_container=\u00a0\u00bbtag:h4|font_size:1.5rem|text_align:left\u00a0\u00bb use_theme_fonts=\u00a0\u00bbyes\u00a0\u00bb][vc_empty_space height=\u00a0\u00bb40px\u00a0\u00bb][vc_row_inner content_placement=\u00a0\u00bbmiddle\u00a0\u00bb][vc_column_inner width=\u00a0\u00bb1\/2&Prime;][vc_single_image image=\u00a0\u00bb1975&Prime; img_size=\u00a0\u00bbfull\u00a0\u00bb onclick=\u00a0\u00bblink_image\u00a0\u00bb][vc_column_text]<em>Fournit une vue am\u00e9lior\u00e9e des composants technologiques logiciels sous-jacents et permet de prendre des d\u00e9cisions \u00e9clair\u00e9es pour mettre \u00e0 jour le portefeuille informatique<\/em>[\/vc_column_text][\/vc_column_inner][vc_column_inner width=\u00a0\u00bb1\/2&Prime;][vc_column_text]<\/p>\n<ul>\n<li>Les rapports d&rsquo;alerte fournissent une vue compl\u00e8te sur l&rsquo;obsolescence du portefeuille technologique<\/li>\n<li>La r\u00e9partition du portefeuille comprend\u00a0:\n<ul>\n<li>Premi\u00e8re \u00e9tape\u00a0: avant la date de sortie<\/li>\n<li>Utilisation prise en charge\u00a0: entre la date de sortie et la date de fin de prise en charge<\/li>\n<li>Utilisation tardive\u00a0: entre la fin du support et la fin des dates de support \u00e9tendu<\/li>\n<li>Utilisation non prise en charge\u00a0: apr\u00e8s la date de prise en charge prolong\u00e9e<\/li>\n<\/ul>\n<\/li>\n<\/ul>\n<p>[\/vc_column_text][\/vc_column_inner][\/vc_row_inner][vc_empty_space height=\u00a0\u00bb40px\u00a0\u00bb][vc_custom_heading text=\u00a0\u00bbInt\u00e9gration avec Technopedia \u2013 Alertes de support\u00a0\u00bb font_container=\u00a0\u00bbtag:h4|font_size:1.5rem|text_align:left\u00a0\u00bb use_theme_fonts=\u00a0\u00bbyes\u00a0\u00bb][vc_empty_space height=\u00a0\u00bb40px\u00a0\u00bb][vc_row_inner content_placement=\u00a0\u00bbmiddle\u00a0\u00bb][vc_column_inner width=\u00a0\u00bb1\/2&Prime;][vc_single_image image=\u00a0\u00bb1976&Prime; img_size=\u00a0\u00bbfull\u00a0\u00bb onclick=\u00a0\u00bblink_image\u00a0\u00bb][\/vc_column_inner][vc_column_inner width=\u00a0\u00bb1\/2&Prime;][vc_column_text]<\/p>\n<ul>\n<li>V\u00e9rifie automatiquement l&rsquo;utilisation de la technologie logicielle par rapport aux informations sur le cycle de vie fournies par Technopedia\u00a0: date de sortie, date de fin de support et date de fin de support \u00e9tendu.<\/li>\n<\/ul>\n<p>[\/vc_column_text][\/vc_column_inner][\/vc_row_inner][\/vc_column][\/vc_row][\/vc_section]<\/p>\n","protected":false},"excerpt":{"rendered":"<p>[vc_section bg_position=\u00a0\u00bbcenter center\u00a0\u00bb css=\u00a0\u00bb.vc_custom_1652052437605{background: #b20151 url(https:\/\/proyacorp.ca\/wp-content\/uploads\/2022\/05\/HOPEX-ITPM-\u2013-Flexera-Technopedia-Integration.jpg?id=1978) !important;background-position: center !important;background-repeat: no-repeat !important;background-size: cover !important;}\u00a0\u00bb el_class=\u00a0\u00bbmask\u00a0\u00bb][vc_row css=\u00a0\u00bb.vc_custom_1667172857581{padding-top: 120px !important;padding-bottom: 100px !important;}\u00a0\u00bb el_class=\u00a0\u00bbproya-header\u00a0\u00bb][vc_column width=\u00a0\u00bb5\/6&Prime;][vc_custom_heading text=\u00a0\u00bbnos solutions\u00a0\u00bb font_container=\u00a0\u00bbtag:div|font_size:3rem|text_align:left|color:%23ffffff\u00a0\u00bb use_theme_fonts=\u00a0\u00bbyes\u00a0\u00bb css_animation=\u00a0\u00bbfadeInUp\u00a0\u00bb css=\u00a0\u00bb.vc_custom_1690033055145{margin-left: 3px !important;}\u00a0\u00bb el_class=\u00a0\u00bbdelay-1 custom-hd\u00a0\u00bb][vc_empty_space height=\u00a0\u00bb20px\u00a0\u00bb][vc_custom_heading text=\u00a0\u00bbHOPEX ITPM \u2013 Int\u00e9gration Flexera Technopedia\u00a0\u00bb font_container=\u00a0\u00bbtag:h2|font_size:3rem|text_align:left|color:%23ffffff|line_height:1&Prime; use_theme_fonts=\u00a0\u00bbyes\u00a0\u00bb css_animation=\u00a0\u00bbfadeInUp\u00a0\u00bb el_class=\u00a0\u00bbcustom-hd delay-2&Prime;][vc_separator color=\u00a0\u00bbwhite\u00a0\u00bb align=\u00a0\u00bbalign_left\u00a0\u00bb border_width=\u00a0\u00bb5&Prime; el_width=\u00a0\u00bb10&Prime; css_animation=\u00a0\u00bbfadeInUp\u00a0\u00bb el_class=\u00a0\u00bbdelay-4&Prime; css=\u00a0\u00bb.vc_custom_1540432371541{margin-bottom: 50px !important;margin-left: 5px !important;padding-top: 15px [&hellip;]<\/p>\n","protected":false},"author":1,"featured_media":0,"parent":0,"menu_order":0,"comment_status":"closed","ping_status":"closed","template":"tmpl\/template-fullwidth.php","meta":{"footnotes":""},"class_list":["post-4556","page","type-page","status-publish","hentry"],"acf":[],"aioseo_notices":[],"_links":{"self":[{"href":"https:\/\/proyacorp.ca\/fr\/wp-json\/wp\/v2\/pages\/4556","targetHints":{"allow":["GET"]}}],"collection":[{"href":"https:\/\/proyacorp.ca\/fr\/wp-json\/wp\/v2\/pages"}],"about":[{"href":"https:\/\/proyacorp.ca\/fr\/wp-json\/wp\/v2\/types\/page"}],"author":[{"embeddable":true,"href":"https:\/\/proyacorp.ca\/fr\/wp-json\/wp\/v2\/users\/1"}],"replies":[{"embeddable":true,"href":"https:\/\/proyacorp.ca\/fr\/wp-json\/wp\/v2\/comments?post=4556"}],"version-history":[{"count":2,"href":"https:\/\/proyacorp.ca\/fr\/wp-json\/wp\/v2\/pages\/4556\/revisions"}],"predecessor-version":[{"id":4558,"href":"https:\/\/proyacorp.ca\/fr\/wp-json\/wp\/v2\/pages\/4556\/revisions\/4558"}],"wp:attachment":[{"href":"https:\/\/proyacorp.ca\/fr\/wp-json\/wp\/v2\/media?parent=4556"}],"curies":[{"name":"wp","href":"https:\/\/api.w.org\/{rel}","templated":true}]}}