{"id":4559,"date":"2022-05-13T16:46:47","date_gmt":"2022-05-13T20:46:47","guid":{"rendered":"https:\/\/proyacorp.ca\/hcl-bigfix\/"},"modified":"2023-07-22T12:17:48","modified_gmt":"2023-07-22T16:17:48","slug":"hcl-bigfix","status":"publish","type":"page","link":"https:\/\/proyacorp.ca\/fr\/hcl-bigfix\/","title":{"rendered":"HCL BigFix"},"content":{"rendered":"<p>[vc_section bg_position=\u00a0\u00bbcenter center\u00a0\u00bb css=\u00a0\u00bb.vc_custom_1652476159155{background: #1dc2ef url(https:\/\/proyacorp.ca\/wp-content\/uploads\/2022\/05\/IBM-BigFix.jpg?id=2103) !important;background-position: center !important;background-repeat: no-repeat !important;background-size: cover !important;}\u00a0\u00bb el_class=\u00a0\u00bbmask\u00a0\u00bb][vc_row css=\u00a0\u00bb.vc_custom_1667173330121{padding-top: 120px !important;padding-bottom: 100px !important;}\u00a0\u00bb el_class=\u00a0\u00bbproya-header\u00a0\u00bb][vc_column width=\u00a0\u00bb5\/6&Prime;][vc_custom_heading text=\u00a0\u00bbnos solutions\u00a0\u00bb font_container=\u00a0\u00bbtag:div|font_size:3rem|text_align:left|color:%23ffffff\u00a0\u00bb use_theme_fonts=\u00a0\u00bbyes\u00a0\u00bb css_animation=\u00a0\u00bbfadeInUp\u00a0\u00bb css=\u00a0\u00bb.vc_custom_1690042309264{margin-left: 3px !important;}\u00a0\u00bb el_class=\u00a0\u00bbdelay-1 custom-hd\u00a0\u00bb][vc_empty_space height=\u00a0\u00bb20px\u00a0\u00bb][vc_custom_heading text=\u00a0\u00bbHCL BigFix\u00a0\u00bb font_container=\u00a0\u00bbtag:h2|font_size:3.3rem|text_align:left|color:%23ffffff|line_height:1&Prime; use_theme_fonts=\u00a0\u00bbyes\u00a0\u00bb css_animation=\u00a0\u00bbfadeInUp\u00a0\u00bb el_class=\u00a0\u00bbcustom-hd delay-2&Prime;][vc_separator color=\u00a0\u00bbwhite\u00a0\u00bb align=\u00a0\u00bbalign_left\u00a0\u00bb border_width=\u00a0\u00bb5&Prime; el_width=\u00a0\u00bb10&Prime; css_animation=\u00a0\u00bbfadeInUp\u00a0\u00bb el_class=\u00a0\u00bbdelay-4&Prime; css=\u00a0\u00bb.vc_custom_1540432371541{margin-bottom: 50px !important;margin-left: 5px !important;padding-top: 15px !important;}\u00a0\u00bb][vc_column_text css_animation=\u00a0\u00bbfadeInUp\u00a0\u00bb css=\u00a0\u00bb.vc_custom_1690042319550{margin-left: 3px !important;}\u00a0\u00bb el_class=\u00a0\u00bbdelay-3&Prime;]<a class=\"button line\" href=\"https:\/\/proyacorp.ca\/fr\/contactez-nous\/\">Contactez-nous d\u00e8s aujourd&rsquo;hui.<\/a>[\/vc_column_text][\/vc_column][vc_column width=\u00a0\u00bb1\/6&Prime;][\/vc_column][\/vc_row][\/vc_section][vc_section css_animation=\u00a0\u00bbnone\u00a0\u00bb css=\u00a0\u00bb.vc_custom_1651960199883{padding-bottom: 40px !important;}\u00a0\u00bb][vc_row][vc_column][vc_empty_space height=\u00a0\u00bb80px\u00a0\u00bb][vc_custom_heading text=\u00a0\u00bbHCL BigFix\u00a0\u00bb font_container=\u00a0\u00bbtag:h3|text_align:center\u00a0\u00bb use_theme_fonts=\u00a0\u00bbyes\u00a0\u00bb][vc_empty_space height=\u00a0\u00bb40px\u00a0\u00bb][vc_custom_heading text=\u00a0\u00bbLa plate-forme de gestion des terminaux leader du secteur\u00a0\u00bb font_container=\u00a0\u00bbtag:h4|font_size:1.5rem|text_align:left\u00a0\u00bb use_theme_fonts=\u00a0\u00bbyes\u00a0\u00bb][vc_empty_space height=\u00a0\u00bb20px\u00a0\u00bb][vc_column_text]BigFix est une puissante solution de gestion des terminaux largement utilis\u00e9e par des organisations de diff\u00e9rentes tailles pour s&rsquo;assurer que les terminaux sont continuellement corrig\u00e9s, conformes et s\u00e9curis\u00e9s. Pour chaque point de terminaison, BigFix est en mesure de collecter une multitude de donn\u00e9es, notamment les attributs de l&rsquo;appareil, l&rsquo;\u00e9tat des correctifs, la progression du d\u00e9ploiement, etc., qui sont collect\u00e9es et stock\u00e9es de mani\u00e8re centralis\u00e9e.[\/vc_column_text][vc_column_text]<strong><img loading=\"lazy\" decoding=\"async\" class=\"wp-image-2090 size-full alignleft\" src=\"https:\/\/proyacorp.ca\/wp-content\/uploads\/2022\/05\/bigfix-1.jpg\" alt=\"\" width=\"527\" height=\"397\" srcset=\"https:\/\/proyacorp.ca\/wp-content\/uploads\/2022\/05\/bigfix-1.jpg 527w, https:\/\/proyacorp.ca\/wp-content\/uploads\/2022\/05\/bigfix-1-300x226.jpg 300w\" sizes=\"auto, (max-width: 527px) 100vw, 527px\" \/>TROUVEZ-LE. R\u00c9PARE LE. S\u00c9CURISEZ-LE\u2026 RAPIDEMENT &#8211; Avec la famille BigFix<\/strong><\/p>\n<p>Vous pouvez consolider davantage les outils, r\u00e9duire le nombre d&rsquo;agents de point de terminaison et r\u00e9duire vos co\u00fbts de gestion en \u00e9tendant votre investissement dans BigFix Compliance pour inclure d&rsquo;autres modules de la famille BigFix. Il vous permet d&rsquo;augmenter votre contr\u00f4le sur avec 3 capacit\u00e9s :<\/p>\n<p>1. Conformit\u00e9 BigFix, applique en permanence la conformit\u00e9 de la configuration avec des milliers de contr\u00f4les de s\u00e9curit\u00e9 pr\u00eats \u00e0 l&#8217;emploi align\u00e9s sur les r\u00e9f\u00e9rences de s\u00e9curit\u00e9 standard de l&rsquo;industrie. De plus, il fournit des rapports avanc\u00e9s sur l&rsquo;\u00e9tat des vuln\u00e9rabilit\u00e9s pour la hi\u00e9rarchisation des corrections.<\/p>\n<ul>\n<li><strong>Gestion de la configuration de la s\u00e9curit\u00e9<\/strong>, assurez la conformit\u00e9 continue de la configuration des terminaux avec une correction efficace des d\u00e9rives de configuration. Prend en charge les normes de s\u00e9curit\u00e9 publi\u00e9es par CIS, DISA STIG, USGCB et PCI DSS.<\/li>\n<li><strong>Gestion des correctifs<\/strong>, d\u00e9ployez des correctifs sur des points de terminaison distribu\u00e9s et virtuels \u00e0 l&rsquo;aide des syst\u00e8mes d&rsquo;exploitation Windows, UNIX, Linux et MacOS et de fournisseurs tiers, notamment Adobe, Mozilla, Apple et Oracle, quel que soit l&#8217;emplacement, le type de connexion ou l&rsquo;\u00e9tat.<\/li>\n<li><strong>D\u00e9couverte d&rsquo;appareils<\/strong>, analysez l&rsquo;ensemble de votre r\u00e9seau pour identifier tous les appareils adressables par IP pour une visibilit\u00e9 et un contr\u00f4le omnipr\u00e9sents avec un impact minimal sur le r\u00e9seau.<\/li>\n<li><strong>Analyse et cr\u00e9ation de rapports de conformit\u00e9<\/strong>, collectez, agr\u00e9gez et g\u00e9n\u00e9rez des rapports sur la configuration de s\u00e9curit\u00e9, l&rsquo;\u00e9tat de conformit\u00e9 des correctifs et des vuln\u00e9rabilit\u00e9s de tous les points de terminaison par rapport aux politiques d\u00e9ploy\u00e9es. Suivez les vuln\u00e9rabilit\u00e9s, l&rsquo;\u00e9tat et les tendances pour identifier les risques de s\u00e9curit\u00e9 et hi\u00e9rarchiser les mesures correctives.<\/li>\n<\/ul>\n<p>2. Les \u00e9quipes BigFix Lifecycle, IT et Security Operations peuvent d\u00e9couvrir, s\u00e9curiser et g\u00e9rer rapidement des centaines de milliers de terminaux en quelques heures ou quelques minutes. BigFix Lifecycle offre les principales fonctionnalit\u00e9s de gestion des terminaux indispensables dont ces \u00e9quipes ont besoin au quotidien. Lifecycle fournit un processus de correctifs automatis\u00e9 et simplifi\u00e9 qui atteint des taux de r\u00e9ussite des correctifs au premier passage sup\u00e9rieurs \u00e0 98 % sur les instances Windows, UNIX, Linux, MacOS, AWS, Azure et VMware, situ\u00e9es sur et hors du r\u00e9seau de l&rsquo;entreprise. Tous les flux d&rsquo;automatisation et de contenu sont organis\u00e9s et test\u00e9s, et une fois d\u00e9ploy\u00e9s, ils sont valid\u00e9s. De plus, BigFix Lifecycle inclut le provisionnement du syst\u00e8me d&rsquo;exploitation, le d\u00e9ploiement de logiciels, le contr\u00f4le \u00e0 distance, l&rsquo;automatisation des s\u00e9quences de t\u00e2ches et le PC &amp; Gestion de l&rsquo;alimentation Mac.<\/p>\n<p>3. BigFix Inventory, ce logiciel permet aux utilisateurs de d\u00e9couvrir et d&rsquo;analyser les applications install\u00e9es sur les ordinateurs de bureau, les ordinateurs portables et les serveurs. Les informations d\u00e9taill\u00e9es sur les \u00e9diteurs de logiciels, les titres et les applications (jusqu&rsquo;au niveau de la version) incluent \u00e9galement des statistiques agr\u00e9g\u00e9es et des informations d&rsquo;utilisation. BigFix Inventory r\u00e9duit consid\u00e9rablement le temps n\u00e9cessaire pour effectuer un inventaire complet des actifs logiciels \u00e0 des fins de rapprochement des licences ou de conformit\u00e9. Il fournit des informations pr\u00e9cieuses sur ce que l&rsquo;organisation poss\u00e8de et sur ce qu&rsquo;elle a install\u00e9 mais ne poss\u00e8de pas, ainsi que sur la fr\u00e9quence d&rsquo;utilisation du logiciel.<\/p>\n<p>R\u00c9PAREZ plus avec moins d&rsquo;effort, avec BigFix Modern Client Management.<\/p>\n<ol>\n<li>La plupart des MDM se ressemblent\u00a0; BigFix offre une vue unique pour tous vos appareils g\u00e9r\u00e9s \u00e0 travers toutes les m\u00e9thodes de gestion.<\/li>\n<li>Allez plus loin en affichant vos appareils cog\u00e9r\u00e9s aux c\u00f4t\u00e9s de vos appareils classiques.<\/li>\n<li>Combin\u00e9 \u00e0 Insights, BigFix Modern Client Management vous offre davantage de possibilit\u00e9s d&rsquo;automatisation<\/li>\n<\/ol>\n<p>[\/vc_column_text][vc_empty_space height=\u00a0\u00bb40px\u00a0\u00bb][vc_row_inner][vc_column_inner width=\u00a0\u00bb1\/4&Prime;][vc_single_image image=\u00a0\u00bb2093&Prime; img_size=\u00a0\u00bbfull\u00a0\u00bb][vc_empty_space height=\u00a0\u00bb20px\u00a0\u00bb][vc_column_text]<strong>Inscription des appareils\u00a0:<\/strong> inscrivez les appareils via le navigateur avec un lien vers la page d&rsquo;inscription<\/p>\n<ul>\n<li>E-mail de bienvenue avec lien.<\/li>\n<li>L&rsquo;utilisateur final fournit ses identifiants d&rsquo;entreprise.<\/li>\n<li>Ordinateur portable inscrit \u00e0 BigFix\u00a0MCM (facultatif)<\/li>\n<li>L&rsquo;agent BigFix traditionnel est pouss\u00e9.<\/li>\n<li>Le logiciel d&rsquo;entreprise requis est install\u00e9, les correctifs sont mis \u00e0 jour, la conformit\u00e9 de l&rsquo;appareil est \u00e9tablie et maintenue.<\/li>\n<\/ul>\n<p>[\/vc_column_text][\/vc_column_inner][vc_column_inner width=\u00a0\u00bb1\/4&Prime;][vc_single_image image=\u00a0\u00bb2094&Prime; img_size=\u00a0\u00bbfull\u00a0\u00bb][vc_empty_space height=\u00a0\u00bb20px\u00a0\u00bb][vc_column_text]<strong>Inventaire des appareils\u00a0:<\/strong> que vous travailliez dans le cloud ou sur site, obtenez une vue unique et compl\u00e8te de tous vos points de terminaison<\/p>\n<ul>\n<li>Repr\u00e9sente les points de terminaison Cloud<\/li>\n<li>Appareil g\u00e9r\u00e9 avec BigFix Modern<\/li>\n<li>Gestion des clients<\/li>\n<li>Appareil g\u00e9r\u00e9 avec l&rsquo;agent BigFix traditionnel<\/li>\n<\/ul>\n<p>[\/vc_column_text][\/vc_column_inner][vc_column_inner width=\u00a0\u00bb1\/4&Prime;][vc_single_image image=\u00a0\u00bb2095&Prime; img_size=\u00a0\u00bbfull\u00a0\u00bb][vc_empty_space height=\u00a0\u00bb20px\u00a0\u00bb][vc_column_text]<strong>Politiques MDM\u00a0:<\/strong> vous pouvez cr\u00e9er, modifier et g\u00e9rer des politiques MDM sur les terminaux modernes<\/p>\n<ul>\n<li>Extensions du noyau<\/li>\n<li>Configuration des param\u00e8tres de d\u00e9lai d&rsquo;inactivit\u00e9 et de code d&rsquo;acc\u00e8s<\/li>\n<li>Verrouillage d&rsquo;activation OSX<\/li>\n<li>Configuration de l&rsquo;acc\u00e8s complet au disque pour l&rsquo;agent traditionnel BigFix<\/li>\n<\/ul>\n<p>[\/vc_column_text][\/vc_column_inner][vc_column_inner width=\u00a0\u00bb1\/4&Prime;][vc_single_image image=\u00a0\u00bb2094&Prime; img_size=\u00a0\u00bbfull\u00a0\u00bb][vc_empty_space height=\u00a0\u00bb20px\u00a0\u00bb][vc_column_text]<strong>Actions MDM\u00a0:<\/strong> vous pouvez d\u00e9ployer un ensemble d&rsquo;actions pour g\u00e9rer les terminaux modernes<\/p>\n<ul>\n<li>Verrouiller l&rsquo;appareil<\/li>\n<li>Effacer l&rsquo;appareil<\/li>\n<li>Red\u00e9marrer<\/li>\n<li>Arr\u00eat<\/li>\n<li>Supprimer la r\u00e8gle<\/li>\n<li>D\u00e9ployer les agents BigFix Agent traditionnels<\/li>\n<\/ul>\n<p>[\/vc_column_text][\/vc_column_inner][\/vc_row_inner][vc_empty_space height=\u00a0\u00bb40px\u00a0\u00bb][vc_column_text]BigFix est construit sur une infrastructure unique et hautement \u00e9volutive qui distribue la prise de d\u00e9cision aux terminaux. Cela offre des avantages fonctionnels et de performances extraordinaires \u00e0 l&rsquo;ensemble de la famille BigFix tout en r\u00e9duisant le co\u00fbt de la gestion des terminaux et la complexit\u00e9 de l&rsquo;infrastructure. Fonctionnalit\u00e9s Big\u00a0Fix\u00a0:<\/p>\n<p><strong>Un seul agent intelligent<\/strong><\/p>\n<p>L&rsquo;agent BigFix ex\u00e9cute plusieurs fonctions, y compris l&rsquo;auto-\u00e9valuation continue et l&rsquo;application des politiques, avec un impact minimal sur les performances du syst\u00e8me. L&rsquo;agent BigFix lance des actions de mani\u00e8re intelligente, en envoyant des messages en amont au serveur de gestion central et en extrayant des correctifs, des configurations ou d&rsquo;autres informations vers le terminal en temps r\u00e9el. L&rsquo;agent BigFix s&rsquo;ex\u00e9cute sur plus de 90 syst\u00e8mes d&rsquo;exploitation sur Microsoft Windows, Linux, UNIX et MacOS.<\/p>\n<p><strong>Fixlets BigFix<\/strong><\/p>\n<p>Les fixlets BigFix sont de petites unit\u00e9s d&rsquo;automatisation qui permettent aux \u00e9quipes informatiques de simplifier leurs op\u00e9rations quotidiennes et de se concentrer sur des op\u00e9rations plus complexes. BigFix fournit plus de 500 000 Fixlets pr\u00eats \u00e0 l&#8217;emploi. L&rsquo;\u00e9quipe BigFix met continuellement \u00e0 jour la biblioth\u00e8que Fixlet, avec plus de 130 mises \u00e0 jour de contenu par mois. Les utilisateurs, les partenaires commerciaux et les d\u00e9veloppeurs de BigFix peuvent tirer parti des fixlets pour cr\u00e9er des politiques et des services personnalis\u00e9s pour les terminaux g\u00e9r\u00e9s par BigFix. Une biblioth\u00e8que communautaire de Fixlets est disponible sur BigFix.me.<\/p>\n<p><strong>Architecture hautement \u00e9volutive.<\/strong><\/p>\n<p>Un seul BigFix Management Server peut g\u00e9rer jusqu&rsquo;\u00e0 250\u00a0000 ordinateurs physiques et virtuels, sur des r\u00e9seaux priv\u00e9s ou publics. Les points de terminaison g\u00e9r\u00e9s peuvent inclure des serveurs, des ordinateurs de bureau, des ordinateurs portables itin\u00e9rants et des appareils sp\u00e9cialis\u00e9s tels que des appareils de point de vente (POS), des distributeurs automatiques de billets et des kiosques libre-service.<\/p>\n<p><strong>Faites-en plus avec le multicloud<\/strong><\/p>\n<p>Les points de terminaison cloud peuvent \u00eatre facilement d\u00e9couverts et visualis\u00e9s aux c\u00f4t\u00e9s des points de terminaison traditionnels, dans une interface utilisateur unique, avec BigFix 10. Savoir ce que vous avez repr\u00e9sente la moiti\u00e9 de la bataille, et BigFix 10 vous permet d&rsquo;aller plus loin et de d\u00e9ployer l&rsquo;agent BigFix pour une visibilit\u00e9, un contr\u00f4le et une s\u00e9curit\u00e9 complets de ces points de terminaison. Il vous permet de g\u00e9rer simultan\u00e9ment des points de terminaison ex\u00e9cut\u00e9s dans plusieurs environnements cloud, tels qu&rsquo;Amazon Web Services (AWS), Microsoft Azure et VMWare, ainsi que des points de terminaison physiques et autres sur site.<br \/>\nBigFix minimise le co\u00fbt, le temps et les efforts n\u00e9cessaires pour d\u00e9couvrir, g\u00e9rer et s\u00e9curiser les terminaux en temps r\u00e9el[\/vc_column_text][vc_empty_space height=\u00a0\u00bb40px\u00a0\u00bb][vc_single_image image=\u00a0\u00bb2096&Prime; img_size=\u00a0\u00bbfull\u00a0\u00bb alignment=\u00a0\u00bbcenter\u00a0\u00bb][vc_empty_space height=\u00a0\u00bb40px\u00a0\u00bb][vc_column_text]Une vue unique et compl\u00e8te de tous vos terminaux, qu&rsquo;ils s&rsquo;ex\u00e9cutent dans le cloud ou sur site<\/p>\n<ul>\n<li>\u00c9tendre les fonctionnalit\u00e9s BigFix aux principaux fournisseurs de cloud\u00a0: Amazon, Azure, Vmware<\/li>\n<li>Assurez la visibilit\u00e9 et le contr\u00f4le de tous vos points de terminaison<\/li>\n<li>Simplifiez la visibilit\u00e9 dans le cloud gr\u00e2ce \u00e0 la prise en charge native de l&rsquo;API<\/li>\n<li>Automatisation pour ajouter l&rsquo;agent BigFix afin d&rsquo;effectuer des workflows de correctifs, de conformit\u00e9 et d&rsquo;inventaire<\/li>\n<\/ul>\n<p><strong>Visualisez rapidement les risques tout en trouvant facilement les probl\u00e8mes de terminaux les plus importants<\/strong><\/p>\n<ol>\n<li>Un nouvel outil d&rsquo;analyse pour une meilleure compr\u00e9hension des risques et de l&rsquo;efficacit\u00e9 op\u00e9rationnelle<\/li>\n<li>Puissant r\u00e9f\u00e9rentiel de donn\u00e9es pour ing\u00e9rer des donn\u00e9es de toutes les sources de donn\u00e9es BigFix<\/li>\n<li>Int\u00e9gre les donn\u00e9es des principales solutions de gestion des vuln\u00e9rabilit\u00e9s et des incidents dans le monde<\/li>\n<\/ol>\n<p><strong>Rapports pr\u00eats \u00e0 l&#8217;emploi<\/strong><\/p>\n<p>Pour d\u00e9montrer les avantages de toutes les donn\u00e9es consolid\u00e9es dans un seul r\u00e9f\u00e9rentiel de donn\u00e9es et fournir une valeur commerciale pr\u00eate \u00e0 l&#8217;emploi, BigFix Insights s&rsquo;appuie sur Tableau Software\u00ae pour fournir quatre rapports pour plusieurs domaines importants de gestion des points de terminaison sur lesquels de nombreuses organisations se concentrent constamment : Patch Rhythm, Device Inventory, OS Migration et Deployment Progress.[\/vc_column_text][vc_empty_space height=\u00a0\u00bb40px\u00a0\u00bb][vc_row_inner][vc_column_inner width=\u00a0\u00bb1\/4&Prime;][vc_single_image image=\u00a0\u00bb2098&Prime; img_size=\u00a0\u00bbfull\u00a0\u00bb][vc_empty_space height=\u00a0\u00bb20px\u00a0\u00bb][vc_column_text]<strong>Patch Rhythm<\/strong>, des visuels descendants qui vous permettent d&rsquo;\u00e9valuer en un coup d&rsquo;\u0153il dans quelle mesure vous prot\u00e9gez l&rsquo;entreprise<\/p>\n<ul>\n<li>Patch Rhythm traitant de 4 domaines cl\u00e9s\u00a0; Exposition de patch avec chronologie, exposition de patch par gravit\u00e9\/\u00e2ge, expositions par cat\u00e9gorie, expositions par fournisseur<\/li>\n<li>R\u00e9sum\u00e9s de donn\u00e9es de haut niveau et pertinents, regroup\u00e9s selon diff\u00e9rents crit\u00e8res<\/li>\n<li>Exploration rapide vers des zones sp\u00e9cifiques avec filtrage direct sur les crit\u00e8res<\/li>\n<li>Vue concise de votre exposition aux vuln\u00e9rabilit\u00e9s sous la forme d&rsquo;un multiple de terminaux et de correctifs applicables<\/li>\n<\/ul>\n<p>[\/vc_column_text][\/vc_column_inner][vc_column_inner width=\u00a0\u00bb1\/4&Prime;][vc_single_image image=\u00a0\u00bb2099&Prime; img_size=\u00a0\u00bbfull\u00a0\u00bb][vc_empty_space height=\u00a0\u00bb20px\u00a0\u00bb][vc_column_text]<strong>Inventaire des appareils<\/strong>, fournit une vue de tous les appareils afin que vous puissiez hi\u00e9rarchiser les migrations des syst\u00e8mes d&rsquo;exploitation qui ne seront bient\u00f4t plus pris en charge<\/p>\n<ul>\n<li>Rapports traitant de 4\u00a0domaines cl\u00e9s\u00a0; Pr\u00e9sentation de l&rsquo;appareil, heure du dernier rapport par type d&rsquo;appareil, pr\u00e9sentation des groupes, syst\u00e8me d&rsquo;exploitation par version<\/li>\n<li>Types d&rsquo;appareils par serveur\/poste de travail, mat\u00e9riel\/cloud\/virtuel, mobile\/fixe<\/li>\n<li>Explorer jusqu&rsquo;au niveau de d\u00e9tail souhait\u00e9\/requis<\/li>\n<li>Comprendre o\u00f9 se situe votre investissement par rapport aux fournisseurs d&rsquo;OS<\/li>\n<\/ul>\n<p>[\/vc_column_text][\/vc_column_inner][vc_column_inner width=\u00a0\u00bb1\/4&Prime;][vc_single_image image=\u00a0\u00bb2100&Prime; img_size=\u00a0\u00bbfull\u00a0\u00bb][vc_empty_space height=\u00a0\u00bb20px\u00a0\u00bb][vc_column_text]<strong>Migrations du syst\u00e8me d&rsquo;exploitation<\/strong>, fournit une vue claire des efforts de migration du syst\u00e8me d&rsquo;exploitation<\/p>\n<ul>\n<li>Rapports traitant de 3\u00a0domaines cl\u00e9s\u00a0; Migrations du syst\u00e8me d&rsquo;exploitation, pr\u00e9sentation des groupes, pr\u00e9sentation du syst\u00e8me d&rsquo;exploitation<\/li>\n<li>Compr\u00e9hension claire du volume d&rsquo;efforts \u00e0 ce jour et des efforts n\u00e9cessaires pour terminer la migration<\/li>\n<\/ul>\n<p>[\/vc_column_text][\/vc_column_inner][vc_column_inner width=\u00a0\u00bb1\/4&Prime;][vc_single_image image=\u00a0\u00bb2101&Prime; img_size=\u00a0\u00bbfull\u00a0\u00bb][vc_empty_space height=\u00a0\u00bb20px\u00a0\u00bb][vc_column_text]<strong>Progr\u00e8s du d\u00e9ploiement<\/strong>, fournit une mesure du succ\u00e8s des efforts de mise \u00e0 niveau des correctifs ou des logiciels avec une vue d&rsquo;entreprise pour les cadres<\/p>\n<ul>\n<li>Aborde 4 domaines cl\u00e9s\u00a0; D\u00e9ploiement r\u00e9ussi dans le temps, taux de r\u00e9ussite, par groupe, type d&rsquo;application<\/li>\n<\/ul>\n<p>[\/vc_column_text][\/vc_column_inner][\/vc_row_inner][\/vc_column][\/vc_row][\/vc_section]<\/p>\n","protected":false},"excerpt":{"rendered":"<p>[vc_section bg_position=\u00a0\u00bbcenter center\u00a0\u00bb css=\u00a0\u00bb.vc_custom_1652476159155{background: #1dc2ef url(https:\/\/proyacorp.ca\/wp-content\/uploads\/2022\/05\/IBM-BigFix.jpg?id=2103) !important;background-position: center !important;background-repeat: no-repeat !important;background-size: cover !important;}\u00a0\u00bb el_class=\u00a0\u00bbmask\u00a0\u00bb][vc_row css=\u00a0\u00bb.vc_custom_1667173330121{padding-top: 120px !important;padding-bottom: 100px !important;}\u00a0\u00bb el_class=\u00a0\u00bbproya-header\u00a0\u00bb][vc_column width=\u00a0\u00bb5\/6&Prime;][vc_custom_heading text=\u00a0\u00bbnos solutions\u00a0\u00bb font_container=\u00a0\u00bbtag:div|font_size:3rem|text_align:left|color:%23ffffff\u00a0\u00bb use_theme_fonts=\u00a0\u00bbyes\u00a0\u00bb css_animation=\u00a0\u00bbfadeInUp\u00a0\u00bb css=\u00a0\u00bb.vc_custom_1690042309264{margin-left: 3px !important;}\u00a0\u00bb el_class=\u00a0\u00bbdelay-1 custom-hd\u00a0\u00bb][vc_empty_space height=\u00a0\u00bb20px\u00a0\u00bb][vc_custom_heading text=\u00a0\u00bbHCL BigFix\u00a0\u00bb font_container=\u00a0\u00bbtag:h2|font_size:3.3rem|text_align:left|color:%23ffffff|line_height:1&Prime; use_theme_fonts=\u00a0\u00bbyes\u00a0\u00bb css_animation=\u00a0\u00bbfadeInUp\u00a0\u00bb el_class=\u00a0\u00bbcustom-hd delay-2&Prime;][vc_separator color=\u00a0\u00bbwhite\u00a0\u00bb align=\u00a0\u00bbalign_left\u00a0\u00bb border_width=\u00a0\u00bb5&Prime; el_width=\u00a0\u00bb10&Prime; css_animation=\u00a0\u00bbfadeInUp\u00a0\u00bb el_class=\u00a0\u00bbdelay-4&Prime; css=\u00a0\u00bb.vc_custom_1540432371541{margin-bottom: 50px !important;margin-left: 5px !important;padding-top: 15px !important;}\u00a0\u00bb][vc_column_text css_animation=\u00a0\u00bbfadeInUp\u00a0\u00bb css=\u00a0\u00bb.vc_custom_1690042319550{margin-left: 3px [&hellip;]<\/p>\n","protected":false},"author":1,"featured_media":0,"parent":0,"menu_order":0,"comment_status":"closed","ping_status":"closed","template":"tmpl\/template-fullwidth.php","meta":{"footnotes":""},"class_list":["post-4559","page","type-page","status-publish","hentry"],"acf":[],"aioseo_notices":[],"_links":{"self":[{"href":"https:\/\/proyacorp.ca\/fr\/wp-json\/wp\/v2\/pages\/4559","targetHints":{"allow":["GET"]}}],"collection":[{"href":"https:\/\/proyacorp.ca\/fr\/wp-json\/wp\/v2\/pages"}],"about":[{"href":"https:\/\/proyacorp.ca\/fr\/wp-json\/wp\/v2\/types\/page"}],"author":[{"embeddable":true,"href":"https:\/\/proyacorp.ca\/fr\/wp-json\/wp\/v2\/users\/1"}],"replies":[{"embeddable":true,"href":"https:\/\/proyacorp.ca\/fr\/wp-json\/wp\/v2\/comments?post=4559"}],"version-history":[{"count":3,"href":"https:\/\/proyacorp.ca\/fr\/wp-json\/wp\/v2\/pages\/4559\/revisions"}],"predecessor-version":[{"id":4562,"href":"https:\/\/proyacorp.ca\/fr\/wp-json\/wp\/v2\/pages\/4559\/revisions\/4562"}],"wp:attachment":[{"href":"https:\/\/proyacorp.ca\/fr\/wp-json\/wp\/v2\/media?parent=4559"}],"curies":[{"name":"wp","href":"https:\/\/api.w.org\/{rel}","templated":true}]}}