{"id":4572,"date":"2022-05-15T09:57:23","date_gmt":"2022-05-15T13:57:23","guid":{"rendered":"https:\/\/proyacorp.ca\/hopex-business-architecture\/"},"modified":"2023-07-22T18:26:49","modified_gmt":"2023-07-22T22:26:49","slug":"architecture-dentreprise-hopex","status":"publish","type":"page","link":"https:\/\/proyacorp.ca\/fr\/architecture-dentreprise-hopex\/","title":{"rendered":"Architecture d&rsquo;entreprise HOPEX"},"content":{"rendered":"<p>[vc_section bg_position=\u00a0\u00bbcenter center\u00a0\u00bb css=\u00a0\u00bb.vc_custom_1652624509863{background: #c96c2e url(https:\/\/proyacorp.ca\/wp-content\/uploads\/2022\/05\/HOPEX-Business-Architecture.jpg?id=2171) !important;background-position: center !important;background-repeat: no-repeat !important;background-size: cover !important;}\u00a0\u00bb el_class=\u00a0\u00bbmask\u00a0\u00bb][vc_row css=\u00a0\u00bb.vc_custom_1667172507506{padding-top: 120px !important;padding-bottom: 100px !important;}\u00a0\u00bb el_class=\u00a0\u00bbproya-header\u00a0\u00bb][vc_column width=\u00a0\u00bb5\/6&Prime;][vc_custom_heading text=\u00a0\u00bbnos solutions\u00a0\u00bb font_container=\u00a0\u00bbtag:div|font_size:3rem|text_align:left|color:%23ffffff\u00a0\u00bb use_theme_fonts=\u00a0\u00bbyes\u00a0\u00bb css_animation=\u00a0\u00bbfadeInUp\u00a0\u00bb css=\u00a0\u00bb.vc_custom_1690064217185{margin-left: 3px !important;}\u00a0\u00bb el_class=\u00a0\u00bbdelay-1 custom-hd\u00a0\u00bb][vc_empty_space height=\u00a0\u00bb20px\u00a0\u00bb][vc_custom_heading text=\u00a0\u00bbArchitecture d&rsquo;entreprise HOPEX\u00a0\u00bb font_container=\u00a0\u00bbtag:h2|font_size:3.3rem|text_align:left|color:%23ffffff|line_height:1&Prime; use_theme_fonts=\u00a0\u00bbyes\u00a0\u00bb css_animation=\u00a0\u00bbfadeInUp\u00a0\u00bb el_class=\u00a0\u00bbcustom-hd delay-2&Prime;][vc_separator color=\u00a0\u00bbwhite\u00a0\u00bb align=\u00a0\u00bbalign_left\u00a0\u00bb border_width=\u00a0\u00bb5&Prime; el_width=\u00a0\u00bb10&Prime; css_animation=\u00a0\u00bbfadeInUp\u00a0\u00bb el_class=\u00a0\u00bbdelay-4&Prime; css=\u00a0\u00bb.vc_custom_1540432371541{margin-bottom: 50px !important;margin-left: 5px !important;padding-top: 15px !important;}\u00a0\u00bb][vc_column_text css_animation=\u00a0\u00bbfadeInUp\u00a0\u00bb css=\u00a0\u00bb.vc_custom_1690064229710{margin-left: 3px !important;}\u00a0\u00bb el_class=\u00a0\u00bbdelay-3&Prime;]<a class=\"button line\" href=\"https:\/\/proyacorp.ca\/fr\/contactez-nous\/\">Contactez-nous d\u00e8s aujourd&rsquo;hui.<\/a>[\/vc_column_text][\/vc_column][vc_column width=\u00a0\u00bb1\/6&Prime;][\/vc_column][\/vc_row][\/vc_section][vc_section css_animation=\u00a0\u00bbnone\u00a0\u00bb css=\u00a0\u00bb.vc_custom_1651960199883{padding-bottom: 40px !important;}\u00a0\u00bb][vc_row][vc_column][vc_empty_space height=\u00a0\u00bb80px\u00a0\u00bb][vc_custom_heading text=\u00a0\u00bbArchitecture d&rsquo;entreprise HOPEX\u00a0\u00bb font_container=\u00a0\u00bbtag:h3|text_align:center\u00a0\u00bb use_theme_fonts=\u00a0\u00bbyes\u00a0\u00bb][vc_empty_space height=\u00a0\u00bb40px\u00a0\u00bb][vc_column_text]L&rsquo;un des modules de la famille de produits HOPEX BPA, HOPEX Business Architecture est le moyen le plus efficace de concevoir et de g\u00e9rer vos feuilles de route de transformation d&rsquo;entreprise en les basant sur des objectifs strat\u00e9giques clairs.<\/p>\n<p>HOPEX Business Architecture se compose de trois phases\u00a0: d\u00e9finition de la strat\u00e9gie, mise en correspondance des activit\u00e9s et cr\u00e9ation de la feuille de route de la transformation. La premi\u00e8re phase permet aux utilisateurs de d\u00e9finir la strat\u00e9gie de l&rsquo;organisation et de faire correspondre les comp\u00e9tences \u00e0 la strat\u00e9gie d\u00e9finie.<\/p>\n<p>Dans la deuxi\u00e8me phase de notre produit, il vous permet de cr\u00e9er des cartes de comp\u00e9tences. Ensuite, il prend en charge votre capacit\u00e9 \u00e0 effectuer des \u00e9valuations de comp\u00e9tences en tenant compte des cartes de comp\u00e9tences cr\u00e9\u00e9es.[\/vc_column_text][vc_empty_space height=\u00a0\u00bb40px\u00a0\u00bb][vc_custom_heading text=\u00a0\u00bbExigences commerciales, ad\u00e9quation projet et processus\u00a0\u00bb font_container=\u00a0\u00bbtag:h4|font_size:1.5rem|text_align:left\u00a0\u00bb use_theme_fonts=\u00a0\u00bbyes\u00a0\u00bb][vc_empty_space height=\u00a0\u00bb40px\u00a0\u00bb][vc_single_image image=\u00a0\u00bb2148&Prime; img_size=\u00a0\u00bbfull\u00a0\u00bb][vc_empty_space height=\u00a0\u00bb40px\u00a0\u00bb][vc_column_text]Dans la derni\u00e8re phase, l&rsquo;architecture d&rsquo;entreprise confirme si votre organisation \u00e9volue sur la bonne voie en d\u00e9finissant la feuille de route de votre entreprise et en faisant correspondre votre strat\u00e9gie d&rsquo;entreprise avec vos comp\u00e9tences d&rsquo;entreprise.[\/vc_column_text][vc_empty_space height=\u00a0\u00bb40px\u00a0\u00bb][vc_custom_heading text=\u00a0\u00bbMod\u00e8le de transformation m\u00e9tier\/informatique synchronis\u00e9e\u00a0\u00bb font_container=\u00a0\u00bbtag:h4|font_size:1.5rem|text_align:left\u00a0\u00bb use_theme_fonts=\u00a0\u00bbyes\u00a0\u00bb][vc_empty_space height=\u00a0\u00bb40px\u00a0\u00bb][vc_single_image image=\u00a0\u00bb2149&Prime; img_size=\u00a0\u00bbfull\u00a0\u00bb][vc_empty_space height=\u00a0\u00bb40px\u00a0\u00bb][vc_column_text]HOPEX Business Architecture fonctionne de mani\u00e8re int\u00e9gr\u00e9e avec Hopex. En d&rsquo;autres termes, il vous permet d&rsquo;am\u00e9liorer vos objectifs commerciaux et votre transformation informatique en affichant clairement les informations cl\u00e9s sur votre organisation.[\/vc_column_text][vc_empty_space height=\u00a0\u00bb40px\u00a0\u00bb][vc_custom_heading text=\u00a0\u00bbAper\u00e7u\u00a0\u00bb font_container=\u00a0\u00bbtag:h4|font_size:1.5rem|text_align:left\u00a0\u00bb use_theme_fonts=\u00a0\u00bbyes\u00a0\u00bb][vc_empty_space height=\u00a0\u00bb40px\u00a0\u00bb][vc_row_inner][vc_column_inner width=\u00a0\u00bb1\/2&Prime;][vc_single_image image=\u00a0\u00bb2150&Prime; img_size=\u00a0\u00bbfull\u00a0\u00bb onclick=\u00a0\u00bblink_image\u00a0\u00bb][\/vc_column_inner][vc_column_inner width=\u00a0\u00bb1\/2&Prime;][vc_column_text]<\/p>\n<ul>\n<li>Capturez la strat\u00e9gie commerciale et transformez le paysage commercial \u00e0 l&rsquo;aide de la planification des capacit\u00e9s commerciales.<\/li>\n<li>Planifier les actifs de l&rsquo;architecture d&rsquo;entreprise en fonction des objectifs commerciaux et des capacit\u00e9s planifi\u00e9es<\/li>\n<\/ul>\n<p>[\/vc_column_text][\/vc_column_inner][\/vc_row_inner][vc_empty_space height=\u00a0\u00bb40px\u00a0\u00bb][vc_custom_heading text=\u00a0\u00bbPrincipaux d\u00e9fis\u00a0\u00bb font_container=\u00a0\u00bbtag:h4|font_size:1.5rem|text_align:left\u00a0\u00bb use_theme_fonts=\u00a0\u00bbyes\u00a0\u00bb][vc_empty_space height=\u00a0\u00bb40px\u00a0\u00bb][vc_row_inner][vc_column_inner width=\u00a0\u00bb1\/3&Prime;][vc_single_image image=\u00a0\u00bb2152&Prime; img_size=\u00a0\u00bbfull\u00a0\u00bb onclick=\u00a0\u00bblink_image\u00a0\u00bb][vc_empty_space height=\u00a0\u00bb20px\u00a0\u00bb][vc_column_text]<strong>Strat\u00e9gie commerciale<\/strong><\/p>\n<ul>\n<li>Les services informatiques n&rsquo;ont pas une visibilit\u00e9 claire sur la strat\u00e9gie commerciale, ce qui entra\u00eene une mauvaise compr\u00e9hension des d\u00e9cisions commerciales<\/li>\n<li>La strat\u00e9gie commerciale \u00e9volue constamment en raison de l&rsquo;\u00e9volution constante des tendances du secteur et du march\u00e9<\/li>\n<\/ul>\n<p>[\/vc_column_text][\/vc_column_inner][vc_column_inner width=\u00a0\u00bb1\/3&Prime;][vc_single_image image=\u00a0\u00bb2153&Prime; img_size=\u00a0\u00bbfull\u00a0\u00bb onclick=\u00a0\u00bblink_image\u00a0\u00bb][vc_empty_space height=\u00a0\u00bb20px\u00a0\u00bb][vc_column_text]<strong>Feuille de route commerciale<\/strong><\/p>\n<ul>\n<li>La feuille de route commerciale est inconnue ou insuffisamment claire<\/li>\n<li>Les services informatiques ne savent pas quelles fonctionnalit\u00e9s commerciales sont pr\u00e9vues et comment elles s&rsquo;int\u00e8grent \u00e0 la strat\u00e9gie commerciale<\/li>\n<\/ul>\n<p>[\/vc_column_text][\/vc_column_inner][vc_column_inner width=\u00a0\u00bb1\/3&Prime;][vc_single_image image=\u00a0\u00bb2151&Prime; img_size=\u00a0\u00bbfull\u00a0\u00bb onclick=\u00a0\u00bblink_image\u00a0\u00bb][vc_empty_space height=\u00a0\u00bb20px\u00a0\u00bb][vc_column_text]<strong>Alignement m\u00e9tier-informatique<\/strong><\/p>\n<ul>\n<li>La planification des ressources informatiques n&rsquo;est pas li\u00e9e \u00e0 des objectifs commerciaux conduisant \u00e0 de mauvais investissements informatiques.<\/li>\n<li>La feuille de route informatique ne parvient pas \u00e0 suivre le rythme de l&rsquo;\u00e9volution des objectifs commerciaux<\/li>\n<\/ul>\n<p>[\/vc_column_text][\/vc_column_inner][\/vc_row_inner][vc_empty_space height=\u00a0\u00bb40px\u00a0\u00bb][vc_custom_heading text=\u00a0\u00bbAvantages de l&rsquo;architecture m\u00e9tier HOPEX\u00a0\u00bb font_container=\u00a0\u00bbtag:h4|font_size:1.5rem|text_align:left\u00a0\u00bb use_theme_fonts=\u00a0\u00bbyes\u00a0\u00bb][vc_empty_space height=\u00a0\u00bb40px\u00a0\u00bb][vc_row_inner][vc_column_inner width=\u00a0\u00bb1\/3&Prime;][vc_text_separator title=\u00a0\u00bbObtenez de la visibilit\u00e9 sur votre strat\u00e9gie commerciale\u00a0\u00bb][vc_empty_space height=\u00a0\u00bb20px\u00a0\u00bb][vc_column_text]<\/p>\n<ul>\n<li>Capturez les objectifs et la strat\u00e9gie de votre entreprise. Connectez-vous \u00e0 vos capacit\u00e9s commerciales pour illustrer comment votre entreprise pr\u00e9voit de mettre en \u0153uvre sa strat\u00e9gie de transformation commerciale<\/li>\n<\/ul>\n<p>[\/vc_column_text][\/vc_column_inner][vc_column_inner width=\u00a0\u00bb1\/3&Prime;][vc_text_separator title=\u00a0\u00bbCr\u00e9er une feuille de route de transformation d&rsquo;entreprise\u00a0\u00bb][vc_empty_space height=\u00a0\u00bb20px\u00a0\u00bb][vc_column_text]<\/p>\n<ul>\n<li>Cr\u00e9er une feuille de route commerciale qui int\u00e8gre les objectifs, la strat\u00e9gie et les capacit\u00e9s commerciales pour s&rsquo;assurer que les d\u00e9cisions d&rsquo;investissement sont align\u00e9es sur les objectifs commerciaux<\/li>\n<\/ul>\n<p>[\/vc_column_text][\/vc_column_inner][vc_column_inner width=\u00a0\u00bb1\/3&Prime;][vc_text_separator title=\u00a0\u00bbAligner les investissements informatiques sur la strat\u00e9gie\u00a0\u00bb][vc_empty_space height=\u00a0\u00bb20px\u00a0\u00bb][vc_column_text]<\/p>\n<ul>\n<li>Assurez-vous que les futurs investissements informatiques correspondent aux objectifs de l&rsquo;entreprise en associant les actifs informatiques aux capacit\u00e9s de l&rsquo;entreprise<\/li>\n<\/ul>\n<p>[\/vc_column_text][\/vc_column_inner][\/vc_row_inner][vc_empty_space height=\u00a0\u00bb40px\u00a0\u00bb][vc_custom_heading text=\u00a0\u00bbPage d&rsquo;accueil de l&rsquo;architecture d&rsquo;entreprise HOPEX\u00a0\u00bb font_container=\u00a0\u00bbtag:h4|font_size:1.5rem|text_align:left\u00a0\u00bb use_theme_fonts=\u00a0\u00bbyes\u00a0\u00bb][vc_empty_space height=\u00a0\u00bb40px\u00a0\u00bb][vc_single_image image=\u00a0\u00bb2156&Prime; img_size=\u00a0\u00bbfull\u00a0\u00bb onclick=\u00a0\u00bblink_image\u00a0\u00bb][vc_empty_space height=\u00a0\u00bb40px\u00a0\u00bb][vc_column_text]<em>Page d&rsquo;accueil bas\u00e9e sur des mosa\u00efques d&rsquo;architecture d&rsquo;entreprise<\/em>[\/vc_column_text][vc_empty_space height=\u00a0\u00bb40px\u00a0\u00bb][vc_custom_heading text=\u00a0\u00bbPrincipales caract\u00e9ristiques\u00a0\u00bb font_container=\u00a0\u00bbtag:h4|font_size:1.5rem|text_align:left\u00a0\u00bb use_theme_fonts=\u00a0\u00bbyes\u00a0\u00bb][vc_empty_space height=\u00a0\u00bb40px\u00a0\u00bb][vc_row_inner][vc_column_inner width=\u00a0\u00bb1\/3&Prime;][vc_text_separator title=\u00a0\u00bbCapturez la strat\u00e9gie\u00a0\u00bb][vc_empty_space height=\u00a0\u00bb20px\u00a0\u00bb][vc_column_text]<\/p>\n<ul>\n<li>Identifier les moteurs de transformation<\/li>\n<li>Effectuer une analyse SWOT des moteurs identifi\u00e9s<\/li>\n<li>Identifier les objectifs de transformation qui en r\u00e9sultent<\/li>\n<li>Capturer la vision, les objectifs, la strat\u00e9gie et les tactiques de l&rsquo;organisation<\/li>\n<\/ul>\n<p>[\/vc_column_text][\/vc_column_inner][vc_column_inner width=\u00a0\u00bb1\/3&Prime;][vc_text_separator title=\u00a0\u00bbMod\u00e9liser l&rsquo;entreprise\u00a0\u00bb][vc_empty_space height=\u00a0\u00bb20px\u00a0\u00bb][vc_column_text]<\/p>\n<ul>\n<li>Cartographier les capacit\u00e9s de l&rsquo;entreprise<\/li>\n<li>\u00c9valuer les capacit\u00e9s d&rsquo;un point de vue strat\u00e9gique<\/li>\n<li>Concevoir des flux de valeur<\/li>\n<li>D\u00e9finir les KPI et identifier les domaines d&rsquo;am\u00e9lioration<\/li>\n<\/ul>\n<p>[\/vc_column_text][\/vc_column_inner][vc_column_inner width=\u00a0\u00bb1\/3&Prime;][vc_text_separator title=\u00a0\u00bbConcevoir la feuille de route commerciale\u00a0\u00bb][vc_empty_space height=\u00a0\u00bb20px\u00a0\u00bb][vc_column_text]<\/p>\n<ul>\n<li>D\u00e9finir les \u00e9tapes de transformation. Inclure les objectifs, les \u00e9l\u00e9ments strat\u00e9giques et les capacit\u00e9s dans la feuille de route<\/li>\n<li>Lier l&rsquo;architecture informatique associ\u00e9e \u00e0 chaque \u00e9tape de la feuille de route<\/li>\n<li>Partager la feuille de route commerciale au sein de l&rsquo;organisation<\/li>\n<\/ul>\n<p>[\/vc_column_text][\/vc_column_inner][\/vc_row_inner][vc_empty_space height=\u00a0\u00bb40px\u00a0\u00bb][vc_custom_heading text=\u00a0\u00bbIdentifier les leviers de transformation\u00a0\u00bb font_container=\u00a0\u00bbtag:h4|font_size:1.5rem|text_align:left\u00a0\u00bb use_theme_fonts=\u00a0\u00bbyes\u00a0\u00bb][vc_empty_space height=\u00a0\u00bb40px\u00a0\u00bb][vc_column_text]<\/p>\n<ul>\n<li>Identifier les moteurs de transformation par partie prenante\u00a0: r\u00e9glementaires, commerciaux ou architecturaux<\/li>\n<li>Liez-les aux artefacts d&rsquo;architecture d&rsquo;entreprise pertinents.<\/li>\n<li>Effectuez cette \u00e9valuation r\u00e9guli\u00e8rement<\/li>\n<\/ul>\n<p>[\/vc_column_text][vc_empty_space height=\u00a0\u00bb40px\u00a0\u00bb][vc_single_image image=\u00a0\u00bb2157&Prime; img_size=\u00a0\u00bbfull\u00a0\u00bb onclick=\u00a0\u00bblink_image\u00a0\u00bb][vc_column_text]<em>Permettre aux organisations d&rsquo;avoir une visibilit\u00e9 sur ce qui motive le changement<\/em>[\/vc_column_text][vc_empty_space height=\u00a0\u00bb40px\u00a0\u00bb][vc_custom_heading text=\u00a0\u00bbEffectuer une analyse SWOT avec les moteurs de transformation\u00a0\u00bb font_container=\u00a0\u00bbtag:h4|font_size:1.5rem|text_align:left\u00a0\u00bb use_theme_fonts=\u00a0\u00bbyes\u00a0\u00bb][vc_empty_space height=\u00a0\u00bb40px\u00a0\u00bb][vc_column_text]<\/p>\n<ul>\n<li>Effectuer une analyse SWOT des moteurs de transformation identifi\u00e9s<\/li>\n<li>Les pilotes architecturaux sont internes et peuvent \u00eatre des forces ou des faiblesses.<\/li>\n<li>Les moteurs commerciaux ou r\u00e9glementaires sont externes et peuvent \u00eatre des opportunit\u00e9s ou des menaces<\/li>\n<\/ul>\n<p>[\/vc_column_text][vc_empty_space height=\u00a0\u00bb40px\u00a0\u00bb][vc_single_image image=\u00a0\u00bb2158&Prime; img_size=\u00a0\u00bbfull\u00a0\u00bb onclick=\u00a0\u00bblink_image\u00a0\u00bb][vc_column_text]<em>Identifier les objectifs de transformation pertinents<\/em>[\/vc_column_text][vc_empty_space height=\u00a0\u00bb40px\u00a0\u00bb][vc_custom_heading text=\u00a0\u00bbDiagramme de strat\u00e9gie\u00a0\u00bb font_container=\u00a0\u00bbtag:h4|font_size:1.5rem|text_align:left\u00a0\u00bb use_theme_fonts=\u00a0\u00bbyes\u00a0\u00bb][vc_empty_space height=\u00a0\u00bb40px\u00a0\u00bb][vc_column_text]Capturez la strat\u00e9gie \u00e0 travers un diagramme de strat\u00e9gie conforme au Business Motivation Model, fournissant\u00a0:<\/p>\n<ul>\n<li>Les fins (vision, buts, objectifs) et leurs relations de contribution peuvent \u00eatre d\u00e9finies<\/li>\n<li>Les moyens (mission, strat\u00e9gie, tactique) peuvent \u00eatre d\u00e9finis et leur relation avec les fins<\/li>\n<\/ul>\n<p>[\/vc_column_text][vc_empty_space height=\u00a0\u00bb40px\u00a0\u00bb][vc_single_image image=\u00a0\u00bb2160&Prime; img_size=\u00a0\u00bbfull\u00a0\u00bb onclick=\u00a0\u00bblink_image\u00a0\u00bb][vc_empty_space height=\u00a0\u00bb40px\u00a0\u00bb][vc_custom_heading text=\u00a0\u00bbCartographier les capacit\u00e9s de l&rsquo;entreprise\u00a0\u00bb font_container=\u00a0\u00bbtag:h4|font_size:1.5rem|text_align:left\u00a0\u00bb use_theme_fonts=\u00a0\u00bbyes\u00a0\u00bb][vc_empty_space height=\u00a0\u00bb40px\u00a0\u00bb][vc_single_image image=\u00a0\u00bb2161&Prime; img_size=\u00a0\u00bbfull\u00a0\u00bb onclick=\u00a0\u00bblink_image\u00a0\u00bb][vc_column_text]<em><strong>Cartes de capacit\u00e9<\/strong> affiche les capacit\u00e9s d&rsquo;une organisation et l&rsquo;alignement des principaux actifs de l&rsquo;entreprise qui contribuent \u00e0 leur mise en \u0153uvre<\/em>[\/vc_column_text][vc_empty_space height=\u00a0\u00bb40px\u00a0\u00bb][vc_custom_heading text=\u00a0\u00bbCapacit\u00e9s de r\u00e9partition en sous-capacit\u00e9s\u00a0\u00bb font_container=\u00a0\u00bbtag:h4|font_size:1.5rem|text_align:left\u00a0\u00bb use_theme_fonts=\u00a0\u00bbyes\u00a0\u00bb][vc_empty_space height=\u00a0\u00bb40px\u00a0\u00bb][vc_single_image image=\u00a0\u00bb2162&Prime; img_size=\u00a0\u00bbfull\u00a0\u00bb onclick=\u00a0\u00bblink_image\u00a0\u00bb][vc_empty_space height=\u00a0\u00bb40px\u00a0\u00bb][vc_custom_heading text=\u00a0\u00bb\u00c9valuer les capacit\u00e9s de l&rsquo;entreprise\u00a0\u00bb font_container=\u00a0\u00bbtag:h4|font_size:1.5rem|text_align:left\u00a0\u00bb use_theme_fonts=\u00a0\u00bbyes\u00a0\u00bb][vc_empty_space height=\u00a0\u00bb40px\u00a0\u00bb][vc_column_text]<\/p>\n<ul>\n<li>\u00c9valuer les capacit\u00e9s de l&rsquo;entreprise pour d\u00e9terminer celles \u00e0 am\u00e9liorer<\/li>\n<\/ul>\n<p>[\/vc_column_text][vc_empty_space height=\u00a0\u00bb40px\u00a0\u00bb][vc_single_image image=\u00a0\u00bb2163&Prime; img_size=\u00a0\u00bbfull\u00a0\u00bb onclick=\u00a0\u00bblink_image\u00a0\u00bb][vc_column_text]<em>Aide \u00e0 prioriser les investissements et les projets de transformation<\/em>[\/vc_column_text][vc_empty_space height=\u00a0\u00bb40px\u00a0\u00bb][vc_custom_heading text=\u00a0\u00bbFeuille de route commerciale\u00a0\u00bb font_container=\u00a0\u00bbtag:h4|font_size:1.5rem|text_align:left\u00a0\u00bb use_theme_fonts=\u00a0\u00bbyes\u00a0\u00bb][vc_empty_space height=\u00a0\u00bb40px\u00a0\u00bb][vc_column_text]<\/p>\n<ul>\n<li>Planifier les capacit\u00e9s commerciales pour chaque \u00e9tape de la feuille de route commerciale<\/li>\n<li>D\u00e9finir les buts et objectifs strat\u00e9giques pour chaque \u00e9tape, ainsi que les strat\u00e9gies et tactiques identifi\u00e9es<\/li>\n<\/ul>\n<p>[\/vc_column_text][vc_empty_space height=\u00a0\u00bb40px\u00a0\u00bb][vc_single_image image=\u00a0\u00bb2164&Prime; img_size=\u00a0\u00bbfull\u00a0\u00bb onclick=\u00a0\u00bblink_image\u00a0\u00bb][vc_column_text]<em>Comprendre les diff\u00e9rentes capacit\u00e9s et objectifs qui soutiennent les diff\u00e9rentes phases du plan strat\u00e9gique<\/em>[\/vc_column_text][vc_empty_space height=\u00a0\u00bb40px\u00a0\u00bb][vc_custom_heading text=\u00a0\u00bbChronologie de l&rsquo;\u00e9tape de l&rsquo;entreprise\u00a0\u00bb font_container=\u00a0\u00bbtag:h4|font_size:1.5rem|text_align:left\u00a0\u00bb use_theme_fonts=\u00a0\u00bbyes\u00a0\u00bb][vc_empty_space height=\u00a0\u00bb40px\u00a0\u00bb][vc_column_text]<\/p>\n<ul>\n<li>La chronologie peut indiquer les capacit\u00e9s qui doivent \u00eatre fournies (c&rsquo;est-\u00e0-dire les <strong>capacit\u00e9s expos\u00e9es<\/strong>) ainsi que les fonctionnalit\u00e9s \u00e0 fournir pour les r\u00e9aliser.<\/li>\n<\/ul>\n<p>[\/vc_column_text][vc_empty_space height=\u00a0\u00bb40px\u00a0\u00bb][vc_single_image image=\u00a0\u00bb2166&Prime; img_size=\u00a0\u00bbfull\u00a0\u00bb onclick=\u00a0\u00bblink_image\u00a0\u00bb][vc_empty_space height=\u00a0\u00bb40px\u00a0\u00bb][vc_custom_heading text=\u00a0\u00bbDiagramme de strat\u00e9gie d&rsquo;\u00e9tape d&rsquo;entreprise\u00a0\u00bb font_container=\u00a0\u00bbtag:h4|font_size:1.5rem|text_align:left\u00a0\u00bb use_theme_fonts=\u00a0\u00bbyes\u00a0\u00bb][vc_empty_space height=\u00a0\u00bb40px\u00a0\u00bb][vc_row_inner content_placement=\u00a0\u00bbmiddle\u00a0\u00bb][vc_column_inner width=\u00a0\u00bb1\/2&Prime;][vc_single_image image=\u00a0\u00bb2167&Prime; img_size=\u00a0\u00bbfull\u00a0\u00bb onclick=\u00a0\u00bblink_image\u00a0\u00bb][\/vc_column_inner][vc_column_inner width=\u00a0\u00bb1\/2&Prime;][vc_column_text]<\/p>\n<ul>\n<li>Un <strong>diagramme de strat\u00e9gie d&rsquo;\u00e9tape d&rsquo;entreprise<\/strong> montre comment les diff\u00e9rents \u00e9l\u00e9ments d&rsquo;une strat\u00e9gie sont li\u00e9s les uns aux autres.<\/li>\n<li>Un diagramme peut \u00eatre cr\u00e9\u00e9 pour une <strong>entreprise enti\u00e8re<\/strong>, ou pour une <strong>phase<\/strong> structurelle ou temporelle d&rsquo;une entreprise, par ex.\n<ul>\n<li>Phase structurelle\u00a0: d\u00e9partement, division<\/li>\n<li>Phase temporelle\u00a0:\u00a0\u00ab\u00a0A-is\u00a0\u00bb, \u00ab\u00a0To-be\u00a0\u00bb<\/li>\n<\/ul>\n<\/li>\n<li>Cet exemple montre comment la vision est li\u00e9e aux objectifs, \u00e0 la strat\u00e9gie et aux tactiques<\/li>\n<\/ul>\n<p>[\/vc_column_text][\/vc_column_inner][\/vc_row_inner][vc_empty_space height=\u00a0\u00bb40px\u00a0\u00bb][vc_custom_heading text=\u00a0\u00bb\u00c9tapes de la strat\u00e9gie et de l&rsquo;entreprise\u00a0\u00bb font_container=\u00a0\u00bbtag:h4|font_size:1.5rem|text_align:left\u00a0\u00bb use_theme_fonts=\u00a0\u00bbyes\u00a0\u00bb][vc_empty_space height=\u00a0\u00bb40px\u00a0\u00bb][vc_column_text]<\/p>\n<ul>\n<li>Un diagramme de strat\u00e9gie d&rsquo;\u00e9tape d&rsquo;entreprise peut \u00eatre li\u00e9 \u00e0 une \u00e9tape de transformation sur une chronologie d&rsquo;entreprise<\/li>\n<\/ul>\n<p>[\/vc_column_text][vc_empty_space height=\u00a0\u00bb40px\u00a0\u00bb][vc_single_image image=\u00a0\u00bb2168&Prime; img_size=\u00a0\u00bbfull\u00a0\u00bb onclick=\u00a0\u00bblink_image\u00a0\u00bb][vc_empty_space height=\u00a0\u00bb40px\u00a0\u00bb][vc_custom_heading text=\u00a0\u00bbCartes de capacit\u00e9\u00a0\u00bb font_container=\u00a0\u00bbtag:h4|font_size:1.5rem|text_align:left\u00a0\u00bb use_theme_fonts=\u00a0\u00bbyes\u00a0\u00bb][vc_empty_space height=\u00a0\u00bb40px\u00a0\u00bb][vc_single_image image=\u00a0\u00bb2169&Prime; img_size=\u00a0\u00bbfull\u00a0\u00bb onclick=\u00a0\u00bblink_image\u00a0\u00bb][vc_empty_space height=\u00a0\u00bb40px\u00a0\u00bb][\/vc_column][\/vc_row][\/vc_section]<\/p>\n","protected":false},"excerpt":{"rendered":"<p>[vc_section bg_position=\u00a0\u00bbcenter center\u00a0\u00bb css=\u00a0\u00bb.vc_custom_1652624509863{background: #c96c2e url(https:\/\/proyacorp.ca\/wp-content\/uploads\/2022\/05\/HOPEX-Business-Architecture.jpg?id=2171) !important;background-position: center !important;background-repeat: no-repeat !important;background-size: cover !important;}\u00a0\u00bb el_class=\u00a0\u00bbmask\u00a0\u00bb][vc_row css=\u00a0\u00bb.vc_custom_1667172507506{padding-top: 120px !important;padding-bottom: 100px !important;}\u00a0\u00bb el_class=\u00a0\u00bbproya-header\u00a0\u00bb][vc_column width=\u00a0\u00bb5\/6&Prime;][vc_custom_heading text=\u00a0\u00bbnos solutions\u00a0\u00bb font_container=\u00a0\u00bbtag:div|font_size:3rem|text_align:left|color:%23ffffff\u00a0\u00bb use_theme_fonts=\u00a0\u00bbyes\u00a0\u00bb css_animation=\u00a0\u00bbfadeInUp\u00a0\u00bb css=\u00a0\u00bb.vc_custom_1690064217185{margin-left: 3px !important;}\u00a0\u00bb el_class=\u00a0\u00bbdelay-1 custom-hd\u00a0\u00bb][vc_empty_space height=\u00a0\u00bb20px\u00a0\u00bb][vc_custom_heading text=\u00a0\u00bbArchitecture d&rsquo;entreprise HOPEX\u00a0\u00bb font_container=\u00a0\u00bbtag:h2|font_size:3.3rem|text_align:left|color:%23ffffff|line_height:1&Prime; use_theme_fonts=\u00a0\u00bbyes\u00a0\u00bb css_animation=\u00a0\u00bbfadeInUp\u00a0\u00bb el_class=\u00a0\u00bbcustom-hd delay-2&Prime;][vc_separator color=\u00a0\u00bbwhite\u00a0\u00bb align=\u00a0\u00bbalign_left\u00a0\u00bb border_width=\u00a0\u00bb5&Prime; el_width=\u00a0\u00bb10&Prime; css_animation=\u00a0\u00bbfadeInUp\u00a0\u00bb el_class=\u00a0\u00bbdelay-4&Prime; css=\u00a0\u00bb.vc_custom_1540432371541{margin-bottom: 50px !important;margin-left: 5px !important;padding-top: 15px !important;}\u00a0\u00bb][vc_column_text css_animation=\u00a0\u00bbfadeInUp\u00a0\u00bb css=\u00a0\u00bb.vc_custom_1690064229710{margin-left: [&hellip;]<\/p>\n","protected":false},"author":1,"featured_media":0,"parent":0,"menu_order":0,"comment_status":"closed","ping_status":"closed","template":"tmpl\/template-fullwidth.php","meta":{"footnotes":""},"class_list":["post-4572","page","type-page","status-publish","hentry"],"acf":[],"aioseo_notices":[],"_links":{"self":[{"href":"https:\/\/proyacorp.ca\/fr\/wp-json\/wp\/v2\/pages\/4572","targetHints":{"allow":["GET"]}}],"collection":[{"href":"https:\/\/proyacorp.ca\/fr\/wp-json\/wp\/v2\/pages"}],"about":[{"href":"https:\/\/proyacorp.ca\/fr\/wp-json\/wp\/v2\/types\/page"}],"author":[{"embeddable":true,"href":"https:\/\/proyacorp.ca\/fr\/wp-json\/wp\/v2\/users\/1"}],"replies":[{"embeddable":true,"href":"https:\/\/proyacorp.ca\/fr\/wp-json\/wp\/v2\/comments?post=4572"}],"version-history":[{"count":2,"href":"https:\/\/proyacorp.ca\/fr\/wp-json\/wp\/v2\/pages\/4572\/revisions"}],"predecessor-version":[{"id":4574,"href":"https:\/\/proyacorp.ca\/fr\/wp-json\/wp\/v2\/pages\/4572\/revisions\/4574"}],"wp:attachment":[{"href":"https:\/\/proyacorp.ca\/fr\/wp-json\/wp\/v2\/media?parent=4572"}],"curies":[{"name":"wp","href":"https:\/\/api.w.org\/{rel}","templated":true}]}}