{"id":4754,"date":"2023-10-06T16:54:28","date_gmt":"2023-10-06T20:54:28","guid":{"rendered":"https:\/\/proyacorp.ca\/identity-and-access-management\/"},"modified":"2023-10-06T17:46:44","modified_gmt":"2023-10-06T21:46:44","slug":"gestion-des-identites-et-des-acces","status":"publish","type":"page","link":"https:\/\/proyacorp.ca\/fr\/gestion-des-identites-et-des-acces\/","title":{"rendered":"Gestion des identit\u00e9s et des acc\u00e8s"},"content":{"rendered":"<p>[vc_section bg_position=\u00a0\u00bbcenter center\u00a0\u00bb css=\u00a0\u00bb.vc_custom_1652634997651{background: #2167a0 url(https:\/\/proyacorp.ca\/wp-content\/uploads\/2022\/05\/HOPEX-IRM-Integrated-Risk-Management.jpg?id=2043) !important;background-position: center !important;background-repeat: no-repeat !important;background-size: cover !important;}\u00a0\u00bb el_class=\u00a0\u00bbmask\u00a0\u00bb][vc_row css=\u00a0\u00bb.vc_custom_1667172401734{padding-top: 120px !important;padding-bottom: 100px !important;}\u00a0\u00bb el_class=\u00a0\u00bbproya-header\u00a0\u00bb][vc_column width=\u00a0\u00bb5\/6&Prime;][vc_custom_heading text=\u00a0\u00bbnos solutions\u00a0\u00bb font_container=\u00a0\u00bbtag:div|font_size:3rem|text_align:left|color:%23ffffff\u00a0\u00bb use_theme_fonts=\u00a0\u00bbyes\u00a0\u00bb css_animation=\u00a0\u00bbfadeInUp\u00a0\u00bb css=\u00a0\u00bb.vc_custom_1696628708696{margin-left: 3px !important;}\u00a0\u00bb el_class=\u00a0\u00bbdelay-1 custom-hd\u00a0\u00bb][vc_empty_space height=\u00a0\u00bb20px\u00a0\u00bb][vc_custom_heading text=\u00a0\u00bbGestion des identit\u00e9s et des acc\u00e8s\u00a0\u00bb font_container=\u00a0\u00bbtag:h2|font_size:3.3rem|text_align:left|color:%23ffffff|line_height:1&Prime; use_theme_fonts=\u00a0\u00bbyes\u00a0\u00bb css_animation=\u00a0\u00bbfadeInUp\u00a0\u00bb el_class=\u00a0\u00bbcustom-hd delay-2&Prime;][vc_separator color=\u00a0\u00bbwhite\u00a0\u00bb align=\u00a0\u00bbalign_left\u00a0\u00bb border_width=\u00a0\u00bb5&Prime; el_width=\u00a0\u00bb10&Prime; css_animation=\u00a0\u00bbfadeInUp\u00a0\u00bb el_class=\u00a0\u00bbdelay-4&Prime; css=\u00a0\u00bb.vc_custom_1540432371541{margin-bottom: 50px !important;margin-left: 5px !important;padding-top: 15px !important;}\u00a0\u00bb][vc_column_text css_animation=\u00a0\u00bbfadeInUp\u00a0\u00bb css=\u00a0\u00bb.vc_custom_1696628800432{margin-left: 3px !important;}\u00a0\u00bb el_class=\u00a0\u00bbdelay-3&Prime;]<a class=\"button line\" href=\"https:\/\/proyacorp.ca\/fr\/contactez-nous\/\">CONTACTEZ-NOUS D\u00c8S AUJOURD\u2019HUI.<\/a>[\/vc_column_text][\/vc_column][vc_column width=\u00a0\u00bb1\/6&Prime;][\/vc_column][\/vc_row][\/vc_section][vc_section css_animation=\u00a0\u00bbnone\u00a0\u00bb css=\u00a0\u00bb.vc_custom_1651960199883{padding-bottom: 40px !important;}\u00a0\u00bb][vc_row][vc_column][vc_empty_space height=\u00a0\u00bb80px\u00a0\u00bb][vc_custom_heading text=\u00a0\u00bbRenforcer la s\u00e9curit\u00e9 des donn\u00e9es et des ressources\u00a0: accorder l&rsquo;acc\u00e8s aux bonnes mains\u00a0\u00bb font_container=\u00a0\u00bbtag:h3|text_align:center\u00a0\u00bb use_theme_fonts=\u00a0\u00bbyes\u00a0\u00bb][vc_empty_space height=\u00a0\u00bb40px\u00a0\u00bb][vc_column_text]<strong>Outils de gestion Active Directory\u00a0:<\/strong><\/p>\n<p>ADManager Plus (Onprem, MSP)<\/p>\n<p>ADManager Plus est une solution de gouvernance et d&rsquo;administration des identit\u00e9s (IGA) de premier plan, adapt\u00e9e aux entreprises. Il int\u00e8gre de mani\u00e8re transparente la gestion Active Directory, l&rsquo;\u00e9valuation des risques, la surveillance du cycle de vie des identit\u00e9s, la rationalisation des flux de travail et l&rsquo;int\u00e9gration transparente, garantissant une approche sans tracas de la gestion des identit\u00e9s au sein de l&rsquo;entreprise.<\/p>\n<p>ADManager Plus est con\u00e7u pour simplifier la gestion et la cr\u00e9ation de rapports Active Directory, am\u00e9liorer la s\u00e9curit\u00e9 et optimiser les t\u00e2ches administratives dans les environnements AD. Il s&rsquo;agit d&rsquo;un outil pr\u00e9cieux pour les administrateurs informatiques, les techniciens du service d&rsquo;assistance et les autres parties prenantes impliqu\u00e9es dans la gestion d&rsquo;Active Directory dans les organisations.<\/p>\n<p>Caract\u00e9ristiques:<\/p>\n<ul>\n<li>G\u00e9rez efficacement les comptes et les groupes d&rsquo;utilisateurs, y compris la cr\u00e9ation, la modification, la suppression et les op\u00e9rations group\u00e9es.<\/li>\n<li>Automatisez les t\u00e2ches de gestion AD de routine pour r\u00e9duire les efforts manuels et am\u00e9liorer l&rsquo;efficacit\u00e9 globale.<\/li>\n<li>Proposer un portail en libre-service permettant aux utilisateurs finaux et aux techniciens du service d&rsquo;assistance de g\u00e9rer les attributs de leur compte de mani\u00e8re ind\u00e9pendante.<\/li>\n<li>Appliquez les r\u00e8gles de s\u00e9curit\u00e9, g\u00e9rez les autorisations, les appartenances aux groupes et les droits d&rsquo;acc\u00e8s pour garantir un environnement s\u00e9curis\u00e9.<\/li>\n<li>Facilitez la gestion s\u00e9curis\u00e9e des mots de passe gr\u00e2ce \u00e0 des fonctionnalit\u00e9s telles que la r\u00e9initialisation des mots de passe en libre-service et l&rsquo;application des r\u00e8gles.<\/li>\n<li>G\u00e9n\u00e9rez un large \u00e9ventail de rapports pr\u00e9d\u00e9finis et personnalis\u00e9s \u00e0 des fins de surveillance, d&rsquo;audit et de conformit\u00e9.<\/li>\n<li>Cr\u00e9ez des flux de travail personnalis\u00e9s pour automatiser les processus complexes de gestion AD et am\u00e9liorer ainsi l&rsquo;efficacit\u00e9 op\u00e9rationnelle.<\/li>\n<li>G\u00e9rez les t\u00e2ches li\u00e9es \u00e0 Exchange, notamment les attributs de bo\u00eete aux lettres, les groupes de distribution et d&rsquo;autres fonctionnalit\u00e9s Exchange au sein de l&rsquo;environnement AD.<\/li>\n<li>Fournissez un acc\u00e8s d\u00e9l\u00e9gu\u00e9 en fonction des r\u00f4les, garantissant des niveaux d&rsquo;acc\u00e8s appropri\u00e9s pour les diff\u00e9rents utilisateurs et \u00e9quipes.<\/li>\n<\/ul>\n<p>[\/vc_column_text][vc_empty_space height=\u00a0\u00bb40px\u00a0\u00bb][vc_video link=\u00a0\u00bbhttps:\/\/youtu.be\/Wl2-Or_wwMg\u00a0\u00bb][vc_empty_space height=\u00a0\u00bb40px\u00a0\u00bb][vc_column_text]<strong>ADSelfService Plus (Onprem)<\/strong><\/p>\n<p>ADSelfService Plus est un autre produit propos\u00e9 par ManageEngine, con\u00e7u pour simplifier et am\u00e9liorer la gestion des mots de passe et les capacit\u00e9s de libre-service pour les utilisateurs d&rsquo;Active Directory (AD). Il s&rsquo;agit d&rsquo;une solution compl\u00e8te qui permet aux utilisateurs finaux de g\u00e9rer leurs mots de passe et leurs comptes sans assistance informatique, r\u00e9duisant ainsi la charge de travail des services d&rsquo;assistance et des administrateurs informatiques.<\/p>\n<p>Il offre une visibilit\u00e9 et un contr\u00f4le complets sur les identit\u00e9s dans les configurations sur site, cloud et hybrides, fournissant ainsi une solution de s\u00e9curit\u00e9 globale pour votre entreprise.<\/p>\n<p>Caract\u00e9ristiques:<\/p>\n<ul>\n<li>Permet aux utilisateurs de r\u00e9initialiser leurs mots de passe oubli\u00e9s ou de d\u00e9verrouiller leurs comptes en toute s\u00e9curit\u00e9 sans recourir \u00e0 l&rsquo;assistance informatique.<\/li>\n<li>Am\u00e9liore la s\u00e9curit\u00e9 en int\u00e9grant des m\u00e9thodes d&rsquo;authentification multifacteur pour la v\u00e9rification de l&rsquo;identit\u00e9 lors de la r\u00e9initialisation des mots de passe et du d\u00e9verrouillage des comptes.<\/li>\n<li>Permet aux utilisateurs de d\u00e9verrouiller eux-m\u00eames leurs comptes verrouill\u00e9s, ce qui am\u00e9liore leur productivit\u00e9 et r\u00e9duit les appels au service d&rsquo;assistance.<\/li>\n<li>Applique des politiques de mot de passe strictes et garantit le respect des normes de s\u00e9curit\u00e9 afin d&rsquo;am\u00e9liorer la s\u00e9curit\u00e9 globale de l&rsquo;organisation.<\/li>\n<li>Envoie des notifications proactives aux utilisateurs concernant les expirations de mots de passe \u00e0 venir, les invitant \u00e0 modifier leurs mots de passe en temps opportun.<\/li>\n<li>Synchronise les mots de passe sur diverses plates-formes et applications, garantissant ainsi la coh\u00e9rence et la facilit\u00e9 d&rsquo;utilisation pour les utilisateurs.<\/li>\n<li>Permet aux utilisateurs d&rsquo;afficher l&rsquo;historique des modifications de leur mot de passe, ce qui assure la transparence et permet aux utilisateurs de suivre l&rsquo;activit\u00e9 de leur compte.<\/li>\n<li>Fournit une application mobile qui permet aux utilisateurs de r\u00e9initialiser leurs mots de passe et de g\u00e9rer facilement leurs comptes depuis leurs appareils mobiles.<\/li>\n<li>\u00a0Permet aux utilisateurs de mettre \u00e0 jour leurs informations personnelles dans l&rsquo;annuaire, r\u00e9duisant ainsi les frais administratifs et conservant des donn\u00e9es utilisateur pr\u00e9cises.<\/li>\n<\/ul>\n<p>[\/vc_column_text][vc_empty_space height=\u00a0\u00bb40px\u00a0\u00bb][vc_single_image image=\u00a0\u00bb4721&Prime; img_size=\u00a0\u00bbfull\u00a0\u00bb][vc_empty_space height=\u00a0\u00bb40px\u00a0\u00bb][vc_column_text]<strong>Exchange Reporter Plus (Onprem)<\/strong><\/p>\n<p>ExchangeReporter Plus est un outil sp\u00e9cialis\u00e9 con\u00e7u pour suivre et signaler les modifications au sein de votre environnement MS Exchange. Il rassemble des donn\u00e9es essentielles sur votre infrastructure de messagerie et les pr\u00e9sente aux administrateurs sous forme de rapports, de graphiques et de diagrammes perspicaces. Ce logiciel se distingue par un audit m\u00e9ticuleux des autorisations critiques et des modifications de propri\u00e9t\u00e9s, ce qui en fait la solution parfaite pour r\u00e9pondre aux besoins Exchange de votre organisation.<\/p>\n<p>Il offre une gamme de fonctionnalit\u00e9s pour surveiller, analyser et g\u00e9n\u00e9rer des rapports sur divers aspects de Microsoft Exchange Server.<\/p>\n<p>Caract\u00e9ristiques:<\/p>\n<ul>\n<li>Fournit un large \u00e9ventail de rapports et de tableaux de bord pr\u00e9d\u00e9finis pour offrir des informations sur les performances d&rsquo;Exchange Server, l&rsquo;utilisation des bo\u00eetes aux lettres, les mod\u00e8les de trafic, etc.<\/li>\n<li>Permet une gestion efficace des bo\u00eetes aux lettres Exchange, le suivi de la taille des bo\u00eetes aux lettres, des bo\u00eetes aux lettres inactives et l&rsquo;identification des bo\u00eetes aux lettres inutilis\u00e9es afin d&rsquo;optimiser leur utilisation.<\/li>\n<li>Permet la surveillance et la gestion des dossiers publics, des autorisations et du contenu, garantissant ainsi une utilisation et une s\u00e9curit\u00e9 appropri\u00e9es.<\/li>\n<li>Rationalise la gestion des listes de distribution, en offrant des informations sur l&rsquo;adh\u00e9sion aux listes de distribution et les mod\u00e8les d&rsquo;utilisation.<\/li>\n<li>Surveille l&rsquo;\u00e9tat, les performances et divers composants d&rsquo;Exchange Server, en fournissant des alertes en temps r\u00e9el en cas d&rsquo;\u00e9v\u00e9nements et de probl\u00e8mes critiques.<\/li>\n<li>Suive les e-mails, surveille le trafic des messages et analyse la livraison des e-mails pour identifier les probl\u00e8mes de livraison potentiels et optimiser le flux des messages.<\/li>\n<li>Contribue \u00e0 la conformit\u00e9 en g\u00e9n\u00e9rant des rapports sur le suivi des messages, les bo\u00eetes aux lettres, les dossiers publics, etc., et prend en charge les audits de conformit\u00e9.<\/li>\n<li>Analyse les param\u00e8tres de s\u00e9curit\u00e9 et d&rsquo;autorisations pour garantir un environnement Exchange s\u00e9curis\u00e9, en identifiant les vuln\u00e9rabilit\u00e9s potentielles et les acc\u00e8s non autoris\u00e9s.<\/li>\n<\/ul>\n<p>[\/vc_column_text][vc_empty_space height=\u00a0\u00bb40px\u00a0\u00bb][vc_single_image image=\u00a0\u00bb4729&Prime; img_size=\u00a0\u00bbfull\u00a0\u00bb][vc_empty_space height=\u00a0\u00bb40px\u00a0\u00bb][vc_column_text]<strong>Outils de gestion des acc\u00e8s privil\u00e9gi\u00e9s\u00a0:<\/strong><\/p>\n<p>Access Manager Plus (sur site)<\/p>\n<p>ManageEngine Access Manager Plus (AMP) se pr\u00e9sente comme une solution de gestion de sessions privil\u00e9gi\u00e9es en ligne. Il r\u00e9git efficacement l&rsquo;acc\u00e8s aux syst\u00e8mes distants via des canaux s\u00e9curis\u00e9s, le tout g\u00e9r\u00e9 depuis une console centrale. En int\u00e9grant des fonctionnalit\u00e9s d&rsquo;audit robustes, il offre une transparence totale sur l&rsquo;utilisation des acc\u00e8s privil\u00e9gi\u00e9s. Cela permet aux entreprises de superviser et de r\u00e9guler activement les sessions des utilisateurs privil\u00e9gi\u00e9s en temps r\u00e9el, emp\u00eachant ainsi toute utilisation abusive des privil\u00e8ges.<\/p>\n<p>Access Manager Plus fournit une plate-forme centralis\u00e9e pour g\u00e9rer les demandes d&rsquo;acc\u00e8s, appliquer les politiques d&rsquo;acc\u00e8s, rationaliser le provisionnement et le d\u00e9provisionnement des comptes d&rsquo;utilisateurs et garantir la conformit\u00e9 aux politiques et r\u00e9glementations de s\u00e9curit\u00e9.<\/p>\n<p>Les principales fonctionnalit\u00e9s d&rsquo;Access Manager Plus incluent\u00a0:<\/p>\n<ul>\n<li>Permet aux utilisateurs de se connecter \u00e0 plusieurs applications et syst\u00e8mes avec un seul ensemble d&rsquo;identifiants, ce qui am\u00e9liore le confort d&rsquo;utilisation et la s\u00e9curit\u00e9.<\/li>\n<li>Am\u00e9liore la s\u00e9curit\u00e9 en exigeant que les utilisateurs s&rsquo;authentifient \u00e0 l&rsquo;aide de plusieurs m\u00e9thodes (par exemple, mots de passe, OTP, biom\u00e9trie) pour acc\u00e9der.<\/li>\n<li>Permet aux utilisateurs de stocker, g\u00e9rer et r\u00e9initialiser en toute s\u00e9curit\u00e9 les mots de passe de diverses applications et syst\u00e8mes \u00e0 partir d&rsquo;une plate-forme centralis\u00e9e.<\/li>\n<li>Aide \u00e0 g\u00e9rer et \u00e0 surveiller les comptes d&rsquo;utilisateurs privil\u00e9gi\u00e9s et l&rsquo;acc\u00e8s aux syst\u00e8mes critiques, r\u00e9duisant ainsi le risque d&rsquo;acc\u00e8s non autoris\u00e9 et d&rsquo;utilisation abusive.<\/li>\n<li>Permet aux administrateurs de d\u00e9finir des r\u00f4les avec des autorisations sp\u00e9cifiques et d&rsquo;attribuer ces r\u00f4les aux utilisateurs, garantissant ainsi un acc\u00e8s appropri\u00e9 en fonction de leurs responsabilit\u00e9s.<\/li>\n<li>Automatise le processus d&rsquo;octroi ou de r\u00e9vocation de l&rsquo;acc\u00e8s aux applications et aux syst\u00e8mes en fonction des r\u00f4les des utilisateurs et des modifications de leur statut au sein de l&rsquo;organisation.<\/li>\n<li>Fournit une vue compl\u00e8te des identit\u00e9s des utilisateurs, des droits d&rsquo;acc\u00e8s et des autorisations pour r\u00e9pondre aux exigences de conformit\u00e9 et garantir le respect des r\u00e8gles.<\/li>\n<li>Propose des pistes d&rsquo;audit d\u00e9taill\u00e9es, des rapports et des alertes pour surveiller et suivre les activit\u00e9s des utilisateurs, contribuant ainsi au respect des r\u00e9glementations du secteur et des normes de s\u00e9curit\u00e9.<\/li>\n<\/ul>\n<p>[\/vc_column_text][vc_empty_space height=\u00a0\u00bb40px\u00a0\u00bb][vc_single_image image=\u00a0\u00bb4731&Prime; img_size=\u00a0\u00bbfull\u00a0\u00bb][vc_empty_space height=\u00a0\u00bb40px\u00a0\u00bb][\/vc_column][\/vc_row][\/vc_section]<\/p>\n","protected":false},"excerpt":{"rendered":"<p>[vc_section bg_position=\u00a0\u00bbcenter center\u00a0\u00bb css=\u00a0\u00bb.vc_custom_1652634997651{background: #2167a0 url(https:\/\/proyacorp.ca\/wp-content\/uploads\/2022\/05\/HOPEX-IRM-Integrated-Risk-Management.jpg?id=2043) !important;background-position: center !important;background-repeat: no-repeat !important;background-size: cover !important;}\u00a0\u00bb el_class=\u00a0\u00bbmask\u00a0\u00bb][vc_row css=\u00a0\u00bb.vc_custom_1667172401734{padding-top: 120px !important;padding-bottom: 100px !important;}\u00a0\u00bb el_class=\u00a0\u00bbproya-header\u00a0\u00bb][vc_column width=\u00a0\u00bb5\/6&Prime;][vc_custom_heading text=\u00a0\u00bbnos solutions\u00a0\u00bb font_container=\u00a0\u00bbtag:div|font_size:3rem|text_align:left|color:%23ffffff\u00a0\u00bb use_theme_fonts=\u00a0\u00bbyes\u00a0\u00bb css_animation=\u00a0\u00bbfadeInUp\u00a0\u00bb css=\u00a0\u00bb.vc_custom_1696628708696{margin-left: 3px !important;}\u00a0\u00bb el_class=\u00a0\u00bbdelay-1 custom-hd\u00a0\u00bb][vc_empty_space height=\u00a0\u00bb20px\u00a0\u00bb][vc_custom_heading text=\u00a0\u00bbGestion des identit\u00e9s et des acc\u00e8s\u00a0\u00bb font_container=\u00a0\u00bbtag:h2|font_size:3.3rem|text_align:left|color:%23ffffff|line_height:1&Prime; use_theme_fonts=\u00a0\u00bbyes\u00a0\u00bb css_animation=\u00a0\u00bbfadeInUp\u00a0\u00bb el_class=\u00a0\u00bbcustom-hd delay-2&Prime;][vc_separator color=\u00a0\u00bbwhite\u00a0\u00bb align=\u00a0\u00bbalign_left\u00a0\u00bb border_width=\u00a0\u00bb5&Prime; el_width=\u00a0\u00bb10&Prime; css_animation=\u00a0\u00bbfadeInUp\u00a0\u00bb el_class=\u00a0\u00bbdelay-4&Prime; css=\u00a0\u00bb.vc_custom_1540432371541{margin-bottom: 50px !important;margin-left: 5px !important;padding-top: 15px [&hellip;]<\/p>\n","protected":false},"author":1,"featured_media":0,"parent":0,"menu_order":0,"comment_status":"closed","ping_status":"closed","template":"tmpl\/template-fullwidth.php","meta":{"footnotes":""},"class_list":["post-4754","page","type-page","status-publish","hentry"],"acf":[],"aioseo_notices":[],"_links":{"self":[{"href":"https:\/\/proyacorp.ca\/fr\/wp-json\/wp\/v2\/pages\/4754","targetHints":{"allow":["GET"]}}],"collection":[{"href":"https:\/\/proyacorp.ca\/fr\/wp-json\/wp\/v2\/pages"}],"about":[{"href":"https:\/\/proyacorp.ca\/fr\/wp-json\/wp\/v2\/types\/page"}],"author":[{"embeddable":true,"href":"https:\/\/proyacorp.ca\/fr\/wp-json\/wp\/v2\/users\/1"}],"replies":[{"embeddable":true,"href":"https:\/\/proyacorp.ca\/fr\/wp-json\/wp\/v2\/comments?post=4754"}],"version-history":[{"count":2,"href":"https:\/\/proyacorp.ca\/fr\/wp-json\/wp\/v2\/pages\/4754\/revisions"}],"predecessor-version":[{"id":4756,"href":"https:\/\/proyacorp.ca\/fr\/wp-json\/wp\/v2\/pages\/4754\/revisions\/4756"}],"wp:attachment":[{"href":"https:\/\/proyacorp.ca\/fr\/wp-json\/wp\/v2\/media?parent=4754"}],"curies":[{"name":"wp","href":"https:\/\/api.w.org\/{rel}","templated":true}]}}