{"id":4760,"date":"2023-10-06T17:05:33","date_gmt":"2023-10-06T21:05:33","guid":{"rendered":"https:\/\/proyacorp.ca\/it-operations-management\/"},"modified":"2023-10-06T17:51:12","modified_gmt":"2023-10-06T21:51:12","slug":"gestion-des-operations-informatiques","status":"publish","type":"page","link":"https:\/\/proyacorp.ca\/fr\/gestion-des-operations-informatiques\/","title":{"rendered":"Gestion des op\u00e9rations informatiques"},"content":{"rendered":"<p>[vc_section bg_position=\u00a0\u00bbcenter center\u00a0\u00bb css=\u00a0\u00bb.vc_custom_1669751795589{background: #af3462 url(https:\/\/proyacorp.ca\/wp-content\/uploads\/2022\/05\/ArchiMate.jpg?id=2491) !important;background-position: center !important;background-repeat: no-repeat !important;background-size: cover !important;}\u00a0\u00bb el_class=\u00a0\u00bbmask\u00a0\u00bb][vc_row css=\u00a0\u00bb.vc_custom_1667172829365{padding-top: 120px !important;padding-bottom: 100px !important;}\u00a0\u00bb el_class=\u00a0\u00bbproya-header\u00a0\u00bb][vc_column width=\u00a0\u00bb5\/6&Prime;][vc_custom_heading text=\u00a0\u00bbnos solutions\u00a0\u00bb font_container=\u00a0\u00bbtag:div|font_size:3rem|text_align:left|color:%23ffffff\u00a0\u00bb use_theme_fonts=\u00a0\u00bbyes\u00a0\u00bb css_animation=\u00a0\u00bbfadeInUp\u00a0\u00bb css=\u00a0\u00bb.vc_custom_1696629015369{margin-left: 3px !important;}\u00a0\u00bb el_class=\u00a0\u00bbdelay-1 custom-hd\u00a0\u00bb][vc_empty_space height=\u00a0\u00bb20px\u00a0\u00bb][vc_custom_heading text=\u00a0\u00bbGestion des op\u00e9rations informatiques\u00a0\u00bb font_container=\u00a0\u00bbtag:h2|font_size:3.3rem|text_align:left|color:%23ffffff|line_height:1&Prime; use_theme_fonts=\u00a0\u00bbyes\u00a0\u00bb css_animation=\u00a0\u00bbfadeInUp\u00a0\u00bb el_class=\u00a0\u00bbcustom-hd delay-2&Prime;][vc_separator color=\u00a0\u00bbwhite\u00a0\u00bb align=\u00a0\u00bbalign_left\u00a0\u00bb border_width=\u00a0\u00bb5&Prime; el_width=\u00a0\u00bb10&Prime; css_animation=\u00a0\u00bbfadeInUp\u00a0\u00bb el_class=\u00a0\u00bbdelay-4&Prime; css=\u00a0\u00bb.vc_custom_1540432371541{margin-bottom: 50px !important;margin-left: 5px !important;padding-top: 15px !important;}\u00a0\u00bb][vc_column_text css_animation=\u00a0\u00bbfadeInUp\u00a0\u00bb css=\u00a0\u00bb.vc_custom_1696629069538{margin-left: 3px !important;}\u00a0\u00bb el_class=\u00a0\u00bbdelay-3&Prime;]<a class=\"button line\" href=\"https:\/\/proyacorp.ca\/fr\/contactez-nous\/\">CONTACTEZ-NOUS D\u00c8S AUJOURD\u2019HUI.<\/a>[\/vc_column_text][\/vc_column][vc_column width=\u00a0\u00bb1\/6&Prime;][\/vc_column][\/vc_row][\/vc_section][vc_section css_animation=\u00a0\u00bbnone\u00a0\u00bb css=\u00a0\u00bb.vc_custom_1651960199883{padding-bottom: 40px !important;}\u00a0\u00bb][vc_row][vc_column][vc_empty_space height=\u00a0\u00bb80px\u00a0\u00bb][vc_custom_heading text=\u00a0\u00bbITOM de premier plan\u00a0: performances optimales, excellence abordable\u00a0\u00bb font_container=\u00a0\u00bbtag:h3|text_align:center\u00a0\u00bb use_theme_fonts=\u00a0\u00bbyes\u00a0\u00bb][vc_empty_space height=\u00a0\u00bb40px\u00a0\u00bb][vc_column_text]<strong>Outils de surveillance des performances du r\u00e9seau et des serveurs\u00a0:<\/strong><\/p>\n<p>OpManager (Onprem, MSP)<\/p>\n<p>OpManager est un logiciel de gestion de r\u00e9seau d\u00e9velopp\u00e9 par ManageEngine. Il est con\u00e7u pour fournir des capacit\u00e9s de surveillance et de gestion de bout en bout pour les r\u00e9seaux informatiques d&rsquo;entreprise. OpManager aide les \u00e9quipes informatiques \u00e0 surveiller et \u00e0 g\u00e9rer les performances du r\u00e9seau, les pannes, les appareils, les applications et autres composants critiques de l&rsquo;infrastructure informatique d&rsquo;une organisation.<\/p>\n<p>Il fournit des fonctionnalit\u00e9s sophistiqu\u00e9es pour la d\u00e9tection des pannes et la gestion des performances du r\u00e9seau sur les actifs informatiques essentiels, englobant les p\u00e9riph\u00e9riques r\u00e9seau, les liaisons WAN ou VoIP, les serveurs, les serveurs virtuels (y compris VMware et Hyper-V), les contr\u00f4leurs de domaine, MS Exchange, MS SQL et divers autres. composants de l\u2019infrastructure informatique.<\/p>\n<p>Les principales fonctionnalit\u00e9s d&rsquo;OpManager incluent\u00a0:<\/p>\n<ul>\n<li>Surveillance en temps r\u00e9el des p\u00e9riph\u00e9riques r\u00e9seau, des serveurs, des routeurs, des commutateurs et d&rsquo;autres composants r\u00e9seau pour garantir des performances optimales.<\/li>\n<li>D\u00e9tection et alertes des pannes et des probl\u00e8mes sur le r\u00e9seau, permettant un d\u00e9pannage et une r\u00e9solution rapides.<\/li>\n<li>Surveillance et analyse continues des performances du r\u00e9seau pour identifier les goulots d&rsquo;\u00e9tranglement potentiels et optimiser l&rsquo;efficacit\u00e9 du r\u00e9seau.<\/li>\n<li>Surveiller et g\u00e9rer les performances des applications ex\u00e9cut\u00e9es sur le r\u00e9seau pour garantir une exp\u00e9rience utilisateur optimale.<\/li>\n<li>Suivi et gestion des configurations r\u00e9seau pour garantir la conformit\u00e9 aux r\u00e8gles et normes de l&rsquo;organisation.<\/li>\n<li>Surveiller et g\u00e9rer les environnements de serveurs virtuels, notamment VMware et Hyper-V, pour optimiser les performances et l&rsquo;utilisation des ressources.<\/li>\n<li>Surveiller l&rsquo;infrastructure VoIP pour garantir la qualit\u00e9 et la fiabilit\u00e9 des communications vocales.<\/li>\n<li>Surveiller les performances et l&rsquo;\u00e9tat des serveurs, notamment Windows, Linux et diverses autres plates-formes de serveur.<\/li>\n<li>Gestion compl\u00e8te de divers composants de l&rsquo;infrastructure informatique, notamment les contr\u00f4leurs de domaine, les bases de donn\u00e9es (par exemple, MS SQL), et bien plus encore.<\/li>\n<\/ul>\n<p>[\/vc_column_text][vc_empty_space height=\u00a0\u00bb40px\u00a0\u00bb][vc_video link=\u00a0\u00bbhttps:\/\/youtu.be\/pnvHQJLwIgU?list=PL0FkrkKW27nN7N5Yy3hEDBGhPwDG8xyJ_\u00a0\u00bb align=\u00a0\u00bbcenter\u00a0\u00bb][vc_empty_space height=\u00a0\u00bb40px\u00a0\u00bb][vc_column_text]<strong>NetFlow\u00a0Analyseur (Onprem)<\/strong><\/p>\n<p>NetFlow Analyzer est un outil d&rsquo;analyse et de surveillance du trafic r\u00e9seau qui offre une visibilit\u00e9 approfondie des mod\u00e8les de trafic r\u00e9seau et aide \u00e0 comprendre le comportement du r\u00e9seau.<\/p>\n<p>Il exploite les technologies de flux pour offrir une visibilit\u00e9 en temps r\u00e9el sur les performances de la bande passante du r\u00e9seau. Son objectif principal r\u00e9side dans la surveillance de la bande passante, b\u00e9n\u00e9ficiant \u00e0 de nombreux r\u00e9seaux dans le monde en fournissant une compr\u00e9hension compl\u00e8te de la bande passante du r\u00e9seau et des comportements du trafic. Il englobe une vue globale, englobant le trafic r\u00e9seau, l&rsquo;\u00e9tat de s\u00e9curit\u00e9, les niveaux SLA, les politiques de QoS, l&rsquo;efficacit\u00e9 du WAAS et le flux du trafic VoIP et vid\u00e9o.<\/p>\n<p>Les principales caract\u00e9ristiques sont\u00a0:<\/p>\n<ul>\n<li>Collecte et analyse les donn\u00e9es du trafic r\u00e9seau, telles que les adresses IP source et de destination, les protocoles, les ports, etc., pour obtenir des informations sur les mod\u00e8les de trafic r\u00e9seau.<\/li>\n<li>Surveille l&rsquo;utilisation de la bande passante et aide \u00e0 identifier les zones \u00e0 fort trafic, permettant ainsi une meilleure planification et optimisation de la capacit\u00e9 du r\u00e9seau.<\/li>\n<li>Fournit des donn\u00e9es historiques et des analyses d\u00e9taill\u00e9es pour enqu\u00eater sur les anomalies du r\u00e9seau, les incidents de s\u00e9curit\u00e9 et les menaces potentielles.<\/li>\n<li>Analyse le trafic au niveau des applications pour \u00e9valuer les performances des applications et r\u00e9soudre les probl\u00e8mes affectant la livraison des applications.<\/li>\n<li>D\u00e9tecte et alerte en cas d&rsquo;activit\u00e9 r\u00e9seau suspecte ou malveillante, facilitant ainsi la surveillance de la s\u00e9curit\u00e9 du r\u00e9seau et la d\u00e9tection des menaces.<\/li>\n<li>G\u00e9n\u00e8re divers rapports et visualisations bas\u00e9s sur les donn\u00e9es NetFlow, permettant aux administrateurs de comprendre les tendances et les performances du r\u00e9seau au fil du temps.<\/li>\n<li>Prend en charge la collecte de donn\u00e9es de flux \u00e0 partir de plusieurs p\u00e9riph\u00e9riques r\u00e9seau, en regroupant les informations pour une analyse compl\u00e8te.<\/li>\n<li>Aide \u00e0 la planification de la capacit\u00e9 en identifiant les probl\u00e8mes potentiels de capacit\u00e9 du r\u00e9seau et en recommandant des mises \u00e0 niveau ou des ajustements.<\/li>\n<li>Aide \u00e0 appliquer les politiques du r\u00e9seau en surveillant et en cr\u00e9ant des rapports sur le respect des politiques et des r\u00e8gles \u00e9tablies.<\/li>\n<\/ul>\n<p>[\/vc_column_text][vc_empty_space height=\u00a0\u00bb40px\u00a0\u00bb][vc_video link=\u00a0\u00bbhttps:\/\/youtu.be\/LGeD1xqnN6o?list=PL0FkrkKW27nNzi2LMNzzaqv12f9rd4DJy\u00a0\u00bb align=\u00a0\u00bbcenter\u00a0\u00bb][vc_empty_space height=\u00a0\u00bb40px\u00a0\u00bb][vc_column_text]<strong>Outils de surveillance des performances des applications<\/strong><\/p>\n<p>Gestionnaire d&rsquo;applications (Onprem)<\/p>\n<p>Applications Manager est un logiciel de surveillance des performances des applications. Il est con\u00e7u pour fournir une surveillance et une gestion compl\u00e8tes des applications, des serveurs, des bases de donn\u00e9es et d&rsquo;autres composants de l&rsquo;infrastructure informatique. Il offre une visibilit\u00e9 approfondie sur les performances et l\u2019exp\u00e9rience utilisateur des applications et composants d\u2019infrastructure critiques pour l\u2019entreprise. Il permet d&rsquo;isoler et de r\u00e9soudre rapidement les probl\u00e8mes de performances sur l&rsquo;ensemble de la pile d&rsquo;applications, de l&rsquo;URL \u00e0 la ligne de code.<\/p>\n<p>Les principales caract\u00e9ristiques et fonctionnalit\u00e9s d&rsquo;Applications Manager incluent\u00a0:<\/p>\n<ul>\n<li>Surveille les performances des applications en temps r\u00e9el, en suivant les temps de r\u00e9ponse, les transactions et les exp\u00e9riences des utilisateurs afin d&rsquo;identifier les goulots d&rsquo;\u00e9tranglement et d&rsquo;optimiser les performances des applications.<\/li>\n<li>Surveille l&rsquo;\u00e9tat du serveur et les mesures de performances, notamment l&rsquo;utilisation du processeur, de la m\u00e9moire, de l&rsquo;espace disque, etc., pour garantir des performances optimales du serveur.<\/li>\n<li>Surveille les bases de donn\u00e9es (par exemple, SQL Server, Oracle, MySQL) pour suivre les performances des bases de donn\u00e9es, les performances des requ\u00eates et l&rsquo;\u00e9tat g\u00e9n\u00e9ral de la base de donn\u00e9es afin d&rsquo;optimiser les op\u00e9rations de la base de donn\u00e9es.<\/li>\n<li>Surveille les sites Web et les services Web pour suivre la disponibilit\u00e9, les temps de r\u00e9ponse et les v\u00e9rifications de contenu afin de garantir une exp\u00e9rience utilisateur fluide.<\/li>\n<li>Surveille les environnements virtualis\u00e9s (par exemple, VMware, Hyper-V) pour suivre les performances des machines virtuelles, l&rsquo;utilisation des ressources et l&rsquo;\u00e9tat de la virtualisation.<\/li>\n<li>Surveille les plates-formes cloud (par exemple, AWS, Azure) pour suivre l&rsquo;utilisation, les performances et les co\u00fbts des ressources cloud afin d&rsquo;optimiser l&rsquo;utilisation du cloud.<\/li>\n<li>Fournit des fonctionnalit\u00e9s de surveillance du r\u00e9seau pour suivre les performances des appareils r\u00e9seau, l&rsquo;utilisation de la bande passante, la latence du r\u00e9seau, etc., pour une gestion efficace du r\u00e9seau.<\/li>\n<li>Envoie des alertes et des notifications en temps r\u00e9el via diff\u00e9rents canaux (e-mail, SMS, interruptions SNMP) pour informer les \u00e9quipes informatiques des probl\u00e8mes de performances et des probl\u00e8mes potentiels.<\/li>\n<li>Permet aux utilisateurs de cr\u00e9er des tableaux de bord et des rapports personnalis\u00e9s pour visualiser les donn\u00e9es de performances et g\u00e9n\u00e9rer des informations permettant une meilleure prise de d\u00e9cision.<\/li>\n<\/ul>\n<p>[\/vc_column_text][vc_empty_space height=\u00a0\u00bb40px\u00a0\u00bb][vc_video link=\u00a0\u00bbhttps:\/\/youtu.be\/Axlv27dXVBw\u00a0\u00bb align=\u00a0\u00bbcenter\u00a0\u00bb][vc_empty_space height=\u00a0\u00bb40px\u00a0\u00bb][\/vc_column][\/vc_row][\/vc_section]<\/p>\n","protected":false},"excerpt":{"rendered":"<p>[vc_section bg_position=\u00a0\u00bbcenter center\u00a0\u00bb css=\u00a0\u00bb.vc_custom_1669751795589{background: #af3462 url(https:\/\/proyacorp.ca\/wp-content\/uploads\/2022\/05\/ArchiMate.jpg?id=2491) !important;background-position: center !important;background-repeat: no-repeat !important;background-size: cover !important;}\u00a0\u00bb el_class=\u00a0\u00bbmask\u00a0\u00bb][vc_row css=\u00a0\u00bb.vc_custom_1667172829365{padding-top: 120px !important;padding-bottom: 100px !important;}\u00a0\u00bb el_class=\u00a0\u00bbproya-header\u00a0\u00bb][vc_column width=\u00a0\u00bb5\/6&Prime;][vc_custom_heading text=\u00a0\u00bbnos solutions\u00a0\u00bb font_container=\u00a0\u00bbtag:div|font_size:3rem|text_align:left|color:%23ffffff\u00a0\u00bb use_theme_fonts=\u00a0\u00bbyes\u00a0\u00bb css_animation=\u00a0\u00bbfadeInUp\u00a0\u00bb css=\u00a0\u00bb.vc_custom_1696629015369{margin-left: 3px !important;}\u00a0\u00bb el_class=\u00a0\u00bbdelay-1 custom-hd\u00a0\u00bb][vc_empty_space height=\u00a0\u00bb20px\u00a0\u00bb][vc_custom_heading text=\u00a0\u00bbGestion des op\u00e9rations informatiques\u00a0\u00bb font_container=\u00a0\u00bbtag:h2|font_size:3.3rem|text_align:left|color:%23ffffff|line_height:1&Prime; use_theme_fonts=\u00a0\u00bbyes\u00a0\u00bb css_animation=\u00a0\u00bbfadeInUp\u00a0\u00bb el_class=\u00a0\u00bbcustom-hd delay-2&Prime;][vc_separator color=\u00a0\u00bbwhite\u00a0\u00bb align=\u00a0\u00bbalign_left\u00a0\u00bb border_width=\u00a0\u00bb5&Prime; el_width=\u00a0\u00bb10&Prime; css_animation=\u00a0\u00bbfadeInUp\u00a0\u00bb el_class=\u00a0\u00bbdelay-4&Prime; css=\u00a0\u00bb.vc_custom_1540432371541{margin-bottom: 50px !important;margin-left: 5px !important;padding-top: 15px !important;}\u00a0\u00bb][vc_column_text css_animation=\u00a0\u00bbfadeInUp\u00a0\u00bb [&hellip;]<\/p>\n","protected":false},"author":1,"featured_media":0,"parent":0,"menu_order":0,"comment_status":"closed","ping_status":"closed","template":"tmpl\/template-fullwidth.php","meta":{"footnotes":""},"class_list":["post-4760","page","type-page","status-publish","hentry"],"acf":[],"aioseo_notices":[],"_links":{"self":[{"href":"https:\/\/proyacorp.ca\/fr\/wp-json\/wp\/v2\/pages\/4760","targetHints":{"allow":["GET"]}}],"collection":[{"href":"https:\/\/proyacorp.ca\/fr\/wp-json\/wp\/v2\/pages"}],"about":[{"href":"https:\/\/proyacorp.ca\/fr\/wp-json\/wp\/v2\/types\/page"}],"author":[{"embeddable":true,"href":"https:\/\/proyacorp.ca\/fr\/wp-json\/wp\/v2\/users\/1"}],"replies":[{"embeddable":true,"href":"https:\/\/proyacorp.ca\/fr\/wp-json\/wp\/v2\/comments?post=4760"}],"version-history":[{"count":2,"href":"https:\/\/proyacorp.ca\/fr\/wp-json\/wp\/v2\/pages\/4760\/revisions"}],"predecessor-version":[{"id":4762,"href":"https:\/\/proyacorp.ca\/fr\/wp-json\/wp\/v2\/pages\/4760\/revisions\/4762"}],"wp:attachment":[{"href":"https:\/\/proyacorp.ca\/fr\/wp-json\/wp\/v2\/media?parent=4760"}],"curies":[{"name":"wp","href":"https:\/\/api.w.org\/{rel}","templated":true}]}}