{"id":4764,"date":"2023-10-06T17:16:55","date_gmt":"2023-10-06T21:16:55","guid":{"rendered":"https:\/\/proyacorp.ca\/security-information-and-event-management\/"},"modified":"2023-10-06T17:53:22","modified_gmt":"2023-10-06T21:53:22","slug":"gestion-des-informations-de-securite-et-des-evenements","status":"publish","type":"page","link":"https:\/\/proyacorp.ca\/fr\/gestion-des-informations-de-securite-et-des-evenements\/","title":{"rendered":"Gestion des informations de s\u00e9curit\u00e9 et des \u00e9v\u00e9nements"},"content":{"rendered":"<p>[vc_section bg_position=\u00a0\u00bbcenter center\u00a0\u00bb css=\u00a0\u00bb.vc_custom_1669750283629{background: #8224e3 url(https:\/\/proyacorp.ca\/wp-content\/uploads\/2022\/05\/IBM-Rational-DOORS-and-Trainings.jpg?id=2480) !important;background-position: center !important;background-repeat: no-repeat !important;background-size: cover !important;}\u00a0\u00bb el_class=\u00a0\u00bbmask\u00a0\u00bb][vc_row css=\u00a0\u00bb.vc_custom_1667172829365{padding-top: 120px !important;padding-bottom: 100px !important;}\u00a0\u00bb el_class=\u00a0\u00bbproya-header\u00a0\u00bb][vc_column width=\u00a0\u00bb5\/6&Prime;][vc_custom_heading text=\u00a0\u00bbnos solutions\u00a0\u00bb font_container=\u00a0\u00bbtag:div|font_size:3rem|text_align:left|color:%23ffffff\u00a0\u00bb use_theme_fonts=\u00a0\u00bbyes\u00a0\u00bb css_animation=\u00a0\u00bbfadeInUp\u00a0\u00bb css=\u00a0\u00bb.vc_custom_1696629161353{margin-left: 3px !important;}\u00a0\u00bb el_class=\u00a0\u00bbdelay-1 custom-hd\u00a0\u00bb][vc_empty_space height=\u00a0\u00bb20px\u00a0\u00bb][vc_custom_heading text=\u00a0\u00bbGestion des informations de s\u00e9curit\u00e9 et des \u00e9v\u00e9nements\u00a0\u00bb font_container=\u00a0\u00bbtag:h2|font_size:3.3rem|text_align:left|color:%23ffffff|line_height:1&Prime; use_theme_fonts=\u00a0\u00bbyes\u00a0\u00bb css_animation=\u00a0\u00bbfadeInUp\u00a0\u00bb el_class=\u00a0\u00bbcustom-hd delay-2&Prime;][vc_separator color=\u00a0\u00bbwhite\u00a0\u00bb align=\u00a0\u00bbalign_left\u00a0\u00bb border_width=\u00a0\u00bb5&Prime; el_width=\u00a0\u00bb10&Prime; css_animation=\u00a0\u00bbfadeInUp\u00a0\u00bb el_class=\u00a0\u00bbdelay-4&Prime; css=\u00a0\u00bb.vc_custom_1540432371541{margin-bottom: 50px !important;margin-left: 5px !important;padding-top: 15px !important;}\u00a0\u00bb][vc_column_text css_animation=\u00a0\u00bbfadeInUp\u00a0\u00bb css=\u00a0\u00bb.vc_custom_1696629198932{margin-left: 3px !important;}\u00a0\u00bb el_class=\u00a0\u00bbdelay-3&Prime;]<a class=\"button line\" href=\"https:\/\/proyacorp.ca\/fr\/contactez-nous\/\">CONTACTEZ-NOUS D\u00c8S AUJOURD\u2019HUI.<\/a>[\/vc_column_text][\/vc_column][vc_column width=\u00a0\u00bb1\/6&Prime;][\/vc_column][\/vc_row][\/vc_section][vc_section css_animation=\u00a0\u00bbnone\u00a0\u00bb css=\u00a0\u00bb.vc_custom_1651960199883{padding-bottom: 40px !important;}\u00a0\u00bb][vc_row][vc_column][vc_empty_space height=\u00a0\u00bb80px\u00a0\u00bb][vc_custom_heading text=\u00a0\u00bbStay Ahead, Detect Threats, Preserve Business Flow\u00a0\u00bb font_container=\u00a0\u00bbtag:h3|text_align:center\u00a0\u00bb use_theme_fonts=\u00a0\u00bbyes\u00a0\u00bb][vc_empty_space height=\u00a0\u00bb40px\u00a0\u00bb][vc_column_text]<strong>Outils de gestion des journaux et de la conformit\u00e9<\/strong><\/p>\n<p>Analyseur de journaux d&rsquo;\u00e9v\u00e9nements (Onprem)<\/p>\n<p>ManageEngine EventLog Analyzer est un logiciel complet de gestion des journaux et de gestion des informations et des \u00e9v\u00e9nements de s\u00e9curit\u00e9 (SIEM). Il est con\u00e7u pour fournir une collecte, une analyse, une corr\u00e9lation et un archivage en temps r\u00e9el des journaux d&rsquo;\u00e9v\u00e9nements provenant de divers p\u00e9riph\u00e9riques r\u00e9seau, serveurs, applications et syst\u00e8mes. Il s&rsquo;agit d&rsquo;une solution conviviale qui permet aux organisations de collecter, d&rsquo;analyser, de corr\u00e9ler, de cr\u00e9er des rapports, d&rsquo;archiver et de rechercher sans effort dans les journaux. Se distinguant des outils de gestion informatique complexes et co\u00fbteux, EventLog Analyzer se distingue par sa simplicit\u00e9, ne n\u00e9cessitant aucun agent encombrant pour l&rsquo;installation. Il garantit une exp\u00e9rience utilisateur fluide, offrant un acc\u00e8s instantan\u00e9 aux rapports tout en offrant une structure tarifaire respectueuse du budget.<\/p>\n<p>Les principales caract\u00e9ristiques et fonctionnalit\u00e9s d&rsquo;EventLog Analyzer incluent\u00a0:<\/p>\n<ul>\n<li>Collecte et centralise les journaux provenant d&rsquo;un large \u00e9ventail de sources, notamment les p\u00e9riph\u00e9riques r\u00e9seau, les applications, les serveurs, etc., pour une surveillance et une analyse centralis\u00e9es.<\/li>\n<li>Analyse les journaux en temps r\u00e9el pour identifier les incidents de s\u00e9curit\u00e9, les probl\u00e8mes op\u00e9rationnels et les violations de conformit\u00e9 en corr\u00e9lant les \u00e9v\u00e9nements et les mod\u00e8les dans diff\u00e9rents journaux.<\/li>\n<li>Fournit des fonctionnalit\u00e9s SIEM en regroupant et en analysant les donn\u00e9es d&rsquo;\u00e9v\u00e9nements pour d\u00e9tecter et r\u00e9pondre aux menaces et incidents de s\u00e9curit\u00e9.<\/li>\n<li>G\u00e9n\u00e8re des rapports de conformit\u00e9 bas\u00e9s sur les normes r\u00e9glementaires (par exemple, PCI DSS, HIPAA, RGPD), aidant ainsi les organisations \u00e0 respecter les exigences de conformit\u00e9 et \u00e0 r\u00e9ussir les audits.<\/li>\n<li>S&rsquo;int\u00e8gre aux flux de renseignements sur les menaces pour am\u00e9liorer les capacit\u00e9s de d\u00e9tection et de r\u00e9ponse aux menaces.<\/li>\n<li>Utilise des analyses avanc\u00e9es pour d\u00e9tecter les mod\u00e8les de comportement anormaux et les menaces de s\u00e9curit\u00e9 potentielles de la part des utilisateurs et des entit\u00e9s.<\/li>\n<li>Aide \u00e0 la d\u00e9tection des incidents de s\u00e9curit\u00e9 et fournit des workflows de r\u00e9ponse aux incidents et une automatisation pour acc\u00e9l\u00e9rer le processus de gestion des incidents.<\/li>\n<li>Permet aux utilisateurs de cr\u00e9er des tableaux de bord, des alertes et des rapports personnalis\u00e9s pour une meilleure visualisation et un meilleur aper\u00e7u des donn\u00e9es de journaux.<\/li>\n<\/ul>\n<p>[\/vc_column_text][vc_empty_space height=\u00a0\u00bb40px\u00a0\u00bb][vc_single_image image=\u00a0\u00bb4740&Prime; img_size=\u00a0\u00bbfull\u00a0\u00bb][vc_empty_space height=\u00a0\u00bb40px\u00a0\u00bb][vc_column_text]<strong>Analyseur de pare-feu (Onprem)<\/strong><\/p>\n<p>Firewall Analyzer, un logiciel d&rsquo;analyse de journaux et de gestion de configuration sans agent qui aide les administrateurs r\u00e9seau \u00e0 comprendre comment la bande passante est utilis\u00e9e dans leur r\u00e9seau. Il est con\u00e7u pour fournir une s\u00e9curit\u00e9 r\u00e9seau compl\u00e8te et une gestion du pare-feu en analysant les journaux du pare-feu et les p\u00e9riph\u00e9riques r\u00e9seau associ\u00e9s. L&rsquo;objectif principal de Firewall Analyzer est d&rsquo;am\u00e9liorer la s\u00e9curit\u00e9 du r\u00e9seau, d&rsquo;optimiser les performances et de garantir la conformit\u00e9 aux politiques de s\u00e9curit\u00e9 et aux r\u00e9glementations du secteur. Firewall Analyzer est ind\u00e9pendant du fournisseur et prend en charge presque tous les pare-feu de r\u00e9seau open source et commerciaux tels que Check Point, Cisco, Juniper, Fortinet, Palo Alto et plus encore.<\/p>\n<p>Les principales fonctionnalit\u00e9s de ManageEngine Firewall Analyzer incluent\u00a0:<\/p>\n<ul>\n<li>Centralise et analyse les journaux du pare-feu pour identifier les \u00e9v\u00e9nements de s\u00e9curit\u00e9, les mod\u00e8les de trafic, l&rsquo;utilisation des r\u00e8gles et les menaces de s\u00e9curit\u00e9 potentielles.<\/li>\n<li>G\u00e8re les configurations de pare-feu et les contr\u00f4les d&rsquo;acc\u00e8s pour garantir un environnement r\u00e9seau efficace et s\u00e9curis\u00e9.<\/li>\n<li>Offre des informations sur le trafic r\u00e9seau, l&rsquo;utilisation de la bande passante, l&rsquo;utilisation des applications et le comportement des utilisateurs afin d&rsquo;optimiser l&rsquo;allocation des ressources et les performances du r\u00e9seau.<\/li>\n<li>Mette en corr\u00e9lation les informations des journaux de pare-feu et d&rsquo;autres dispositifs de s\u00e9curit\u00e9 pour d\u00e9tecter et alerter en cas d&rsquo;incidents ou de violations de s\u00e9curit\u00e9 potentiels.<\/li>\n<li>G\u00e9n\u00e8re des rapports de conformit\u00e9 bas\u00e9s sur diverses normes r\u00e9glementaires (par exemple, PCI DSS, HIPAA) pour aider les organisations \u00e0 respecter les exigences de conformit\u00e9 et \u00e0 r\u00e9ussir les audits.<\/li>\n<li>Offre une visibilit\u00e9 sur les utilisateurs et les applications acc\u00e9dant au r\u00e9seau via le pare-feu, permettant aux organisations d&rsquo;affiner leurs politiques et d&rsquo;am\u00e9liorer les mesures de s\u00e9curit\u00e9.<\/li>\n<li>Prend en charge une large gamme de pare-feu r\u00e9seau open source et commerciaux, ce qui le rend compatible avec divers fournisseurs de pare-feu tels que Check Point, Cisco, Juniper, Fortinet, Palo Alto, etc.<\/li>\n<\/ul>\n<p>[\/vc_column_text][vc_empty_space height=\u00a0\u00bb40px\u00a0\u00bb][vc_video link=\u00a0\u00bbhttps:\/\/youtu.be\/nufyy_1JUWc\u00a0\u00bb][vc_empty_space height=\u00a0\u00bb40px\u00a0\u00bb][\/vc_column][\/vc_row][\/vc_section]<\/p>\n","protected":false},"excerpt":{"rendered":"<p>[vc_section bg_position=\u00a0\u00bbcenter center\u00a0\u00bb css=\u00a0\u00bb.vc_custom_1669750283629{background: #8224e3 url(https:\/\/proyacorp.ca\/wp-content\/uploads\/2022\/05\/IBM-Rational-DOORS-and-Trainings.jpg?id=2480) !important;background-position: center !important;background-repeat: no-repeat !important;background-size: cover !important;}\u00a0\u00bb el_class=\u00a0\u00bbmask\u00a0\u00bb][vc_row css=\u00a0\u00bb.vc_custom_1667172829365{padding-top: 120px !important;padding-bottom: 100px !important;}\u00a0\u00bb el_class=\u00a0\u00bbproya-header\u00a0\u00bb][vc_column width=\u00a0\u00bb5\/6&Prime;][vc_custom_heading text=\u00a0\u00bbnos solutions\u00a0\u00bb font_container=\u00a0\u00bbtag:div|font_size:3rem|text_align:left|color:%23ffffff\u00a0\u00bb use_theme_fonts=\u00a0\u00bbyes\u00a0\u00bb css_animation=\u00a0\u00bbfadeInUp\u00a0\u00bb css=\u00a0\u00bb.vc_custom_1696629161353{margin-left: 3px !important;}\u00a0\u00bb el_class=\u00a0\u00bbdelay-1 custom-hd\u00a0\u00bb][vc_empty_space height=\u00a0\u00bb20px\u00a0\u00bb][vc_custom_heading text=\u00a0\u00bbGestion des informations de s\u00e9curit\u00e9 et des \u00e9v\u00e9nements\u00a0\u00bb font_container=\u00a0\u00bbtag:h2|font_size:3.3rem|text_align:left|color:%23ffffff|line_height:1&Prime; use_theme_fonts=\u00a0\u00bbyes\u00a0\u00bb css_animation=\u00a0\u00bbfadeInUp\u00a0\u00bb el_class=\u00a0\u00bbcustom-hd delay-2&Prime;][vc_separator color=\u00a0\u00bbwhite\u00a0\u00bb align=\u00a0\u00bbalign_left\u00a0\u00bb border_width=\u00a0\u00bb5&Prime; el_width=\u00a0\u00bb10&Prime; css_animation=\u00a0\u00bbfadeInUp\u00a0\u00bb el_class=\u00a0\u00bbdelay-4&Prime; css=\u00a0\u00bb.vc_custom_1540432371541{margin-bottom: 50px !important;margin-left: 5px [&hellip;]<\/p>\n","protected":false},"author":1,"featured_media":0,"parent":0,"menu_order":0,"comment_status":"closed","ping_status":"closed","template":"tmpl\/template-fullwidth.php","meta":{"footnotes":""},"class_list":["post-4764","page","type-page","status-publish","hentry"],"acf":[],"aioseo_notices":[],"_links":{"self":[{"href":"https:\/\/proyacorp.ca\/fr\/wp-json\/wp\/v2\/pages\/4764","targetHints":{"allow":["GET"]}}],"collection":[{"href":"https:\/\/proyacorp.ca\/fr\/wp-json\/wp\/v2\/pages"}],"about":[{"href":"https:\/\/proyacorp.ca\/fr\/wp-json\/wp\/v2\/types\/page"}],"author":[{"embeddable":true,"href":"https:\/\/proyacorp.ca\/fr\/wp-json\/wp\/v2\/users\/1"}],"replies":[{"embeddable":true,"href":"https:\/\/proyacorp.ca\/fr\/wp-json\/wp\/v2\/comments?post=4764"}],"version-history":[{"count":1,"href":"https:\/\/proyacorp.ca\/fr\/wp-json\/wp\/v2\/pages\/4764\/revisions"}],"predecessor-version":[{"id":4765,"href":"https:\/\/proyacorp.ca\/fr\/wp-json\/wp\/v2\/pages\/4764\/revisions\/4765"}],"wp:attachment":[{"href":"https:\/\/proyacorp.ca\/fr\/wp-json\/wp\/v2\/media?parent=4764"}],"curies":[{"name":"wp","href":"https:\/\/api.w.org\/{rel}","templated":true}]}}