{"id":4767,"date":"2023-10-06T17:19:49","date_gmt":"2023-10-06T21:19:49","guid":{"rendered":"https:\/\/proyacorp.ca\/unified-endpoint-management-and-security\/"},"modified":"2023-10-06T17:59:10","modified_gmt":"2023-10-06T21:59:10","slug":"gestion-unifiee-des-points-de-terminaison-et-securite","status":"publish","type":"page","link":"https:\/\/proyacorp.ca\/fr\/gestion-unifiee-des-points-de-terminaison-et-securite\/","title":{"rendered":"Gestion unifi\u00e9e des points de terminaison et s\u00e9curit\u00e9"},"content":{"rendered":"<p>[vc_section bg_position=\u00a0\u00bbleft top\u00a0\u00bb css=\u00a0\u00bb.vc_custom_1651971258276{background: #872eaa url(https:\/\/proyacorp.ca\/wp-content\/uploads\/2022\/05\/bpa.jpg?id=1876) !important;background-position: center !important;background-repeat: no-repeat !important;background-size: cover !important;}\u00a0\u00bb el_class=\u00a0\u00bbmask\u00a0\u00bb][vc_row css=\u00a0\u00bb.vc_custom_1667172179786{padding-top: 120px !important;padding-bottom: 100px !important;}\u00a0\u00bb el_class=\u00a0\u00bbproya-header\u00a0\u00bb][vc_column width=\u00a0\u00bb5\/6&Prime;][vc_custom_heading text=\u00a0\u00bbnos solutions\u00a0\u00bb font_container=\u00a0\u00bbtag:div|font_size:3rem|text_align:left|color:%23ffffff\u00a0\u00bb use_theme_fonts=\u00a0\u00bbyes\u00a0\u00bb css_animation=\u00a0\u00bbfadeInUp\u00a0\u00bb css=\u00a0\u00bb.vc_custom_1696629522506{margin-left: 3px !important;}\u00a0\u00bb el_class=\u00a0\u00bbdelay-1 custom-hd\u00a0\u00bb][vc_empty_space height=\u00a0\u00bb20px\u00a0\u00bb][vc_custom_heading text=\u00a0\u00bbGestion unifi\u00e9e des points de terminaison et s\u00e9curit\u00e9\u00a0\u00bb font_container=\u00a0\u00bbtag:h2|font_size:4rem|text_align:left|color:%23ffffff|line_height:1&Prime; use_theme_fonts=\u00a0\u00bbyes\u00a0\u00bb css_animation=\u00a0\u00bbfadeInUp\u00a0\u00bb el_class=\u00a0\u00bbcustom-hd delay-2&Prime;][vc_separator color=\u00a0\u00bbwhite\u00a0\u00bb align=\u00a0\u00bbalign_left\u00a0\u00bb border_width=\u00a0\u00bb5&Prime; el_width=\u00a0\u00bb10&Prime; css_animation=\u00a0\u00bbfadeInUp\u00a0\u00bb el_class=\u00a0\u00bbdelay-4&Prime; css=\u00a0\u00bb.vc_custom_1540432371541{margin-bottom: 50px !important;margin-left: 5px !important;padding-top: 15px !important;}\u00a0\u00bb][vc_column_text css_animation=\u00a0\u00bbfadeInUp\u00a0\u00bb css=\u00a0\u00bb.vc_custom_1696629539020{margin-left: 3px !important;}\u00a0\u00bb el_class=\u00a0\u00bbdelay-3&Prime;]<a class=\"button line\" href=\"https:\/\/proyacorp.ca\/fr\/contactez-nous\/\">CONTACTEZ-NOUS D\u00c8S AUJOURD\u2019HUI.<\/a>[\/vc_column_text][\/vc_column][vc_column width=\u00a0\u00bb1\/6&Prime;][\/vc_column][\/vc_row][\/vc_section][vc_section css_animation=\u00a0\u00bbnone\u00a0\u00bb css=\u00a0\u00bb.vc_custom_1651960199883{padding-bottom: 40px !important;}\u00a0\u00bb][vc_row][vc_column][vc_empty_space height=\u00a0\u00bb80px\u00a0\u00bb][vc_custom_heading text=\u00a0\u00bbPlateforme de point de terminaison tout-en-un\u00a0\u00bb font_container=\u00a0\u00bbtag:h3|text_align:center\u00a0\u00bb use_theme_fonts=\u00a0\u00bbyes\u00a0\u00bb][vc_empty_space height=\u00a0\u00bb40px\u00a0\u00bb][vc_column_text]<strong>Outils de gestion des points de terminaison<\/strong><\/p>\n<p>Endpoint Central (Onprem, MSP, Cloud)<\/p>\n<p>Endpoint Central unifie vos appareils, applications, donn\u00e9es et personnel dans un hub centralis\u00e9, vous permettant de renforcer votre espace de travail num\u00e9rique et de superviser efficacement votre main-d&rsquo;\u0153uvre dans le paysage mondial. Il s&rsquo;agit d&rsquo;une solution Windows compl\u00e8te qui fournit le d\u00e9ploiement de logiciels, la gestion des correctifs, la gestion des actifs, le partage de bureaux \u00e0 distance, le d\u00e9ploiement de Service Packs, les configurations, les rapports Active Directory, les rapports de connexion des utilisateurs et les outils syst\u00e8me Windows.<\/p>\n<p>Les principales caract\u00e9ristiques et fonctionnalit\u00e9s incluent\u00a0:<\/p>\n<ul>\n<li style=\"list-style-type: none;\">\n<ul>\n<li>Simplifie le provisionnement et l&rsquo;inscription des appareils sur le r\u00e9seau de l&rsquo;organisation, garantissant ainsi un processus de configuration transparent.<\/li>\n<li>Permet une gestion centralis\u00e9e des configurations, des param\u00e8tres et des r\u00e8gles des appareils pour un comportement coh\u00e9rent et s\u00e9curis\u00e9 des appareils.<\/li>\n<\/ul>\n<\/li>\n<\/ul>\n<p>a<\/p>\n<ul>\n<li>Facilite le d\u00e9ploiement, la mise \u00e0 jour et la gestion des applications logicielles sur diff\u00e9rents points de terminaison du r\u00e9seau.<\/li>\n<li>G\u00e8re et applique les correctifs et les mises \u00e0 jour aux syst\u00e8mes d&rsquo;exploitation et aux logiciels pour att\u00e9nuer les failles de s\u00e9curit\u00e9 et garantir la fiabilit\u00e9 du syst\u00e8me.<\/li>\n<li>Fournit des outils pour appliquer les politiques de s\u00e9curit\u00e9, garantir le respect des normes de s\u00e9curit\u00e9 et prot\u00e9ger les points de terminaison contre les menaces et les acc\u00e8s non autoris\u00e9s.<\/li>\n<li>Permet aux organisations de g\u00e9rer les appareils mobiles, d&rsquo;appliquer des mesures de s\u00e9curit\u00e9 et de contr\u00f4ler l&rsquo;acc\u00e8s aux donn\u00e9es d&rsquo;entreprise sur les smartphones et les tablettes.<\/li>\n<li>Aide \u00e0 suivre et \u00e0 g\u00e9rer les actifs mat\u00e9riels et logiciels au sein de l&rsquo;organisation, facilitant ainsi la gestion des stocks et le contr\u00f4le des co\u00fbts.<\/li>\n<li>Permet l&rsquo;acc\u00e8s \u00e0 distance et le d\u00e9pannage des points de terminaison, facilitant ainsi l&rsquo;assistance informatique et la r\u00e9solution des probl\u00e8mes.<\/li>\n<li>Surveille la conformit\u00e9 des points de terminaison avec les politiques de l&rsquo;organisation et les r\u00e9glementations du secteur, en g\u00e9n\u00e9rant des rapports pour les audits de conformit\u00e9.<\/li>\n<\/ul>\n<p>[\/vc_column_text][vc_empty_space height=\u00a0\u00bb40px\u00a0\u00bb][vc_video link=\u00a0\u00bbhttps:\/\/youtu.be\/1bR2hviG7qA\u00a0\u00bb align=\u00a0\u00bbcenter\u00a0\u00bb][vc_empty_space height=\u00a0\u00bb40px\u00a0\u00bb][\/vc_column][\/vc_row][\/vc_section]<\/p>\n","protected":false},"excerpt":{"rendered":"<p>[vc_section bg_position=\u00a0\u00bbleft top\u00a0\u00bb css=\u00a0\u00bb.vc_custom_1651971258276{background: #872eaa url(https:\/\/proyacorp.ca\/wp-content\/uploads\/2022\/05\/bpa.jpg?id=1876) !important;background-position: center !important;background-repeat: no-repeat !important;background-size: cover !important;}\u00a0\u00bb el_class=\u00a0\u00bbmask\u00a0\u00bb][vc_row css=\u00a0\u00bb.vc_custom_1667172179786{padding-top: 120px !important;padding-bottom: 100px !important;}\u00a0\u00bb el_class=\u00a0\u00bbproya-header\u00a0\u00bb][vc_column width=\u00a0\u00bb5\/6&Prime;][vc_custom_heading text=\u00a0\u00bbnos solutions\u00a0\u00bb font_container=\u00a0\u00bbtag:div|font_size:3rem|text_align:left|color:%23ffffff\u00a0\u00bb use_theme_fonts=\u00a0\u00bbyes\u00a0\u00bb css_animation=\u00a0\u00bbfadeInUp\u00a0\u00bb css=\u00a0\u00bb.vc_custom_1696629522506{margin-left: 3px !important;}\u00a0\u00bb el_class=\u00a0\u00bbdelay-1 custom-hd\u00a0\u00bb][vc_empty_space height=\u00a0\u00bb20px\u00a0\u00bb][vc_custom_heading text=\u00a0\u00bbGestion unifi\u00e9e des points de terminaison et s\u00e9curit\u00e9\u00a0\u00bb font_container=\u00a0\u00bbtag:h2|font_size:4rem|text_align:left|color:%23ffffff|line_height:1&Prime; use_theme_fonts=\u00a0\u00bbyes\u00a0\u00bb css_animation=\u00a0\u00bbfadeInUp\u00a0\u00bb el_class=\u00a0\u00bbcustom-hd delay-2&Prime;][vc_separator color=\u00a0\u00bbwhite\u00a0\u00bb align=\u00a0\u00bbalign_left\u00a0\u00bb border_width=\u00a0\u00bb5&Prime; el_width=\u00a0\u00bb10&Prime; css_animation=\u00a0\u00bbfadeInUp\u00a0\u00bb el_class=\u00a0\u00bbdelay-4&Prime; css=\u00a0\u00bb.vc_custom_1540432371541{margin-bottom: 50px !important;margin-left: 5px [&hellip;]<\/p>\n","protected":false},"author":1,"featured_media":0,"parent":0,"menu_order":0,"comment_status":"closed","ping_status":"closed","template":"tmpl\/template-fullwidth.php","meta":{"footnotes":""},"class_list":["post-4767","page","type-page","status-publish","hentry"],"acf":[],"aioseo_notices":[],"_links":{"self":[{"href":"https:\/\/proyacorp.ca\/fr\/wp-json\/wp\/v2\/pages\/4767","targetHints":{"allow":["GET"]}}],"collection":[{"href":"https:\/\/proyacorp.ca\/fr\/wp-json\/wp\/v2\/pages"}],"about":[{"href":"https:\/\/proyacorp.ca\/fr\/wp-json\/wp\/v2\/types\/page"}],"author":[{"embeddable":true,"href":"https:\/\/proyacorp.ca\/fr\/wp-json\/wp\/v2\/users\/1"}],"replies":[{"embeddable":true,"href":"https:\/\/proyacorp.ca\/fr\/wp-json\/wp\/v2\/comments?post=4767"}],"version-history":[{"count":1,"href":"https:\/\/proyacorp.ca\/fr\/wp-json\/wp\/v2\/pages\/4767\/revisions"}],"predecessor-version":[{"id":4768,"href":"https:\/\/proyacorp.ca\/fr\/wp-json\/wp\/v2\/pages\/4767\/revisions\/4768"}],"wp:attachment":[{"href":"https:\/\/proyacorp.ca\/fr\/wp-json\/wp\/v2\/media?parent=4767"}],"curies":[{"name":"wp","href":"https:\/\/api.w.org\/{rel}","templated":true}]}}