{"id":4873,"date":"2023-10-21T17:24:26","date_gmt":"2023-10-21T21:24:26","guid":{"rendered":"https:\/\/proyacorp.ca\/endpoint-management\/"},"modified":"2024-05-14T18:28:00","modified_gmt":"2024-05-14T22:28:00","slug":"gestion-des-points-de-terminaison","status":"publish","type":"page","link":"https:\/\/proyacorp.ca\/fr\/gestion-des-points-de-terminaison\/","title":{"rendered":"Gestion des points de terminaison"},"content":{"rendered":"<p>[vc_section bg_position=\u00a0\u00bbcenter center\u00a0\u00bb css=\u00a0\u00bb.vc_custom_1697927044900{background: #1a9ab5 url(https:\/\/proyacorp.ca\/wp-content\/uploads\/2022\/05\/HOPEX-Business-Architecture.jpg?id=2171) !important;background-position: center !important;background-repeat: no-repeat !important;background-size: cover !important;}\u00a0\u00bb el_class=\u00a0\u00bbmask\u00a0\u00bb][vc_row css=\u00a0\u00bb.vc_custom_1667172507506{padding-top: 120px !important;padding-bottom: 100px !important;}\u00a0\u00bb el_class=\u00a0\u00bbproya-header\u00a0\u00bb][vc_column width=\u00a0\u00bb5\/6&Prime;][vc_custom_heading text=\u00a0\u00bbnos solutions\u00a0\u00bb font_container=\u00a0\u00bbtag:div|font_size:3rem|text_align:left|color:%23ffffff\u00a0\u00bb use_theme_fonts=\u00a0\u00bbyes\u00a0\u00bb css_animation=\u00a0\u00bbfadeInUp\u00a0\u00bb css=\u00a0\u00bb.vc_custom_1697927130597{margin-left: 3px !important;}\u00a0\u00bb el_class=\u00a0\u00bbdelay-1 custom-hd\u00a0\u00bb][vc_empty_space height=\u00a0\u00bb20px\u00a0\u00bb][vc_custom_heading text=\u00a0\u00bbGestion des points de terminaison\u00a0\u00bb font_container=\u00a0\u00bbtag:h2|font_size:3.3rem|text_align:left|color:%23ffffff|line_height:1&Prime; use_theme_fonts=\u00a0\u00bbyes\u00a0\u00bb css_animation=\u00a0\u00bbfadeInUp\u00a0\u00bb el_class=\u00a0\u00bbcustom-hd delay-2&Prime;][vc_separator color=\u00a0\u00bbwhite\u00a0\u00bb align=\u00a0\u00bbalign_left\u00a0\u00bb border_width=\u00a0\u00bb5&Prime; el_width=\u00a0\u00bb10&Prime; css_animation=\u00a0\u00bbfadeInUp\u00a0\u00bb el_class=\u00a0\u00bbdelay-4&Prime; css=\u00a0\u00bb.vc_custom_1540432371541{margin-bottom: 50px !important;margin-left: 5px !important;padding-top: 15px !important;}\u00a0\u00bb][vc_column_text css_animation=\u00a0\u00bbfadeInUp\u00a0\u00bb css=\u00a0\u00bb.vc_custom_1697927319376{margin-left: 3px !important;}\u00a0\u00bb el_class=\u00a0\u00bbdelay-3&Prime;]<a class=\"button line\" href=\"https:\/\/proyacorp.ca\/fr\/contactez-nous\/\">CONTACTEZ-NOUS D\u00c8S AUJOURD\u2019HUI.<\/a>[\/vc_column_text][\/vc_column][vc_column width=\u00a0\u00bb1\/6&Prime;][\/vc_column][\/vc_row][\/vc_section][vc_section css_animation=\u00a0\u00bbnone\u00a0\u00bb css=\u00a0\u00bb.vc_custom_1651960199883{padding-bottom: 40px !important;}\u00a0\u00bb][vc_row][vc_column][vc_empty_space height=\u00a0\u00bb80px\u00a0\u00bb][vc_single_image image=\u00a0\u00bb4863&Prime; img_size=\u00a0\u00bbfull\u00a0\u00bb alignment=\u00a0\u00bbcenter\u00a0\u00bb][vc_empty_space height=\u00a0\u00bb40px\u00a0\u00bb][vc_column_text]<\/p>\n<p style=\"text-align: center;\">La technologie IGEL offre des solutions logicielles r\u00e9volutionnaires pour une s\u00e9curit\u00e9 et une optimisation unifi\u00e9es des points finaux.<\/p>\n<p>[\/vc_column_text][vc_empty_space height=\u00a0\u00bb40px\u00a0\u00bb][vc_custom_heading text=\u00a0\u00bbIGEL Cosmos\u00a0\u00bb font_container=\u00a0\u00bbtag:h3|text_align:center\u00a0\u00bb use_theme_fonts=\u00a0\u00bbyes\u00a0\u00bb][vc_empty_space height=\u00a0\u00bb10px\u00a0\u00bb][vc_custom_heading text=\u00a0\u00bbVotre pont de point de terminaison de confiance vers le cloud et au-del\u00e0\u00a0\u00bb font_container=\u00a0\u00bbtag:h4|text_align:center\u00a0\u00bb use_theme_fonts=\u00a0\u00bbyes\u00a0\u00bb][vc_empty_space height=\u00a0\u00bb40px\u00a0\u00bb][vc_column_text]IGEL COSMOS est une plate-forme de point de terminaison s\u00e9curis\u00e9e qui offre une approche simplifi\u00e9e et s\u00e9curis\u00e9e pour fournir des espaces de travail num\u00e9riques pour un acc\u00e8s transparent \u00e0 n&rsquo;importe quel cloud tout en ma\u00eetrisant les co\u00fbts. Le service informatique gagne en flexibilit\u00e9 pour g\u00e9rer et s\u00e9curiser efficacement les points de terminaison distants, en les mettant sous contr\u00f4le. Pendant ce temps, les utilisateurs finaux b\u00e9n\u00e9ficient d&rsquo;un flux de travail moderne et transparent sur l&rsquo;appareil de leur choix, avec un acc\u00e8s aux applications, donn\u00e9es et outils essentiels, permettant une productivit\u00e9 depuis pratiquement n&rsquo;importe o\u00f9.<\/p>\n<p>IGEL COSMOS comprend le dernier syst\u00e8me d&rsquo;exploitation de point final IGEL OS 12 et IGEL OS 11, la plateforme de gestion universelle IGEL UMS12 et plusieurs services cloud \u00e0 valeur ajout\u00e9e qui am\u00e9liorent et optimisent l&rsquo;exp\u00e9rience utilisateur de son personnel et des utilisateurs finaux.<\/p>\n<p>IGEL COSMOS permet aux organisations d&rsquo;exploiter plus facilement que jamais toute la puissance des espaces de travail fournis dans le cloud dans n&rsquo;importe quelle combinaison de ressources sur site, VDI, DaaS ou SaaS \u00e0 partir de n&rsquo;importe quel p\u00e9riph\u00e9rique d&rsquo;extr\u00e9mit\u00e9.<\/p>\n<p>Certains avantages sont\u00a0:[\/vc_column_text][vc_row_inner content_placement=\u00a0\u00bbmiddle\u00a0\u00bb][vc_column_inner width=\u00a0\u00bb1\/5&Prime;][vc_single_image image=\u00a0\u00bb4838&Prime; img_size=\u00a0\u00bbfull\u00a0\u00bb][vc_empty_space height=\u00a0\u00bb20px\u00a0\u00bb][vc_custom_heading text=\u00a0\u00bbPLATEFORME S\u00c9CURIS\u00c9E\u00a0\u00bb font_container=\u00a0\u00bbtag:h4|text_align:center\u00a0\u00bb use_theme_fonts=\u00a0\u00bbyes\u00a0\u00bb][vc_column_text]<\/p>\n<ul>\n<li>Pr\u00e9venir pour prot\u00e9ger<\/li>\n<li>OS modulaire en lecture seule<\/li>\n<li>Gestion d&rsquo;un seul port<\/li>\n<li>Authentification<\/li>\n<li>Protection des donn\u00e9es<\/li>\n<\/ul>\n<p>[\/vc_column_text][\/vc_column_inner][vc_column_inner width=\u00a0\u00bb1\/5&Prime;][vc_single_image image=\u00a0\u00bb4840&Prime; img_size=\u00a0\u00bbfull\u00a0\u00bb][vc_empty_space height=\u00a0\u00bb20px\u00a0\u00bb][vc_custom_heading text=\u00a0\u00bbFLEXIBILIT\u00c9 SANS LIMITE\u00a0\u00bb font_container=\u00a0\u00bbtag:h4|text_align:center\u00a0\u00bb use_theme_fonts=\u00a0\u00bbyes\u00a0\u00bb][vc_column_text]<\/p>\n<ul>\n<li>VDI, DaaS ou Saas<\/li>\n<li>IGEL OS\u00a011 et OS\u00a012<\/li>\n<li>Cr\u00e9er et installer des applications<\/li>\n<li>Tout p\u00e9riph\u00e9rique de point de terminaison<\/li>\n<li>Pr\u00eat pour le cloud<\/li>\n<\/ul>\n<p>[\/vc_column_text][\/vc_column_inner][vc_column_inner width=\u00a0\u00bb1\/5&Prime;][vc_single_image image=\u00a0\u00bb4842&Prime; img_size=\u00a0\u00bbfull\u00a0\u00bb][vc_empty_space height=\u00a0\u00bb20px\u00a0\u00bb][vc_custom_heading text=\u00a0\u00bbLIVRAISON PERSONNALIS\u00c9E\u00a0\u00bb font_container=\u00a0\u00bbtag:h4|text_align:center\u00a0\u00bb use_theme_fonts=\u00a0\u00bbyes\u00a0\u00bb][vc_column_text]<\/p>\n<ul>\n<li>D\u00e9finir des profils et des r\u00e8gles par cas d&rsquo;utilisation<\/li>\n<li>Des applications pour chaque utilisateur<\/li>\n<li>Automatiser les mises \u00e0 jour du backend<\/li>\n<li>Acc\u00e8s aux informations et aux outils<\/li>\n<\/ul>\n<p>[\/vc_column_text][\/vc_column_inner][vc_column_inner width=\u00a0\u00bb1\/5&Prime;][vc_single_image image=\u00a0\u00bb4844&Prime; img_size=\u00a0\u00bbfull\u00a0\u00bb][vc_empty_space height=\u00a0\u00bb20px\u00a0\u00bb][vc_custom_heading text=\u00a0\u00bbEXP\u00c9RIENCE MODERNE\u00a0\u00bb font_container=\u00a0\u00bbtag:h4|text_align:center\u00a0\u00bb use_theme_fonts=\u00a0\u00bbyes\u00a0\u00bb][vc_column_text]<\/p>\n<ul>\n<li>Int\u00e9gration facile et rapide<\/li>\n<li>Authentification unique<\/li>\n<li>Installer des applications \u00e0 la demande<\/li>\n<li>Mises \u00e0 jour du backend<\/li>\n<li>Aucune interruption pour l&rsquo;utilisateur final<\/li>\n<li>Soulager la charge informatique<\/li>\n<\/ul>\n<p>[\/vc_column_text][\/vc_column_inner][vc_column_inner width=\u00a0\u00bb1\/5&Prime;][vc_single_image image=\u00a0\u00bb4846&Prime; img_size=\u00a0\u00bbfull\u00a0\u00bb][vc_empty_space height=\u00a0\u00bb20px\u00a0\u00bb][vc_custom_heading text=\u00a0\u00bb\u00c9CONOMIES DE CO\u00dbTS\u00a0\u00bb font_container=\u00a0\u00bbtag:h4|text_align:center\u00a0\u00bb use_theme_fonts=\u00a0\u00bbyes\u00a0\u00bb][vc_column_text]<\/p>\n<ul>\n<li>Optimiser les ressources informatiques<\/li>\n<li>Utilisez les appareils plus longtemps<\/li>\n<li>Mises \u00e0 jour faciles et correctifs de s\u00e9curit\u00e9<\/li>\n<li>Moins de cas d&rsquo;assistance informatique<\/li>\n<li>R\u00e9duire la consommation d&rsquo;\u00e9nergie<\/li>\n<\/ul>\n<p>[\/vc_column_text][\/vc_column_inner][\/vc_row_inner][vc_empty_space height=\u00a0\u00bb40px\u00a0\u00bb][vc_single_image image=\u00a0\u00bb5189&Prime; img_size=\u00a0\u00bblarge\u00a0\u00bb alignment=\u00a0\u00bbcenter\u00a0\u00bb][vc_empty_space height=\u00a0\u00bb40px\u00a0\u00bb][vc_custom_heading text=\u00a0\u00bbIGEL Workspace Edition\u00a0\u00bb font_container=\u00a0\u00bbtag:h3|text_align:center\u00a0\u00bb use_theme_fonts=\u00a0\u00bbyes\u00a0\u00bb][vc_empty_space height=\u00a0\u00bb10px\u00a0\u00bb][vc_custom_heading text=\u00a0\u00bbPassez \u00e0 l\u2019informatique virtuelle de classe mondiale\u00a0\u00bb font_container=\u00a0\u00bbtag:h4|text_align:center\u00a0\u00bb use_theme_fonts=\u00a0\u00bbyes\u00a0\u00bb][vc_empty_space height=\u00a0\u00bb40px\u00a0\u00bb][vc_column_text]L&rsquo;IGEL Workspace Edition comprend tous les composants fondamentaux n\u00e9cessaires \u00e0 une informatique de point final ultra-mince, \u00e0 la fois hautement s\u00e9curis\u00e9e, robuste et facile \u00e0 superviser.<\/p>\n<p>IGEL Workspace Edition inclut IGEL OS et Universal Management Suite (UMS).<\/p>\n<p>IGEL OS est le syst\u00e8me d&rsquo;exploitation de point de terminaison de nouvelle g\u00e9n\u00e9ration bas\u00e9 sur Linux, ind\u00e9pendant de la plate-forme, pour un contr\u00f4le et une optimisation des points de terminaison simples, intelligents et s\u00e9curis\u00e9s. IGEL OS transforme n\u2019importe quel appareil x86-64 ou client l\u00e9ger compatible en un point de terminaison s\u00e9curis\u00e9 g\u00e9r\u00e9 par IGEL.<\/p>\n<p>UMS est un logiciel dont l&rsquo;objectif unique est de permettre une gestion et un contr\u00f4le simples et s\u00e9curis\u00e9s des points finaux. UMS permet \u00e0 un non-expert de contr\u00f4ler et de g\u00e9rer facilement jusqu&rsquo;\u00e0 100 000 points finaux aliment\u00e9s par le syst\u00e8me d&rsquo;exploitation IGEL avec une formation minimale.[\/vc_column_text][vc_empty_space height=\u00a0\u00bb40px\u00a0\u00bb][vc_single_image image=\u00a0\u00bb4858&Prime; img_size=\u00a0\u00bblarge\u00a0\u00bb alignment=\u00a0\u00bbcenter\u00a0\u00bb][vc_empty_space height=\u00a0\u00bb40px\u00a0\u00bb][vc_custom_heading text=\u00a0\u00bbIGEL Enterprise Management Pack\u00a0\u00bb font_container=\u00a0\u00bbtag:h3|text_align:center\u00a0\u00bb use_theme_fonts=\u00a0\u00bbyes\u00a0\u00bb][vc_empty_space height=\u00a0\u00bb10px\u00a0\u00bb][vc_custom_heading text=\u00a0\u00bbTravaillez en toute transparence depuis n&rsquo;importe o\u00f9 en utilisant n&rsquo;importe quel appareil\u00a0\u00bb font_container=\u00a0\u00bbtag:h4|text_align:center\u00a0\u00bb use_theme_fonts=\u00a0\u00bbyes\u00a0\u00bb][vc_empty_space height=\u00a0\u00bb40px\u00a0\u00bb][vc_column_text]IGEL Enterprise Management Pack est con\u00e7u pour fournir une gestion et un contr\u00f4le centralis\u00e9s des points de terminaison bas\u00e9s sur le syst\u00e8me d&rsquo;exploitation IGEL dans les environnements d&rsquo;entreprise. L&rsquo;objectif principal de ce pack est de simplifier et d&rsquo;am\u00e9liorer la gestion des clients l\u00e9gers, des ordinateurs portables et autres appareils ex\u00e9cutant le syst\u00e8me d&rsquo;exploitation IGEL.<\/p>\n<p>IGEL Management Pack comprend IGEL Cloud Gateway, Shared Workspace et Asset Inventory Tracker.<\/p>\n<p>Les principales fonctionnalit\u00e9s et capacit\u00e9s d&rsquo;IGEL Enterprise Management Pack incluent\u00a0:<\/p>\n<ul>\n<li><strong>Gestion des points de terminaison\u00a0:<\/strong> gestion compl\u00e8te et transparente de tout appareil distant.<\/li>\n<li><strong>Facilit\u00e9 d&rsquo;utilisation<\/strong>\u00a0: les utilisateurs finaux se connectent et commencent \u00e0 utiliser leurs appareils presque imm\u00e9diatement. Les travailleurs \u00e0 distance utilisent la fonction Shared Workplace pour se connecter \u00e0 leurs appareils via Microsoft Azure Active Directory.<\/li>\n<li><strong>S\u00e9curit\u00e9 robuste\u00a0:<\/strong> Observation s\u00e9curis\u00e9e pour la gestion \u00e0 distance sur les appareils et le d\u00e9pannage pour l&rsquo;ensemble de l&rsquo;organisation, suivi de tous les p\u00e9riph\u00e9riques connect\u00e9s aux points finaux aliment\u00e9s par le syst\u00e8me d&rsquo;exploitation IGEL via l&rsquo;UMS, m\u00eame lorsque ces appareils sont transf\u00e9r\u00e9s d&rsquo;un point de terminaison g\u00e9r\u00e9 par IGEL \u00e0 un autre au sein de l&rsquo;organisation, et la protection contre l&rsquo;utilisation non autoris\u00e9e des appareils am\u00e9liore la s\u00e9curit\u00e9 globale.<\/li>\n<li><strong>Efficacit\u00e9 des co\u00fbts<\/strong>\u00a0: les utilisateurs se connectent en toute s\u00e9curit\u00e9 via des protocoles HTTP, sans avoir besoin d&rsquo;une connexion VPN. La possibilit\u00e9 de partager un seul appareil de point de terminaison entre plusieurs utilisateurs et de r\u00e9duire les d\u00e9penses d&rsquo;investissement li\u00e9es au remplacement des p\u00e9riph\u00e9riques perdus ou cass\u00e9s entra\u00eene des \u00e9conomies de co\u00fbts.<\/li>\n<\/ul>\n<p>[\/vc_column_text][vc_empty_space height=\u00a0\u00bb40px\u00a0\u00bb][vc_video link=\u00a0\u00bbhttps:\/\/youtu.be\/ECX37lajjik\u00a0\u00bb align=\u00a0\u00bbcenter\u00a0\u00bb][vc_empty_space height=\u00a0\u00bb40px\u00a0\u00bb][vc_video link=\u00a0\u00bbhttps:\/\/www.youtube.com\/watch?v=DTBcnhLfQG4&Prime; align=\u00a0\u00bbcenter\u00a0\u00bb title=\u00a0\u00bbIGEL OS + Azure\u00a0\u00bb][vc_empty_space height=\u00a0\u00bb40px\u00a0\u00bb][vc_video link=\u00a0\u00bbhttps:\/\/www.youtube.com\/watch?v=qDi8oXC3kgM\u00a0\u00bb align=\u00a0\u00bbcenter\u00a0\u00bb title=\u00a0\u00bbIGEL OS + Citrix + Azure\u00a0\u00bb][vc_empty_space height=\u00a0\u00bb40px\u00a0\u00bb][vc_video link=\u00a0\u00bbhttps:\/\/www.youtube.com\/watch?v=h_D24bcj6Bc\u00a0\u00bb align=\u00a0\u00bbcenter\u00a0\u00bb title=\u00a0\u00bbIGEL UD Pocket: Work from Anywhere\u00a0\u00bb][\/vc_column][\/vc_row][\/vc_section]<\/p>\n","protected":false},"excerpt":{"rendered":"<p>[vc_section bg_position=\u00a0\u00bbcenter center\u00a0\u00bb css=\u00a0\u00bb.vc_custom_1697927044900{background: #1a9ab5 url(https:\/\/proyacorp.ca\/wp-content\/uploads\/2022\/05\/HOPEX-Business-Architecture.jpg?id=2171) !important;background-position: center !important;background-repeat: no-repeat !important;background-size: cover !important;}\u00a0\u00bb el_class=\u00a0\u00bbmask\u00a0\u00bb][vc_row css=\u00a0\u00bb.vc_custom_1667172507506{padding-top: 120px !important;padding-bottom: 100px !important;}\u00a0\u00bb el_class=\u00a0\u00bbproya-header\u00a0\u00bb][vc_column width=\u00a0\u00bb5\/6&Prime;][vc_custom_heading text=\u00a0\u00bbnos solutions\u00a0\u00bb font_container=\u00a0\u00bbtag:div|font_size:3rem|text_align:left|color:%23ffffff\u00a0\u00bb use_theme_fonts=\u00a0\u00bbyes\u00a0\u00bb css_animation=\u00a0\u00bbfadeInUp\u00a0\u00bb css=\u00a0\u00bb.vc_custom_1697927130597{margin-left: 3px !important;}\u00a0\u00bb el_class=\u00a0\u00bbdelay-1 custom-hd\u00a0\u00bb][vc_empty_space height=\u00a0\u00bb20px\u00a0\u00bb][vc_custom_heading text=\u00a0\u00bbGestion des points de terminaison\u00a0\u00bb font_container=\u00a0\u00bbtag:h2|font_size:3.3rem|text_align:left|color:%23ffffff|line_height:1&Prime; use_theme_fonts=\u00a0\u00bbyes\u00a0\u00bb css_animation=\u00a0\u00bbfadeInUp\u00a0\u00bb el_class=\u00a0\u00bbcustom-hd delay-2&Prime;][vc_separator color=\u00a0\u00bbwhite\u00a0\u00bb align=\u00a0\u00bbalign_left\u00a0\u00bb border_width=\u00a0\u00bb5&Prime; el_width=\u00a0\u00bb10&Prime; css_animation=\u00a0\u00bbfadeInUp\u00a0\u00bb el_class=\u00a0\u00bbdelay-4&Prime; css=\u00a0\u00bb.vc_custom_1540432371541{margin-bottom: 50px !important;margin-left: 5px !important;padding-top: 15px !important;}\u00a0\u00bb][vc_column_text [&hellip;]<\/p>\n","protected":false},"author":1,"featured_media":0,"parent":0,"menu_order":0,"comment_status":"closed","ping_status":"closed","template":"tmpl\/template-fullwidth.php","meta":{"footnotes":""},"class_list":["post-4873","page","type-page","status-publish","hentry"],"acf":[],"aioseo_notices":[],"_links":{"self":[{"href":"https:\/\/proyacorp.ca\/fr\/wp-json\/wp\/v2\/pages\/4873","targetHints":{"allow":["GET"]}}],"collection":[{"href":"https:\/\/proyacorp.ca\/fr\/wp-json\/wp\/v2\/pages"}],"about":[{"href":"https:\/\/proyacorp.ca\/fr\/wp-json\/wp\/v2\/types\/page"}],"author":[{"embeddable":true,"href":"https:\/\/proyacorp.ca\/fr\/wp-json\/wp\/v2\/users\/1"}],"replies":[{"embeddable":true,"href":"https:\/\/proyacorp.ca\/fr\/wp-json\/wp\/v2\/comments?post=4873"}],"version-history":[{"count":4,"href":"https:\/\/proyacorp.ca\/fr\/wp-json\/wp\/v2\/pages\/4873\/revisions"}],"predecessor-version":[{"id":5288,"href":"https:\/\/proyacorp.ca\/fr\/wp-json\/wp\/v2\/pages\/4873\/revisions\/5288"}],"wp:attachment":[{"href":"https:\/\/proyacorp.ca\/fr\/wp-json\/wp\/v2\/media?parent=4873"}],"curies":[{"name":"wp","href":"https:\/\/api.w.org\/{rel}","templated":true}]}}