{"id":5069,"date":"2023-11-29T19:09:35","date_gmt":"2023-11-30T00:09:35","guid":{"rendered":"https:\/\/proyacorp.ca\/sophos\/"},"modified":"2023-11-29T19:20:01","modified_gmt":"2023-11-30T00:20:01","slug":"sophos","status":"publish","type":"page","link":"https:\/\/proyacorp.ca\/fr\/sophos\/","title":{"rendered":"Sophos"},"content":{"rendered":"<p>[vc_section bg_position=\u00a0\u00bbcenter center\u00a0\u00bb css=\u00a0\u00bb.vc_custom_1701302972806{background: #3899bc url(https:\/\/proyacorp.ca\/wp-content\/uploads\/2022\/05\/IBM-Rhapsody.jpg?id=2357) !important;background-position: center !important;background-repeat: no-repeat !important;background-size: cover !important;}\u00a0\u00bb el_class=\u00a0\u00bbmask\u00a0\u00bb][vc_row css=\u00a0\u00bb.vc_custom_1575622061060{padding-top: 120px !important;padding-bottom: 100px !important;}\u00a0\u00bb][vc_column width=\u00a0\u00bb5\/6&Prime;][vc_custom_heading text=\u00a0\u00bbnos solutions\u00a0\u00bb font_container=\u00a0\u00bbtag:div|font_size:3rem|text_align:left|color:%23ffffff\u00a0\u00bb use_theme_fonts=\u00a0\u00bbyes\u00a0\u00bb css_animation=\u00a0\u00bbfadeInUp\u00a0\u00bb css=\u00a0\u00bb.vc_custom_1701303485398{margin-left: 3px !important;}\u00a0\u00bb el_class=\u00a0\u00bbdelay-1 custom-hd\u00a0\u00bb][vc_empty_space height=\u00a0\u00bb20px\u00a0\u00bb][vc_custom_heading text=\u00a0\u00bbSophos\u00a0\u00bb font_container=\u00a0\u00bbtag:h2|font_size:3.3rem|text_align:left|color:%23ffffff|line_height:1&Prime; use_theme_fonts=\u00a0\u00bbyes\u00a0\u00bb css_animation=\u00a0\u00bbfadeInUp\u00a0\u00bb el_class=\u00a0\u00bbcustom-hd delay-2&Prime;][vc_separator color=\u00a0\u00bbwhite\u00a0\u00bb align=\u00a0\u00bbalign_left\u00a0\u00bb border_width=\u00a0\u00bb5&Prime; el_width=\u00a0\u00bb10&Prime; css_animation=\u00a0\u00bbfadeInUp\u00a0\u00bb el_class=\u00a0\u00bbdelay-4&Prime; css=\u00a0\u00bb.vc_custom_1540432371541{margin-bottom: 50px !important;margin-left: 5px !important;padding-top: 15px !important;}\u00a0\u00bb][vc_column_text css_animation=\u00a0\u00bbfadeInUp\u00a0\u00bb css=\u00a0\u00bb.vc_custom_1701303499829{margin-left: 3px !important;}\u00a0\u00bb el_class=\u00a0\u00bbdelay-3&Prime;]<a class=\"button line\" href=\"https:\/\/proyacorp.ca\/fr\/contactez-nous\/\">CONTACTEZ-NOUS D\u00c8S AUJOURD\u2019HUI.<\/a>[\/vc_column_text][\/vc_column][vc_column width=\u00a0\u00bb1\/6&Prime;][\/vc_column][\/vc_row][\/vc_section][vc_row][vc_column][vc_widget_sidebar sidebar_id=\u00a0\u00bbsidebar-6567d37c04d5d\u00a0\u00bb][\/vc_column][\/vc_row][vc_section css_animation=\u00a0\u00bbnone\u00a0\u00bb css=\u00a0\u00bb.vc_custom_1701302856067{padding-bottom: 40px !important;}\u00a0\u00bb el_id=\u00a0\u00bbendpoint\u00a0\u00bb][vc_row][vc_column][vc_empty_space height=\u00a0\u00bb80px\u00a0\u00bb][vc_custom_heading text=\u00a0\u00bbEndpoint\u00a0\u00bb font_container=\u00a0\u00bbtag:h3|text_align:center\u00a0\u00bb use_theme_fonts=\u00a0\u00bbyes\u00a0\u00bb][vc_empty_space height=\u00a0\u00bb40px\u00a0\u00bb][vc_custom_heading text=\u00a0\u00bbSophos Intercept X: Une solution avanc\u00e9e de protection des terminaux\u00a0\u00bb font_container=\u00a0\u00bbtag:h4|text_align:center\u00a0\u00bb use_theme_fonts=\u00a0\u00bbyes\u00a0\u00bb][vc_empty_space height=\u00a0\u00bb40px\u00a0\u00bb][vc_column_text]Une solution avanc\u00e9e de protection des points de terminaison con\u00e7ue pour bloquer les logiciels malveillants, les ransomwares et autres cybermenaces.<\/p>\n<p>De puissants outils EDR\/XDR permettent aux \u00e9quipes informatiques et de s\u00e9curit\u00e9 de rechercher, d&rsquo;enqu\u00eater et de r\u00e9pondre aux menaces.<\/p>\n<p>Les fonctionnalit\u00e9s sont\u00a0:<\/p>\n<ul>\n<li>S\u00e9curit\u00e9 continue en temps r\u00e9el, emp\u00eachant activement les virus, chevaux de Troie, vers et autres logiciels malveillants.<\/li>\n<li>Utiliser l&rsquo;analyse comportementale en conjonction avec l&rsquo;apprentissage automatique pour d\u00e9tecter et stopper les attaques de ransomwares.<\/li>\n<li>Exploiter la technologie CryptoGuard pour emp\u00eacher le chiffrement non autoris\u00e9 des fichiers<\/li>\n<li>D\u00e9fense contre les attaques qui exploitent des techniques sans fichier et bas\u00e9es sur la m\u00e9moire<\/li>\n<li>Identifier et contrecarrer les m\u00e9thodes d&rsquo;exploitation employ\u00e9es par les cybercriminels.<\/li>\n<li>Fonctionnalit\u00e9s avanc\u00e9es de recherche des menaces et d&rsquo;enqu\u00eate.<\/li>\n<li>Visibilit\u00e9 en temps r\u00e9el de l&rsquo;activit\u00e9 des points de terminaison pour la d\u00e9tection des menaces et la r\u00e9ponse.<\/li>\n<li>Utilise l&rsquo;IA et l&rsquo;apprentissage automatique pour l&rsquo;analyse pr\u00e9dictive et la pr\u00e9vention proactive des menaces.<\/li>\n<li>Prot\u00e8ge contre les ransomwares en identifiant et en arr\u00eatant les processus de chiffrement non autoris\u00e9s.<\/li>\n<li>Enqu\u00eate et identifie la cause premi\u00e8re des incidents pour une r\u00e9ponse et des mesures correctives efficaces.<\/li>\n<li>Console de gestion centralis\u00e9e bas\u00e9e sur le cloud pour faciliter le d\u00e9ploiement, la surveillance et la gestion des r\u00e8gles de s\u00e9curit\u00e9.<\/li>\n<li>Contr\u00f4le l&rsquo;acc\u00e8s aux sites Web et bloque les URL malveillantes pour emp\u00eacher les menaces bas\u00e9es sur le Web.<\/li>\n<li>G\u00e8re et contr\u00f4le les appareils externes connect\u00e9s aux points de terminaison pour \u00e9viter la perte de donn\u00e9es.<\/li>\n<li>Isole les points de terminaison compromis du r\u00e9seau pour contenir les menaces.<\/li>\n<\/ul>\n<p>[\/vc_column_text][vc_empty_space height=\u00a0\u00bb40px\u00a0\u00bb][vc_video link=\u00a0\u00bbhttps:\/\/youtu.be\/8qKGaZFuCd8&Prime;][vc_empty_space height=\u00a0\u00bb80px\u00a0\u00bb][\/vc_column][\/vc_row][\/vc_section][vc_section css_animation=\u00a0\u00bbnone\u00a0\u00bb css=\u00a0\u00bb.vc_custom_1701302869082{padding-bottom: 40px !important;}\u00a0\u00bb el_id=\u00a0\u00bbnetwork\u00a0\u00bb][vc_row][vc_column][vc_empty_space height=\u00a0\u00bb80px\u00a0\u00bb][vc_custom_heading text=\u00a0\u00bbNetwork\u00a0\u00bb font_container=\u00a0\u00bbtag:h3|text_align:center\u00a0\u00bb use_theme_fonts=\u00a0\u00bbyes\u00a0\u00bb][vc_empty_space height=\u00a0\u00bb40px\u00a0\u00bb][vc_custom_heading text=\u00a0\u00bbSophos Firewall: Un pare-feu de nouvelle g\u00e9n\u00e9ration\u00a0\u00bb font_container=\u00a0\u00bbtag:h4|text_align:center\u00a0\u00bb use_theme_fonts=\u00a0\u00bbyes\u00a0\u00bb][vc_empty_space height=\u00a0\u00bb40px\u00a0\u00bb][vc_column_text]Un pare-feu de nouvelle g\u00e9n\u00e9ration qui offre des fonctionnalit\u00e9s de s\u00e9curit\u00e9 r\u00e9seau, de protection Web et de s\u00e9curit\u00e9 de la messagerie.<\/p>\n<p>Les appliances Sophos Firewall et XGS Series, \u00e9quip\u00e9es de processeurs Xstream Flow d\u00e9di\u00e9s, offrent une acc\u00e9l\u00e9ration des applications in\u00e9gal\u00e9e, une inspection TLS hautes performances et une protection robuste contre les menaces.<\/p>\n<p>L&rsquo;architecture Sophos Firewall Xstream est con\u00e7ue pour offrir des niveaux \u00e9lev\u00e9s de visibilit\u00e9, de protection et de performances afin de relever certains des plus grands d\u00e9fis auxquels sont confront\u00e9s les administrateurs r\u00e9seau aujourd&rsquo;hui.<\/p>\n<ul>\n<li>Fournit des fonctionnalit\u00e9s de pare-feu avanc\u00e9es allant au-del\u00e0 du filtrage de paquets traditionnel.<\/li>\n<li>Offre le contr\u00f4le des applications, la pr\u00e9vention des intrusions et l&rsquo;inspection SSL\/TLS.<\/li>\n<li>Bloque les sites Web malveillants et fournit un filtrage des URL.<\/li>\n<li>Contr\u00f4le l&rsquo;acc\u00e8s aux sites Web en fonction des cat\u00e9gories et des politiques utilisateur.<\/li>\n<li>Prot\u00e8ge contre les menaces li\u00e9es aux e-mails, notamment le spam, le phishing et les logiciels malveillants.<\/li>\n<li>Offre des fonctionnalit\u00e9s de chiffrement des e-mails et de pr\u00e9vention contre la perte de donn\u00e9es (DLP).<\/li>\n<li>Prot\u00e8ge le r\u00e9seau contre les menaces gr\u00e2ce \u00e0 des fonctionnalit\u00e9s telles que l&rsquo;IPS (Intrusion Prevention System) et la protection contre les logiciels malveillants bas\u00e9s sur le r\u00e9seau.<\/li>\n<li>G\u00e8re les politiques d&rsquo;acc\u00e8s des utilisateurs et contr\u00f4le les applications pour am\u00e9liorer la s\u00e9curit\u00e9.<\/li>\n<li>Facilite l&rsquo;acc\u00e8s \u00e0 distance s\u00e9curis\u00e9 gr\u00e2ce aux fonctionnalit\u00e9s VPN.<\/li>\n<li>Prend en charge divers protocoles VPN pour la connectivit\u00e9 de site \u00e0 site.<\/li>\n<li>Utilise le sandboxing bas\u00e9 sur le cloud pour analyser les fichiers et les URL suspects.<\/li>\n<li>Am\u00e9liore la d\u00e9tection et la r\u00e9ponse aux menaces en int\u00e9grant la s\u00e9curit\u00e9 des points de terminaison et du pare-feu.<\/li>\n<li>S\u00e9curise les r\u00e9seaux Wi-Fi gr\u00e2ce \u00e0 des fonctionnalit\u00e9s telles que la pr\u00e9vention des intrusions sans fil et les contr\u00f4les du r\u00e9seau invit\u00e9.<\/li>\n<li>Console de gestion Sophos Central pour un contr\u00f4le et une surveillance centralis\u00e9s.<\/li>\n<li>Fournit des rapports et des analyses d\u00e9taill\u00e9s sur l&rsquo;activit\u00e9 du r\u00e9seau et les incidents de s\u00e9curit\u00e9.<\/li>\n<li>Int\u00e8gre des solutions de s\u00e9curit\u00e9 pour une d\u00e9fense synchronis\u00e9e et coordonn\u00e9e.<\/li>\n<\/ul>\n<p>[\/vc_column_text][vc_empty_space height=\u00a0\u00bb40px\u00a0\u00bb][vc_single_image image=\u00a0\u00bb5057&Prime; img_size=\u00a0\u00bbfull\u00a0\u00bb][vc_empty_space height=\u00a0\u00bb80px\u00a0\u00bb][\/vc_column][\/vc_row][\/vc_section][vc_section css_animation=\u00a0\u00bbnone\u00a0\u00bb css=\u00a0\u00bb.vc_custom_1701302948316{padding-bottom: 40px !important;}\u00a0\u00bb el_id=\u00a0\u00bbsecurity\u00a0\u00bb][vc_row][vc_column][vc_empty_space height=\u00a0\u00bb80px\u00a0\u00bb][vc_custom_heading text=\u00a0\u00bbSecurity Operations\u00a0\u00bb font_container=\u00a0\u00bbtag:h3|text_align:center\u00a0\u00bb use_theme_fonts=\u00a0\u00bbyes\u00a0\u00bb][vc_empty_space height=\u00a0\u00bb40px\u00a0\u00bb][vc_custom_heading text=\u00a0\u00bbSophos XDR:\u00a0\u00bb font_container=\u00a0\u00bbtag:h4|text_align:center\u00a0\u00bb use_theme_fonts=\u00a0\u00bbyes\u00a0\u00bb][vc_empty_space height=\u00a0\u00bb40px\u00a0\u00bb][vc_column_text]Sophos XDR est con\u00e7u pour am\u00e9liorer les capacit\u00e9s de d\u00e9tection, de r\u00e9ponse et d\u2019investigation des menaces au-del\u00e0 de la protection traditionnelle des points finaux.<\/p>\n<p>Les principales fonctionnalit\u00e9s incluent\u00a0:<\/p>\n<ul>\n<li>Utilise des technologies avanc\u00e9es de d\u00e9tection des menaces, notamment l&rsquo;analyse comportementale, l&rsquo;apprentissage automatique et la veille sur les menaces, pour identifier et r\u00e9pondre aux cybermenaces sophistiqu\u00e9es.<\/li>\n<li>Offre une visibilit\u00e9 sur les \u00e9v\u00e9nements et incidents de s\u00e9curit\u00e9 sur diverses plates-formes, notamment les points de terminaison, les r\u00e9seaux, la messagerie \u00e9lectronique et les environnements cloud.<\/li>\n<li>Offre des fonctionnalit\u00e9s de r\u00e9ponse aux incidents pour une enqu\u00eate rapide et une att\u00e9nuation des incidents de s\u00e9curit\u00e9.<\/li>\n<li>Int\u00e8gre des techniques proactives de chasse aux menaces pour rechercher activement des signes de menaces cach\u00e9es dans l&rsquo;environnement d&rsquo;une organisation.<\/li>\n<li>Utilise des outils d&rsquo;analyse et de cr\u00e9ation de rapports pour fournir des informations sur les \u00e9v\u00e9nements et les tendances en mati\u00e8re de s\u00e9curit\u00e9.<\/li>\n<li>S&rsquo;int\u00e8gre aux technologies de s\u00e9curit\u00e9 existantes, telles que la protection des points de terminaison, les pare-feu et d&rsquo;autres solutions de s\u00e9curit\u00e9, pour fournir une d\u00e9fense coh\u00e9rente.<\/li>\n<li>Comprend une console de gestion centralis\u00e9e pour un contr\u00f4le et une surveillance rationalis\u00e9s des politiques et des \u00e9v\u00e9nements de s\u00e9curit\u00e9.<\/li>\n<li>Inclut des fonctionnalit\u00e9s d&rsquo;automatisation et d&rsquo;orchestration pour rationaliser et automatiser les actions de r\u00e9ponse aux incidents de s\u00e9curit\u00e9.<\/li>\n<li>Offre une protection sur plusieurs niveaux de la pile de cybers\u00e9curit\u00e9, en s&rsquo;attaquant aux menaces \u00e0 diff\u00e9rents points d&rsquo;entr\u00e9e.<\/li>\n<\/ul>\n<h4>Sophos Intercept X avec Extended Detection and Response (XDR) a \u00e9t\u00e9 class\u00e9 comme la solution XDR n\u00b01 par les utilisateurs de G2 dans leurs rapports du printemps 2023 (mars 2023)<\/h4>\n<p>[\/vc_column_text][vc_empty_space height=\u00a0\u00bb40px\u00a0\u00bb][vc_single_image image=\u00a0\u00bb5060&Prime; img_size=\u00a0\u00bbfull\u00a0\u00bb][vc_empty_space height=\u00a0\u00bb40px\u00a0\u00bb][\/vc_column][\/vc_row][\/vc_section]<\/p>\n","protected":false},"excerpt":{"rendered":"<p>[vc_section bg_position=\u00a0\u00bbcenter center\u00a0\u00bb css=\u00a0\u00bb.vc_custom_1701302972806{background: #3899bc url(https:\/\/proyacorp.ca\/wp-content\/uploads\/2022\/05\/IBM-Rhapsody.jpg?id=2357) !important;background-position: center !important;background-repeat: no-repeat !important;background-size: cover !important;}\u00a0\u00bb el_class=\u00a0\u00bbmask\u00a0\u00bb][vc_row css=\u00a0\u00bb.vc_custom_1575622061060{padding-top: 120px !important;padding-bottom: 100px !important;}\u00a0\u00bb][vc_column width=\u00a0\u00bb5\/6&Prime;][vc_custom_heading text=\u00a0\u00bbnos solutions\u00a0\u00bb font_container=\u00a0\u00bbtag:div|font_size:3rem|text_align:left|color:%23ffffff\u00a0\u00bb use_theme_fonts=\u00a0\u00bbyes\u00a0\u00bb css_animation=\u00a0\u00bbfadeInUp\u00a0\u00bb css=\u00a0\u00bb.vc_custom_1701303485398{margin-left: 3px !important;}\u00a0\u00bb el_class=\u00a0\u00bbdelay-1 custom-hd\u00a0\u00bb][vc_empty_space height=\u00a0\u00bb20px\u00a0\u00bb][vc_custom_heading text=\u00a0\u00bbSophos\u00a0\u00bb font_container=\u00a0\u00bbtag:h2|font_size:3.3rem|text_align:left|color:%23ffffff|line_height:1&Prime; use_theme_fonts=\u00a0\u00bbyes\u00a0\u00bb css_animation=\u00a0\u00bbfadeInUp\u00a0\u00bb el_class=\u00a0\u00bbcustom-hd delay-2&Prime;][vc_separator color=\u00a0\u00bbwhite\u00a0\u00bb align=\u00a0\u00bbalign_left\u00a0\u00bb border_width=\u00a0\u00bb5&Prime; el_width=\u00a0\u00bb10&Prime; css_animation=\u00a0\u00bbfadeInUp\u00a0\u00bb el_class=\u00a0\u00bbdelay-4&Prime; css=\u00a0\u00bb.vc_custom_1540432371541{margin-bottom: 50px !important;margin-left: 5px !important;padding-top: 15px !important;}\u00a0\u00bb][vc_column_text css_animation=\u00a0\u00bbfadeInUp\u00a0\u00bb css=\u00a0\u00bb.vc_custom_1701303499829{margin-left: 3px !important;}\u00a0\u00bb el_class=\u00a0\u00bbdelay-3&Prime;]CONTACTEZ-NOUS [&hellip;]<\/p>\n","protected":false},"author":1,"featured_media":0,"parent":0,"menu_order":0,"comment_status":"closed","ping_status":"closed","template":"tmpl\/template-fullwidth.php","meta":{"footnotes":""},"class_list":["post-5069","page","type-page","status-publish","hentry"],"acf":[],"aioseo_notices":[],"_links":{"self":[{"href":"https:\/\/proyacorp.ca\/fr\/wp-json\/wp\/v2\/pages\/5069","targetHints":{"allow":["GET"]}}],"collection":[{"href":"https:\/\/proyacorp.ca\/fr\/wp-json\/wp\/v2\/pages"}],"about":[{"href":"https:\/\/proyacorp.ca\/fr\/wp-json\/wp\/v2\/types\/page"}],"author":[{"embeddable":true,"href":"https:\/\/proyacorp.ca\/fr\/wp-json\/wp\/v2\/users\/1"}],"replies":[{"embeddable":true,"href":"https:\/\/proyacorp.ca\/fr\/wp-json\/wp\/v2\/comments?post=5069"}],"version-history":[{"count":2,"href":"https:\/\/proyacorp.ca\/fr\/wp-json\/wp\/v2\/pages\/5069\/revisions"}],"predecessor-version":[{"id":5071,"href":"https:\/\/proyacorp.ca\/fr\/wp-json\/wp\/v2\/pages\/5069\/revisions\/5071"}],"wp:attachment":[{"href":"https:\/\/proyacorp.ca\/fr\/wp-json\/wp\/v2\/media?parent=5069"}],"curies":[{"name":"wp","href":"https:\/\/api.w.org\/{rel}","templated":true}]}}